{"id":2620,"date":"2019-12-04T13:45:50","date_gmt":"2019-12-04T13:45:50","guid":{"rendered":"https:\/\/www.ekoenergy.org\/buying-ekoenergy\/"},"modified":"2023-11-22T12:53:32","modified_gmt":"2023-11-22T10:53:32","slug":"buying-ekoenergy","status":"publish","type":"page","link":"https:\/\/www.ekoenergy.org\/pl\/buying-ekoenergy\/","title":{"rendered":"Jak zakupi\u0107 EKOenergy"},"content":{"rendered":"\n<h1 class=\"wp-block-heading\">Jak kupowa\u0107 energi\u0119 z etykiet\u0105 EKOenergy<\/h1>\n\n\n\n<p>Konsumenci mog\u0105 przej\u015b\u0107 na energi\u0119 odnawialn\u0105 poprzez umowy na zielon\u0105 energi\u0119, instalacje na miejscu, umowy o zakup energii (PPA) lub Certyfikaty Atrybut\u00f3w Energii (EAC), takie jak GO lub I-RECs. Dost\u0119pno\u015b\u0107 tych metod zale\u017cy od lokalizacji.<\/p>\n\n\n\n<p>Zach\u0119camy wszystkich konsument\u00f3w energii, zar\u00f3wno tych du\u017cych, jak i ma\u0142ych, do skorzystania z istniej\u0105cych mo\u017cliwo\u015bci.<\/p>\n\n\n\n<p>Wybieraj\u0105c energi\u0119 odnawialn\u0105 z etykiet\u0105 EKOenergy, podejmuj\u0105 Pa\u0144stwo dodatkowy krok, niezale\u017cnie od wybranej metody zakupu. Nasza niekomercyjna etykieta mo\u017ce by\u0107 \u0142\u0105czona z wszystkimi dost\u0119pnymi metodami zakupu. Tutaj mog\u0105 Pa\u0144stwo przeczyta\u0107, <a href=\"https:\/\/www.ekoenergy.org\/pl\/why-buy\/\">jak korzystny dla klimatu i natury jest wyb\u00f3r energii sygnowanej przez EKOenergy<\/a>. Zapraszamy r\u00f3wnie\u017c do sprawdzenia nasz\u0105 1-stronn\u0105 ulotk\u0119 <a href=\"https:\/\/www.ekoenergy.org\/wp-content\/uploads\/General-Leaflet-EKOenergy-1-page-English.pdf\" target=\"_blank\" rel=\"noreferrer noopener\">EKOenergy &#8211; the international ecolabel for energy<\/a> (EKOenergy \u2013 mi\u0119dzynarodowa ekoetykieta dla energii).  <\/p>\n\n\n\n<h2 class=\"wp-block-heading\">Jak zacz\u0105\u0107 korzysta\u0107 z energii oznaczonej EKOenergy?<\/h2>\n\n\n\n<ul class=\"wp-block-list\">\n<li>Kontaktuj\u0105c si\u0119 z <a href=\"https:\/\/www.ekoenergy.org\/pl\/buying-ekoenergy\/licensees\/\">jednym z naszych autoryzowanych sprzedawc\u00f3w<\/a>.<\/li>\n\n\n\n<li>Je\u017celi w Pa\u0144stwa kraju nie ma jeszcze autoryzowanych sprzedawc\u00f3w, mog\u0105 Pa\u0144stwo poinformowa\u0107 waszego lokalnego dostawc\u0119 energii, \u017ce chc\u0105 Pa\u0144stwo zakupi\u0107 EKOenergy. Mo\u017ce on skontaktowa\u0107 si\u0119 z nami w dowolnym momencie, a my z przyjemno\u015bci\u0105 przeprowadzimy go przez ca\u0142y proces.<\/li>\n\n\n\n<li>Je\u017celi wype\u0142ni\u0105 Pa\u0144stwo <a href=\"https:\/\/www.ekoenergy.org\/pl\/buying-ekoenergy\/ask-for-an-offer\/\">formularz kontaktowy<\/a>, dostarczymy Pa\u0144stwu dane kontaktowe do dostawc\u00f3w EKOenergy w Pa\u0144stwa kraju. Je\u017celi w Pa\u0144stwa kraju nie ma jeszcze dostawc\u00f3w EKOenergy, Pa\u0144stwa zainteresowanie pomo\u017ce w zach\u0119ceniu dostawc\u00f3w, aby r\u00f3wnie\u017c zacz\u0119li sprzedawa\u0107 energi\u0119 z ekoetykiet\u0105 EKOenergy.<\/li>\n\n\n\n<li>Aby uzyska\u0107 wi\u0119cej informacji na temat korzystania z EKOenergy z w\u0142asnych instalacji na miejscu, zach\u0119camy do sprawdzenia nasz\u0105 stron\u0119 internetow\u0105 na temat <a href=\"https:\/\/www.ekoenergy.org\/pl\/ecolabel\/criteria\/ppas-and-onsite-installations\/\">EKOenergy z instalacji na miejscu i um\u00f3w PPA<\/a>.<\/li>\n\n\n\n<li>Je\u017celi maj\u0105 Pa\u0144stwo jakiekolwiek pytania lub sugestie, prosimy skontaktowa\u0107 si\u0119 z <a href=\"https:\/\/www.ekoenergy.org\/pl\/about-us\/contact-us\/\">Sekreteriatem EKOenergy<\/a>.<\/li>\n<\/ul>\n\n\n\n<h2 class=\"wp-block-heading\">Wyb\u00f3r EKOenergy to:<\/h2>\n\n\n\n<ul class=\"wp-block-list\">\n<li>Prosty proces,<\/li>\n\n\n\n<li>Przyst\u0119pna cena (na zliberalizowanych rynkach energii pozostanie przy domy\u015blnym dostawcy i jego podstawowym produkcie jest cz\u0119sto dro\u017csze),<\/li>\n\n\n\n<li>Spos\u00f3b na podj\u0119cie dzia\u0142a\u0144 na rzecz klimatu i wyra\u017cenie troski o przysz\u0142o\u015b\u0107 planety,<\/li>\n\n\n\n<li>Wyra\u017any sygna\u0142 dla producent\u00f3w energii i polityk\u00f3w, \u017ce konsumenci chc\u0105 energii odnawialnej wytwarzanej w spos\u00f3b zr\u00f3wnowa\u017cony.<\/li>\n<\/ul>\n\n\n\n<figure class=\"wp-block-image alignwide size-large\"><img fetchpriority=\"high\" decoding=\"async\" width=\"1024\" height=\"389\" src=\"https:\/\/www.ekoenergy.org\/wp-content\/uploads\/\/EKOenergy-logo-in-front-of-sea-1024x389.jpg\" alt=\"EKOenergy logo in front of sea\" class=\"wp-image-12188\" srcset=\"https:\/\/www.ekoenergy.org\/wp-content\/uploads\/EKOenergy-logo-in-front-of-sea-1024x389.jpg 1024w, https:\/\/www.ekoenergy.org\/wp-content\/uploads\/EKOenergy-logo-in-front-of-sea-320x122.jpg 320w, https:\/\/www.ekoenergy.org\/wp-content\/uploads\/EKOenergy-logo-in-front-of-sea-768x292.jpg 768w, https:\/\/www.ekoenergy.org\/wp-content\/uploads\/EKOenergy-logo-in-front-of-sea.jpg 1315w\" sizes=\"(max-width: 1024px) 100vw, 1024px\" \/><\/figure>\n","protected":false},"excerpt":{"rendered":"<p>Jak kupowa\u0107 energi\u0119 z etykiet\u0105 EKOenergy Konsumenci mog\u0105 przej\u015b\u0107 na energi\u0119 odnawialn\u0105 poprzez umowy na zielon\u0105 energi\u0119, instalacje na miejscu, umowy o zakup energii (PPA) lub Certyfikaty Atrybut\u00f3w Energii (EAC), takie jak GO lub I-RECs. Dost\u0119pno\u015b\u0107 tych metod zale\u017cy od lokalizacji. Zach\u0119camy wszystkich konsument\u00f3w energii, zar\u00f3wno tych du\u017cych, jak i ma\u0142ych, do skorzystania z istniej\u0105cych [&hellip;]<\/p>\n","protected":false},"author":2,"featured_media":51710,"parent":0,"menu_order":0,"comment_status":"closed","ping_status":"closed","template":"","meta":{"inline_featured_image":false,"_uag_custom_page_level_css":"","site-sidebar-layout":"default","site-content-layout":"default","ast-site-content-layout":"default","site-content-style":"default","site-sidebar-style":"default","ast-global-header-display":"","ast-banner-title-visibility":"","ast-main-header-display":"","ast-hfb-above-header-display":"","ast-hfb-below-header-display":"","ast-hfb-mobile-header-display":"","site-post-title":"disabled","ast-breadcrumbs-content":"","ast-featured-img":"","footer-sml-layout":"","ast-disable-related-posts":"","theme-transparent-header-meta":"default","adv-header-id-meta":"","stick-header-meta":"default","header-above-stick-meta":"","header-main-stick-meta":"","header-below-stick-meta":"","astra-migrate-meta-layouts":"default","ast-page-background-enabled":"default","ast-page-background-meta":{"desktop":{"background-color":"","background-image":"","background-repeat":"repeat","background-position":"center center","background-size":"auto","background-attachment":"scroll","background-type":"","background-media":"","overlay-type":"","overlay-color":"","overlay-opacity":"","overlay-gradient":""},"tablet":{"background-color":"","background-image":"","background-repeat":"repeat","background-position":"center center","background-size":"auto","background-attachment":"scroll","background-type":"","background-media":"","overlay-type":"","overlay-color":"","overlay-opacity":"","overlay-gradient":""},"mobile":{"background-color":"","background-image":"","background-repeat":"repeat","background-position":"center center","background-size":"auto","background-attachment":"scroll","background-type":"","background-media":"","overlay-type":"","overlay-color":"","overlay-opacity":"","overlay-gradient":""}},"ast-content-background-meta":{"desktop":{"background-color":"var(--ast-global-color-5)","background-image":"","background-repeat":"repeat","background-position":"center center","background-size":"auto","background-attachment":"scroll","background-type":"","background-media":"","overlay-type":"","overlay-color":"","overlay-opacity":"","overlay-gradient":""},"tablet":{"background-color":"var(--ast-global-color-5)","background-image":"","background-repeat":"repeat","background-position":"center center","background-size":"auto","background-attachment":"scroll","background-type":"","background-media":"","overlay-type":"","overlay-color":"","overlay-opacity":"","overlay-gradient":""},"mobile":{"background-color":"var(--ast-global-color-5)","background-image":"","background-repeat":"repeat","background-position":"center center","background-size":"auto","background-attachment":"scroll","background-type":"","background-media":"","overlay-type":"","overlay-color":"","overlay-opacity":"","overlay-gradient":""}},"footnotes":""},"class_list":["post-2620","page","type-page","status-publish","has-post-thumbnail","hentry"],"yoast_head":"<!-- This site is optimized with the Yoast SEO plugin v27.3 - https:\/\/yoast.com\/product\/yoast-seo-wordpress\/ -->\n<title>Jak zakupi\u0107 EKOenergy - EKOenergy ecolabel<\/title>\n<meta name=\"description\" content=\"Zach\u0119camy konsument\u00f3w na ca\u0142ym \u015bwiecie do korzystania z energii odnawialnej i zwi\u0119kszenia wp\u0142ywu ich wyboru poprzez wyb\u00f3r energii z etykiet\u0105 EKOenergy!\" \/>\n<meta name=\"robots\" content=\"index, follow, max-snippet:-1, max-image-preview:large, max-video-preview:-1\" \/>\n<link rel=\"canonical\" href=\"https:\/\/www.ekoenergy.org\/pl\/buying-ekoenergy\/\" \/>\n<meta property=\"og:locale\" content=\"pl_PL\" \/>\n<meta property=\"og:type\" content=\"article\" \/>\n<meta property=\"og:title\" content=\"Jak zakupi\u0107 EKOenergy - EKOenergy ecolabel\" \/>\n<meta property=\"og:description\" content=\"Zach\u0119camy konsument\u00f3w na ca\u0142ym \u015bwiecie do korzystania z energii odnawialnej i zwi\u0119kszenia wp\u0142ywu ich wyboru poprzez wyb\u00f3r energii z etykiet\u0105 EKOenergy!\" \/>\n<meta property=\"og:url\" content=\"https:\/\/www.ekoenergy.org\/pl\/buying-ekoenergy\/\" \/>\n<meta property=\"og:site_name\" content=\"EKOenergy ecolabel\" \/>\n<meta property=\"article:publisher\" content=\"https:\/\/www.facebook.com\/EKOenergy.ecolabel\/\" \/>\n<meta property=\"article:modified_time\" content=\"2023-11-22T10:53:32+00:00\" \/>\n<meta property=\"og:image\" content=\"https:\/\/www.ekoenergy.org\/wp-content\/uploads\/Featured-picture-how-to-buy-EKOenergy.png\" \/>\n\t<meta property=\"og:image:width\" content=\"1214\" \/>\n\t<meta property=\"og:image:height\" content=\"675\" \/>\n\t<meta property=\"og:image:type\" content=\"image\/png\" \/>\n<meta name=\"twitter:card\" content=\"summary_large_image\" \/>\n<meta name=\"twitter:site\" content=\"@EKOenergy_\" \/>\n<meta name=\"twitter:label1\" content=\"Szacowany czas czytania\" \/>\n\t<meta name=\"twitter:data1\" content=\"2 minuty\" \/>\n<script type=\"application\/ld+json\" class=\"yoast-schema-graph\">{\"@context\":\"https:\\\/\\\/schema.org\",\"@graph\":[{\"@type\":\"WebPage\",\"@id\":\"https:\\\/\\\/www.ekoenergy.org\\\/pl\\\/buying-ekoenergy\\\/\",\"url\":\"https:\\\/\\\/www.ekoenergy.org\\\/pl\\\/buying-ekoenergy\\\/\",\"name\":\"Jak zakupi\u0107 EKOenergy - EKOenergy ecolabel\",\"isPartOf\":{\"@id\":\"https:\\\/\\\/www.ekoenergy.org\\\/pl\\\/#website\"},\"primaryImageOfPage\":{\"@id\":\"https:\\\/\\\/www.ekoenergy.org\\\/pl\\\/buying-ekoenergy\\\/#primaryimage\"},\"image\":{\"@id\":\"https:\\\/\\\/www.ekoenergy.org\\\/pl\\\/buying-ekoenergy\\\/#primaryimage\"},\"thumbnailUrl\":\"https:\\\/\\\/www.ekoenergy.org\\\/wp-content\\\/uploads\\\/Featured-picture-how-to-buy-EKOenergy.png\",\"datePublished\":\"2019-12-04T13:45:50+00:00\",\"dateModified\":\"2023-11-22T10:53:32+00:00\",\"description\":\"Zach\u0119camy konsument\u00f3w na ca\u0142ym \u015bwiecie do korzystania z energii odnawialnej i zwi\u0119kszenia wp\u0142ywu ich wyboru poprzez wyb\u00f3r energii z etykiet\u0105 EKOenergy!\",\"breadcrumb\":{\"@id\":\"https:\\\/\\\/www.ekoenergy.org\\\/pl\\\/buying-ekoenergy\\\/#breadcrumb\"},\"inLanguage\":\"pl-PL\",\"potentialAction\":[{\"@type\":\"ReadAction\",\"target\":[\"https:\\\/\\\/www.ekoenergy.org\\\/pl\\\/buying-ekoenergy\\\/\"]}]},{\"@type\":\"ImageObject\",\"inLanguage\":\"pl-PL\",\"@id\":\"https:\\\/\\\/www.ekoenergy.org\\\/pl\\\/buying-ekoenergy\\\/#primaryimage\",\"url\":\"https:\\\/\\\/www.ekoenergy.org\\\/wp-content\\\/uploads\\\/Featured-picture-how-to-buy-EKOenergy.png\",\"contentUrl\":\"https:\\\/\\\/www.ekoenergy.org\\\/wp-content\\\/uploads\\\/Featured-picture-how-to-buy-EKOenergy.png\",\"width\":1214,\"height\":675},{\"@type\":\"BreadcrumbList\",\"@id\":\"https:\\\/\\\/www.ekoenergy.org\\\/pl\\\/buying-ekoenergy\\\/#breadcrumb\",\"itemListElement\":[{\"@type\":\"ListItem\",\"position\":1,\"name\":\"Home\",\"item\":\"https:\\\/\\\/www.ekoenergy.org\\\/pl\\\/\"},{\"@type\":\"ListItem\",\"position\":2,\"name\":\"Jak zakupi\u0107 EKOenergy\"}]},{\"@type\":\"WebSite\",\"@id\":\"https:\\\/\\\/www.ekoenergy.org\\\/pl\\\/#website\",\"url\":\"https:\\\/\\\/www.ekoenergy.org\\\/pl\\\/\",\"name\":\"EKOenergy ecolabel\",\"description\":\"The global nonprofit ecolabel for renewable energy\",\"publisher\":{\"@id\":\"https:\\\/\\\/www.ekoenergy.org\\\/pl\\\/#organization\"},\"potentialAction\":[{\"@type\":\"SearchAction\",\"target\":{\"@type\":\"EntryPoint\",\"urlTemplate\":\"https:\\\/\\\/www.ekoenergy.org\\\/pl\\\/?s={search_term_string}\"},\"query-input\":{\"@type\":\"PropertyValueSpecification\",\"valueRequired\":true,\"valueName\":\"search_term_string\"}}],\"inLanguage\":\"pl-PL\"},{\"@type\":\"Organization\",\"@id\":\"https:\\\/\\\/www.ekoenergy.org\\\/pl\\\/#organization\",\"name\":\"Not-for-profit Organisation EKOenergy\",\"url\":\"https:\\\/\\\/www.ekoenergy.org\\\/pl\\\/\",\"logo\":{\"@type\":\"ImageObject\",\"inLanguage\":\"pl-PL\",\"@id\":\"https:\\\/\\\/www.ekoenergy.org\\\/pl\\\/#\\\/schema\\\/logo\\\/image\\\/\",\"url\":\"https:\\\/\\\/www.ekoenergy.org\\\/wp-content\\\/uploads\\\/logo-EKOenergy-no-text.jpg\",\"contentUrl\":\"https:\\\/\\\/www.ekoenergy.org\\\/wp-content\\\/uploads\\\/logo-EKOenergy-no-text.jpg\",\"width\":1600,\"height\":1600,\"caption\":\"Not-for-profit Organisation EKOenergy\"},\"image\":{\"@id\":\"https:\\\/\\\/www.ekoenergy.org\\\/pl\\\/#\\\/schema\\\/logo\\\/image\\\/\"},\"sameAs\":[\"https:\\\/\\\/www.facebook.com\\\/EKOenergy.ecolabel\\\/\",\"https:\\\/\\\/x.com\\\/EKOenergy_\",\"https:\\\/\\\/www.instagram.com\\\/ekoenergy\\\/\",\"https:\\\/\\\/www.linkedin.com\\\/company\\\/ekoenergy-ecolabel\\\/\",\"https:\\\/\\\/www.youtube.com\\\/EKOenergy-ecolabel\",\"https:\\\/\\\/en.wikipedia.org\\\/wiki\\\/EKOenergy\"]}]}<\/script>\n<!-- \/ Yoast SEO plugin. -->","yoast_head_json":{"title":"Jak zakupi\u0107 EKOenergy - EKOenergy ecolabel","description":"Zach\u0119camy konsument\u00f3w na ca\u0142ym \u015bwiecie do korzystania z energii odnawialnej i zwi\u0119kszenia wp\u0142ywu ich wyboru poprzez wyb\u00f3r energii z etykiet\u0105 EKOenergy!","robots":{"index":"index","follow":"follow","max-snippet":"max-snippet:-1","max-image-preview":"max-image-preview:large","max-video-preview":"max-video-preview:-1"},"canonical":"https:\/\/www.ekoenergy.org\/pl\/buying-ekoenergy\/","og_locale":"pl_PL","og_type":"article","og_title":"Jak zakupi\u0107 EKOenergy - EKOenergy ecolabel","og_description":"Zach\u0119camy konsument\u00f3w na ca\u0142ym \u015bwiecie do korzystania z energii odnawialnej i zwi\u0119kszenia wp\u0142ywu ich wyboru poprzez wyb\u00f3r energii z etykiet\u0105 EKOenergy!","og_url":"https:\/\/www.ekoenergy.org\/pl\/buying-ekoenergy\/","og_site_name":"EKOenergy ecolabel","article_publisher":"https:\/\/www.facebook.com\/EKOenergy.ecolabel\/","article_modified_time":"2023-11-22T10:53:32+00:00","og_image":[{"width":1214,"height":675,"url":"https:\/\/www.ekoenergy.org\/wp-content\/uploads\/Featured-picture-how-to-buy-EKOenergy.png","type":"image\/png"}],"twitter_card":"summary_large_image","twitter_site":"@EKOenergy_","twitter_misc":{"Szacowany czas czytania":"2 minuty"},"schema":{"@context":"https:\/\/schema.org","@graph":[{"@type":"WebPage","@id":"https:\/\/www.ekoenergy.org\/pl\/buying-ekoenergy\/","url":"https:\/\/www.ekoenergy.org\/pl\/buying-ekoenergy\/","name":"Jak zakupi\u0107 EKOenergy - EKOenergy ecolabel","isPartOf":{"@id":"https:\/\/www.ekoenergy.org\/pl\/#website"},"primaryImageOfPage":{"@id":"https:\/\/www.ekoenergy.org\/pl\/buying-ekoenergy\/#primaryimage"},"image":{"@id":"https:\/\/www.ekoenergy.org\/pl\/buying-ekoenergy\/#primaryimage"},"thumbnailUrl":"https:\/\/www.ekoenergy.org\/wp-content\/uploads\/Featured-picture-how-to-buy-EKOenergy.png","datePublished":"2019-12-04T13:45:50+00:00","dateModified":"2023-11-22T10:53:32+00:00","description":"Zach\u0119camy konsument\u00f3w na ca\u0142ym \u015bwiecie do korzystania z energii odnawialnej i zwi\u0119kszenia wp\u0142ywu ich wyboru poprzez wyb\u00f3r energii z etykiet\u0105 EKOenergy!","breadcrumb":{"@id":"https:\/\/www.ekoenergy.org\/pl\/buying-ekoenergy\/#breadcrumb"},"inLanguage":"pl-PL","potentialAction":[{"@type":"ReadAction","target":["https:\/\/www.ekoenergy.org\/pl\/buying-ekoenergy\/"]}]},{"@type":"ImageObject","inLanguage":"pl-PL","@id":"https:\/\/www.ekoenergy.org\/pl\/buying-ekoenergy\/#primaryimage","url":"https:\/\/www.ekoenergy.org\/wp-content\/uploads\/Featured-picture-how-to-buy-EKOenergy.png","contentUrl":"https:\/\/www.ekoenergy.org\/wp-content\/uploads\/Featured-picture-how-to-buy-EKOenergy.png","width":1214,"height":675},{"@type":"BreadcrumbList","@id":"https:\/\/www.ekoenergy.org\/pl\/buying-ekoenergy\/#breadcrumb","itemListElement":[{"@type":"ListItem","position":1,"name":"Home","item":"https:\/\/www.ekoenergy.org\/pl\/"},{"@type":"ListItem","position":2,"name":"Jak zakupi\u0107 EKOenergy"}]},{"@type":"WebSite","@id":"https:\/\/www.ekoenergy.org\/pl\/#website","url":"https:\/\/www.ekoenergy.org\/pl\/","name":"EKOenergy ecolabel","description":"The global nonprofit ecolabel for renewable energy","publisher":{"@id":"https:\/\/www.ekoenergy.org\/pl\/#organization"},"potentialAction":[{"@type":"SearchAction","target":{"@type":"EntryPoint","urlTemplate":"https:\/\/www.ekoenergy.org\/pl\/?s={search_term_string}"},"query-input":{"@type":"PropertyValueSpecification","valueRequired":true,"valueName":"search_term_string"}}],"inLanguage":"pl-PL"},{"@type":"Organization","@id":"https:\/\/www.ekoenergy.org\/pl\/#organization","name":"Not-for-profit Organisation EKOenergy","url":"https:\/\/www.ekoenergy.org\/pl\/","logo":{"@type":"ImageObject","inLanguage":"pl-PL","@id":"https:\/\/www.ekoenergy.org\/pl\/#\/schema\/logo\/image\/","url":"https:\/\/www.ekoenergy.org\/wp-content\/uploads\/logo-EKOenergy-no-text.jpg","contentUrl":"https:\/\/www.ekoenergy.org\/wp-content\/uploads\/logo-EKOenergy-no-text.jpg","width":1600,"height":1600,"caption":"Not-for-profit Organisation EKOenergy"},"image":{"@id":"https:\/\/www.ekoenergy.org\/pl\/#\/schema\/logo\/image\/"},"sameAs":["https:\/\/www.facebook.com\/EKOenergy.ecolabel\/","https:\/\/x.com\/EKOenergy_","https:\/\/www.instagram.com\/ekoenergy\/","https:\/\/www.linkedin.com\/company\/ekoenergy-ecolabel\/","https:\/\/www.youtube.com\/EKOenergy-ecolabel","https:\/\/en.wikipedia.org\/wiki\/EKOenergy"]}]}},"uagb_featured_image_src":{"full":["https:\/\/www.ekoenergy.org\/wp-content\/uploads\/Featured-picture-how-to-buy-EKOenergy.png",1214,675,false],"thumbnail":["https:\/\/www.ekoenergy.org\/wp-content\/uploads\/Featured-picture-how-to-buy-EKOenergy-150x150.png",150,150,true],"medium":["https:\/\/www.ekoenergy.org\/wp-content\/uploads\/Featured-picture-how-to-buy-EKOenergy-320x178.png",320,178,true],"medium_large":["https:\/\/www.ekoenergy.org\/wp-content\/uploads\/Featured-picture-how-to-buy-EKOenergy-768x427.png",768,427,true],"large":["https:\/\/www.ekoenergy.org\/wp-content\/uploads\/Featured-picture-how-to-buy-EKOenergy-1024x569.png",1024,569,true],"1536x1536":["https:\/\/www.ekoenergy.org\/wp-content\/uploads\/Featured-picture-how-to-buy-EKOenergy.png",1214,675,false],"2048x2048":["https:\/\/www.ekoenergy.org\/wp-content\/uploads\/Featured-picture-how-to-buy-EKOenergy.png",1214,675,false]},"uagb_author_info":{"display_name":"Steven Vanholme","author_link":"https:\/\/www.ekoenergy.org\/pl\/author\/svanholme\/"},"uagb_comment_info":0,"uagb_excerpt":"Jak kupowa\u0107 energi\u0119 z etykiet\u0105 EKOenergy Konsumenci mog\u0105 przej\u015b\u0107 na energi\u0119 odnawialn\u0105 poprzez umowy na zielon\u0105 energi\u0119, instalacje na miejscu, umowy o zakup energii (PPA) lub Certyfikaty Atrybut\u00f3w Energii (EAC), takie jak GO lub I-RECs. Dost\u0119pno\u015b\u0107 tych metod zale\u017cy od lokalizacji. Zach\u0119camy wszystkich konsument\u00f3w energii, zar\u00f3wno tych du\u017cych, jak i ma\u0142ych, do skorzystania z istniej\u0105cych&hellip;","_links":{"self":[{"href":"https:\/\/www.ekoenergy.org\/pl\/wp-json\/wp\/v2\/pages\/2620","targetHints":{"allow":["GET"]}}],"collection":[{"href":"https:\/\/www.ekoenergy.org\/pl\/wp-json\/wp\/v2\/pages"}],"about":[{"href":"https:\/\/www.ekoenergy.org\/pl\/wp-json\/wp\/v2\/types\/page"}],"author":[{"embeddable":true,"href":"https:\/\/www.ekoenergy.org\/pl\/wp-json\/wp\/v2\/users\/2"}],"replies":[{"embeddable":true,"href":"https:\/\/www.ekoenergy.org\/pl\/wp-json\/wp\/v2\/comments?post=2620"}],"version-history":[{"count":3,"href":"https:\/\/www.ekoenergy.org\/pl\/wp-json\/wp\/v2\/pages\/2620\/revisions"}],"predecessor-version":[{"id":153321,"href":"https:\/\/www.ekoenergy.org\/pl\/wp-json\/wp\/v2\/pages\/2620\/revisions\/153321"}],"wp:featuredmedia":[{"embeddable":true,"href":"https:\/\/www.ekoenergy.org\/pl\/wp-json\/wp\/v2\/media\/51710"}],"wp:attachment":[{"href":"https:\/\/www.ekoenergy.org\/pl\/wp-json\/wp\/v2\/media?parent=2620"}],"curies":[{"name":"wp","href":"https:\/\/api.w.org\/{rel}","templated":true}]}}