{"id":2904,"date":"2019-12-04T13:26:04","date_gmt":"2019-12-04T13:26:04","guid":{"rendered":"https:\/\/www.ekoenergy.org\/about-us\/our-vision-and-mission\/"},"modified":"2023-11-20T12:06:07","modified_gmt":"2023-11-20T10:06:07","slug":"our-vision-and-mission","status":"publish","type":"page","link":"https:\/\/www.ekoenergy.org\/pl\/about-us\/our-vision-and-mission\/","title":{"rendered":"Nasza wizja i misja"},"content":{"rendered":"\n<h1 class=\"wp-block-heading\">Nasza wizja i misja<\/h1>\n\n\n\n<figure class=\"wp-block-image alignright size-full is-resized\"><img fetchpriority=\"high\" decoding=\"async\" width=\"300\" height=\"244\" src=\"https:\/\/www.ekoenergy.org\/wp-content\/uploads\/EKOenergy_logo_animals_plants.jpg\" alt=\"\" class=\"wp-image-6909\" style=\"width:363px;height:295px\"\/><\/figure>\n\n\n\n<p>\u015awiat musi zacz\u0105\u0107 traktowa\u0107 kryzys klimatyczny jako kryzys. Musimy DZI\u015a dzia\u0142a\u0107, aby drastycznie zmniejszy\u0107 emisje gaz\u00f3w cieplarnianych i ograniczy\u0107 globalne ocieplenie do mniej ni\u017c 1,5 stopnia Celsjusza ponad poziomy sprzed rewolucji przemys\u0142owej.<\/p>\n\n\n\n<p>To jedyny spos\u00f3b, aby mie\u0107 nadziej\u0119 na zachowanie r\u00f3\u017cnorodno\u015bci ekosystem\u00f3w i gatunk\u00f3w, kt\u00f3re sprawiaj\u0105, \u017ce \u015bwiat jest takim pe\u0142nym \u017cycia miejscem do \u017cycia. Walka ze zmianami klimatu jest r\u00f3wnie\u017c kluczowa w zwalczaniu ub\u00f3stwa i tworzeniu lepszego \u015bwiata dla przysz\u0142ych pokole\u0144.<\/p>\n\n\n\n<h2 class=\"wp-block-heading\">Nasza wizja<\/h2>\n\n\n\n<p>\u015awiat, w kt\u00f3rym energia jest wytwarzana i zu\u017cywana w spos\u00f3b zr\u00f3wnowa\u017cony. Gdzie ludzie \u017cyj\u0105 z szacunkiem dla przyrody i r\u00f3\u017cnorodno\u015bci biologicznej, i w kt\u00f3rym Cele Zr\u00f3wnowa\u017conego Rozwoju (<a href=\"https:\/\/www.un.org\/sustainabledevelopment\/sustainable-development-goals\/\" target=\"_blank\" rel=\"noreferrer noopener\">UN Sustainable Development Goals<\/a>) zostan\u0105 osi\u0105gni\u0119te.<\/p>\n\n\n\n<h2 class=\"wp-block-heading\">Nasza misja<\/h2>\n\n\n\n<p>Wykorzystywanie <a href=\"https:\/\/www.ekoenergy.org\/pl\/ecolabel\/\">naszej etykiety<\/a> jako narz\u0119dzia do promowania najbardziej zr\u00f3wnowa\u017conych form energii oraz zbierania \u015brodk\u00f3w na dodatkow\u0105 ochron\u0119 klimatu i r\u00f3\u017cnorodno\u015bci biologicznej.<\/p>\n\n\n\n<p>Nasza filozofia to: &#8222;Czyny, nie s\u0142owa&#8221;. Wierzymy, \u017ce osi\u0105gni\u0119cie istotnych zmian politycznych zaczyna si\u0119 od dzia\u0142a\u0144 w naszym w\u0142asnym \u017cyciu.<\/p>\n\n\n\n<h2 class=\"wp-block-heading\">Nasze cele<\/h2>\n\n\n\n<ul class=\"wp-block-list\">\n<li>Przyspieszenie przej\u015bcia na 100% energii odnawialnej.<\/li>\n\n\n\n<li>Zwi\u0119kszenie wiedzy i dyskusji na temat energii odnawialnej i r\u00f3\u017cnorodno\u015bci biologicznej, zar\u00f3wno w\u015br\u00f3d og\u00f3\u0142u spo\u0142ecze\u0144stwa, jak i w\u015br\u00f3d decydent\u00f3w oraz du\u017cych korporacyjnych konsument\u00f3w.<\/li>\n\n\n\n<li>Rozwijanie i promowanie <a href=\"https:\/\/www.ekoenergy.org\/pl\/ecolabel\/\">ekoetykiety EKOenergy<\/a>, aby zach\u0119ci\u0107 do zr\u00f3wnowa\u017conego wytwarzania energii oraz pom\u00f3c konsumentom w jej znalezieniu.<\/li>\n\n\n\n<li>Ochrona lokalnych ekosystem\u00f3w i przywracanie siedlisk rzecznych poprzez nasz <a href=\"https:\/\/www.ekoenergy.org\/pl\/our-results\/environmental-fund\/\">Fundusz Ochrony \u015arodowiska<\/a>.<\/li>\n\n\n\n<li>Zapewnianie dost\u0119pu do czystej energii i \u0142agodzenie ub\u00f3stwa energetycznego w krajach rozwijaj\u0105cych si\u0119 poprzez nasz <a href=\"https:\/\/www.ekoenergy.org\/pl\/our-results\/climate-fund\/\">Fundusz Klimatyczny<\/a>.<\/li>\n\n\n\n<li>Wsp\u00f3\u0142praca i partnerstwo z innymi organizacjami pozarz\u0105dowymi zajmuj\u0105cymi si\u0119 ochron\u0105 \u015brodowiska, aby nasza praca uzupe\u0142nia\u0142a wysi\u0142ki innych.<\/li>\n\n\n\n<li>Pomoc w osi\u0105gni\u0119ciu Cel\u00f3w Zr\u00f3wnowa\u017conego Rozwoju.<\/li>\n<\/ul>\n","protected":false},"excerpt":{"rendered":"<p>Nasza wizja i misja \u015awiat musi zacz\u0105\u0107 traktowa\u0107 kryzys klimatyczny jako kryzys. Musimy DZI\u015a dzia\u0142a\u0107, aby drastycznie zmniejszy\u0107 emisje gaz\u00f3w cieplarnianych i ograniczy\u0107 globalne ocieplenie do mniej ni\u017c 1,5 stopnia Celsjusza ponad poziomy sprzed rewolucji przemys\u0142owej. To jedyny spos\u00f3b, aby mie\u0107 nadziej\u0119 na zachowanie r\u00f3\u017cnorodno\u015bci ekosystem\u00f3w i gatunk\u00f3w, kt\u00f3re sprawiaj\u0105, \u017ce \u015bwiat jest takim pe\u0142nym [&hellip;]<\/p>\n","protected":false},"author":17,"featured_media":28092,"parent":2541,"menu_order":1,"comment_status":"closed","ping_status":"closed","template":"","meta":{"inline_featured_image":false,"_uag_custom_page_level_css":"","site-sidebar-layout":"default","site-content-layout":"default","ast-site-content-layout":"default","site-content-style":"default","site-sidebar-style":"default","ast-global-header-display":"","ast-banner-title-visibility":"","ast-main-header-display":"","ast-hfb-above-header-display":"","ast-hfb-below-header-display":"","ast-hfb-mobile-header-display":"","site-post-title":"disabled","ast-breadcrumbs-content":"","ast-featured-img":"","footer-sml-layout":"","ast-disable-related-posts":"","theme-transparent-header-meta":"default","adv-header-id-meta":"","stick-header-meta":"default","header-above-stick-meta":"","header-main-stick-meta":"","header-below-stick-meta":"","astra-migrate-meta-layouts":"default","ast-page-background-enabled":"default","ast-page-background-meta":{"desktop":{"background-color":"","background-image":"","background-repeat":"repeat","background-position":"center center","background-size":"auto","background-attachment":"scroll","background-type":"","background-media":"","overlay-type":"","overlay-color":"","overlay-opacity":"","overlay-gradient":""},"tablet":{"background-color":"","background-image":"","background-repeat":"repeat","background-position":"center center","background-size":"auto","background-attachment":"scroll","background-type":"","background-media":"","overlay-type":"","overlay-color":"","overlay-opacity":"","overlay-gradient":""},"mobile":{"background-color":"","background-image":"","background-repeat":"repeat","background-position":"center center","background-size":"auto","background-attachment":"scroll","background-type":"","background-media":"","overlay-type":"","overlay-color":"","overlay-opacity":"","overlay-gradient":""}},"ast-content-background-meta":{"desktop":{"background-color":"var(--ast-global-color-5)","background-image":"","background-repeat":"repeat","background-position":"center center","background-size":"auto","background-attachment":"scroll","background-type":"","background-media":"","overlay-type":"","overlay-color":"","overlay-opacity":"","overlay-gradient":""},"tablet":{"background-color":"var(--ast-global-color-5)","background-image":"","background-repeat":"repeat","background-position":"center center","background-size":"auto","background-attachment":"scroll","background-type":"","background-media":"","overlay-type":"","overlay-color":"","overlay-opacity":"","overlay-gradient":""},"mobile":{"background-color":"var(--ast-global-color-5)","background-image":"","background-repeat":"repeat","background-position":"center center","background-size":"auto","background-attachment":"scroll","background-type":"","background-media":"","overlay-type":"","overlay-color":"","overlay-opacity":"","overlay-gradient":""}},"footnotes":""},"class_list":["post-2904","page","type-page","status-publish","has-post-thumbnail","hentry"],"yoast_head":"<!-- This site is optimized with the Yoast SEO plugin v27.5 - https:\/\/yoast.com\/product\/yoast-seo-wordpress\/ -->\n<title>Nasza wizja i misja - EKOenergy ecolabel<\/title>\n<meta name=\"description\" content=\"Chcemy \u015bwiata, w kt\u00f3rym energia jest produkowana w spos\u00f3b zr\u00f3wnowa\u017cony. Nasze oznakowanie ekologiczne jest narz\u0119dziem do promowania energii odnawialnej.\" \/>\n<meta name=\"robots\" content=\"index, follow, max-snippet:-1, max-image-preview:large, max-video-preview:-1\" \/>\n<link rel=\"canonical\" href=\"https:\/\/www.ekoenergy.org\/pl\/about-us\/our-vision-and-mission\/\" \/>\n<meta property=\"og:locale\" content=\"pl_PL\" \/>\n<meta property=\"og:type\" content=\"article\" \/>\n<meta property=\"og:title\" content=\"Nasza wizja i misja - EKOenergy ecolabel\" \/>\n<meta property=\"og:description\" content=\"Chcemy \u015bwiata, w kt\u00f3rym energia jest produkowana w spos\u00f3b zr\u00f3wnowa\u017cony. Nasze oznakowanie ekologiczne jest narz\u0119dziem do promowania energii odnawialnej.\" \/>\n<meta property=\"og:url\" content=\"https:\/\/www.ekoenergy.org\/pl\/about-us\/our-vision-and-mission\/\" \/>\n<meta property=\"og:site_name\" content=\"EKOenergy ecolabel\" \/>\n<meta property=\"article:publisher\" content=\"https:\/\/www.facebook.com\/EKOenergy.ecolabel\/\" \/>\n<meta property=\"article:modified_time\" content=\"2023-11-20T10:06:07+00:00\" \/>\n<meta property=\"og:image\" content=\"https:\/\/www.ekoenergy.org\/wp-content\/uploads\/Featured-EKOenergy-at-Climate-March-1.jpg\" \/>\n\t<meta property=\"og:image:width\" content=\"866\" \/>\n\t<meta property=\"og:image:height\" content=\"650\" \/>\n\t<meta property=\"og:image:type\" content=\"image\/jpeg\" \/>\n<meta name=\"twitter:card\" content=\"summary_large_image\" \/>\n<meta name=\"twitter:site\" content=\"@EKOenergy_\" \/>\n<meta name=\"twitter:label1\" content=\"Szacowany czas czytania\" \/>\n\t<meta name=\"twitter:data1\" content=\"2 minuty\" \/>\n<script type=\"application\/ld+json\" class=\"yoast-schema-graph\">{\"@context\":\"https:\\\/\\\/schema.org\",\"@graph\":[{\"@type\":\"WebPage\",\"@id\":\"https:\\\/\\\/www.ekoenergy.org\\\/pl\\\/about-us\\\/our-vision-and-mission\\\/\",\"url\":\"https:\\\/\\\/www.ekoenergy.org\\\/pl\\\/about-us\\\/our-vision-and-mission\\\/\",\"name\":\"Nasza wizja i misja - EKOenergy ecolabel\",\"isPartOf\":{\"@id\":\"https:\\\/\\\/www.ekoenergy.org\\\/pl\\\/#website\"},\"primaryImageOfPage\":{\"@id\":\"https:\\\/\\\/www.ekoenergy.org\\\/pl\\\/about-us\\\/our-vision-and-mission\\\/#primaryimage\"},\"image\":{\"@id\":\"https:\\\/\\\/www.ekoenergy.org\\\/pl\\\/about-us\\\/our-vision-and-mission\\\/#primaryimage\"},\"thumbnailUrl\":\"https:\\\/\\\/www.ekoenergy.org\\\/wp-content\\\/uploads\\\/Featured-EKOenergy-at-Climate-March-1.jpg\",\"datePublished\":\"2019-12-04T13:26:04+00:00\",\"dateModified\":\"2023-11-20T10:06:07+00:00\",\"description\":\"Chcemy \u015bwiata, w kt\u00f3rym energia jest produkowana w spos\u00f3b zr\u00f3wnowa\u017cony. Nasze oznakowanie ekologiczne jest narz\u0119dziem do promowania energii odnawialnej.\",\"breadcrumb\":{\"@id\":\"https:\\\/\\\/www.ekoenergy.org\\\/pl\\\/about-us\\\/our-vision-and-mission\\\/#breadcrumb\"},\"inLanguage\":\"pl-PL\",\"potentialAction\":[{\"@type\":\"ReadAction\",\"target\":[\"https:\\\/\\\/www.ekoenergy.org\\\/pl\\\/about-us\\\/our-vision-and-mission\\\/\"]}]},{\"@type\":\"ImageObject\",\"inLanguage\":\"pl-PL\",\"@id\":\"https:\\\/\\\/www.ekoenergy.org\\\/pl\\\/about-us\\\/our-vision-and-mission\\\/#primaryimage\",\"url\":\"https:\\\/\\\/www.ekoenergy.org\\\/wp-content\\\/uploads\\\/Featured-EKOenergy-at-Climate-March-1.jpg\",\"contentUrl\":\"https:\\\/\\\/www.ekoenergy.org\\\/wp-content\\\/uploads\\\/Featured-EKOenergy-at-Climate-March-1.jpg\",\"width\":866,\"height\":650},{\"@type\":\"BreadcrumbList\",\"@id\":\"https:\\\/\\\/www.ekoenergy.org\\\/pl\\\/about-us\\\/our-vision-and-mission\\\/#breadcrumb\",\"itemListElement\":[{\"@type\":\"ListItem\",\"position\":1,\"name\":\"Home\",\"item\":\"https:\\\/\\\/www.ekoenergy.org\\\/pl\\\/\"},{\"@type\":\"ListItem\",\"position\":2,\"name\":\"O nas\",\"item\":\"https:\\\/\\\/www.ekoenergy.org\\\/pl\\\/about-us\\\/\"},{\"@type\":\"ListItem\",\"position\":3,\"name\":\"Nasza wizja i misja\"}]},{\"@type\":\"WebSite\",\"@id\":\"https:\\\/\\\/www.ekoenergy.org\\\/pl\\\/#website\",\"url\":\"https:\\\/\\\/www.ekoenergy.org\\\/pl\\\/\",\"name\":\"EKOenergy ecolabel\",\"description\":\"The global nonprofit ecolabel for renewable energy\",\"publisher\":{\"@id\":\"https:\\\/\\\/www.ekoenergy.org\\\/pl\\\/#organization\"},\"potentialAction\":[{\"@type\":\"SearchAction\",\"target\":{\"@type\":\"EntryPoint\",\"urlTemplate\":\"https:\\\/\\\/www.ekoenergy.org\\\/pl\\\/?s={search_term_string}\"},\"query-input\":{\"@type\":\"PropertyValueSpecification\",\"valueRequired\":true,\"valueName\":\"search_term_string\"}}],\"inLanguage\":\"pl-PL\"},{\"@type\":\"Organization\",\"@id\":\"https:\\\/\\\/www.ekoenergy.org\\\/pl\\\/#organization\",\"name\":\"Not-for-profit Organisation EKOenergy\",\"url\":\"https:\\\/\\\/www.ekoenergy.org\\\/pl\\\/\",\"logo\":{\"@type\":\"ImageObject\",\"inLanguage\":\"pl-PL\",\"@id\":\"https:\\\/\\\/www.ekoenergy.org\\\/pl\\\/#\\\/schema\\\/logo\\\/image\\\/\",\"url\":\"https:\\\/\\\/www.ekoenergy.org\\\/wp-content\\\/uploads\\\/logo-EKOenergy-no-text.jpg\",\"contentUrl\":\"https:\\\/\\\/www.ekoenergy.org\\\/wp-content\\\/uploads\\\/logo-EKOenergy-no-text.jpg\",\"width\":1600,\"height\":1600,\"caption\":\"Not-for-profit Organisation EKOenergy\"},\"image\":{\"@id\":\"https:\\\/\\\/www.ekoenergy.org\\\/pl\\\/#\\\/schema\\\/logo\\\/image\\\/\"},\"sameAs\":[\"https:\\\/\\\/www.facebook.com\\\/EKOenergy.ecolabel\\\/\",\"https:\\\/\\\/x.com\\\/EKOenergy_\",\"https:\\\/\\\/www.instagram.com\\\/ekoenergy\\\/\",\"https:\\\/\\\/www.linkedin.com\\\/company\\\/ekoenergy-ecolabel\\\/\",\"https:\\\/\\\/www.youtube.com\\\/EKOenergy-ecolabel\",\"https:\\\/\\\/en.wikipedia.org\\\/wiki\\\/EKOenergy\"]}]}<\/script>\n<!-- \/ Yoast SEO plugin. -->","yoast_head_json":{"title":"Nasza wizja i misja - EKOenergy ecolabel","description":"Chcemy \u015bwiata, w kt\u00f3rym energia jest produkowana w spos\u00f3b zr\u00f3wnowa\u017cony. Nasze oznakowanie ekologiczne jest narz\u0119dziem do promowania energii odnawialnej.","robots":{"index":"index","follow":"follow","max-snippet":"max-snippet:-1","max-image-preview":"max-image-preview:large","max-video-preview":"max-video-preview:-1"},"canonical":"https:\/\/www.ekoenergy.org\/pl\/about-us\/our-vision-and-mission\/","og_locale":"pl_PL","og_type":"article","og_title":"Nasza wizja i misja - EKOenergy ecolabel","og_description":"Chcemy \u015bwiata, w kt\u00f3rym energia jest produkowana w spos\u00f3b zr\u00f3wnowa\u017cony. Nasze oznakowanie ekologiczne jest narz\u0119dziem do promowania energii odnawialnej.","og_url":"https:\/\/www.ekoenergy.org\/pl\/about-us\/our-vision-and-mission\/","og_site_name":"EKOenergy ecolabel","article_publisher":"https:\/\/www.facebook.com\/EKOenergy.ecolabel\/","article_modified_time":"2023-11-20T10:06:07+00:00","og_image":[{"width":866,"height":650,"url":"https:\/\/www.ekoenergy.org\/wp-content\/uploads\/Featured-EKOenergy-at-Climate-March-1.jpg","type":"image\/jpeg"}],"twitter_card":"summary_large_image","twitter_site":"@EKOenergy_","twitter_misc":{"Szacowany czas czytania":"2 minuty"},"schema":{"@context":"https:\/\/schema.org","@graph":[{"@type":"WebPage","@id":"https:\/\/www.ekoenergy.org\/pl\/about-us\/our-vision-and-mission\/","url":"https:\/\/www.ekoenergy.org\/pl\/about-us\/our-vision-and-mission\/","name":"Nasza wizja i misja - EKOenergy ecolabel","isPartOf":{"@id":"https:\/\/www.ekoenergy.org\/pl\/#website"},"primaryImageOfPage":{"@id":"https:\/\/www.ekoenergy.org\/pl\/about-us\/our-vision-and-mission\/#primaryimage"},"image":{"@id":"https:\/\/www.ekoenergy.org\/pl\/about-us\/our-vision-and-mission\/#primaryimage"},"thumbnailUrl":"https:\/\/www.ekoenergy.org\/wp-content\/uploads\/Featured-EKOenergy-at-Climate-March-1.jpg","datePublished":"2019-12-04T13:26:04+00:00","dateModified":"2023-11-20T10:06:07+00:00","description":"Chcemy \u015bwiata, w kt\u00f3rym energia jest produkowana w spos\u00f3b zr\u00f3wnowa\u017cony. Nasze oznakowanie ekologiczne jest narz\u0119dziem do promowania energii odnawialnej.","breadcrumb":{"@id":"https:\/\/www.ekoenergy.org\/pl\/about-us\/our-vision-and-mission\/#breadcrumb"},"inLanguage":"pl-PL","potentialAction":[{"@type":"ReadAction","target":["https:\/\/www.ekoenergy.org\/pl\/about-us\/our-vision-and-mission\/"]}]},{"@type":"ImageObject","inLanguage":"pl-PL","@id":"https:\/\/www.ekoenergy.org\/pl\/about-us\/our-vision-and-mission\/#primaryimage","url":"https:\/\/www.ekoenergy.org\/wp-content\/uploads\/Featured-EKOenergy-at-Climate-March-1.jpg","contentUrl":"https:\/\/www.ekoenergy.org\/wp-content\/uploads\/Featured-EKOenergy-at-Climate-March-1.jpg","width":866,"height":650},{"@type":"BreadcrumbList","@id":"https:\/\/www.ekoenergy.org\/pl\/about-us\/our-vision-and-mission\/#breadcrumb","itemListElement":[{"@type":"ListItem","position":1,"name":"Home","item":"https:\/\/www.ekoenergy.org\/pl\/"},{"@type":"ListItem","position":2,"name":"O nas","item":"https:\/\/www.ekoenergy.org\/pl\/about-us\/"},{"@type":"ListItem","position":3,"name":"Nasza wizja i misja"}]},{"@type":"WebSite","@id":"https:\/\/www.ekoenergy.org\/pl\/#website","url":"https:\/\/www.ekoenergy.org\/pl\/","name":"EKOenergy ecolabel","description":"The global nonprofit ecolabel for renewable energy","publisher":{"@id":"https:\/\/www.ekoenergy.org\/pl\/#organization"},"potentialAction":[{"@type":"SearchAction","target":{"@type":"EntryPoint","urlTemplate":"https:\/\/www.ekoenergy.org\/pl\/?s={search_term_string}"},"query-input":{"@type":"PropertyValueSpecification","valueRequired":true,"valueName":"search_term_string"}}],"inLanguage":"pl-PL"},{"@type":"Organization","@id":"https:\/\/www.ekoenergy.org\/pl\/#organization","name":"Not-for-profit Organisation EKOenergy","url":"https:\/\/www.ekoenergy.org\/pl\/","logo":{"@type":"ImageObject","inLanguage":"pl-PL","@id":"https:\/\/www.ekoenergy.org\/pl\/#\/schema\/logo\/image\/","url":"https:\/\/www.ekoenergy.org\/wp-content\/uploads\/logo-EKOenergy-no-text.jpg","contentUrl":"https:\/\/www.ekoenergy.org\/wp-content\/uploads\/logo-EKOenergy-no-text.jpg","width":1600,"height":1600,"caption":"Not-for-profit Organisation EKOenergy"},"image":{"@id":"https:\/\/www.ekoenergy.org\/pl\/#\/schema\/logo\/image\/"},"sameAs":["https:\/\/www.facebook.com\/EKOenergy.ecolabel\/","https:\/\/x.com\/EKOenergy_","https:\/\/www.instagram.com\/ekoenergy\/","https:\/\/www.linkedin.com\/company\/ekoenergy-ecolabel\/","https:\/\/www.youtube.com\/EKOenergy-ecolabel","https:\/\/en.wikipedia.org\/wiki\/EKOenergy"]}]}},"uagb_featured_image_src":{"full":["https:\/\/www.ekoenergy.org\/wp-content\/uploads\/Featured-EKOenergy-at-Climate-March-1.jpg",866,650,false],"thumbnail":["https:\/\/www.ekoenergy.org\/wp-content\/uploads\/Featured-EKOenergy-at-Climate-March-1-150x150.jpg",150,150,true],"medium":["https:\/\/www.ekoenergy.org\/wp-content\/uploads\/Featured-EKOenergy-at-Climate-March-1-320x240.jpg",320,240,true],"medium_large":["https:\/\/www.ekoenergy.org\/wp-content\/uploads\/Featured-EKOenergy-at-Climate-March-1-768x576.jpg",768,576,true],"large":["https:\/\/www.ekoenergy.org\/wp-content\/uploads\/Featured-EKOenergy-at-Climate-March-1.jpg",866,650,false],"1536x1536":["https:\/\/www.ekoenergy.org\/wp-content\/uploads\/Featured-EKOenergy-at-Climate-March-1.jpg",866,650,false],"2048x2048":["https:\/\/www.ekoenergy.org\/wp-content\/uploads\/Featured-EKOenergy-at-Climate-March-1.jpg",866,650,false]},"uagb_author_info":{"display_name":"EKOenergy ecolabel","author_link":"https:\/\/www.ekoenergy.org\/pl\/author\/ekoenergy\/"},"uagb_comment_info":0,"uagb_excerpt":"Nasza wizja i misja \u015awiat musi zacz\u0105\u0107 traktowa\u0107 kryzys klimatyczny jako kryzys. Musimy DZI\u015a dzia\u0142a\u0107, aby drastycznie zmniejszy\u0107 emisje gaz\u00f3w cieplarnianych i ograniczy\u0107 globalne ocieplenie do mniej ni\u017c 1,5 stopnia Celsjusza ponad poziomy sprzed rewolucji przemys\u0142owej. To jedyny spos\u00f3b, aby mie\u0107 nadziej\u0119 na zachowanie r\u00f3\u017cnorodno\u015bci ekosystem\u00f3w i gatunk\u00f3w, kt\u00f3re sprawiaj\u0105, \u017ce \u015bwiat jest takim pe\u0142nym&hellip;","_links":{"self":[{"href":"https:\/\/www.ekoenergy.org\/pl\/wp-json\/wp\/v2\/pages\/2904","targetHints":{"allow":["GET"]}}],"collection":[{"href":"https:\/\/www.ekoenergy.org\/pl\/wp-json\/wp\/v2\/pages"}],"about":[{"href":"https:\/\/www.ekoenergy.org\/pl\/wp-json\/wp\/v2\/types\/page"}],"author":[{"embeddable":true,"href":"https:\/\/www.ekoenergy.org\/pl\/wp-json\/wp\/v2\/users\/17"}],"replies":[{"embeddable":true,"href":"https:\/\/www.ekoenergy.org\/pl\/wp-json\/wp\/v2\/comments?post=2904"}],"version-history":[{"count":3,"href":"https:\/\/www.ekoenergy.org\/pl\/wp-json\/wp\/v2\/pages\/2904\/revisions"}],"predecessor-version":[{"id":153008,"href":"https:\/\/www.ekoenergy.org\/pl\/wp-json\/wp\/v2\/pages\/2904\/revisions\/153008"}],"up":[{"embeddable":true,"href":"https:\/\/www.ekoenergy.org\/pl\/wp-json\/wp\/v2\/pages\/2541"}],"wp:featuredmedia":[{"embeddable":true,"href":"https:\/\/www.ekoenergy.org\/pl\/wp-json\/wp\/v2\/media\/28092"}],"wp:attachment":[{"href":"https:\/\/www.ekoenergy.org\/pl\/wp-json\/wp\/v2\/media?parent=2904"}],"curies":[{"name":"wp","href":"https:\/\/api.w.org\/{rel}","templated":true}]}}