{"id":3640,"date":"2019-12-04T13:53:51","date_gmt":"2019-12-04T13:53:51","guid":{"rendered":"https:\/\/www.ekoenergy.org\/our-results\/freshabit\/"},"modified":"2020-07-24T22:22:56","modified_gmt":"2020-07-24T19:22:56","slug":"freshabit","status":"publish","type":"page","link":"https:\/\/www.ekoenergy.org\/pl\/our-results\/freshabit\/","title":{"rendered":"Freshabit LIFE dla bardziej zr\u00f3wnowa\u017conej energii wodnej"},"content":{"rendered":"\n<h1 class=\"wp-block-heading\">Freshabit LIFE odnawia siedliska s\u0142odkowodne w Finlandii<\/h1>\n\n\n\n<div class=\"wp-block-image\"><figure class=\"alignright size-large is-resized\"><img decoding=\"async\" src=\"https:\/\/www.ekoenergy.org\/wp-content\/uploads\/FRESHABIT-logo.png\" alt=\"FRESHABIT logo\" class=\"wp-image-13477\" width=\"202\" height=\"178\"\/><\/figure><\/div>\n\n\n\n<p>EKOenergy i Fi\u0144skie Stowarzyszenie Ochrony Przyrody (Finnish Association for Nature Conservation) bior\u0105 udzia\u0142 w projekcie Unii Europejskiej LIFE dla siedlisk s\u0142odkowodnych, kt\u00f3ry realizowany jest w latach 2016-2022. Mets\u00e4hallitus\u00a0(Fi\u0144ska S\u0142u\u017cba Le\u015bna i Parkowa) koordynuje ten project na du\u017c\u0105 skal\u0119. Inni partnerzy to m.in. pa\u0144stwowe i lokalne w\u0142adze, jak r\u00f3wnie\u017c organizacje pozarz\u0105dowe. Celem projektu FRESHABIT jest poprawa stanu ekologicznego jezior, rzek i strumieni w Finlandii. U\u017cywane metody obejmuj\u0105 fizyczn\u0105 restoracj\u0119 rzek, jak r\u00f3wnie\u017c badania i edukacj\u0119 \u015brodowiskow\u0105.<\/p>\n\n\n\n<h2 class=\"wp-block-heading\">Jaka jest rola EKOenergy w tym projekcie?<\/h2>\n\n\n\n<h3 class=\"wp-block-heading\">M\u00f3wimy o wp\u0142ywie energii wodnej na \u015brodowisko<\/h3>\n\n\n\n<p>W ramach naszego projektu rozpowszechniamy informacje o wp\u0142ywie energii wodnej na natur\u0119 i mo\u017cliwo\u015bciach jego ograniczania.<\/p>\n\n\n\n<ul class=\"wp-block-list\"><li>zorganizowali\u015bmy seminarium na temat migracji ryb. Materia\u0142y dost\u0119pne s\u0105 na stronie: <a href=\"https:\/\/www.sll.fi\/2017\/10\/06\/kalatieseminaari-tallenteet\/\" target=\"_blank\" rel=\"noreferrer noopener\">sll.fi\/kalatieseminaari<\/a>.<\/li><li>stworzyli\u015bmy \u0142atw\u0105 do zrozumienia stron\u0119 internetow\u0105 na temat wp\u0142ywu wytwarzania energii wodnej na natur\u0119, i o tym, jak mo\u017cna ogranicza\u0107 jego negatywne skutki. Wi\u0119kszo\u015b\u0107 materia\u0142\u00f3w na stronie jest w j\u0119zyku fi\u0144skim, lecz niekt\u00f3re dzia\u0142y s\u0105 dost\u0119pne r\u00f3wnie\u017c po angielsku. Zapraszamy do obejrzenia <a rel=\"noreferrer noopener\" href=\"https:\/\/www.vesivoimanluonto.org\" target=\"_blank\">www.vesivoimanluonto.org<\/a>.<\/li><li>ka\u017cdego roku spotykamy si\u0119 z wieloma konsumentami energii i zach\u0119camy ich do wzi\u0119cia pod uwag\u0119 wp\u0142ywu ich konsumpcji energii na \u015brodowisko.<\/li><li>w 2018r. za\u0142o\u017cyli\u015bmy kampani\u0119 promocyjn\u0105 dla energii wodnej.<\/li><\/ul>\n\n\n\n<h3 class=\"wp-block-heading\">Zaktualizowali\u015bmy kryteria EKOenergy dotycz\u0105ce energii wodnejria for hydropower<\/h3>\n\n\n\n<p>Jako cz\u0119\u015b\u0107 naszego projektu Freshabit zauktualizowali\u015bmy kryteria EKOenergy dla energii wodnej. Uaktualnione kryteria znajduj\u0105 si\u0119 w rozdziale 8.3.C naszej strony <a href=\"https:\/\/www.ekoenergy.org\/pl\/ecolabel\/criteria\/electricity\/\">kryteria dla energii elektrycznej z etykiet\u0105 EKOenergy<\/a>.  <\/p>\n\n\n\n<h2 class=\"wp-block-heading\">LIFE?<\/h2>\n\n\n\n<div class=\"wp-block-image\"><figure class=\"alignleft size-large is-resized\"><img decoding=\"async\" src=\"https:\/\/www.ekoenergy.org\/wp-content\/uploads\/Logo_Life_Natura2000.jpg\" alt=\"Logo_Life_Natura2000\" class=\"wp-image-13325\" width=\"127\" height=\"203\"\/><\/figure><\/div>\n\n\n\n<p><em>Program LIFE jest instrumentem finansowania UE wspieraj\u0105cym projekty dotycz\u0105ce \u015brodowiska i zmian klimatycznych. Komponent programu LIFE \u201eNatura i bior\u00f3\u017cnorodno\u015b\u0107\u201d wsp\u00f3\u0142finansuje najlepsze projekty \u015brodowiskowe. Skupia si\u0119 on na wprowadzaniu Europejskiej Dyrektywy ds. Ptak\u00f3w i Siedlisk i zarz\u0105dzaniu sieci\u0105 Natura 2000. Natura 2000 jest europejsk\u0105 sieci\u0105 wa\u017cnych obszar\u00f3w przyodniczych.<\/em><\/p>\n\n\n\n<p><em>Freshabit LIFE jest najwi\u0119kszym projektem LIFE kiedykolwiek realizowanym w Finlandii.<\/em><\/p>\n","protected":false},"excerpt":{"rendered":"<p>Freshabit LIFE odnawia siedliska s\u0142odkowodne w Finlandii EKOenergy i Fi\u0144skie Stowarzyszenie Ochrony Przyrody (Finnish Association for Nature Conservation) bior\u0105 udzia\u0142 w projekcie Unii Europejskiej LIFE dla siedlisk s\u0142odkowodnych, kt\u00f3ry realizowany jest w latach 2016-2022. Mets\u00e4hallitus\u00a0(Fi\u0144ska S\u0142u\u017cba Le\u015bna i Parkowa) koordynuje ten project na du\u017c\u0105 skal\u0119. Inni partnerzy to m.in. pa\u0144stwowe i lokalne w\u0142adze, jak r\u00f3wnie\u017c [&hellip;]<\/p>\n","protected":false},"author":17,"featured_media":87871,"parent":2825,"menu_order":4,"comment_status":"closed","ping_status":"closed","template":"","meta":{"inline_featured_image":false,"_uag_custom_page_level_css":"","site-sidebar-layout":"default","site-content-layout":"default","ast-site-content-layout":"default","site-content-style":"default","site-sidebar-style":"default","ast-global-header-display":"","ast-banner-title-visibility":"","ast-main-header-display":"","ast-hfb-above-header-display":"","ast-hfb-below-header-display":"","ast-hfb-mobile-header-display":"","site-post-title":"disabled","ast-breadcrumbs-content":"","ast-featured-img":"","footer-sml-layout":"","ast-disable-related-posts":"","theme-transparent-header-meta":"default","adv-header-id-meta":"","stick-header-meta":"default","header-above-stick-meta":"","header-main-stick-meta":"","header-below-stick-meta":"","astra-migrate-meta-layouts":"default","ast-page-background-enabled":"default","ast-page-background-meta":{"desktop":{"background-color":"","background-image":"","background-repeat":"repeat","background-position":"center center","background-size":"auto","background-attachment":"scroll","background-type":"","background-media":"","overlay-type":"","overlay-color":"","overlay-opacity":"","overlay-gradient":""},"tablet":{"background-color":"","background-image":"","background-repeat":"repeat","background-position":"center center","background-size":"auto","background-attachment":"scroll","background-type":"","background-media":"","overlay-type":"","overlay-color":"","overlay-opacity":"","overlay-gradient":""},"mobile":{"background-color":"","background-image":"","background-repeat":"repeat","background-position":"center center","background-size":"auto","background-attachment":"scroll","background-type":"","background-media":"","overlay-type":"","overlay-color":"","overlay-opacity":"","overlay-gradient":""}},"ast-content-background-meta":{"desktop":{"background-color":"var(--ast-global-color-5)","background-image":"","background-repeat":"repeat","background-position":"center center","background-size":"auto","background-attachment":"scroll","background-type":"","background-media":"","overlay-type":"","overlay-color":"","overlay-opacity":"","overlay-gradient":""},"tablet":{"background-color":"var(--ast-global-color-5)","background-image":"","background-repeat":"repeat","background-position":"center center","background-size":"auto","background-attachment":"scroll","background-type":"","background-media":"","overlay-type":"","overlay-color":"","overlay-opacity":"","overlay-gradient":""},"mobile":{"background-color":"var(--ast-global-color-5)","background-image":"","background-repeat":"repeat","background-position":"center center","background-size":"auto","background-attachment":"scroll","background-type":"","background-media":"","overlay-type":"","overlay-color":"","overlay-opacity":"","overlay-gradient":""}},"footnotes":""},"class_list":["post-3640","page","type-page","status-publish","has-post-thumbnail","hentry"],"yoast_head":"<!-- This site is optimized with the Yoast SEO plugin v27.5 - https:\/\/yoast.com\/product\/yoast-seo-wordpress\/ -->\n<title>Freshabit LIFE dla bardziej zr\u00f3wnowa\u017conej energii wodnej - EKOenergy ecolabel<\/title>\n<meta name=\"description\" content=\"EKOenergy i Fi\u0144skie Stowarzyszenie Ochrony Przyrody bior\u0105 udzia\u0142 w projekcie Unii Europejskiej LIFE dla siedlisk s\u0142odkowodnych.\" \/>\n<meta name=\"robots\" content=\"index, follow, max-snippet:-1, max-image-preview:large, max-video-preview:-1\" \/>\n<link rel=\"canonical\" href=\"https:\/\/www.ekoenergy.org\/pl\/our-results\/freshabit\/\" \/>\n<meta property=\"og:locale\" content=\"pl_PL\" \/>\n<meta property=\"og:type\" content=\"article\" \/>\n<meta property=\"og:title\" content=\"Freshabit LIFE dla bardziej zr\u00f3wnowa\u017conej energii wodnej - EKOenergy ecolabel\" \/>\n<meta property=\"og:description\" content=\"EKOenergy i Fi\u0144skie Stowarzyszenie Ochrony Przyrody bior\u0105 udzia\u0142 w projekcie Unii Europejskiej LIFE dla siedlisk s\u0142odkowodnych.\" \/>\n<meta property=\"og:url\" content=\"https:\/\/www.ekoenergy.org\/pl\/our-results\/freshabit\/\" \/>\n<meta property=\"og:site_name\" content=\"EKOenergy ecolabel\" \/>\n<meta property=\"article:publisher\" content=\"https:\/\/www.facebook.com\/EKOenergy.ecolabel\/\" \/>\n<meta property=\"article:modified_time\" content=\"2020-07-24T19:22:56+00:00\" \/>\n<meta property=\"og:image\" content=\"https:\/\/www.ekoenergy.org\/wp-content\/uploads\/Featured-Hydropower-Freshabit.jpg\" \/>\n\t<meta property=\"og:image:width\" content=\"700\" \/>\n\t<meta property=\"og:image:height\" content=\"507\" \/>\n\t<meta property=\"og:image:type\" content=\"image\/jpeg\" \/>\n<meta name=\"twitter:card\" content=\"summary_large_image\" \/>\n<meta name=\"twitter:site\" content=\"@EKOenergy_\" \/>\n<meta name=\"twitter:label1\" content=\"Szacowany czas czytania\" \/>\n\t<meta name=\"twitter:data1\" content=\"2 minuty\" \/>\n<script type=\"application\/ld+json\" class=\"yoast-schema-graph\">{\"@context\":\"https:\\\/\\\/schema.org\",\"@graph\":[{\"@type\":\"WebPage\",\"@id\":\"https:\\\/\\\/www.ekoenergy.org\\\/pl\\\/our-results\\\/freshabit\\\/\",\"url\":\"https:\\\/\\\/www.ekoenergy.org\\\/pl\\\/our-results\\\/freshabit\\\/\",\"name\":\"Freshabit LIFE dla bardziej zr\u00f3wnowa\u017conej energii wodnej - EKOenergy ecolabel\",\"isPartOf\":{\"@id\":\"https:\\\/\\\/www.ekoenergy.org\\\/pl\\\/#website\"},\"primaryImageOfPage\":{\"@id\":\"https:\\\/\\\/www.ekoenergy.org\\\/pl\\\/our-results\\\/freshabit\\\/#primaryimage\"},\"image\":{\"@id\":\"https:\\\/\\\/www.ekoenergy.org\\\/pl\\\/our-results\\\/freshabit\\\/#primaryimage\"},\"thumbnailUrl\":\"https:\\\/\\\/www.ekoenergy.org\\\/wp-content\\\/uploads\\\/post-River-restoration-ekoenergy-team-2019.jpg\",\"datePublished\":\"2019-12-04T13:53:51+00:00\",\"dateModified\":\"2020-07-24T19:22:56+00:00\",\"description\":\"EKOenergy i Fi\u0144skie Stowarzyszenie Ochrony Przyrody bior\u0105 udzia\u0142 w projekcie Unii Europejskiej LIFE dla siedlisk s\u0142odkowodnych.\",\"breadcrumb\":{\"@id\":\"https:\\\/\\\/www.ekoenergy.org\\\/pl\\\/our-results\\\/freshabit\\\/#breadcrumb\"},\"inLanguage\":\"pl-PL\",\"potentialAction\":[{\"@type\":\"ReadAction\",\"target\":[\"https:\\\/\\\/www.ekoenergy.org\\\/pl\\\/our-results\\\/freshabit\\\/\"]}]},{\"@type\":\"ImageObject\",\"inLanguage\":\"pl-PL\",\"@id\":\"https:\\\/\\\/www.ekoenergy.org\\\/pl\\\/our-results\\\/freshabit\\\/#primaryimage\",\"url\":\"https:\\\/\\\/www.ekoenergy.org\\\/wp-content\\\/uploads\\\/post-River-restoration-ekoenergy-team-2019.jpg\",\"contentUrl\":\"https:\\\/\\\/www.ekoenergy.org\\\/wp-content\\\/uploads\\\/post-River-restoration-ekoenergy-team-2019.jpg\",\"width\":720,\"height\":540},{\"@type\":\"BreadcrumbList\",\"@id\":\"https:\\\/\\\/www.ekoenergy.org\\\/pl\\\/our-results\\\/freshabit\\\/#breadcrumb\",\"itemListElement\":[{\"@type\":\"ListItem\",\"position\":1,\"name\":\"Home\",\"item\":\"https:\\\/\\\/www.ekoenergy.org\\\/pl\\\/\"},{\"@type\":\"ListItem\",\"position\":2,\"name\":\"Nasze wyniki\",\"item\":\"https:\\\/\\\/www.ekoenergy.org\\\/pl\\\/our-results\\\/\"},{\"@type\":\"ListItem\",\"position\":3,\"name\":\"Freshabit LIFE dla bardziej zr\u00f3wnowa\u017conej energii wodnej\"}]},{\"@type\":\"WebSite\",\"@id\":\"https:\\\/\\\/www.ekoenergy.org\\\/pl\\\/#website\",\"url\":\"https:\\\/\\\/www.ekoenergy.org\\\/pl\\\/\",\"name\":\"EKOenergy ecolabel\",\"description\":\"The global nonprofit ecolabel for renewable energy\",\"publisher\":{\"@id\":\"https:\\\/\\\/www.ekoenergy.org\\\/pl\\\/#organization\"},\"potentialAction\":[{\"@type\":\"SearchAction\",\"target\":{\"@type\":\"EntryPoint\",\"urlTemplate\":\"https:\\\/\\\/www.ekoenergy.org\\\/pl\\\/?s={search_term_string}\"},\"query-input\":{\"@type\":\"PropertyValueSpecification\",\"valueRequired\":true,\"valueName\":\"search_term_string\"}}],\"inLanguage\":\"pl-PL\"},{\"@type\":\"Organization\",\"@id\":\"https:\\\/\\\/www.ekoenergy.org\\\/pl\\\/#organization\",\"name\":\"Not-for-profit Organisation EKOenergy\",\"url\":\"https:\\\/\\\/www.ekoenergy.org\\\/pl\\\/\",\"logo\":{\"@type\":\"ImageObject\",\"inLanguage\":\"pl-PL\",\"@id\":\"https:\\\/\\\/www.ekoenergy.org\\\/pl\\\/#\\\/schema\\\/logo\\\/image\\\/\",\"url\":\"https:\\\/\\\/www.ekoenergy.org\\\/wp-content\\\/uploads\\\/logo-EKOenergy-no-text.jpg\",\"contentUrl\":\"https:\\\/\\\/www.ekoenergy.org\\\/wp-content\\\/uploads\\\/logo-EKOenergy-no-text.jpg\",\"width\":1600,\"height\":1600,\"caption\":\"Not-for-profit Organisation EKOenergy\"},\"image\":{\"@id\":\"https:\\\/\\\/www.ekoenergy.org\\\/pl\\\/#\\\/schema\\\/logo\\\/image\\\/\"},\"sameAs\":[\"https:\\\/\\\/www.facebook.com\\\/EKOenergy.ecolabel\\\/\",\"https:\\\/\\\/x.com\\\/EKOenergy_\",\"https:\\\/\\\/www.instagram.com\\\/ekoenergy\\\/\",\"https:\\\/\\\/www.linkedin.com\\\/company\\\/ekoenergy-ecolabel\\\/\",\"https:\\\/\\\/www.youtube.com\\\/EKOenergy-ecolabel\",\"https:\\\/\\\/en.wikipedia.org\\\/wiki\\\/EKOenergy\"]}]}<\/script>\n<!-- \/ Yoast SEO plugin. -->","yoast_head_json":{"title":"Freshabit LIFE dla bardziej zr\u00f3wnowa\u017conej energii wodnej - EKOenergy ecolabel","description":"EKOenergy i Fi\u0144skie Stowarzyszenie Ochrony Przyrody bior\u0105 udzia\u0142 w projekcie Unii Europejskiej LIFE dla siedlisk s\u0142odkowodnych.","robots":{"index":"index","follow":"follow","max-snippet":"max-snippet:-1","max-image-preview":"max-image-preview:large","max-video-preview":"max-video-preview:-1"},"canonical":"https:\/\/www.ekoenergy.org\/pl\/our-results\/freshabit\/","og_locale":"pl_PL","og_type":"article","og_title":"Freshabit LIFE dla bardziej zr\u00f3wnowa\u017conej energii wodnej - EKOenergy ecolabel","og_description":"EKOenergy i Fi\u0144skie Stowarzyszenie Ochrony Przyrody bior\u0105 udzia\u0142 w projekcie Unii Europejskiej LIFE dla siedlisk s\u0142odkowodnych.","og_url":"https:\/\/www.ekoenergy.org\/pl\/our-results\/freshabit\/","og_site_name":"EKOenergy ecolabel","article_publisher":"https:\/\/www.facebook.com\/EKOenergy.ecolabel\/","article_modified_time":"2020-07-24T19:22:56+00:00","og_image":[{"width":700,"height":507,"url":"https:\/\/www.ekoenergy.org\/wp-content\/uploads\/Featured-Hydropower-Freshabit.jpg","type":"image\/jpeg"}],"twitter_card":"summary_large_image","twitter_site":"@EKOenergy_","twitter_misc":{"Szacowany czas czytania":"2 minuty"},"schema":{"@context":"https:\/\/schema.org","@graph":[{"@type":"WebPage","@id":"https:\/\/www.ekoenergy.org\/pl\/our-results\/freshabit\/","url":"https:\/\/www.ekoenergy.org\/pl\/our-results\/freshabit\/","name":"Freshabit LIFE dla bardziej zr\u00f3wnowa\u017conej energii wodnej - EKOenergy ecolabel","isPartOf":{"@id":"https:\/\/www.ekoenergy.org\/pl\/#website"},"primaryImageOfPage":{"@id":"https:\/\/www.ekoenergy.org\/pl\/our-results\/freshabit\/#primaryimage"},"image":{"@id":"https:\/\/www.ekoenergy.org\/pl\/our-results\/freshabit\/#primaryimage"},"thumbnailUrl":"https:\/\/www.ekoenergy.org\/wp-content\/uploads\/post-River-restoration-ekoenergy-team-2019.jpg","datePublished":"2019-12-04T13:53:51+00:00","dateModified":"2020-07-24T19:22:56+00:00","description":"EKOenergy i Fi\u0144skie Stowarzyszenie Ochrony Przyrody bior\u0105 udzia\u0142 w projekcie Unii Europejskiej LIFE dla siedlisk s\u0142odkowodnych.","breadcrumb":{"@id":"https:\/\/www.ekoenergy.org\/pl\/our-results\/freshabit\/#breadcrumb"},"inLanguage":"pl-PL","potentialAction":[{"@type":"ReadAction","target":["https:\/\/www.ekoenergy.org\/pl\/our-results\/freshabit\/"]}]},{"@type":"ImageObject","inLanguage":"pl-PL","@id":"https:\/\/www.ekoenergy.org\/pl\/our-results\/freshabit\/#primaryimage","url":"https:\/\/www.ekoenergy.org\/wp-content\/uploads\/post-River-restoration-ekoenergy-team-2019.jpg","contentUrl":"https:\/\/www.ekoenergy.org\/wp-content\/uploads\/post-River-restoration-ekoenergy-team-2019.jpg","width":720,"height":540},{"@type":"BreadcrumbList","@id":"https:\/\/www.ekoenergy.org\/pl\/our-results\/freshabit\/#breadcrumb","itemListElement":[{"@type":"ListItem","position":1,"name":"Home","item":"https:\/\/www.ekoenergy.org\/pl\/"},{"@type":"ListItem","position":2,"name":"Nasze wyniki","item":"https:\/\/www.ekoenergy.org\/pl\/our-results\/"},{"@type":"ListItem","position":3,"name":"Freshabit LIFE dla bardziej zr\u00f3wnowa\u017conej energii wodnej"}]},{"@type":"WebSite","@id":"https:\/\/www.ekoenergy.org\/pl\/#website","url":"https:\/\/www.ekoenergy.org\/pl\/","name":"EKOenergy ecolabel","description":"The global nonprofit ecolabel for renewable energy","publisher":{"@id":"https:\/\/www.ekoenergy.org\/pl\/#organization"},"potentialAction":[{"@type":"SearchAction","target":{"@type":"EntryPoint","urlTemplate":"https:\/\/www.ekoenergy.org\/pl\/?s={search_term_string}"},"query-input":{"@type":"PropertyValueSpecification","valueRequired":true,"valueName":"search_term_string"}}],"inLanguage":"pl-PL"},{"@type":"Organization","@id":"https:\/\/www.ekoenergy.org\/pl\/#organization","name":"Not-for-profit Organisation EKOenergy","url":"https:\/\/www.ekoenergy.org\/pl\/","logo":{"@type":"ImageObject","inLanguage":"pl-PL","@id":"https:\/\/www.ekoenergy.org\/pl\/#\/schema\/logo\/image\/","url":"https:\/\/www.ekoenergy.org\/wp-content\/uploads\/logo-EKOenergy-no-text.jpg","contentUrl":"https:\/\/www.ekoenergy.org\/wp-content\/uploads\/logo-EKOenergy-no-text.jpg","width":1600,"height":1600,"caption":"Not-for-profit Organisation EKOenergy"},"image":{"@id":"https:\/\/www.ekoenergy.org\/pl\/#\/schema\/logo\/image\/"},"sameAs":["https:\/\/www.facebook.com\/EKOenergy.ecolabel\/","https:\/\/x.com\/EKOenergy_","https:\/\/www.instagram.com\/ekoenergy\/","https:\/\/www.linkedin.com\/company\/ekoenergy-ecolabel\/","https:\/\/www.youtube.com\/EKOenergy-ecolabel","https:\/\/en.wikipedia.org\/wiki\/EKOenergy"]}]}},"uagb_featured_image_src":{"full":["https:\/\/www.ekoenergy.org\/wp-content\/uploads\/post-River-restoration-ekoenergy-team-2019.jpg",720,540,false],"thumbnail":["https:\/\/www.ekoenergy.org\/wp-content\/uploads\/post-River-restoration-ekoenergy-team-2019-150x150.jpg",150,150,true],"medium":["https:\/\/www.ekoenergy.org\/wp-content\/uploads\/post-River-restoration-ekoenergy-team-2019-320x240.jpg",320,240,true],"medium_large":["https:\/\/www.ekoenergy.org\/wp-content\/uploads\/post-River-restoration-ekoenergy-team-2019.jpg",720,540,false],"large":["https:\/\/www.ekoenergy.org\/wp-content\/uploads\/post-River-restoration-ekoenergy-team-2019.jpg",720,540,false],"1536x1536":["https:\/\/www.ekoenergy.org\/wp-content\/uploads\/post-River-restoration-ekoenergy-team-2019.jpg",720,540,false],"2048x2048":["https:\/\/www.ekoenergy.org\/wp-content\/uploads\/post-River-restoration-ekoenergy-team-2019.jpg",720,540,false]},"uagb_author_info":{"display_name":"EKOenergy ecolabel","author_link":"https:\/\/www.ekoenergy.org\/pl\/author\/ekoenergy\/"},"uagb_comment_info":0,"uagb_excerpt":"Freshabit LIFE odnawia siedliska s\u0142odkowodne w Finlandii EKOenergy i Fi\u0144skie Stowarzyszenie Ochrony Przyrody (Finnish Association for Nature Conservation) bior\u0105 udzia\u0142 w projekcie Unii Europejskiej LIFE dla siedlisk s\u0142odkowodnych, kt\u00f3ry realizowany jest w latach 2016-2022. Mets\u00e4hallitus\u00a0(Fi\u0144ska S\u0142u\u017cba Le\u015bna i Parkowa) koordynuje ten project na du\u017c\u0105 skal\u0119. Inni partnerzy to m.in. pa\u0144stwowe i lokalne w\u0142adze, jak r\u00f3wnie\u017c&hellip;","_links":{"self":[{"href":"https:\/\/www.ekoenergy.org\/pl\/wp-json\/wp\/v2\/pages\/3640","targetHints":{"allow":["GET"]}}],"collection":[{"href":"https:\/\/www.ekoenergy.org\/pl\/wp-json\/wp\/v2\/pages"}],"about":[{"href":"https:\/\/www.ekoenergy.org\/pl\/wp-json\/wp\/v2\/types\/page"}],"author":[{"embeddable":true,"href":"https:\/\/www.ekoenergy.org\/pl\/wp-json\/wp\/v2\/users\/17"}],"replies":[{"embeddable":true,"href":"https:\/\/www.ekoenergy.org\/pl\/wp-json\/wp\/v2\/comments?post=3640"}],"version-history":[{"count":3,"href":"https:\/\/www.ekoenergy.org\/pl\/wp-json\/wp\/v2\/pages\/3640\/revisions"}],"predecessor-version":[{"id":83418,"href":"https:\/\/www.ekoenergy.org\/pl\/wp-json\/wp\/v2\/pages\/3640\/revisions\/83418"}],"up":[{"embeddable":true,"href":"https:\/\/www.ekoenergy.org\/pl\/wp-json\/wp\/v2\/pages\/2825"}],"wp:featuredmedia":[{"embeddable":true,"href":"https:\/\/www.ekoenergy.org\/pl\/wp-json\/wp\/v2\/media\/87871"}],"wp:attachment":[{"href":"https:\/\/www.ekoenergy.org\/pl\/wp-json\/wp\/v2\/media?parent=3640"}],"curies":[{"name":"wp","href":"https:\/\/api.w.org\/{rel}","templated":true}]}}