{"id":3963,"date":"2019-12-04T13:42:39","date_gmt":"2019-12-04T13:42:39","guid":{"rendered":"https:\/\/www.ekoenergy.org\/ecolabel\/how-to-sell-ekoenergy\/agreement\/"},"modified":"2023-11-22T10:55:57","modified_gmt":"2023-11-22T08:55:57","slug":"agreement","status":"publish","type":"page","link":"https:\/\/www.ekoenergy.org\/pl\/ecolabel\/how-to-sell-ekoenergy\/agreement\/","title":{"rendered":"Umowa Licencyjna"},"content":{"rendered":"\n<h1 class=\"wp-block-heading\">Umowa EKOenergy <\/h1>\n\n\n\n<p>Aby uzyska\u0107 prawo do wprowadzania i sprzeda\u017cy energii z etykiet\u0105 EKOenergy, firmy energetyczne musz\u0105 podpisa\u0107 Umow\u0119 EKOenergy (\u201eUmow\u0119 Licencyjn\u0105\u201d).<\/p>\n\n\n\n<p>W niekt\u00f3rych sytuacjach konsumenci, kt\u00f3rzy chc\u0105 korzysta\u0107 z EKOenergy z w\u0142asnych instalacji energii odnawialnej, r\u00f3wnie\u017c musz\u0105 podpisa\u0107 niniejsz\u0105 Umow\u0119. Wi\u0119cej informacji mo\u017cna znale\u017a\u0107 na stronie <a href=\"https:\/\/www.ekoenergy.org\/pl\/ecolabel\/criteria\/ppas-and-onsite-installations\/\">EKOenergy z instalacji na miejscu<\/a> lub <a href=\"https:\/\/www.ekoenergy.org\/pl\/about-us\/contact-us\/\">kontaktuj\u0105c si\u0119 z nami<\/a>.<\/p>\n\n\n\n<p>Zach\u0119camy Pa\u0144stwa do wys\u0142ania wype\u0142niony i podpisany dokument poczt\u0105 elektroniczn\u0105 do <a href=\"https:\/\/www.ekoenergy.org\/pl\/about-us\/contact-us\/\">sekretariatu EKOenergy<\/a>. My ode\u015blemy podpisan\u0105 wersj\u0119 zwrotn\u0105, a Pa\u0144ska firma zostanie wymieniona <a href=\"https:\/\/www.ekoenergy.org\/pl\/buying-ekoenergy\/licensees\/\">na naszej stronie internetowej. <\/a>Je\u015bli wol\u0105 Pa\u0144stwo wersj\u0119 papierow\u0105, 2 wype\u0142nione i podpisane kopie musz\u0105 zosta\u0107 wys\u0142ane na nasz <a href=\"https:\/\/www.ekoenergy.org\/pl\/about-us\/contact-us\/\">adres pocztowy.<\/a><\/p>\n\n\n\n<h2 class=\"wp-block-heading\">Umowa EKOenergy po angielsku<\/h2>\n\n\n\n<p>Zach\u0119camy Pa\u0144stwa, aby zapozna\u0107 si\u0119 z wersj\u0105 pdf <a href=\"https:\/\/www.ekoenergy.org\/wp-content\/uploads\/EKOenergy_Licence_Agreement.pdf\">Umowy EKOenergy<\/a> (&#8222;Umowa Licencyjna&#8221;).<\/p>\n\n\n\n<h2 class=\"wp-block-heading\">Umowy EKOenergy w innych j\u0119zykach<\/h2>\n\n\n\n<ul class=\"wp-block-list\">\n<li>CN: <a aria-label=\" (opens in a new tab)\" href=\"https:\/\/www.ekoenergy.org\/wp-content\/uploads\/Licence-Agreement-Chinese.pdf\" target=\"_blank\" rel=\"noreferrer noopener\">\u6388\u6743\u5408\u7ea6 \u2013 \u9488\u5bf9EKOenergy\u751f\u6001\u6807\u7b7e\u7684\u4f7f\u7528\u89c4\u5b9a<\/a> (pdf)<\/li>\n\n\n\n<li>DE: <a aria-label=\" (opens in a new tab)\" href=\"https:\/\/www.ekoenergy.org\/wp-content\/uploads\/Licence_agreement_German.pdf\" target=\"_blank\" rel=\"noreferrer noopener\">EKOenergie Vereinbarung<\/a> (pdf)<\/li>\n\n\n\n<li>ES: <a aria-label=\" (opens in a new tab)\" href=\"https:\/\/www.ekoenergy.org\/wp-content\/uploads\/EKOenergy-Agreement-Spanish.pdf\" target=\"_blank\" rel=\"noreferrer noopener\">Acuerdo de EKOenerg\u00eda<\/a>&nbsp;(pdf)<\/li>\n\n\n\n<li>FI:&nbsp;<a aria-label=\" (opens in a new tab)\" href=\"https:\/\/www.ekoenergy.org\/wp-content\/uploads\/Licence_Agreement_Finnish.pdf\" target=\"_blank\" rel=\"noreferrer noopener\">EKOenergia-sopimus<\/a> (pdf)<\/li>\n\n\n\n<li>FR: <a aria-label=\"Contrat de licence pour l\u2019utilisation du label EKO\u00e9nergie (opens in a new tab)\" href=\"https:\/\/www.ekoenergy.org\/wp-content\/uploads\/Licence-Agreement-French.pdf\" target=\"_blank\" rel=\"noreferrer noopener\">Contrat EKO\u00e9nergie<\/a> (pdf)<\/li>\n\n\n\n<li>IT: <a aria-label=\" (opens in a new tab)\" href=\"https:\/\/www.ekoenergy.org\/wp-content\/uploads\/Licence-Agreement-Italian.pdf\" target=\"_blank\" rel=\"noreferrer noopener\">Contratto di EKOenergy<\/a> (pdf)<\/li>\n\n\n\n<li>RU: <a aria-label=\" (opens in a new tab)\" href=\"https:\/\/www.ekoenergy.org\/wp-content\/uploads\/EKOenergy_Licence_Agreement_Russian.pdf\" target=\"_blank\" rel=\"noreferrer noopener\">\u0421\u043e\u0433\u043b\u0430\u0448\u0435\u043d\u0438\u0435 \u043e\u0431 \u042d\u041a\u041e\u044d\u043d\u0435\u0440\u0433\u0438\u0438<\/a> (pdf)<\/li>\n<\/ul>\n","protected":false},"excerpt":{"rendered":"<p>Umowa EKOenergy Aby uzyska\u0107 prawo do wprowadzania i sprzeda\u017cy energii z etykiet\u0105 EKOenergy, firmy energetyczne musz\u0105 podpisa\u0107 Umow\u0119 EKOenergy (\u201eUmow\u0119 Licencyjn\u0105\u201d). W niekt\u00f3rych sytuacjach konsumenci, kt\u00f3rzy chc\u0105 korzysta\u0107 z EKOenergy z w\u0142asnych instalacji energii odnawialnej, r\u00f3wnie\u017c musz\u0105 podpisa\u0107 niniejsz\u0105 Umow\u0119. Wi\u0119cej informacji mo\u017cna znale\u017a\u0107 na stronie EKOenergy z instalacji na miejscu lub kontaktuj\u0105c si\u0119 z [&hellip;]<\/p>\n","protected":false},"author":2,"featured_media":29112,"parent":3109,"menu_order":1,"comment_status":"closed","ping_status":"closed","template":"","meta":{"inline_featured_image":false,"_uag_custom_page_level_css":"","site-sidebar-layout":"default","site-content-layout":"default","ast-site-content-layout":"default","site-content-style":"default","site-sidebar-style":"default","ast-global-header-display":"","ast-banner-title-visibility":"","ast-main-header-display":"","ast-hfb-above-header-display":"","ast-hfb-below-header-display":"","ast-hfb-mobile-header-display":"","site-post-title":"disabled","ast-breadcrumbs-content":"","ast-featured-img":"","footer-sml-layout":"","ast-disable-related-posts":"","theme-transparent-header-meta":"default","adv-header-id-meta":"","stick-header-meta":"default","header-above-stick-meta":"","header-main-stick-meta":"","header-below-stick-meta":"","astra-migrate-meta-layouts":"default","ast-page-background-enabled":"default","ast-page-background-meta":{"desktop":{"background-color":"","background-image":"","background-repeat":"repeat","background-position":"center center","background-size":"auto","background-attachment":"scroll","background-type":"","background-media":"","overlay-type":"","overlay-color":"","overlay-opacity":"","overlay-gradient":""},"tablet":{"background-color":"","background-image":"","background-repeat":"repeat","background-position":"center center","background-size":"auto","background-attachment":"scroll","background-type":"","background-media":"","overlay-type":"","overlay-color":"","overlay-opacity":"","overlay-gradient":""},"mobile":{"background-color":"","background-image":"","background-repeat":"repeat","background-position":"center center","background-size":"auto","background-attachment":"scroll","background-type":"","background-media":"","overlay-type":"","overlay-color":"","overlay-opacity":"","overlay-gradient":""}},"ast-content-background-meta":{"desktop":{"background-color":"var(--ast-global-color-5)","background-image":"","background-repeat":"repeat","background-position":"center center","background-size":"auto","background-attachment":"scroll","background-type":"","background-media":"","overlay-type":"","overlay-color":"","overlay-opacity":"","overlay-gradient":""},"tablet":{"background-color":"var(--ast-global-color-5)","background-image":"","background-repeat":"repeat","background-position":"center center","background-size":"auto","background-attachment":"scroll","background-type":"","background-media":"","overlay-type":"","overlay-color":"","overlay-opacity":"","overlay-gradient":""},"mobile":{"background-color":"var(--ast-global-color-5)","background-image":"","background-repeat":"repeat","background-position":"center center","background-size":"auto","background-attachment":"scroll","background-type":"","background-media":"","overlay-type":"","overlay-color":"","overlay-opacity":"","overlay-gradient":""}},"footnotes":""},"class_list":["post-3963","page","type-page","status-publish","has-post-thumbnail","hentry"],"yoast_head":"<!-- This site is optimized with the Yoast SEO plugin v27.3 - https:\/\/yoast.com\/product\/yoast-seo-wordpress\/ -->\n<title>Umowa Licencyjna - EKOenergy ecolabel<\/title>\n<meta name=\"description\" content=\"Na tej stronie znajduje si\u0119 Umowa EKOenergy w r\u00f3\u017cnych j\u0119zykach. Tylko firmy energetyczne, kt\u00f3re podpisa\u0142y t\u0119 umow\u0119 mog\u0105 oferowa\u0107 EKOenergy.\" \/>\n<meta name=\"robots\" content=\"index, follow, max-snippet:-1, max-image-preview:large, max-video-preview:-1\" \/>\n<link rel=\"canonical\" href=\"https:\/\/www.ekoenergy.org\/pl\/ecolabel\/how-to-sell-ekoenergy\/agreement\/\" \/>\n<meta property=\"og:locale\" content=\"pl_PL\" \/>\n<meta property=\"og:type\" content=\"article\" \/>\n<meta property=\"og:title\" content=\"Umowa Licencyjna - EKOenergy ecolabel\" \/>\n<meta property=\"og:description\" content=\"Na tej stronie znajduje si\u0119 Umowa EKOenergy w r\u00f3\u017cnych j\u0119zykach. Tylko firmy energetyczne, kt\u00f3re podpisa\u0142y t\u0119 umow\u0119 mog\u0105 oferowa\u0107 EKOenergy.\" \/>\n<meta property=\"og:url\" content=\"https:\/\/www.ekoenergy.org\/pl\/ecolabel\/how-to-sell-ekoenergy\/agreement\/\" \/>\n<meta property=\"og:site_name\" content=\"EKOenergy ecolabel\" \/>\n<meta property=\"article:publisher\" content=\"https:\/\/www.facebook.com\/EKOenergy.ecolabel\/\" \/>\n<meta property=\"article:modified_time\" content=\"2023-11-22T08:55:57+00:00\" \/>\n<meta property=\"og:image\" content=\"https:\/\/www.ekoenergy.org\/wp-content\/uploads\/Featured-Signing-Agreement.jpg\" \/>\n\t<meta property=\"og:image:width\" content=\"1200\" \/>\n\t<meta property=\"og:image:height\" content=\"610\" \/>\n\t<meta property=\"og:image:type\" content=\"image\/jpeg\" \/>\n<meta name=\"twitter:card\" content=\"summary_large_image\" \/>\n<meta name=\"twitter:site\" content=\"@EKOenergy_\" \/>\n<meta name=\"twitter:label1\" content=\"Szacowany czas czytania\" \/>\n\t<meta name=\"twitter:data1\" content=\"1 minuta\" \/>\n<script type=\"application\/ld+json\" class=\"yoast-schema-graph\">{\"@context\":\"https:\\\/\\\/schema.org\",\"@graph\":[{\"@type\":\"WebPage\",\"@id\":\"https:\\\/\\\/www.ekoenergy.org\\\/pl\\\/ecolabel\\\/how-to-sell-ekoenergy\\\/agreement\\\/\",\"url\":\"https:\\\/\\\/www.ekoenergy.org\\\/pl\\\/ecolabel\\\/how-to-sell-ekoenergy\\\/agreement\\\/\",\"name\":\"Umowa Licencyjna - EKOenergy ecolabel\",\"isPartOf\":{\"@id\":\"https:\\\/\\\/www.ekoenergy.org\\\/pl\\\/#website\"},\"primaryImageOfPage\":{\"@id\":\"https:\\\/\\\/www.ekoenergy.org\\\/pl\\\/ecolabel\\\/how-to-sell-ekoenergy\\\/agreement\\\/#primaryimage\"},\"image\":{\"@id\":\"https:\\\/\\\/www.ekoenergy.org\\\/pl\\\/ecolabel\\\/how-to-sell-ekoenergy\\\/agreement\\\/#primaryimage\"},\"thumbnailUrl\":\"https:\\\/\\\/www.ekoenergy.org\\\/wp-content\\\/uploads\\\/Featured-Signing-Agreement.jpg\",\"datePublished\":\"2019-12-04T13:42:39+00:00\",\"dateModified\":\"2023-11-22T08:55:57+00:00\",\"description\":\"Na tej stronie znajduje si\u0119 Umowa EKOenergy w r\u00f3\u017cnych j\u0119zykach. Tylko firmy energetyczne, kt\u00f3re podpisa\u0142y t\u0119 umow\u0119 mog\u0105 oferowa\u0107 EKOenergy.\",\"breadcrumb\":{\"@id\":\"https:\\\/\\\/www.ekoenergy.org\\\/pl\\\/ecolabel\\\/how-to-sell-ekoenergy\\\/agreement\\\/#breadcrumb\"},\"inLanguage\":\"pl-PL\",\"potentialAction\":[{\"@type\":\"ReadAction\",\"target\":[\"https:\\\/\\\/www.ekoenergy.org\\\/pl\\\/ecolabel\\\/how-to-sell-ekoenergy\\\/agreement\\\/\"]}]},{\"@type\":\"ImageObject\",\"inLanguage\":\"pl-PL\",\"@id\":\"https:\\\/\\\/www.ekoenergy.org\\\/pl\\\/ecolabel\\\/how-to-sell-ekoenergy\\\/agreement\\\/#primaryimage\",\"url\":\"https:\\\/\\\/www.ekoenergy.org\\\/wp-content\\\/uploads\\\/Featured-Signing-Agreement.jpg\",\"contentUrl\":\"https:\\\/\\\/www.ekoenergy.org\\\/wp-content\\\/uploads\\\/Featured-Signing-Agreement.jpg\",\"width\":1200,\"height\":610},{\"@type\":\"BreadcrumbList\",\"@id\":\"https:\\\/\\\/www.ekoenergy.org\\\/pl\\\/ecolabel\\\/how-to-sell-ekoenergy\\\/agreement\\\/#breadcrumb\",\"itemListElement\":[{\"@type\":\"ListItem\",\"position\":1,\"name\":\"Home\",\"item\":\"https:\\\/\\\/www.ekoenergy.org\\\/pl\\\/\"},{\"@type\":\"ListItem\",\"position\":2,\"name\":\"Nasza ekoetykieta\",\"item\":\"https:\\\/\\\/www.ekoenergy.org\\\/pl\\\/ecolabel\\\/\"},{\"@type\":\"ListItem\",\"position\":3,\"name\":\"Jak sprzedawa\u0107 EKOenergy?\",\"item\":\"https:\\\/\\\/www.ekoenergy.org\\\/pl\\\/ecolabel\\\/how-to-sell-ekoenergy\\\/\"},{\"@type\":\"ListItem\",\"position\":4,\"name\":\"Umowa Licencyjna\"}]},{\"@type\":\"WebSite\",\"@id\":\"https:\\\/\\\/www.ekoenergy.org\\\/pl\\\/#website\",\"url\":\"https:\\\/\\\/www.ekoenergy.org\\\/pl\\\/\",\"name\":\"EKOenergy ecolabel\",\"description\":\"The global nonprofit ecolabel for renewable energy\",\"publisher\":{\"@id\":\"https:\\\/\\\/www.ekoenergy.org\\\/pl\\\/#organization\"},\"potentialAction\":[{\"@type\":\"SearchAction\",\"target\":{\"@type\":\"EntryPoint\",\"urlTemplate\":\"https:\\\/\\\/www.ekoenergy.org\\\/pl\\\/?s={search_term_string}\"},\"query-input\":{\"@type\":\"PropertyValueSpecification\",\"valueRequired\":true,\"valueName\":\"search_term_string\"}}],\"inLanguage\":\"pl-PL\"},{\"@type\":\"Organization\",\"@id\":\"https:\\\/\\\/www.ekoenergy.org\\\/pl\\\/#organization\",\"name\":\"Not-for-profit Organisation EKOenergy\",\"url\":\"https:\\\/\\\/www.ekoenergy.org\\\/pl\\\/\",\"logo\":{\"@type\":\"ImageObject\",\"inLanguage\":\"pl-PL\",\"@id\":\"https:\\\/\\\/www.ekoenergy.org\\\/pl\\\/#\\\/schema\\\/logo\\\/image\\\/\",\"url\":\"https:\\\/\\\/www.ekoenergy.org\\\/wp-content\\\/uploads\\\/logo-EKOenergy-no-text.jpg\",\"contentUrl\":\"https:\\\/\\\/www.ekoenergy.org\\\/wp-content\\\/uploads\\\/logo-EKOenergy-no-text.jpg\",\"width\":1600,\"height\":1600,\"caption\":\"Not-for-profit Organisation EKOenergy\"},\"image\":{\"@id\":\"https:\\\/\\\/www.ekoenergy.org\\\/pl\\\/#\\\/schema\\\/logo\\\/image\\\/\"},\"sameAs\":[\"https:\\\/\\\/www.facebook.com\\\/EKOenergy.ecolabel\\\/\",\"https:\\\/\\\/x.com\\\/EKOenergy_\",\"https:\\\/\\\/www.instagram.com\\\/ekoenergy\\\/\",\"https:\\\/\\\/www.linkedin.com\\\/company\\\/ekoenergy-ecolabel\\\/\",\"https:\\\/\\\/www.youtube.com\\\/EKOenergy-ecolabel\",\"https:\\\/\\\/en.wikipedia.org\\\/wiki\\\/EKOenergy\"]}]}<\/script>\n<!-- \/ Yoast SEO plugin. -->","yoast_head_json":{"title":"Umowa Licencyjna - EKOenergy ecolabel","description":"Na tej stronie znajduje si\u0119 Umowa EKOenergy w r\u00f3\u017cnych j\u0119zykach. Tylko firmy energetyczne, kt\u00f3re podpisa\u0142y t\u0119 umow\u0119 mog\u0105 oferowa\u0107 EKOenergy.","robots":{"index":"index","follow":"follow","max-snippet":"max-snippet:-1","max-image-preview":"max-image-preview:large","max-video-preview":"max-video-preview:-1"},"canonical":"https:\/\/www.ekoenergy.org\/pl\/ecolabel\/how-to-sell-ekoenergy\/agreement\/","og_locale":"pl_PL","og_type":"article","og_title":"Umowa Licencyjna - EKOenergy ecolabel","og_description":"Na tej stronie znajduje si\u0119 Umowa EKOenergy w r\u00f3\u017cnych j\u0119zykach. Tylko firmy energetyczne, kt\u00f3re podpisa\u0142y t\u0119 umow\u0119 mog\u0105 oferowa\u0107 EKOenergy.","og_url":"https:\/\/www.ekoenergy.org\/pl\/ecolabel\/how-to-sell-ekoenergy\/agreement\/","og_site_name":"EKOenergy ecolabel","article_publisher":"https:\/\/www.facebook.com\/EKOenergy.ecolabel\/","article_modified_time":"2023-11-22T08:55:57+00:00","og_image":[{"width":1200,"height":610,"url":"https:\/\/www.ekoenergy.org\/wp-content\/uploads\/Featured-Signing-Agreement.jpg","type":"image\/jpeg"}],"twitter_card":"summary_large_image","twitter_site":"@EKOenergy_","twitter_misc":{"Szacowany czas czytania":"1 minuta"},"schema":{"@context":"https:\/\/schema.org","@graph":[{"@type":"WebPage","@id":"https:\/\/www.ekoenergy.org\/pl\/ecolabel\/how-to-sell-ekoenergy\/agreement\/","url":"https:\/\/www.ekoenergy.org\/pl\/ecolabel\/how-to-sell-ekoenergy\/agreement\/","name":"Umowa Licencyjna - EKOenergy ecolabel","isPartOf":{"@id":"https:\/\/www.ekoenergy.org\/pl\/#website"},"primaryImageOfPage":{"@id":"https:\/\/www.ekoenergy.org\/pl\/ecolabel\/how-to-sell-ekoenergy\/agreement\/#primaryimage"},"image":{"@id":"https:\/\/www.ekoenergy.org\/pl\/ecolabel\/how-to-sell-ekoenergy\/agreement\/#primaryimage"},"thumbnailUrl":"https:\/\/www.ekoenergy.org\/wp-content\/uploads\/Featured-Signing-Agreement.jpg","datePublished":"2019-12-04T13:42:39+00:00","dateModified":"2023-11-22T08:55:57+00:00","description":"Na tej stronie znajduje si\u0119 Umowa EKOenergy w r\u00f3\u017cnych j\u0119zykach. Tylko firmy energetyczne, kt\u00f3re podpisa\u0142y t\u0119 umow\u0119 mog\u0105 oferowa\u0107 EKOenergy.","breadcrumb":{"@id":"https:\/\/www.ekoenergy.org\/pl\/ecolabel\/how-to-sell-ekoenergy\/agreement\/#breadcrumb"},"inLanguage":"pl-PL","potentialAction":[{"@type":"ReadAction","target":["https:\/\/www.ekoenergy.org\/pl\/ecolabel\/how-to-sell-ekoenergy\/agreement\/"]}]},{"@type":"ImageObject","inLanguage":"pl-PL","@id":"https:\/\/www.ekoenergy.org\/pl\/ecolabel\/how-to-sell-ekoenergy\/agreement\/#primaryimage","url":"https:\/\/www.ekoenergy.org\/wp-content\/uploads\/Featured-Signing-Agreement.jpg","contentUrl":"https:\/\/www.ekoenergy.org\/wp-content\/uploads\/Featured-Signing-Agreement.jpg","width":1200,"height":610},{"@type":"BreadcrumbList","@id":"https:\/\/www.ekoenergy.org\/pl\/ecolabel\/how-to-sell-ekoenergy\/agreement\/#breadcrumb","itemListElement":[{"@type":"ListItem","position":1,"name":"Home","item":"https:\/\/www.ekoenergy.org\/pl\/"},{"@type":"ListItem","position":2,"name":"Nasza ekoetykieta","item":"https:\/\/www.ekoenergy.org\/pl\/ecolabel\/"},{"@type":"ListItem","position":3,"name":"Jak sprzedawa\u0107 EKOenergy?","item":"https:\/\/www.ekoenergy.org\/pl\/ecolabel\/how-to-sell-ekoenergy\/"},{"@type":"ListItem","position":4,"name":"Umowa Licencyjna"}]},{"@type":"WebSite","@id":"https:\/\/www.ekoenergy.org\/pl\/#website","url":"https:\/\/www.ekoenergy.org\/pl\/","name":"EKOenergy ecolabel","description":"The global nonprofit ecolabel for renewable energy","publisher":{"@id":"https:\/\/www.ekoenergy.org\/pl\/#organization"},"potentialAction":[{"@type":"SearchAction","target":{"@type":"EntryPoint","urlTemplate":"https:\/\/www.ekoenergy.org\/pl\/?s={search_term_string}"},"query-input":{"@type":"PropertyValueSpecification","valueRequired":true,"valueName":"search_term_string"}}],"inLanguage":"pl-PL"},{"@type":"Organization","@id":"https:\/\/www.ekoenergy.org\/pl\/#organization","name":"Not-for-profit Organisation EKOenergy","url":"https:\/\/www.ekoenergy.org\/pl\/","logo":{"@type":"ImageObject","inLanguage":"pl-PL","@id":"https:\/\/www.ekoenergy.org\/pl\/#\/schema\/logo\/image\/","url":"https:\/\/www.ekoenergy.org\/wp-content\/uploads\/logo-EKOenergy-no-text.jpg","contentUrl":"https:\/\/www.ekoenergy.org\/wp-content\/uploads\/logo-EKOenergy-no-text.jpg","width":1600,"height":1600,"caption":"Not-for-profit Organisation EKOenergy"},"image":{"@id":"https:\/\/www.ekoenergy.org\/pl\/#\/schema\/logo\/image\/"},"sameAs":["https:\/\/www.facebook.com\/EKOenergy.ecolabel\/","https:\/\/x.com\/EKOenergy_","https:\/\/www.instagram.com\/ekoenergy\/","https:\/\/www.linkedin.com\/company\/ekoenergy-ecolabel\/","https:\/\/www.youtube.com\/EKOenergy-ecolabel","https:\/\/en.wikipedia.org\/wiki\/EKOenergy"]}]}},"uagb_featured_image_src":{"full":["https:\/\/www.ekoenergy.org\/wp-content\/uploads\/Featured-Signing-Agreement.jpg",1200,610,false],"thumbnail":["https:\/\/www.ekoenergy.org\/wp-content\/uploads\/Featured-Signing-Agreement-150x150.jpg",150,150,true],"medium":["https:\/\/www.ekoenergy.org\/wp-content\/uploads\/Featured-Signing-Agreement-320x163.jpg",320,163,true],"medium_large":["https:\/\/www.ekoenergy.org\/wp-content\/uploads\/Featured-Signing-Agreement-768x390.jpg",768,390,true],"large":["https:\/\/www.ekoenergy.org\/wp-content\/uploads\/Featured-Signing-Agreement-1024x521.jpg",1024,521,true],"1536x1536":["https:\/\/www.ekoenergy.org\/wp-content\/uploads\/Featured-Signing-Agreement.jpg",1200,610,false],"2048x2048":["https:\/\/www.ekoenergy.org\/wp-content\/uploads\/Featured-Signing-Agreement.jpg",1200,610,false]},"uagb_author_info":{"display_name":"Steven Vanholme","author_link":"https:\/\/www.ekoenergy.org\/pl\/author\/svanholme\/"},"uagb_comment_info":0,"uagb_excerpt":"Umowa EKOenergy Aby uzyska\u0107 prawo do wprowadzania i sprzeda\u017cy energii z etykiet\u0105 EKOenergy, firmy energetyczne musz\u0105 podpisa\u0107 Umow\u0119 EKOenergy (\u201eUmow\u0119 Licencyjn\u0105\u201d). W niekt\u00f3rych sytuacjach konsumenci, kt\u00f3rzy chc\u0105 korzysta\u0107 z EKOenergy z w\u0142asnych instalacji energii odnawialnej, r\u00f3wnie\u017c musz\u0105 podpisa\u0107 niniejsz\u0105 Umow\u0119. Wi\u0119cej informacji mo\u017cna znale\u017a\u0107 na stronie EKOenergy z instalacji na miejscu lub kontaktuj\u0105c si\u0119 z&hellip;","_links":{"self":[{"href":"https:\/\/www.ekoenergy.org\/pl\/wp-json\/wp\/v2\/pages\/3963","targetHints":{"allow":["GET"]}}],"collection":[{"href":"https:\/\/www.ekoenergy.org\/pl\/wp-json\/wp\/v2\/pages"}],"about":[{"href":"https:\/\/www.ekoenergy.org\/pl\/wp-json\/wp\/v2\/types\/page"}],"author":[{"embeddable":true,"href":"https:\/\/www.ekoenergy.org\/pl\/wp-json\/wp\/v2\/users\/2"}],"replies":[{"embeddable":true,"href":"https:\/\/www.ekoenergy.org\/pl\/wp-json\/wp\/v2\/comments?post=3963"}],"version-history":[{"count":3,"href":"https:\/\/www.ekoenergy.org\/pl\/wp-json\/wp\/v2\/pages\/3963\/revisions"}],"predecessor-version":[{"id":153289,"href":"https:\/\/www.ekoenergy.org\/pl\/wp-json\/wp\/v2\/pages\/3963\/revisions\/153289"}],"up":[{"embeddable":true,"href":"https:\/\/www.ekoenergy.org\/pl\/wp-json\/wp\/v2\/pages\/3109"}],"wp:featuredmedia":[{"embeddable":true,"href":"https:\/\/www.ekoenergy.org\/pl\/wp-json\/wp\/v2\/media\/29112"}],"wp:attachment":[{"href":"https:\/\/www.ekoenergy.org\/pl\/wp-json\/wp\/v2\/media?parent=3963"}],"curies":[{"name":"wp","href":"https:\/\/api.w.org\/{rel}","templated":true}]}}