{"id":4047,"date":"2019-12-04T13:39:18","date_gmt":"2019-12-04T13:39:18","guid":{"rendered":"https:\/\/www.ekoenergy.org\/ecolabel\/official-text\/new-ekoenergy-from-own-installations\/"},"modified":"2023-11-20T13:04:03","modified_gmt":"2023-11-20T11:04:03","slug":"on-site-installations","status":"publish","type":"page","link":"https:\/\/www.ekoenergy.org\/pl\/ecolabel\/criteria\/on-site-installations\/","title":{"rendered":"Lokalne instalacje energetyczne"},"content":{"rendered":"\n<h1 class=\"wp-block-heading\">EKOenergy z instalacji na miejscu i um\u00f3w PPA<\/h1>\n\n\n\n<p>&#8222;EKOenergy z instalacji na miejscu i um\u00f3w PPA<\/p>\n\n\n\n<p>Odnawialna energia mo\u017ce nosi\u0107 ekoetykiet\u0119 EKOenergy, gdy spe\u0142nione s\u0105 kryteria EKOenergy, niezale\u017cnie od tego, w jaki spos\u00f3b energia jest kupowana lub pozyskiwana.<\/p>\n\n\n\n<p>Obserwujemy rosn\u0105ce zainteresowanie konsument\u00f3w korzystaniem z naszej etykiety dla energii odnawialnej, kt\u00f3r\u0105 kupuj\u0105 za po\u015brednictwem um\u00f3w o zakup energii (PPA) lub kt\u00f3r\u0105 produkuj\u0105 na miejscu. Poni\u017cej przedstawiamy warunki konieczne do u\u017cycia naszej etykiety na tych \u017ar\u00f3d\u0142ach energii.<\/p>\n\n\n\n<p>Konsumenci, kt\u00f3rzy rozwa\u017caj\u0105 wykorzystanie nazwy i logo EKOenergy w swojej komunikacji, mog\u0105 znale\u017a\u0107 wi\u0119cej informacji na naszej stronie po\u015bwi\u0119conej <a href=\"https:\/\/www.ekoenergy.org\/wp-content\/uploads\/EKOenergy_Brand_book_english.pdf\">logo w komunikacji<\/a>. W szczeg\u00f3lno\u015bci zalecamy zapoznanie si\u0119 z <a href=\"https:\/\/www.ekoenergy.org\/pl\/wp-content\/uploads\/EKOenergy_Brand_book_english.pdf\">Ksi\u0119g\u0105 Znaku (Brandbook)<\/a> EKOenergy.<\/p>\n\n\n\n<h2 class=\"wp-block-heading\">Umowy zakupu energii (PPA)<\/h2>\n\n\n\n<p>Odnawialna energia zakupiona za po\u015brednictwem umowy PPA mo\u017ce by\u0107 oznaczona jako EKOenergy pod nast\u0119puj\u0105cymi warunkami:<\/p>\n\n\n\n<ul class=\"wp-block-list\">\n<li>Przynajmniej jedna z bezpo\u015brednio zaanga\u017cowanych stron umowy (dostawca energii, dostawca us\u0142ug, firma instalacyjna, konsument itp.) podpisa\u0142a <a href=\"https:\/\/www.ekoenergy.org\/pl\/ecolabel\/how-to-sell-ekoenergy\/agreement\/\">Umow\u0119 EKOenergy<\/a>.<\/li>\n\n\n\n<li>Wszystkie zobowi\u0105zania okre\u015blone w Umowie EKOenergy i kryteriach EKOenergy zosta\u0142y spe\u0142nione. Obejmuje to wyznaczenie osoby kontaktowej, uiszczenie op\u0142aty EKOenergy (0,08 \u20ac\/MWh) oraz wp\u0142at\u0119 na nasz <a href=\"https:\/\/www.ekoenergy.org\/pl\/our-results\/climate-fund\/\">Fundusz Klimatyczny<\/a> (0,10 \u20ac\/MWh). W przypadku energii wodnej nale\u017cy wp\u0142aci\u0107 dodatkowe 0,10 \u20ac\/MWh na <a href=\"https:\/\/www.ekoenergy.org\/pl\/our-results\/environmental-fund\/\">Fundusz Ochrony \u015arodowiska <\/a>EKOenergy. Wi\u0119cej informacji mo\u017cna znale\u017a\u0107 na naszych stronach po\u015bwi\u0119conych energii <a href=\"https:\/\/www.ekoenergy.org\/pl\/ecolabel\/criteria\/electricity\/\">elektrycznej<\/a>, <a href=\"https:\/\/www.ekoenergy.org\/pl\/ecolabel\/criteria\/ekoenergy-gas\/\">gazowi <\/a>i <a href=\"https:\/\/www.ekoenergy.org\/pl\/ecolabel\/criteria\/renewable-heat\/\">ogrzewaniu.<\/a><\/li>\n<\/ul>\n\n\n\n<h2 class=\"wp-block-heading\">Oznakowanie ekologiczne EKOenergy dla energii z instalacji na miejscu<\/h2>\n\n\n\n<figure class=\"wp-block-image alignright size-medium\"><img fetchpriority=\"high\" decoding=\"async\" width=\"320\" height=\"240\" src=\"https:\/\/www.ekoenergy.org\/wp-content\/uploads\/\/espartinas-panels-320x240.jpg\" alt=\"The solar panels installed for the municipality of Espartinas\" class=\"wp-image-98162\" srcset=\"https:\/\/www.ekoenergy.org\/wp-content\/uploads\/espartinas-panels-320x240.jpg 320w, https:\/\/www.ekoenergy.org\/wp-content\/uploads\/espartinas-panels-1024x768.jpg 1024w, https:\/\/www.ekoenergy.org\/wp-content\/uploads\/espartinas-panels-768x576.jpg 768w, https:\/\/www.ekoenergy.org\/wp-content\/uploads\/espartinas-panels-1536x1152.jpg 1536w, https:\/\/www.ekoenergy.org\/wp-content\/uploads\/espartinas-panels.jpg 1600w\" sizes=\"(max-width: 320px) 100vw, 320px\" \/><\/figure>\n\n\n\n<p>Energia produkowana na miejscu, na przyk\u0142ad za pomoc\u0105 paneli fotowoltaicznych na dachu, mo\u017ce nosi\u0107 ekoetykiet\u0119 EKOenergy.<\/p>\n\n\n\n<p>Dodaj\u0105c ekoetykiet\u0119 EKOenergy do kilowatogodzin produkowanych i zu\u017cywanych na miejscu, konsumenci:<\/p>\n\n\n\n<ul class=\"wp-block-list\">\n<li>pokazuj\u0105, \u017ce my\u015bl\u0105 globalnie i dzia\u0142aj\u0105 lokalnie,<\/li>\n\n\n\n<li>pomagaj\u0105 nam promowa\u0107 wykorzystanie energii odnawialnej na ca\u0142ym \u015bwiecie,<\/li>\n\n\n\n<li>przyczyniaj\u0105 si\u0119 do finansowania energii s\u0142onecznej poza dost\u0119pem do sieci w krajach rozwijaj\u0105cych si\u0119,<\/li>\n\n\n\n<li>mog\u0105 u\u017cywa\u0107 naszego uznanego na ca\u0142ym \u015bwiecie logo w swojej komunikacji.<\/li>\n<\/ul>\n\n\n\n<p>Wi\u0119cej informacji na temat wykorzystania logo w komunikacji mo\u017cna znale\u017a\u0107 w <a href=\"https:\/\/www.ekoenergy.org\/wp-content\/uploads\/EKOenergy_Brand_book_english.pdf\">Ksi\u0119dze Znaku (BrandBook) <\/a>EKOenergy.<\/p>\n\n\n\n<h3 class=\"wp-block-heading\">Og\u00f3lne zasady dodawania naszej etykiety EKOenergy do energii produkowanej na miejscu<\/h3>\n\n\n\n<ul class=\"wp-block-list\">\n<li>Nasze <a href=\"https:\/\/www.ekoenergy.org\/pl\/ecolabel\/\">kryteria zr\u00f3wnowa\u017conego rozwoju<\/a> musz\u0105 by\u0107 spe\u0142nione. W przypadku energii s\u0142onecznej na miejscu oznacza to, \u017ce instalacja znajduje si\u0119 na dachu lub poza wa\u017cnymi obszarami przyrodniczymi. Wi\u0119cej informacji mo\u017cna znale\u017a\u0107 na naszych stronach dotycz\u0105cych <a href=\"https:\/\/www.ekoenergy.org\/pl\/ecolabel\/criteria\/\">energii elektrycznej, gazu i ogrzewania.<\/a><\/li>\n\n\n\n<li>Je\u015bli konsumenci zu\u017cywaj\u0105 rocznie mniej ni\u017c 200MWh energii elektrycznej wyprodukowanej na miejscu, musz\u0105 poinformowa\u0107 o tym <a href=\"https:\/\/www.ekoenergy.org\/pl\/about-us\/contact-us\/\">Sekretariat EKOenergy<\/a>, aby m\u00f3c u\u017cywa\u0107 nazwy i logo EKOenergy. Nie wi\u0105\u017ce si\u0119 to z \u017cadnymi dodatkowymi kosztami, ale konieczne jest wcze\u015bniejsze skontaktowanie si\u0119 z Sekretariatem EKOenergy, a dobrowolna wp\u0142ata na nasz <a href=\"https:\/\/www.ekoenergy.org\/pl\/our-results\/climate-fund\/\">Fundusz Klimatyczny <\/a>jest wysoce zalecana &#8211; poniewa\u017c pomaga on finansowa\u0107 projekty energii odnawialnej w krajach rozwijaj\u0105cych si\u0119.<\/li>\n\n\n\n<li>Je\u015bli konsument zu\u017cywa rocznie ponad 200MWh energii elektrycznej wyprodukowanej na miejscu, u\u017cytkownik musi wnie\u015b\u0107 minimalny wk\u0142ad w wysoko\u015bci 0,10\u20ac\/MWh do Funduszu Klimatycznego EKOenergy. W przypadku energii wodnej, kolejny wk\u0142ad w wysoko\u015bci 0,10\u20ac\/MWh musi zosta\u0107 wniesiony do naszego <a href=\"https:\/\/www.ekoenergy.org\/pl\/our-results\/environmental-fund\/\">Funduszu \u015arodowiskowego.<\/a><\/li>\n\n\n\n<li>Je\u015bli roczne zu\u017cycie energii elektrycznej wyprodukowanej na miejscu jest wy\u017csze ni\u017c 1000MWh, u\u017cytkownik musi podpisa\u0107 nasz\u0105 <a href=\"https:\/\/www.ekoenergy.org\/pl\/ecolabel\/how-to-sell-ekoenergy\/agreement\/\">Umow\u0119 EKOenergy<\/a> lub zaanga\u017cowa\u0107 autoryzowanego sprzedawc\u0119 EKOenergy. W takim przypadku nale\u017cy ui\u015bci\u0107 op\u0142at\u0119 EKOenergy w wysoko\u015bci 0,08 \u20ac za MWh opr\u00f3cz sk\u0142adki 0,10 \u20ac za MWh na Fundusz Klimatyczny EKOenergy. (Dodatkowe 0,10 \u20ac za MWh do naszego Funduszu Ochrony \u015arodowiska, w przypadku energii wodnej).<\/li>\n<\/ul>\n\n\n\n<p>Autoryzowani sprzedawcy lub dostawcy us\u0142ug EKOenergy mog\u0105 reprezentowa\u0107 kilku u\u017cytkownik\u00f3w energii wyprodukowanej na miejscu, pe\u0142ni\u0107 rol\u0119 punktu kontaktowego mi\u0119dzy nimi a Sekretariatem EKOenergy, gromadzi\u0107 dowody na obj\u0119te i zu\u017cywane ilo\u015bci oraz pobiera\u0107 wy\u017cej wymienione p\u0142atno\u015bci. W takim przypadku nale\u017cy dokona\u0107 wp\u0142at za ca\u0142kowite ilo\u015bci konsumenckie reprezentowane przez autoryzowan\u0105 jednostk\u0119, co oznacza, \u017ce mniejsze ilo\u015bci zostan\u0105 r\u00f3wnie\u017c po\u0142\u0105czone i uwzgl\u0119dnione jako ca\u0142o\u015b\u0107.<\/p>\n\n\n\n<h3 class=\"wp-block-heading\">Je\u015bli instalacja na miejscu jest pod\u0142\u0105czona do sieci, obowi\u0105zuj\u0105 nast\u0119puj\u0105ce dodatkowe wymagania:<\/h3>\n\n\n\n<ul class=\"wp-block-list\">\n<li>Je\u015bli konsument nie wsp\u00f3\u0142pracuje z autoryzowanym agregatorem lub dostawc\u0105 us\u0142ug, u\u017cytkownik musi mie\u0107 umow\u0119 na energi\u0119 elektryczn\u0105 oznaczon\u0105 etykiet\u0105 EKOenergy w miejscu, gdzie znajduje si\u0119 instalacja odnawialnej energii, o ile jest to mo\u017cliwe.<\/li>\n\n\n\n<li>Nie mo\u017cna wydawa\u0107 Certyfikat\u00f3w Atrybut\u00f3w Energetycznych (np. Gwarancji Pochodzenia) dla ilo\u015bci zu\u017cywanej na miejscu. Je\u015bli takie certyfikaty zosta\u0142y wydane, musz\u0105 zosta\u0107 zrealizowane na rzecz konsumenta w celu pokrycia zu\u017cycia na miejscu. Jest to konieczne, aby unikn\u0105\u0107 mo\u017cliwo\u015bci podw\u00f3jnego liczenia.<\/li>\n\n\n\n<li>Je\u015bli system pod\u0142\u0105czony do sieci ma wsteczny licznik (pomiar bilansowy), ekoetykieta EKOenergy nie mo\u017ce by\u0107 u\u017cywana dla energii elektrycznej, kt\u00f3ra zosta\u0142a dodana do sieci, chyba \u017ce w\u0142a\u015bciciel mo\u017ce udowodni\u0107, \u017ce nikt nie wyda\u0142 Certyfikat\u00f3w Atrybut\u00f3w Energetycznych dla tej produkcji, lub \u017ce te certyfikaty \u015bledzenia zosta\u0142y zrealizowane na rzecz konsumenta.<\/li>\n<\/ul>\n","protected":false},"excerpt":{"rendered":"<p>EKOenergy z instalacji na miejscu i um\u00f3w PPA &#8222;EKOenergy z instalacji na miejscu i um\u00f3w PPA Odnawialna energia mo\u017ce nosi\u0107 ekoetykiet\u0119 EKOenergy, gdy spe\u0142nione s\u0105 kryteria EKOenergy, niezale\u017cnie od tego, w jaki spos\u00f3b energia jest kupowana lub pozyskiwana. Obserwujemy rosn\u0105ce zainteresowanie konsument\u00f3w korzystaniem z naszej etykiety dla energii odnawialnej, kt\u00f3r\u0105 kupuj\u0105 za po\u015brednictwem um\u00f3w o [&hellip;]<\/p>\n","protected":false},"author":17,"featured_media":98175,"parent":25316,"menu_order":5,"comment_status":"closed","ping_status":"closed","template":"","meta":{"inline_featured_image":false,"_uag_custom_page_level_css":"","site-sidebar-layout":"default","site-content-layout":"default","ast-site-content-layout":"default","site-content-style":"default","site-sidebar-style":"default","ast-global-header-display":"","ast-banner-title-visibility":"","ast-main-header-display":"","ast-hfb-above-header-display":"","ast-hfb-below-header-display":"","ast-hfb-mobile-header-display":"","site-post-title":"disabled","ast-breadcrumbs-content":"","ast-featured-img":"","footer-sml-layout":"","ast-disable-related-posts":"","theme-transparent-header-meta":"default","adv-header-id-meta":"","stick-header-meta":"default","header-above-stick-meta":"","header-main-stick-meta":"","header-below-stick-meta":"","astra-migrate-meta-layouts":"default","ast-page-background-enabled":"default","ast-page-background-meta":{"desktop":{"background-color":"","background-image":"","background-repeat":"repeat","background-position":"center center","background-size":"auto","background-attachment":"scroll","background-type":"","background-media":"","overlay-type":"","overlay-color":"","overlay-opacity":"","overlay-gradient":""},"tablet":{"background-color":"","background-image":"","background-repeat":"repeat","background-position":"center center","background-size":"auto","background-attachment":"scroll","background-type":"","background-media":"","overlay-type":"","overlay-color":"","overlay-opacity":"","overlay-gradient":""},"mobile":{"background-color":"","background-image":"","background-repeat":"repeat","background-position":"center center","background-size":"auto","background-attachment":"scroll","background-type":"","background-media":"","overlay-type":"","overlay-color":"","overlay-opacity":"","overlay-gradient":""}},"ast-content-background-meta":{"desktop":{"background-color":"var(--ast-global-color-5)","background-image":"","background-repeat":"repeat","background-position":"center center","background-size":"auto","background-attachment":"scroll","background-type":"","background-media":"","overlay-type":"","overlay-color":"","overlay-opacity":"","overlay-gradient":""},"tablet":{"background-color":"var(--ast-global-color-5)","background-image":"","background-repeat":"repeat","background-position":"center center","background-size":"auto","background-attachment":"scroll","background-type":"","background-media":"","overlay-type":"","overlay-color":"","overlay-opacity":"","overlay-gradient":""},"mobile":{"background-color":"var(--ast-global-color-5)","background-image":"","background-repeat":"repeat","background-position":"center center","background-size":"auto","background-attachment":"scroll","background-type":"","background-media":"","overlay-type":"","overlay-color":"","overlay-opacity":"","overlay-gradient":""}},"footnotes":""},"class_list":["post-4047","page","type-page","status-publish","has-post-thumbnail","hentry"],"yoast_head":"<!-- This site is optimized with the Yoast SEO plugin v27.3 - https:\/\/yoast.com\/product\/yoast-seo-wordpress\/ -->\n<title>Lokalne instalacje energetyczne - EKOenergy ecolabel<\/title>\n<meta name=\"description\" content=\"Konsumenci korzystaj\u0105cy z energii odnawialnej z instalacji na miejscu mog\u0105 r\u00f3wnie\u017c korzysta\u0107 z oznakowania ekologicznego EKOenergy.\" \/>\n<meta name=\"robots\" content=\"index, follow, max-snippet:-1, max-image-preview:large, max-video-preview:-1\" \/>\n<link rel=\"canonical\" href=\"https:\/\/www.ekoenergy.org\/pl\/ecolabel\/criteria\/on-site-installations\/\" \/>\n<meta property=\"og:locale\" content=\"pl_PL\" \/>\n<meta property=\"og:type\" content=\"article\" \/>\n<meta property=\"og:title\" content=\"Lokalne instalacje energetyczne - EKOenergy ecolabel\" \/>\n<meta property=\"og:description\" content=\"Konsumenci korzystaj\u0105cy z energii odnawialnej z instalacji na miejscu mog\u0105 r\u00f3wnie\u017c korzysta\u0107 z oznakowania ekologicznego EKOenergy.\" \/>\n<meta property=\"og:url\" content=\"https:\/\/www.ekoenergy.org\/pl\/ecolabel\/criteria\/on-site-installations\/\" \/>\n<meta property=\"og:site_name\" content=\"EKOenergy ecolabel\" \/>\n<meta property=\"article:publisher\" content=\"https:\/\/www.facebook.com\/EKOenergy.ecolabel\/\" \/>\n<meta property=\"article:modified_time\" content=\"2023-11-20T11:04:03+00:00\" \/>\n<meta property=\"og:image\" content=\"https:\/\/www.ekoenergy.org\/wp-content\/uploads\/espartinas-panels.jpg\" \/>\n\t<meta property=\"og:image:width\" content=\"1600\" \/>\n\t<meta property=\"og:image:height\" content=\"1200\" \/>\n\t<meta property=\"og:image:type\" content=\"image\/jpeg\" \/>\n<meta name=\"twitter:card\" content=\"summary_large_image\" \/>\n<meta name=\"twitter:site\" content=\"@EKOenergy_\" \/>\n<meta name=\"twitter:label1\" content=\"Szacowany czas czytania\" \/>\n\t<meta name=\"twitter:data1\" content=\"4 minuty\" \/>\n<script type=\"application\/ld+json\" class=\"yoast-schema-graph\">{\"@context\":\"https:\\\/\\\/schema.org\",\"@graph\":[{\"@type\":\"WebPage\",\"@id\":\"https:\\\/\\\/www.ekoenergy.org\\\/pl\\\/ecolabel\\\/criteria\\\/on-site-installations\\\/\",\"url\":\"https:\\\/\\\/www.ekoenergy.org\\\/pl\\\/ecolabel\\\/criteria\\\/on-site-installations\\\/\",\"name\":\"Lokalne instalacje energetyczne - EKOenergy ecolabel\",\"isPartOf\":{\"@id\":\"https:\\\/\\\/www.ekoenergy.org\\\/pl\\\/#website\"},\"primaryImageOfPage\":{\"@id\":\"https:\\\/\\\/www.ekoenergy.org\\\/pl\\\/ecolabel\\\/criteria\\\/on-site-installations\\\/#primaryimage\"},\"image\":{\"@id\":\"https:\\\/\\\/www.ekoenergy.org\\\/pl\\\/ecolabel\\\/criteria\\\/on-site-installations\\\/#primaryimage\"},\"thumbnailUrl\":\"https:\\\/\\\/www.ekoenergy.org\\\/wp-content\\\/uploads\\\/espartinas-panels.jpg\",\"datePublished\":\"2019-12-04T13:39:18+00:00\",\"dateModified\":\"2023-11-20T11:04:03+00:00\",\"description\":\"Konsumenci korzystaj\u0105cy z energii odnawialnej z instalacji na miejscu mog\u0105 r\u00f3wnie\u017c korzysta\u0107 z oznakowania ekologicznego EKOenergy.\",\"breadcrumb\":{\"@id\":\"https:\\\/\\\/www.ekoenergy.org\\\/pl\\\/ecolabel\\\/criteria\\\/on-site-installations\\\/#breadcrumb\"},\"inLanguage\":\"pl-PL\",\"potentialAction\":[{\"@type\":\"ReadAction\",\"target\":[\"https:\\\/\\\/www.ekoenergy.org\\\/pl\\\/ecolabel\\\/criteria\\\/on-site-installations\\\/\"]}]},{\"@type\":\"ImageObject\",\"inLanguage\":\"pl-PL\",\"@id\":\"https:\\\/\\\/www.ekoenergy.org\\\/pl\\\/ecolabel\\\/criteria\\\/on-site-installations\\\/#primaryimage\",\"url\":\"https:\\\/\\\/www.ekoenergy.org\\\/wp-content\\\/uploads\\\/espartinas-panels.jpg\",\"contentUrl\":\"https:\\\/\\\/www.ekoenergy.org\\\/wp-content\\\/uploads\\\/espartinas-panels.jpg\",\"width\":1600,\"height\":1200,\"caption\":\"The solar panels installed for the municipality of Espartinas\"},{\"@type\":\"BreadcrumbList\",\"@id\":\"https:\\\/\\\/www.ekoenergy.org\\\/pl\\\/ecolabel\\\/criteria\\\/on-site-installations\\\/#breadcrumb\",\"itemListElement\":[{\"@type\":\"ListItem\",\"position\":1,\"name\":\"Home\",\"item\":\"https:\\\/\\\/www.ekoenergy.org\\\/pl\\\/\"},{\"@type\":\"ListItem\",\"position\":2,\"name\":\"Nasza ekoetykieta\",\"item\":\"https:\\\/\\\/www.ekoenergy.org\\\/pl\\\/ecolabel\\\/\"},{\"@type\":\"ListItem\",\"position\":3,\"name\":\"Kryteria EKOenergy\",\"item\":\"https:\\\/\\\/www.ekoenergy.org\\\/pl\\\/ecolabel\\\/criteria\\\/\"},{\"@type\":\"ListItem\",\"position\":4,\"name\":\"Lokalne instalacje energetyczne\"}]},{\"@type\":\"WebSite\",\"@id\":\"https:\\\/\\\/www.ekoenergy.org\\\/pl\\\/#website\",\"url\":\"https:\\\/\\\/www.ekoenergy.org\\\/pl\\\/\",\"name\":\"EKOenergy ecolabel\",\"description\":\"The global nonprofit ecolabel for renewable energy\",\"publisher\":{\"@id\":\"https:\\\/\\\/www.ekoenergy.org\\\/pl\\\/#organization\"},\"potentialAction\":[{\"@type\":\"SearchAction\",\"target\":{\"@type\":\"EntryPoint\",\"urlTemplate\":\"https:\\\/\\\/www.ekoenergy.org\\\/pl\\\/?s={search_term_string}\"},\"query-input\":{\"@type\":\"PropertyValueSpecification\",\"valueRequired\":true,\"valueName\":\"search_term_string\"}}],\"inLanguage\":\"pl-PL\"},{\"@type\":\"Organization\",\"@id\":\"https:\\\/\\\/www.ekoenergy.org\\\/pl\\\/#organization\",\"name\":\"Not-for-profit Organisation EKOenergy\",\"url\":\"https:\\\/\\\/www.ekoenergy.org\\\/pl\\\/\",\"logo\":{\"@type\":\"ImageObject\",\"inLanguage\":\"pl-PL\",\"@id\":\"https:\\\/\\\/www.ekoenergy.org\\\/pl\\\/#\\\/schema\\\/logo\\\/image\\\/\",\"url\":\"https:\\\/\\\/www.ekoenergy.org\\\/wp-content\\\/uploads\\\/logo-EKOenergy-no-text.jpg\",\"contentUrl\":\"https:\\\/\\\/www.ekoenergy.org\\\/wp-content\\\/uploads\\\/logo-EKOenergy-no-text.jpg\",\"width\":1600,\"height\":1600,\"caption\":\"Not-for-profit Organisation EKOenergy\"},\"image\":{\"@id\":\"https:\\\/\\\/www.ekoenergy.org\\\/pl\\\/#\\\/schema\\\/logo\\\/image\\\/\"},\"sameAs\":[\"https:\\\/\\\/www.facebook.com\\\/EKOenergy.ecolabel\\\/\",\"https:\\\/\\\/x.com\\\/EKOenergy_\",\"https:\\\/\\\/www.instagram.com\\\/ekoenergy\\\/\",\"https:\\\/\\\/www.linkedin.com\\\/company\\\/ekoenergy-ecolabel\\\/\",\"https:\\\/\\\/www.youtube.com\\\/EKOenergy-ecolabel\",\"https:\\\/\\\/en.wikipedia.org\\\/wiki\\\/EKOenergy\"]}]}<\/script>\n<!-- \/ Yoast SEO plugin. -->","yoast_head_json":{"title":"Lokalne instalacje energetyczne - EKOenergy ecolabel","description":"Konsumenci korzystaj\u0105cy z energii odnawialnej z instalacji na miejscu mog\u0105 r\u00f3wnie\u017c korzysta\u0107 z oznakowania ekologicznego EKOenergy.","robots":{"index":"index","follow":"follow","max-snippet":"max-snippet:-1","max-image-preview":"max-image-preview:large","max-video-preview":"max-video-preview:-1"},"canonical":"https:\/\/www.ekoenergy.org\/pl\/ecolabel\/criteria\/on-site-installations\/","og_locale":"pl_PL","og_type":"article","og_title":"Lokalne instalacje energetyczne - EKOenergy ecolabel","og_description":"Konsumenci korzystaj\u0105cy z energii odnawialnej z instalacji na miejscu mog\u0105 r\u00f3wnie\u017c korzysta\u0107 z oznakowania ekologicznego EKOenergy.","og_url":"https:\/\/www.ekoenergy.org\/pl\/ecolabel\/criteria\/on-site-installations\/","og_site_name":"EKOenergy ecolabel","article_publisher":"https:\/\/www.facebook.com\/EKOenergy.ecolabel\/","article_modified_time":"2023-11-20T11:04:03+00:00","og_image":[{"width":1600,"height":1200,"url":"https:\/\/www.ekoenergy.org\/wp-content\/uploads\/espartinas-panels.jpg","type":"image\/jpeg"}],"twitter_card":"summary_large_image","twitter_site":"@EKOenergy_","twitter_misc":{"Szacowany czas czytania":"4 minuty"},"schema":{"@context":"https:\/\/schema.org","@graph":[{"@type":"WebPage","@id":"https:\/\/www.ekoenergy.org\/pl\/ecolabel\/criteria\/on-site-installations\/","url":"https:\/\/www.ekoenergy.org\/pl\/ecolabel\/criteria\/on-site-installations\/","name":"Lokalne instalacje energetyczne - EKOenergy ecolabel","isPartOf":{"@id":"https:\/\/www.ekoenergy.org\/pl\/#website"},"primaryImageOfPage":{"@id":"https:\/\/www.ekoenergy.org\/pl\/ecolabel\/criteria\/on-site-installations\/#primaryimage"},"image":{"@id":"https:\/\/www.ekoenergy.org\/pl\/ecolabel\/criteria\/on-site-installations\/#primaryimage"},"thumbnailUrl":"https:\/\/www.ekoenergy.org\/wp-content\/uploads\/espartinas-panels.jpg","datePublished":"2019-12-04T13:39:18+00:00","dateModified":"2023-11-20T11:04:03+00:00","description":"Konsumenci korzystaj\u0105cy z energii odnawialnej z instalacji na miejscu mog\u0105 r\u00f3wnie\u017c korzysta\u0107 z oznakowania ekologicznego EKOenergy.","breadcrumb":{"@id":"https:\/\/www.ekoenergy.org\/pl\/ecolabel\/criteria\/on-site-installations\/#breadcrumb"},"inLanguage":"pl-PL","potentialAction":[{"@type":"ReadAction","target":["https:\/\/www.ekoenergy.org\/pl\/ecolabel\/criteria\/on-site-installations\/"]}]},{"@type":"ImageObject","inLanguage":"pl-PL","@id":"https:\/\/www.ekoenergy.org\/pl\/ecolabel\/criteria\/on-site-installations\/#primaryimage","url":"https:\/\/www.ekoenergy.org\/wp-content\/uploads\/espartinas-panels.jpg","contentUrl":"https:\/\/www.ekoenergy.org\/wp-content\/uploads\/espartinas-panels.jpg","width":1600,"height":1200,"caption":"The solar panels installed for the municipality of Espartinas"},{"@type":"BreadcrumbList","@id":"https:\/\/www.ekoenergy.org\/pl\/ecolabel\/criteria\/on-site-installations\/#breadcrumb","itemListElement":[{"@type":"ListItem","position":1,"name":"Home","item":"https:\/\/www.ekoenergy.org\/pl\/"},{"@type":"ListItem","position":2,"name":"Nasza ekoetykieta","item":"https:\/\/www.ekoenergy.org\/pl\/ecolabel\/"},{"@type":"ListItem","position":3,"name":"Kryteria EKOenergy","item":"https:\/\/www.ekoenergy.org\/pl\/ecolabel\/criteria\/"},{"@type":"ListItem","position":4,"name":"Lokalne instalacje energetyczne"}]},{"@type":"WebSite","@id":"https:\/\/www.ekoenergy.org\/pl\/#website","url":"https:\/\/www.ekoenergy.org\/pl\/","name":"EKOenergy ecolabel","description":"The global nonprofit ecolabel for renewable energy","publisher":{"@id":"https:\/\/www.ekoenergy.org\/pl\/#organization"},"potentialAction":[{"@type":"SearchAction","target":{"@type":"EntryPoint","urlTemplate":"https:\/\/www.ekoenergy.org\/pl\/?s={search_term_string}"},"query-input":{"@type":"PropertyValueSpecification","valueRequired":true,"valueName":"search_term_string"}}],"inLanguage":"pl-PL"},{"@type":"Organization","@id":"https:\/\/www.ekoenergy.org\/pl\/#organization","name":"Not-for-profit Organisation EKOenergy","url":"https:\/\/www.ekoenergy.org\/pl\/","logo":{"@type":"ImageObject","inLanguage":"pl-PL","@id":"https:\/\/www.ekoenergy.org\/pl\/#\/schema\/logo\/image\/","url":"https:\/\/www.ekoenergy.org\/wp-content\/uploads\/logo-EKOenergy-no-text.jpg","contentUrl":"https:\/\/www.ekoenergy.org\/wp-content\/uploads\/logo-EKOenergy-no-text.jpg","width":1600,"height":1600,"caption":"Not-for-profit Organisation EKOenergy"},"image":{"@id":"https:\/\/www.ekoenergy.org\/pl\/#\/schema\/logo\/image\/"},"sameAs":["https:\/\/www.facebook.com\/EKOenergy.ecolabel\/","https:\/\/x.com\/EKOenergy_","https:\/\/www.instagram.com\/ekoenergy\/","https:\/\/www.linkedin.com\/company\/ekoenergy-ecolabel\/","https:\/\/www.youtube.com\/EKOenergy-ecolabel","https:\/\/en.wikipedia.org\/wiki\/EKOenergy"]}]}},"uagb_featured_image_src":{"full":["https:\/\/www.ekoenergy.org\/wp-content\/uploads\/espartinas-panels.jpg",1600,1200,false],"thumbnail":["https:\/\/www.ekoenergy.org\/wp-content\/uploads\/espartinas-panels-150x150.jpg",150,150,true],"medium":["https:\/\/www.ekoenergy.org\/wp-content\/uploads\/espartinas-panels-320x240.jpg",320,240,true],"medium_large":["https:\/\/www.ekoenergy.org\/wp-content\/uploads\/espartinas-panels-768x576.jpg",768,576,true],"large":["https:\/\/www.ekoenergy.org\/wp-content\/uploads\/espartinas-panels-1024x768.jpg",1024,768,true],"1536x1536":["https:\/\/www.ekoenergy.org\/wp-content\/uploads\/espartinas-panels-1536x1152.jpg",1536,1152,true],"2048x2048":["https:\/\/www.ekoenergy.org\/wp-content\/uploads\/espartinas-panels.jpg",1600,1200,false]},"uagb_author_info":{"display_name":"EKOenergy ecolabel","author_link":"https:\/\/www.ekoenergy.org\/pl\/author\/ekoenergy\/"},"uagb_comment_info":0,"uagb_excerpt":"EKOenergy z instalacji na miejscu i um\u00f3w PPA &#8222;EKOenergy z instalacji na miejscu i um\u00f3w PPA Odnawialna energia mo\u017ce nosi\u0107 ekoetykiet\u0119 EKOenergy, gdy spe\u0142nione s\u0105 kryteria EKOenergy, niezale\u017cnie od tego, w jaki spos\u00f3b energia jest kupowana lub pozyskiwana. Obserwujemy rosn\u0105ce zainteresowanie konsument\u00f3w korzystaniem z naszej etykiety dla energii odnawialnej, kt\u00f3r\u0105 kupuj\u0105 za po\u015brednictwem um\u00f3w o&hellip;","_links":{"self":[{"href":"https:\/\/www.ekoenergy.org\/pl\/wp-json\/wp\/v2\/pages\/4047","targetHints":{"allow":["GET"]}}],"collection":[{"href":"https:\/\/www.ekoenergy.org\/pl\/wp-json\/wp\/v2\/pages"}],"about":[{"href":"https:\/\/www.ekoenergy.org\/pl\/wp-json\/wp\/v2\/types\/page"}],"author":[{"embeddable":true,"href":"https:\/\/www.ekoenergy.org\/pl\/wp-json\/wp\/v2\/users\/17"}],"replies":[{"embeddable":true,"href":"https:\/\/www.ekoenergy.org\/pl\/wp-json\/wp\/v2\/comments?post=4047"}],"version-history":[{"count":3,"href":"https:\/\/www.ekoenergy.org\/pl\/wp-json\/wp\/v2\/pages\/4047\/revisions"}],"predecessor-version":[{"id":153021,"href":"https:\/\/www.ekoenergy.org\/pl\/wp-json\/wp\/v2\/pages\/4047\/revisions\/153021"}],"up":[{"embeddable":true,"href":"https:\/\/www.ekoenergy.org\/pl\/wp-json\/wp\/v2\/pages\/25316"}],"wp:featuredmedia":[{"embeddable":true,"href":"https:\/\/www.ekoenergy.org\/pl\/wp-json\/wp\/v2\/media\/98175"}],"wp:attachment":[{"href":"https:\/\/www.ekoenergy.org\/pl\/wp-json\/wp\/v2\/media?parent=4047"}],"curies":[{"name":"wp","href":"https:\/\/api.w.org\/{rel}","templated":true}]}}