{"id":64864,"date":"2019-12-04T13:53:51","date_gmt":"2019-12-04T13:53:51","guid":{"rendered":"https:\/\/www.ekoenergy.org\/freshabit\/"},"modified":"2020-05-22T17:31:58","modified_gmt":"2020-05-22T17:31:58","slug":"freshabit","status":"publish","type":"page","link":"https:\/\/www.ekoenergy.org\/pt\/our-results\/freshabit\/","title":{"rendered":"Projeto Europeu Freshabit LIFE"},"content":{"rendered":"\n<h1 class=\"wp-block-heading\">Freshabit LIFE restaura os habitats de \u00e1gua doce na Finl\u00e2ndia<\/h1>\n\n\n\n<div class=\"wp-block-image\"><figure class=\"alignright size-large is-resized\"><img decoding=\"async\" src=\"https:\/\/www.ekoenergy.org\/wp-content\/uploads\/FRESHABIT-logo.png\" alt=\"FRESHABIT logo\" class=\"wp-image-13449\" width=\"202\" height=\"178\"\/><\/figure><\/div>\n\n\n\n<p>A EKOenergia e a Associa\u00e7\u00e3o Finlandesa para a Conserva\u00e7\u00e3o da Natureza participam no projeto Europeu LIFE para habitats de \u00e1gua doce que dura de 2016 at\u00e9 2022. Mets\u00e4hallitus (O Servi\u00e7o florestal e do Parque) coordena esse projeto de grande escala. Outros parceiros incluem o Estado e as autoridades locais, assim como organiza\u00e7\u00f5es n\u00e3o governamentais. O objetivo do projeto FRESHABIT \u00e9 melhorar o estado ecol\u00f3gico dos lagos, rios, e correntes na Finl\u00e2ndia. Os m\u00e9todos usados v\u00e3o de restaura\u00e7\u00f5es manuais de rios at\u00e9 educa\u00e7\u00e3o ambiental e pesquisa.<\/p>\n\n\n\n<h2 class=\"wp-block-heading\">Qual \u00e9 o papel da EKOenergia no projeto?<\/h2>\n\n\n\n<h3 class=\"wp-block-heading\">N\u00f3s comunicamos sobre o impacto da energia hidrel\u00e9trica<\/h3>\n\n\n\n<p>Ao longo do projeto, disseminamos informa\u00e7\u00f5es sobre os impactos da energia hidrel\u00e9trica na natureza e sobre possibilidades de mitiga\u00e7\u00e3o destes impactos.<\/p>\n\n\n\n<ul class=\"wp-block-list\"><li>N\u00f3s organizamos um semin\u00e1rio sobre passagens para peixes. Os materiais est\u00e3o dispon\u00edvei em <a rel=\"noreferrer noopener\" href=\"https:\/\/www.sll.fi\/2017\/10\/06\/kalatieseminaari-tallenteet\/\" target=\"_blank\">sll.fi\/kalatieseminaari<\/a>.<\/li><li>Produzimos um site f\u00e1cil de entender que discorre sobre os impactos da energia hidrel\u00e9trica na natureza e sobre como mitiga-los. A maior parte do site est\u00e1 em finland\u00eas, mas algumas p\u00e1ginas est\u00e3o dispon\u00edveis em ingl\u00eas tamb\u00e9m. Veja <a rel=\"noreferrer noopener\" href=\"https:\/\/www.vesivoimanluonto.org\" target=\"_blank\">www.vesivoimanluonto.org<\/a>.<\/li><li>Todo ano conhecemos um n\u00famero de grandes consumidores de energia e encorajamos eles a levar em considera\u00e7\u00e3o o impacto do seu consumo de energia na natureza.<\/li><li>Estabelecemos uma campanha de energia hidrel\u00e9trica em 2018.<\/li><\/ul>\n\n\n\n<h3 class=\"wp-block-heading\">Atualizamos os crit\u00e9rios da EKOenergia para energia hidrel\u00e9tricafor hydropower<\/h3>\n\n\n\n<p>Como parte do projeto Freshabit, atualizamos os crit\u00e9rios da EKOenergia para energia hidrel\u00e9trica. Para ver os novos crit\u00e9rios veja o cap\u00edtulo 8.3.C dos <a href=\"https:\/\/www.ekoenergy.org\/pt\/ecolabel\/criteria\/electricity\/\">nossos crit\u00e9rios para eletricidade com o r\u00f3tulo EKOenergia<\/a>.<\/p>\n\n\n\n<h2 class=\"wp-block-heading\">LIFE?<\/h2>\n\n\n\n<div class=\"wp-block-image\"><figure class=\"alignleft size-large is-resized\"><img decoding=\"async\" src=\"https:\/\/www.ekoenergy.org\/wp-content\/uploads\/Logo_Life_Natura2000.jpg\" alt=\"Logo_Life_Natura2000\" class=\"wp-image-13297\" width=\"127\" height=\"203\"\/><\/figure><\/div>\n\n\n\n<p><em>O programa LIFE \u00e9 o instrumento fundador na Europa para apoio de projetos ambientais e de mudan\u00e7a clim\u00e1tica. O componente Natureza &amp; Biodiversidade do LIFE co-financia as melhores pr\u00e1ticas em projetos para a natureza. Ela foca na implementa\u00e7\u00e3o das diretivas europ\u00e9ias sobre aves e habitats e no gerenciamento da rede Natura 2000. Natura 2000 \u00e9 a rede Europ\u00e9ia de redes naturais importantes.<\/em><\/p>\n\n\n\n<p><em>Freshabit LIFE \u00e9 o maior projeto LIFE da hist\u00f3ria na Finl\u00e2ndia.<\/em><\/p>\n","protected":false},"excerpt":{"rendered":"<p>Freshabit LIFE restaura os habitats de \u00e1gua doce na Finl\u00e2ndia A EKOenergia e a Associa\u00e7\u00e3o Finlandesa para a Conserva\u00e7\u00e3o da Natureza participam no projeto Europeu LIFE para habitats de \u00e1gua doce que dura de 2016 at\u00e9 2022. Mets\u00e4hallitus (O Servi\u00e7o florestal e do Parque) coordena esse projeto de grande escala. Outros parceiros incluem o Estado [&hellip;]<\/p>\n","protected":false},"author":17,"featured_media":87873,"parent":64871,"menu_order":4,"comment_status":"closed","ping_status":"closed","template":"","meta":{"inline_featured_image":false,"_uag_custom_page_level_css":"","site-sidebar-layout":"default","site-content-layout":"default","ast-site-content-layout":"default","site-content-style":"default","site-sidebar-style":"default","ast-global-header-display":"","ast-banner-title-visibility":"","ast-main-header-display":"","ast-hfb-above-header-display":"","ast-hfb-below-header-display":"","ast-hfb-mobile-header-display":"","site-post-title":"disabled","ast-breadcrumbs-content":"","ast-featured-img":"","footer-sml-layout":"","ast-disable-related-posts":"","theme-transparent-header-meta":"default","adv-header-id-meta":"","stick-header-meta":"default","header-above-stick-meta":"","header-main-stick-meta":"","header-below-stick-meta":"","astra-migrate-meta-layouts":"default","ast-page-background-enabled":"default","ast-page-background-meta":{"desktop":{"background-color":"","background-image":"","background-repeat":"repeat","background-position":"center center","background-size":"auto","background-attachment":"scroll","background-type":"","background-media":"","overlay-type":"","overlay-color":"","overlay-opacity":"","overlay-gradient":""},"tablet":{"background-color":"","background-image":"","background-repeat":"repeat","background-position":"center center","background-size":"auto","background-attachment":"scroll","background-type":"","background-media":"","overlay-type":"","overlay-color":"","overlay-opacity":"","overlay-gradient":""},"mobile":{"background-color":"","background-image":"","background-repeat":"repeat","background-position":"center center","background-size":"auto","background-attachment":"scroll","background-type":"","background-media":"","overlay-type":"","overlay-color":"","overlay-opacity":"","overlay-gradient":""}},"ast-content-background-meta":{"desktop":{"background-color":"var(--ast-global-color-5)","background-image":"","background-repeat":"repeat","background-position":"center center","background-size":"auto","background-attachment":"scroll","background-type":"","background-media":"","overlay-type":"","overlay-color":"","overlay-opacity":"","overlay-gradient":""},"tablet":{"background-color":"var(--ast-global-color-5)","background-image":"","background-repeat":"repeat","background-position":"center center","background-size":"auto","background-attachment":"scroll","background-type":"","background-media":"","overlay-type":"","overlay-color":"","overlay-opacity":"","overlay-gradient":""},"mobile":{"background-color":"var(--ast-global-color-5)","background-image":"","background-repeat":"repeat","background-position":"center center","background-size":"auto","background-attachment":"scroll","background-type":"","background-media":"","overlay-type":"","overlay-color":"","overlay-opacity":"","overlay-gradient":""}},"footnotes":""},"class_list":["post-64864","page","type-page","status-publish","has-post-thumbnail","hentry"],"yoast_head":"<!-- This site is optimized with the Yoast SEO plugin v27.3 - https:\/\/yoast.com\/product\/yoast-seo-wordpress\/ -->\n<title>Projeto Europeu Freshabit LIFE - EKOenergy ecolabel<\/title>\n<meta name=\"description\" content=\"A EKOenergia e a Associa\u00e7\u00e3o Finlandesa para a Conserva\u00e7\u00e3o da Natureza participam no projeto Europeu LIFE para habitats de \u00e1gua doce que dura de 2016 at\u00e9 2022.\" \/>\n<meta name=\"robots\" content=\"index, follow, max-snippet:-1, max-image-preview:large, max-video-preview:-1\" \/>\n<link rel=\"canonical\" href=\"https:\/\/www.ekoenergy.org\/pt\/our-results\/freshabit\/\" \/>\n<meta property=\"og:locale\" content=\"pt_PT\" \/>\n<meta property=\"og:type\" content=\"article\" \/>\n<meta property=\"og:title\" content=\"Projeto Europeu Freshabit LIFE - EKOenergy ecolabel\" \/>\n<meta property=\"og:description\" content=\"A EKOenergia e a Associa\u00e7\u00e3o Finlandesa para a Conserva\u00e7\u00e3o da Natureza participam no projeto Europeu LIFE para habitats de \u00e1gua doce que dura de 2016 at\u00e9 2022.\" \/>\n<meta property=\"og:url\" content=\"https:\/\/www.ekoenergy.org\/pt\/our-results\/freshabit\/\" \/>\n<meta property=\"og:site_name\" content=\"EKOenergy ecolabel\" \/>\n<meta property=\"article:publisher\" content=\"https:\/\/www.facebook.com\/EKOenergy.ecolabel\/\" \/>\n<meta property=\"article:modified_time\" content=\"2020-05-22T17:31:58+00:00\" \/>\n<meta property=\"og:image\" content=\"https:\/\/www.ekoenergy.org\/wp-content\/uploads\/Featured-Hydropower-Freshabit.jpg\" \/>\n\t<meta property=\"og:image:width\" content=\"700\" \/>\n\t<meta property=\"og:image:height\" content=\"507\" \/>\n\t<meta property=\"og:image:type\" content=\"image\/jpeg\" \/>\n<meta name=\"twitter:card\" content=\"summary_large_image\" \/>\n<meta name=\"twitter:site\" content=\"@EKOenergy_\" \/>\n<meta name=\"twitter:label1\" content=\"Est. reading time\" \/>\n\t<meta name=\"twitter:data1\" content=\"2 minutes\" \/>\n<script type=\"application\/ld+json\" class=\"yoast-schema-graph\">{\"@context\":\"https:\\\/\\\/schema.org\",\"@graph\":[{\"@type\":\"WebPage\",\"@id\":\"https:\\\/\\\/www.ekoenergy.org\\\/pt\\\/our-results\\\/freshabit\\\/\",\"url\":\"https:\\\/\\\/www.ekoenergy.org\\\/pt\\\/our-results\\\/freshabit\\\/\",\"name\":\"Projeto Europeu Freshabit LIFE - EKOenergy ecolabel\",\"isPartOf\":{\"@id\":\"https:\\\/\\\/www.ekoenergy.org\\\/pt\\\/#website\"},\"primaryImageOfPage\":{\"@id\":\"https:\\\/\\\/www.ekoenergy.org\\\/pt\\\/our-results\\\/freshabit\\\/#primaryimage\"},\"image\":{\"@id\":\"https:\\\/\\\/www.ekoenergy.org\\\/pt\\\/our-results\\\/freshabit\\\/#primaryimage\"},\"thumbnailUrl\":\"https:\\\/\\\/www.ekoenergy.org\\\/wp-content\\\/uploads\\\/post-River-restoration-ekoenergy-team-2019.jpg\",\"datePublished\":\"2019-12-04T13:53:51+00:00\",\"dateModified\":\"2020-05-22T17:31:58+00:00\",\"description\":\"A EKOenergia e a Associa\u00e7\u00e3o Finlandesa para a Conserva\u00e7\u00e3o da Natureza participam no projeto Europeu LIFE para habitats de \u00e1gua doce que dura de 2016 at\u00e9 2022.\",\"breadcrumb\":{\"@id\":\"https:\\\/\\\/www.ekoenergy.org\\\/pt\\\/our-results\\\/freshabit\\\/#breadcrumb\"},\"inLanguage\":\"pt-PT2\",\"potentialAction\":[{\"@type\":\"ReadAction\",\"target\":[\"https:\\\/\\\/www.ekoenergy.org\\\/pt\\\/our-results\\\/freshabit\\\/\"]}]},{\"@type\":\"ImageObject\",\"inLanguage\":\"pt-PT2\",\"@id\":\"https:\\\/\\\/www.ekoenergy.org\\\/pt\\\/our-results\\\/freshabit\\\/#primaryimage\",\"url\":\"https:\\\/\\\/www.ekoenergy.org\\\/wp-content\\\/uploads\\\/post-River-restoration-ekoenergy-team-2019.jpg\",\"contentUrl\":\"https:\\\/\\\/www.ekoenergy.org\\\/wp-content\\\/uploads\\\/post-River-restoration-ekoenergy-team-2019.jpg\",\"width\":720,\"height\":540},{\"@type\":\"BreadcrumbList\",\"@id\":\"https:\\\/\\\/www.ekoenergy.org\\\/pt\\\/our-results\\\/freshabit\\\/#breadcrumb\",\"itemListElement\":[{\"@type\":\"ListItem\",\"position\":1,\"name\":\"Home\",\"item\":\"https:\\\/\\\/www.ekoenergy.org\\\/pt\\\/\"},{\"@type\":\"ListItem\",\"position\":2,\"name\":\"Resultados\",\"item\":\"https:\\\/\\\/www.ekoenergy.org\\\/pt\\\/our-results\\\/\"},{\"@type\":\"ListItem\",\"position\":3,\"name\":\"Projeto Europeu Freshabit LIFE\"}]},{\"@type\":\"WebSite\",\"@id\":\"https:\\\/\\\/www.ekoenergy.org\\\/pt\\\/#website\",\"url\":\"https:\\\/\\\/www.ekoenergy.org\\\/pt\\\/\",\"name\":\"EKOenergy ecolabel\",\"description\":\"The global nonprofit ecolabel for renewable energy\",\"publisher\":{\"@id\":\"https:\\\/\\\/www.ekoenergy.org\\\/pt\\\/#organization\"},\"potentialAction\":[{\"@type\":\"SearchAction\",\"target\":{\"@type\":\"EntryPoint\",\"urlTemplate\":\"https:\\\/\\\/www.ekoenergy.org\\\/pt\\\/?s={search_term_string}\"},\"query-input\":{\"@type\":\"PropertyValueSpecification\",\"valueRequired\":true,\"valueName\":\"search_term_string\"}}],\"inLanguage\":\"pt-PT2\"},{\"@type\":\"Organization\",\"@id\":\"https:\\\/\\\/www.ekoenergy.org\\\/pt\\\/#organization\",\"name\":\"Not-for-profit Organisation EKOenergy\",\"url\":\"https:\\\/\\\/www.ekoenergy.org\\\/pt\\\/\",\"logo\":{\"@type\":\"ImageObject\",\"inLanguage\":\"pt-PT2\",\"@id\":\"https:\\\/\\\/www.ekoenergy.org\\\/pt\\\/#\\\/schema\\\/logo\\\/image\\\/\",\"url\":\"https:\\\/\\\/www.ekoenergy.org\\\/wp-content\\\/uploads\\\/logo-EKOenergy-no-text.jpg\",\"contentUrl\":\"https:\\\/\\\/www.ekoenergy.org\\\/wp-content\\\/uploads\\\/logo-EKOenergy-no-text.jpg\",\"width\":1600,\"height\":1600,\"caption\":\"Not-for-profit Organisation EKOenergy\"},\"image\":{\"@id\":\"https:\\\/\\\/www.ekoenergy.org\\\/pt\\\/#\\\/schema\\\/logo\\\/image\\\/\"},\"sameAs\":[\"https:\\\/\\\/www.facebook.com\\\/EKOenergy.ecolabel\\\/\",\"https:\\\/\\\/x.com\\\/EKOenergy_\",\"https:\\\/\\\/www.instagram.com\\\/ekoenergy\\\/\",\"https:\\\/\\\/www.linkedin.com\\\/company\\\/ekoenergy-ecolabel\\\/\",\"https:\\\/\\\/www.youtube.com\\\/EKOenergy-ecolabel\",\"https:\\\/\\\/en.wikipedia.org\\\/wiki\\\/EKOenergy\"]}]}<\/script>\n<!-- \/ Yoast SEO plugin. -->","yoast_head_json":{"title":"Projeto Europeu Freshabit LIFE - EKOenergy ecolabel","description":"A EKOenergia e a Associa\u00e7\u00e3o Finlandesa para a Conserva\u00e7\u00e3o da Natureza participam no projeto Europeu LIFE para habitats de \u00e1gua doce que dura de 2016 at\u00e9 2022.","robots":{"index":"index","follow":"follow","max-snippet":"max-snippet:-1","max-image-preview":"max-image-preview:large","max-video-preview":"max-video-preview:-1"},"canonical":"https:\/\/www.ekoenergy.org\/pt\/our-results\/freshabit\/","og_locale":"pt_PT","og_type":"article","og_title":"Projeto Europeu Freshabit LIFE - EKOenergy ecolabel","og_description":"A EKOenergia e a Associa\u00e7\u00e3o Finlandesa para a Conserva\u00e7\u00e3o da Natureza participam no projeto Europeu LIFE para habitats de \u00e1gua doce que dura de 2016 at\u00e9 2022.","og_url":"https:\/\/www.ekoenergy.org\/pt\/our-results\/freshabit\/","og_site_name":"EKOenergy ecolabel","article_publisher":"https:\/\/www.facebook.com\/EKOenergy.ecolabel\/","article_modified_time":"2020-05-22T17:31:58+00:00","og_image":[{"width":700,"height":507,"url":"https:\/\/www.ekoenergy.org\/wp-content\/uploads\/Featured-Hydropower-Freshabit.jpg","type":"image\/jpeg"}],"twitter_card":"summary_large_image","twitter_site":"@EKOenergy_","twitter_misc":{"Est. reading time":"2 minutes"},"schema":{"@context":"https:\/\/schema.org","@graph":[{"@type":"WebPage","@id":"https:\/\/www.ekoenergy.org\/pt\/our-results\/freshabit\/","url":"https:\/\/www.ekoenergy.org\/pt\/our-results\/freshabit\/","name":"Projeto Europeu Freshabit LIFE - EKOenergy ecolabel","isPartOf":{"@id":"https:\/\/www.ekoenergy.org\/pt\/#website"},"primaryImageOfPage":{"@id":"https:\/\/www.ekoenergy.org\/pt\/our-results\/freshabit\/#primaryimage"},"image":{"@id":"https:\/\/www.ekoenergy.org\/pt\/our-results\/freshabit\/#primaryimage"},"thumbnailUrl":"https:\/\/www.ekoenergy.org\/wp-content\/uploads\/post-River-restoration-ekoenergy-team-2019.jpg","datePublished":"2019-12-04T13:53:51+00:00","dateModified":"2020-05-22T17:31:58+00:00","description":"A EKOenergia e a Associa\u00e7\u00e3o Finlandesa para a Conserva\u00e7\u00e3o da Natureza participam no projeto Europeu LIFE para habitats de \u00e1gua doce que dura de 2016 at\u00e9 2022.","breadcrumb":{"@id":"https:\/\/www.ekoenergy.org\/pt\/our-results\/freshabit\/#breadcrumb"},"inLanguage":"pt-PT2","potentialAction":[{"@type":"ReadAction","target":["https:\/\/www.ekoenergy.org\/pt\/our-results\/freshabit\/"]}]},{"@type":"ImageObject","inLanguage":"pt-PT2","@id":"https:\/\/www.ekoenergy.org\/pt\/our-results\/freshabit\/#primaryimage","url":"https:\/\/www.ekoenergy.org\/wp-content\/uploads\/post-River-restoration-ekoenergy-team-2019.jpg","contentUrl":"https:\/\/www.ekoenergy.org\/wp-content\/uploads\/post-River-restoration-ekoenergy-team-2019.jpg","width":720,"height":540},{"@type":"BreadcrumbList","@id":"https:\/\/www.ekoenergy.org\/pt\/our-results\/freshabit\/#breadcrumb","itemListElement":[{"@type":"ListItem","position":1,"name":"Home","item":"https:\/\/www.ekoenergy.org\/pt\/"},{"@type":"ListItem","position":2,"name":"Resultados","item":"https:\/\/www.ekoenergy.org\/pt\/our-results\/"},{"@type":"ListItem","position":3,"name":"Projeto Europeu Freshabit LIFE"}]},{"@type":"WebSite","@id":"https:\/\/www.ekoenergy.org\/pt\/#website","url":"https:\/\/www.ekoenergy.org\/pt\/","name":"EKOenergy ecolabel","description":"The global nonprofit ecolabel for renewable energy","publisher":{"@id":"https:\/\/www.ekoenergy.org\/pt\/#organization"},"potentialAction":[{"@type":"SearchAction","target":{"@type":"EntryPoint","urlTemplate":"https:\/\/www.ekoenergy.org\/pt\/?s={search_term_string}"},"query-input":{"@type":"PropertyValueSpecification","valueRequired":true,"valueName":"search_term_string"}}],"inLanguage":"pt-PT2"},{"@type":"Organization","@id":"https:\/\/www.ekoenergy.org\/pt\/#organization","name":"Not-for-profit Organisation EKOenergy","url":"https:\/\/www.ekoenergy.org\/pt\/","logo":{"@type":"ImageObject","inLanguage":"pt-PT2","@id":"https:\/\/www.ekoenergy.org\/pt\/#\/schema\/logo\/image\/","url":"https:\/\/www.ekoenergy.org\/wp-content\/uploads\/logo-EKOenergy-no-text.jpg","contentUrl":"https:\/\/www.ekoenergy.org\/wp-content\/uploads\/logo-EKOenergy-no-text.jpg","width":1600,"height":1600,"caption":"Not-for-profit Organisation EKOenergy"},"image":{"@id":"https:\/\/www.ekoenergy.org\/pt\/#\/schema\/logo\/image\/"},"sameAs":["https:\/\/www.facebook.com\/EKOenergy.ecolabel\/","https:\/\/x.com\/EKOenergy_","https:\/\/www.instagram.com\/ekoenergy\/","https:\/\/www.linkedin.com\/company\/ekoenergy-ecolabel\/","https:\/\/www.youtube.com\/EKOenergy-ecolabel","https:\/\/en.wikipedia.org\/wiki\/EKOenergy"]}]}},"uagb_featured_image_src":{"full":["https:\/\/www.ekoenergy.org\/wp-content\/uploads\/post-River-restoration-ekoenergy-team-2019.jpg",720,540,false],"thumbnail":["https:\/\/www.ekoenergy.org\/wp-content\/uploads\/post-River-restoration-ekoenergy-team-2019-150x150.jpg",150,150,true],"medium":["https:\/\/www.ekoenergy.org\/wp-content\/uploads\/post-River-restoration-ekoenergy-team-2019-320x240.jpg",320,240,true],"medium_large":["https:\/\/www.ekoenergy.org\/wp-content\/uploads\/post-River-restoration-ekoenergy-team-2019.jpg",720,540,false],"large":["https:\/\/www.ekoenergy.org\/wp-content\/uploads\/post-River-restoration-ekoenergy-team-2019.jpg",720,540,false],"1536x1536":["https:\/\/www.ekoenergy.org\/wp-content\/uploads\/post-River-restoration-ekoenergy-team-2019.jpg",720,540,false],"2048x2048":["https:\/\/www.ekoenergy.org\/wp-content\/uploads\/post-River-restoration-ekoenergy-team-2019.jpg",720,540,false]},"uagb_author_info":{"display_name":"EKOenergy ecolabel","author_link":"https:\/\/www.ekoenergy.org\/pt\/author\/ekoenergy\/"},"uagb_comment_info":0,"uagb_excerpt":"Freshabit LIFE restaura os habitats de \u00e1gua doce na Finl\u00e2ndia A EKOenergia e a Associa\u00e7\u00e3o Finlandesa para a Conserva\u00e7\u00e3o da Natureza participam no projeto Europeu LIFE para habitats de \u00e1gua doce que dura de 2016 at\u00e9 2022. Mets\u00e4hallitus (O Servi\u00e7o florestal e do Parque) coordena esse projeto de grande escala. Outros parceiros incluem o Estado&hellip;","_links":{"self":[{"href":"https:\/\/www.ekoenergy.org\/pt\/wp-json\/wp\/v2\/pages\/64864","targetHints":{"allow":["GET"]}}],"collection":[{"href":"https:\/\/www.ekoenergy.org\/pt\/wp-json\/wp\/v2\/pages"}],"about":[{"href":"https:\/\/www.ekoenergy.org\/pt\/wp-json\/wp\/v2\/types\/page"}],"author":[{"embeddable":true,"href":"https:\/\/www.ekoenergy.org\/pt\/wp-json\/wp\/v2\/users\/17"}],"replies":[{"embeddable":true,"href":"https:\/\/www.ekoenergy.org\/pt\/wp-json\/wp\/v2\/comments?post=64864"}],"version-history":[{"count":3,"href":"https:\/\/www.ekoenergy.org\/pt\/wp-json\/wp\/v2\/pages\/64864\/revisions"}],"predecessor-version":[{"id":77976,"href":"https:\/\/www.ekoenergy.org\/pt\/wp-json\/wp\/v2\/pages\/64864\/revisions\/77976"}],"up":[{"embeddable":true,"href":"https:\/\/www.ekoenergy.org\/pt\/wp-json\/wp\/v2\/pages\/64871"}],"wp:featuredmedia":[{"embeddable":true,"href":"https:\/\/www.ekoenergy.org\/pt\/wp-json\/wp\/v2\/media\/87873"}],"wp:attachment":[{"href":"https:\/\/www.ekoenergy.org\/pt\/wp-json\/wp\/v2\/media?parent=64864"}],"curies":[{"name":"wp","href":"https:\/\/api.w.org\/{rel}","templated":true}]}}