{"id":64891,"date":"2019-12-04T13:41:02","date_gmt":"2019-12-04T13:41:02","guid":{"rendered":"https:\/\/www.ekoenergy.org\/power-plants\/"},"modified":"2023-08-29T15:53:19","modified_gmt":"2023-08-29T12:53:19","slug":"power-plants","status":"publish","type":"page","link":"https:\/\/www.ekoenergy.org\/pt\/ecolabel\/power-plants\/","title":{"rendered":"De onde vem EKOenergia?"},"content":{"rendered":"\n<h1 class=\"wp-block-heading\">De onde vem EKOenergia?<\/h1>\n\n\n\n<p>EKOenergia n\u00e3o certifica instala\u00e7\u00f5es de energia. Tamb\u00e9m n\u00e3o somos um r\u00f3tulo ecol\u00f3gico para produ\u00e7\u00e3o. Apenas volumes vendidos\/consumidos podem apresentar o r\u00f3tulo ecol\u00f3gico EKOenergia. <\/p>\n\n\n\n<p>Por\u00e9m, n\u00f3s temos em conta a origem da energia.<\/p>\n\n\n\n<p>Para ser vendida ou consumida como EKOenergia, a energia necessita de cumprir os nossos crit\u00e9rios de sustentabilidade. Estes crit\u00e9rios t\u00eam em conta o impacto da produ\u00e7\u00e3o na natureza. Por exemplo, apenas aceitamos energia e\u00f3lica proveniente de parques e\u00f3licos fora de \u00e1reas de biodiversidade importantes e energia hidr\u00e1ulica de instala\u00e7\u00f5es com passagens funcionais para peixes e que n\u00e3o perturbam o fluxo cont\u00ednuo. Veja um resumo dos <a href=\"https:\/\/www.ekoenergy.org\/pt\/ecolabel\/\">crit\u00e9rios de sustentabilidade de EKOenergia<\/a> aqui.<\/p>\n\n\n\n<h2 class=\"wp-block-heading\">Milhares de instala\u00e7\u00f5es pr\u00e9-aprovadas no mundo inteiro<\/h2>\n\n\n\n<p>O r\u00f3tulo ecol\u00f3gico EKOenergia est\u00e1 a ser atualmente usado em mais de 60 pa\u00edses e a <strong>energia rotulada de EKOenergia vem de milhares de instala\u00e7\u00f5es aprovadas.<\/strong> Na maioria dos casos, EKOenergia vem de instala\u00e7\u00f5es no mesmo pa\u00eds onde ocorre o consumo, ou de pa\u00edses vizinhos. A proximidade depende das prefer\u00eancias do consumidor. N\u00f3s trabalhamos em estreita colabora\u00e7\u00e3o com os nossos vendedores autorizados para atender aos requisitos ou expectativas adicionais dos seus clientes.<\/p>\n\n\n\n<p>Para informa\u00e7\u00e3o geral, pode encontrar uma quantidade limitada de instala\u00e7\u00f5es pr\u00e9-aprovadas no mapa abaixo. EKOenergia est\u00e1 dispon\u00edvel em todo o mundo e estamos felizes em receber mais consumidores a cada m\u00eas.<\/p>\n\n\n\n<p>Os vendedores autorizados de EKOenergia t\u00eam acesso ao banco de dados EKOdirect, que cont\u00e9m uma lista de instala\u00e7\u00f5es pr\u00e9-aprovadas.<\/p>\n\n\n\n<iframe id=\"footer-map\" style=\"width: 100%; height: 480px;\" src=\"https:\/\/www.google.com\/maps\/d\/u\/1\/embed?mid=1v2soqM8yXyeVY_Q31Rn98WhcLT0aVlbr\" width=\"640\" height=\"480\"><\/iframe>\n\n\n\n<p><\/p>\n","protected":false},"excerpt":{"rendered":"<p>De onde vem EKOenergia? EKOenergia n\u00e3o certifica instala\u00e7\u00f5es de energia. Tamb\u00e9m n\u00e3o somos um r\u00f3tulo ecol\u00f3gico para produ\u00e7\u00e3o. Apenas volumes vendidos\/consumidos podem apresentar o r\u00f3tulo ecol\u00f3gico EKOenergia. Por\u00e9m, n\u00f3s temos em conta a origem da energia. Para ser vendida ou consumida como EKOenergia, a energia necessita de cumprir os nossos crit\u00e9rios de sustentabilidade. Estes crit\u00e9rios [&hellip;]<\/p>\n","protected":false},"author":2,"featured_media":124680,"parent":64901,"menu_order":2,"comment_status":"closed","ping_status":"closed","template":"","meta":{"inline_featured_image":false,"_uag_custom_page_level_css":"","site-sidebar-layout":"default","site-content-layout":"default","ast-site-content-layout":"default","site-content-style":"default","site-sidebar-style":"default","ast-global-header-display":"","ast-banner-title-visibility":"","ast-main-header-display":"","ast-hfb-above-header-display":"","ast-hfb-below-header-display":"","ast-hfb-mobile-header-display":"","site-post-title":"disabled","ast-breadcrumbs-content":"","ast-featured-img":"","footer-sml-layout":"","ast-disable-related-posts":"","theme-transparent-header-meta":"default","adv-header-id-meta":"","stick-header-meta":"default","header-above-stick-meta":"","header-main-stick-meta":"","header-below-stick-meta":"","astra-migrate-meta-layouts":"default","ast-page-background-enabled":"default","ast-page-background-meta":{"desktop":{"background-color":"","background-image":"","background-repeat":"repeat","background-position":"center center","background-size":"auto","background-attachment":"scroll","background-type":"","background-media":"","overlay-type":"","overlay-color":"","overlay-opacity":"","overlay-gradient":""},"tablet":{"background-color":"","background-image":"","background-repeat":"repeat","background-position":"center center","background-size":"auto","background-attachment":"scroll","background-type":"","background-media":"","overlay-type":"","overlay-color":"","overlay-opacity":"","overlay-gradient":""},"mobile":{"background-color":"","background-image":"","background-repeat":"repeat","background-position":"center center","background-size":"auto","background-attachment":"scroll","background-type":"","background-media":"","overlay-type":"","overlay-color":"","overlay-opacity":"","overlay-gradient":""}},"ast-content-background-meta":{"desktop":{"background-color":"var(--ast-global-color-5)","background-image":"","background-repeat":"repeat","background-position":"center center","background-size":"auto","background-attachment":"scroll","background-type":"","background-media":"","overlay-type":"","overlay-color":"","overlay-opacity":"","overlay-gradient":""},"tablet":{"background-color":"var(--ast-global-color-5)","background-image":"","background-repeat":"repeat","background-position":"center center","background-size":"auto","background-attachment":"scroll","background-type":"","background-media":"","overlay-type":"","overlay-color":"","overlay-opacity":"","overlay-gradient":""},"mobile":{"background-color":"var(--ast-global-color-5)","background-image":"","background-repeat":"repeat","background-position":"center center","background-size":"auto","background-attachment":"scroll","background-type":"","background-media":"","overlay-type":"","overlay-color":"","overlay-opacity":"","overlay-gradient":""}},"footnotes":""},"class_list":["post-64891","page","type-page","status-publish","has-post-thumbnail","hentry"],"yoast_head":"<!-- This site is optimized with the Yoast SEO plugin v27.3 - https:\/\/yoast.com\/product\/yoast-seo-wordpress\/ -->\n<title>De onde vem EKOenergia? - EKOenergy ecolabel<\/title>\n<meta name=\"description\" content=\"Apenas energia proveniente de centrais el\u00e9ctricas que cumprem os nossos crit\u00e9rios de sustentabilidade pode ser vendida com o nosso r\u00f3tulo ecol\u00f3gico.\" \/>\n<meta name=\"robots\" content=\"index, follow, max-snippet:-1, max-image-preview:large, max-video-preview:-1\" \/>\n<link rel=\"canonical\" href=\"https:\/\/www.ekoenergy.org\/pt\/ecolabel\/power-plants\/\" \/>\n<meta property=\"og:locale\" content=\"pt_PT\" \/>\n<meta property=\"og:type\" content=\"article\" \/>\n<meta property=\"og:title\" content=\"De onde vem EKOenergia? - EKOenergy ecolabel\" \/>\n<meta property=\"og:description\" content=\"Apenas energia proveniente de centrais el\u00e9ctricas que cumprem os nossos crit\u00e9rios de sustentabilidade pode ser vendida com o nosso r\u00f3tulo ecol\u00f3gico.\" \/>\n<meta property=\"og:url\" content=\"https:\/\/www.ekoenergy.org\/pt\/ecolabel\/power-plants\/\" \/>\n<meta property=\"og:site_name\" content=\"EKOenergy ecolabel\" \/>\n<meta property=\"article:publisher\" content=\"https:\/\/www.facebook.com\/EKOenergy.ecolabel\/\" \/>\n<meta property=\"article:modified_time\" content=\"2023-08-29T12:53:19+00:00\" \/>\n<meta property=\"og:image\" content=\"https:\/\/www.ekoenergy.org\/wp-content\/uploads\/wind-turbines-Pixabay-distelAPPArath.jpg\" \/>\n\t<meta property=\"og:image:width\" content=\"1280\" \/>\n\t<meta property=\"og:image:height\" content=\"855\" \/>\n\t<meta property=\"og:image:type\" content=\"image\/jpeg\" \/>\n<meta name=\"twitter:card\" content=\"summary_large_image\" \/>\n<meta name=\"twitter:site\" content=\"@EKOenergy_\" \/>\n<meta name=\"twitter:label1\" content=\"Est. reading time\" \/>\n\t<meta name=\"twitter:data1\" content=\"2 minutes\" \/>\n<script type=\"application\/ld+json\" class=\"yoast-schema-graph\">{\"@context\":\"https:\\\/\\\/schema.org\",\"@graph\":[{\"@type\":\"WebPage\",\"@id\":\"https:\\\/\\\/www.ekoenergy.org\\\/pt\\\/ecolabel\\\/power-plants\\\/\",\"url\":\"https:\\\/\\\/www.ekoenergy.org\\\/pt\\\/ecolabel\\\/power-plants\\\/\",\"name\":\"De onde vem EKOenergia? - EKOenergy ecolabel\",\"isPartOf\":{\"@id\":\"https:\\\/\\\/www.ekoenergy.org\\\/pt\\\/#website\"},\"primaryImageOfPage\":{\"@id\":\"https:\\\/\\\/www.ekoenergy.org\\\/pt\\\/ecolabel\\\/power-plants\\\/#primaryimage\"},\"image\":{\"@id\":\"https:\\\/\\\/www.ekoenergy.org\\\/pt\\\/ecolabel\\\/power-plants\\\/#primaryimage\"},\"thumbnailUrl\":\"https:\\\/\\\/www.ekoenergy.org\\\/wp-content\\\/uploads\\\/wind-turbines-Pixabay-distelAPPArath.jpg\",\"datePublished\":\"2019-12-04T13:41:02+00:00\",\"dateModified\":\"2023-08-29T12:53:19+00:00\",\"description\":\"Apenas energia proveniente de centrais el\u00e9ctricas que cumprem os nossos crit\u00e9rios de sustentabilidade pode ser vendida com o nosso r\u00f3tulo ecol\u00f3gico.\",\"breadcrumb\":{\"@id\":\"https:\\\/\\\/www.ekoenergy.org\\\/pt\\\/ecolabel\\\/power-plants\\\/#breadcrumb\"},\"inLanguage\":\"pt-PT2\",\"potentialAction\":[{\"@type\":\"ReadAction\",\"target\":[\"https:\\\/\\\/www.ekoenergy.org\\\/pt\\\/ecolabel\\\/power-plants\\\/\"]}]},{\"@type\":\"ImageObject\",\"inLanguage\":\"pt-PT2\",\"@id\":\"https:\\\/\\\/www.ekoenergy.org\\\/pt\\\/ecolabel\\\/power-plants\\\/#primaryimage\",\"url\":\"https:\\\/\\\/www.ekoenergy.org\\\/wp-content\\\/uploads\\\/wind-turbines-Pixabay-distelAPPArath.jpg\",\"contentUrl\":\"https:\\\/\\\/www.ekoenergy.org\\\/wp-content\\\/uploads\\\/wind-turbines-Pixabay-distelAPPArath.jpg\",\"width\":1280,\"height\":855},{\"@type\":\"BreadcrumbList\",\"@id\":\"https:\\\/\\\/www.ekoenergy.org\\\/pt\\\/ecolabel\\\/power-plants\\\/#breadcrumb\",\"itemListElement\":[{\"@type\":\"ListItem\",\"position\":1,\"name\":\"Home\",\"item\":\"https:\\\/\\\/www.ekoenergy.org\\\/pt\\\/\"},{\"@type\":\"ListItem\",\"position\":2,\"name\":\"O nosso r\u00f3tulo ecol\u00f3gico\",\"item\":\"https:\\\/\\\/www.ekoenergy.org\\\/pt\\\/ecolabel\\\/\"},{\"@type\":\"ListItem\",\"position\":3,\"name\":\"De onde vem EKOenergia?\"}]},{\"@type\":\"WebSite\",\"@id\":\"https:\\\/\\\/www.ekoenergy.org\\\/pt\\\/#website\",\"url\":\"https:\\\/\\\/www.ekoenergy.org\\\/pt\\\/\",\"name\":\"EKOenergy ecolabel\",\"description\":\"The global nonprofit ecolabel for renewable energy\",\"publisher\":{\"@id\":\"https:\\\/\\\/www.ekoenergy.org\\\/pt\\\/#organization\"},\"potentialAction\":[{\"@type\":\"SearchAction\",\"target\":{\"@type\":\"EntryPoint\",\"urlTemplate\":\"https:\\\/\\\/www.ekoenergy.org\\\/pt\\\/?s={search_term_string}\"},\"query-input\":{\"@type\":\"PropertyValueSpecification\",\"valueRequired\":true,\"valueName\":\"search_term_string\"}}],\"inLanguage\":\"pt-PT2\"},{\"@type\":\"Organization\",\"@id\":\"https:\\\/\\\/www.ekoenergy.org\\\/pt\\\/#organization\",\"name\":\"Not-for-profit Organisation EKOenergy\",\"url\":\"https:\\\/\\\/www.ekoenergy.org\\\/pt\\\/\",\"logo\":{\"@type\":\"ImageObject\",\"inLanguage\":\"pt-PT2\",\"@id\":\"https:\\\/\\\/www.ekoenergy.org\\\/pt\\\/#\\\/schema\\\/logo\\\/image\\\/\",\"url\":\"https:\\\/\\\/www.ekoenergy.org\\\/wp-content\\\/uploads\\\/logo-EKOenergy-no-text.jpg\",\"contentUrl\":\"https:\\\/\\\/www.ekoenergy.org\\\/wp-content\\\/uploads\\\/logo-EKOenergy-no-text.jpg\",\"width\":1600,\"height\":1600,\"caption\":\"Not-for-profit Organisation EKOenergy\"},\"image\":{\"@id\":\"https:\\\/\\\/www.ekoenergy.org\\\/pt\\\/#\\\/schema\\\/logo\\\/image\\\/\"},\"sameAs\":[\"https:\\\/\\\/www.facebook.com\\\/EKOenergy.ecolabel\\\/\",\"https:\\\/\\\/x.com\\\/EKOenergy_\",\"https:\\\/\\\/www.instagram.com\\\/ekoenergy\\\/\",\"https:\\\/\\\/www.linkedin.com\\\/company\\\/ekoenergy-ecolabel\\\/\",\"https:\\\/\\\/www.youtube.com\\\/EKOenergy-ecolabel\",\"https:\\\/\\\/en.wikipedia.org\\\/wiki\\\/EKOenergy\"]}]}<\/script>\n<!-- \/ Yoast SEO plugin. -->","yoast_head_json":{"title":"De onde vem EKOenergia? - EKOenergy ecolabel","description":"Apenas energia proveniente de centrais el\u00e9ctricas que cumprem os nossos crit\u00e9rios de sustentabilidade pode ser vendida com o nosso r\u00f3tulo ecol\u00f3gico.","robots":{"index":"index","follow":"follow","max-snippet":"max-snippet:-1","max-image-preview":"max-image-preview:large","max-video-preview":"max-video-preview:-1"},"canonical":"https:\/\/www.ekoenergy.org\/pt\/ecolabel\/power-plants\/","og_locale":"pt_PT","og_type":"article","og_title":"De onde vem EKOenergia? - EKOenergy ecolabel","og_description":"Apenas energia proveniente de centrais el\u00e9ctricas que cumprem os nossos crit\u00e9rios de sustentabilidade pode ser vendida com o nosso r\u00f3tulo ecol\u00f3gico.","og_url":"https:\/\/www.ekoenergy.org\/pt\/ecolabel\/power-plants\/","og_site_name":"EKOenergy ecolabel","article_publisher":"https:\/\/www.facebook.com\/EKOenergy.ecolabel\/","article_modified_time":"2023-08-29T12:53:19+00:00","og_image":[{"width":1280,"height":855,"url":"https:\/\/www.ekoenergy.org\/wp-content\/uploads\/wind-turbines-Pixabay-distelAPPArath.jpg","type":"image\/jpeg"}],"twitter_card":"summary_large_image","twitter_site":"@EKOenergy_","twitter_misc":{"Est. reading time":"2 minutes"},"schema":{"@context":"https:\/\/schema.org","@graph":[{"@type":"WebPage","@id":"https:\/\/www.ekoenergy.org\/pt\/ecolabel\/power-plants\/","url":"https:\/\/www.ekoenergy.org\/pt\/ecolabel\/power-plants\/","name":"De onde vem EKOenergia? - EKOenergy ecolabel","isPartOf":{"@id":"https:\/\/www.ekoenergy.org\/pt\/#website"},"primaryImageOfPage":{"@id":"https:\/\/www.ekoenergy.org\/pt\/ecolabel\/power-plants\/#primaryimage"},"image":{"@id":"https:\/\/www.ekoenergy.org\/pt\/ecolabel\/power-plants\/#primaryimage"},"thumbnailUrl":"https:\/\/www.ekoenergy.org\/wp-content\/uploads\/wind-turbines-Pixabay-distelAPPArath.jpg","datePublished":"2019-12-04T13:41:02+00:00","dateModified":"2023-08-29T12:53:19+00:00","description":"Apenas energia proveniente de centrais el\u00e9ctricas que cumprem os nossos crit\u00e9rios de sustentabilidade pode ser vendida com o nosso r\u00f3tulo ecol\u00f3gico.","breadcrumb":{"@id":"https:\/\/www.ekoenergy.org\/pt\/ecolabel\/power-plants\/#breadcrumb"},"inLanguage":"pt-PT2","potentialAction":[{"@type":"ReadAction","target":["https:\/\/www.ekoenergy.org\/pt\/ecolabel\/power-plants\/"]}]},{"@type":"ImageObject","inLanguage":"pt-PT2","@id":"https:\/\/www.ekoenergy.org\/pt\/ecolabel\/power-plants\/#primaryimage","url":"https:\/\/www.ekoenergy.org\/wp-content\/uploads\/wind-turbines-Pixabay-distelAPPArath.jpg","contentUrl":"https:\/\/www.ekoenergy.org\/wp-content\/uploads\/wind-turbines-Pixabay-distelAPPArath.jpg","width":1280,"height":855},{"@type":"BreadcrumbList","@id":"https:\/\/www.ekoenergy.org\/pt\/ecolabel\/power-plants\/#breadcrumb","itemListElement":[{"@type":"ListItem","position":1,"name":"Home","item":"https:\/\/www.ekoenergy.org\/pt\/"},{"@type":"ListItem","position":2,"name":"O nosso r\u00f3tulo ecol\u00f3gico","item":"https:\/\/www.ekoenergy.org\/pt\/ecolabel\/"},{"@type":"ListItem","position":3,"name":"De onde vem EKOenergia?"}]},{"@type":"WebSite","@id":"https:\/\/www.ekoenergy.org\/pt\/#website","url":"https:\/\/www.ekoenergy.org\/pt\/","name":"EKOenergy ecolabel","description":"The global nonprofit ecolabel for renewable energy","publisher":{"@id":"https:\/\/www.ekoenergy.org\/pt\/#organization"},"potentialAction":[{"@type":"SearchAction","target":{"@type":"EntryPoint","urlTemplate":"https:\/\/www.ekoenergy.org\/pt\/?s={search_term_string}"},"query-input":{"@type":"PropertyValueSpecification","valueRequired":true,"valueName":"search_term_string"}}],"inLanguage":"pt-PT2"},{"@type":"Organization","@id":"https:\/\/www.ekoenergy.org\/pt\/#organization","name":"Not-for-profit Organisation EKOenergy","url":"https:\/\/www.ekoenergy.org\/pt\/","logo":{"@type":"ImageObject","inLanguage":"pt-PT2","@id":"https:\/\/www.ekoenergy.org\/pt\/#\/schema\/logo\/image\/","url":"https:\/\/www.ekoenergy.org\/wp-content\/uploads\/logo-EKOenergy-no-text.jpg","contentUrl":"https:\/\/www.ekoenergy.org\/wp-content\/uploads\/logo-EKOenergy-no-text.jpg","width":1600,"height":1600,"caption":"Not-for-profit Organisation EKOenergy"},"image":{"@id":"https:\/\/www.ekoenergy.org\/pt\/#\/schema\/logo\/image\/"},"sameAs":["https:\/\/www.facebook.com\/EKOenergy.ecolabel\/","https:\/\/x.com\/EKOenergy_","https:\/\/www.instagram.com\/ekoenergy\/","https:\/\/www.linkedin.com\/company\/ekoenergy-ecolabel\/","https:\/\/www.youtube.com\/EKOenergy-ecolabel","https:\/\/en.wikipedia.org\/wiki\/EKOenergy"]}]}},"uagb_featured_image_src":{"full":["https:\/\/www.ekoenergy.org\/wp-content\/uploads\/wind-turbines-Pixabay-distelAPPArath.jpg",1280,855,false],"thumbnail":["https:\/\/www.ekoenergy.org\/wp-content\/uploads\/wind-turbines-Pixabay-distelAPPArath-150x150.jpg",150,150,true],"medium":["https:\/\/www.ekoenergy.org\/wp-content\/uploads\/wind-turbines-Pixabay-distelAPPArath-320x214.jpg",320,214,true],"medium_large":["https:\/\/www.ekoenergy.org\/wp-content\/uploads\/wind-turbines-Pixabay-distelAPPArath-768x513.jpg",768,513,true],"large":["https:\/\/www.ekoenergy.org\/wp-content\/uploads\/wind-turbines-Pixabay-distelAPPArath-1024x684.jpg",1024,684,true],"1536x1536":["https:\/\/www.ekoenergy.org\/wp-content\/uploads\/wind-turbines-Pixabay-distelAPPArath.jpg",1280,855,false],"2048x2048":["https:\/\/www.ekoenergy.org\/wp-content\/uploads\/wind-turbines-Pixabay-distelAPPArath.jpg",1280,855,false]},"uagb_author_info":{"display_name":"Steven Vanholme","author_link":"https:\/\/www.ekoenergy.org\/pt\/author\/svanholme\/"},"uagb_comment_info":0,"uagb_excerpt":"De onde vem EKOenergia? EKOenergia n\u00e3o certifica instala\u00e7\u00f5es de energia. Tamb\u00e9m n\u00e3o somos um r\u00f3tulo ecol\u00f3gico para produ\u00e7\u00e3o. Apenas volumes vendidos\/consumidos podem apresentar o r\u00f3tulo ecol\u00f3gico EKOenergia. Por\u00e9m, n\u00f3s temos em conta a origem da energia. Para ser vendida ou consumida como EKOenergia, a energia necessita de cumprir os nossos crit\u00e9rios de sustentabilidade. Estes crit\u00e9rios&hellip;","_links":{"self":[{"href":"https:\/\/www.ekoenergy.org\/pt\/wp-json\/wp\/v2\/pages\/64891","targetHints":{"allow":["GET"]}}],"collection":[{"href":"https:\/\/www.ekoenergy.org\/pt\/wp-json\/wp\/v2\/pages"}],"about":[{"href":"https:\/\/www.ekoenergy.org\/pt\/wp-json\/wp\/v2\/types\/page"}],"author":[{"embeddable":true,"href":"https:\/\/www.ekoenergy.org\/pt\/wp-json\/wp\/v2\/users\/2"}],"replies":[{"embeddable":true,"href":"https:\/\/www.ekoenergy.org\/pt\/wp-json\/wp\/v2\/comments?post=64891"}],"version-history":[{"count":2,"href":"https:\/\/www.ekoenergy.org\/pt\/wp-json\/wp\/v2\/pages\/64891\/revisions"}],"predecessor-version":[{"id":150355,"href":"https:\/\/www.ekoenergy.org\/pt\/wp-json\/wp\/v2\/pages\/64891\/revisions\/150355"}],"up":[{"embeddable":true,"href":"https:\/\/www.ekoenergy.org\/pt\/wp-json\/wp\/v2\/pages\/64901"}],"wp:featuredmedia":[{"embeddable":true,"href":"https:\/\/www.ekoenergy.org\/pt\/wp-json\/wp\/v2\/media\/124680"}],"wp:attachment":[{"href":"https:\/\/www.ekoenergy.org\/pt\/wp-json\/wp\/v2\/media?parent=64891"}],"curies":[{"name":"wp","href":"https:\/\/api.w.org\/{rel}","templated":true}]}}