{"id":64894,"date":"2019-12-04T13:39:18","date_gmt":"2019-12-04T13:39:18","guid":{"rendered":"https:\/\/www.ekoenergy.org\/criteria\/on-site-installations\/"},"modified":"2023-03-30T13:07:06","modified_gmt":"2023-03-30T10:07:06","slug":"on-site-installations","status":"publish","type":"page","link":"https:\/\/www.ekoenergy.org\/pt\/ecolabel\/criteria\/on-site-installations\/","title":{"rendered":"Instala\u00e7\u00f5es locais e PPAs"},"content":{"rendered":"\n<h1 class=\"wp-block-heading\">EKOenergia de instala\u00e7\u00f5es locais e PPAs<\/h1>\n\n\n\n<p>Energia renov\u00e1vel pode ter o r\u00f3tulo ecol\u00f3gico EKOenergia quando os crit\u00e9rios desta s\u00e3o cumpridos, independentemente da forma como a energia \u00e9 comprada ou adquirida. <\/p>\n\n\n\n<p>N\u00f3s notamos um interesse crescente por parte dos consumidores em utilizar o nosso r\u00f3tulo ecol\u00f3gico para energia renov\u00e1vel que eles compram atrav\u00e9s de um acordo ou contrato de compra e venda de energia (<em>Power Purchase Agreements<\/em> &#8211; PPAs) ou que eles produzem no local (<em>on-site<\/em>). Daqui em diante, delineamos as condi\u00e7\u00f5es necess\u00e1rias para usar o nosso r\u00f3tulo nestas fontes de energia.<\/p>\n\n\n\n<p>Consumidores que est\u00e3o a considerar usar o nome e log\u00f3tipo de EKOenergia nas suas comunica\u00e7\u00f5es podem encontrar mais informa\u00e7\u00f5es na nossa p\u00e1gina <a href=\"https:\/\/www.ekoenergy.org\/pt\/extras\/logo\/\">o nosso log\u00f3tipo nas suas comunica\u00e7\u00f5es<\/a>. Em particular, n\u00f3s recomendamos a leitura do <a href=\"https:\/\/www.ekoenergy.org\/wp-content\/uploads\/EKOenergy_Brand_book_english.pdf\">manual da marca <\/a>de EKOenergia.<\/p>\n\n\n\n<h2 class=\"wp-block-heading\">Power Purchase Agreements (PPAs)<\/h2>\n\n\n\n<p>Energia renov\u00e1vel adquirida atrav\u00e9s de um contrato PPA pode ser rotulada de EKOenergia sob as seguintes condi\u00e7\u00f5es:<\/p>\n\n\n\n<ul class=\"wp-block-list\">\n<li>Pelo menos uma das partes contratuais diretamente envolvidas (fornecedor de energia, prestador de servi\u00e7os, empresa de instala\u00e7\u00e3o, consumidor, etc) necessita de ter assinado o <a href=\"https:\/\/www.ekoenergy.org\/pt\/ecolabel\/how-to-sell-ekoenergy\/agreement\/\">Acordo de EKOenergia.<\/a><\/li>\n\n\n\n<li>Todas as obriga\u00e7\u00f5es descritas no Acordo de EKOenergia e nos crit\u00e9rios de EKOenergia foram cumpridas. Estas incluem a nomea\u00e7\u00e3o de uma pessoa de contacto, o pagamento da contribui\u00e7\u00e3o para EKOenergia (0,08\u20ac\/MWh) e da contribui\u00e7\u00e3o para o nosso <a href=\"https:\/\/www.ekoenergy.org\/pt\/our-results\/climate-fund\/\">Fundo Clim\u00e1tico<\/a> (0,10\u20ac\/MWh). Para energia hedroel\u00e9trica, um extra de 0.10 \u20ac\/MWh precisa de ser pago ao <a href=\"https:\/\/www.ekoenergy.org\/pt\/our-results\/environmental-fund\/\">Fundo Ambiental<\/a> de EKOenergia. Veja as nossas p\u00e1ginas sobre <a href=\"https:\/\/www.ekoenergy.org\/pt\/ecolabel\/criteria\/electricity\/\">eletricidade<\/a>, <a href=\"https:\/\/www.ekoenergy.org\/pt\/ecolabel\/criteria\/ekoenergy-gas\/\">g\u00e1s<\/a> e <a href=\"https:\/\/www.ekoenergy.org\/pt\/ecolabel\/criteria\/renewable-heat\/\">calor<\/a> para mais informa\u00e7\u00e3o.<\/li>\n<\/ul>\n\n\n\n<h2 class=\"wp-block-heading\">O r\u00f3tulo ecol\u00f3gico EKOenergia para energia de instala\u00e7\u00f5es locais<\/h2>\n\n\n\n<figure class=\"wp-block-image alignright size-medium\"><img fetchpriority=\"high\" decoding=\"async\" width=\"320\" height=\"240\" src=\"https:\/\/www.ekoenergy.org\/wp-content\/uploads\/\/espartinas-panels-320x240.jpg\" alt=\"The solar panels installed for the municipality of Espartinas\" class=\"wp-image-98176\" srcset=\"https:\/\/www.ekoenergy.org\/wp-content\/uploads\/espartinas-panels-320x240.jpg 320w, https:\/\/www.ekoenergy.org\/wp-content\/uploads\/espartinas-panels-1024x768.jpg 1024w, https:\/\/www.ekoenergy.org\/wp-content\/uploads\/espartinas-panels-768x576.jpg 768w, https:\/\/www.ekoenergy.org\/wp-content\/uploads\/espartinas-panels-1536x1152.jpg 1536w, https:\/\/www.ekoenergy.org\/wp-content\/uploads\/espartinas-panels.jpg 1600w\" sizes=\"(max-width: 320px) 100vw, 320px\" \/><\/figure>\n\n\n\n<p>A energia produzida no local, com pain\u00e9is fotovoltaicos na cobertura, pode ter o r\u00f3tulo ecol\u00f3gico EKOenergia. <\/p>\n\n\n\n<p>Ao adicionar o r\u00f3tulo EKOenergia aos quilowatts-hora produzidos e consumidos no local, os consumidores<\/p>\n\n\n\n<ul class=\"wp-block-list\">\n<li>mostram que pensam globalmente &amp; agem localmente,<\/li>\n\n\n\n<li>ajudam-nos a promover o uso de energia renov\u00e1vel no mundo todo,<\/li>\n\n\n\n<li>contribuem para o financiamento de energia solar fora da rede de distribui\u00e7\u00e3o em pa\u00edses em desenvolvimento,<\/li>\n\n\n\n<li>podem utilizar o nosso log\u00f3tipo reconhecido internacionalmente nas suas comunica\u00e7\u00f5es.<\/li>\n<\/ul>\n\n\n\n<p>Para mais informa\u00e7\u00f5es sobre o uso do log\u00f3tipo nas suas comunica\u00e7\u00f5es, consulte o <a href=\"https:\/\/www.ekoenergy.org\/wp-content\/uploads\/EKOenergy_Brand_book_english.pdf\">manual da marca de EKOenergia.<\/a><\/p>\n\n\n\n<h3 class=\"wp-block-heading\">Regras gerais para adicionar o nosso log\u00f3tipo \u00e0 energia produzida no local<\/h3>\n\n\n\n<ul class=\"wp-block-list\">\n<li>Os nossos <a href=\"https:\/\/www.ekoenergy.org\/pt\/ecolabel\/\">crit\u00e9rios de sustentabilidade<\/a> devem ser cumpridos. Para energia solar no local, tal significa que a instala\u00e7\u00e3o \u00e9 na cobertura ou localizada fora de \u00e1reas naturais importantes. Veja as nossas p\u00e1ginas sobre <a href=\"https:\/\/www.ekoenergy.org\/pt\/ecolabel\/criteria\/electricity\/\">eletricidade<\/a>, <a href=\"https:\/\/www.ekoenergy.org\/pt\/ecolabel\/criteria\/ekoenergy-gas\/\">g\u00e1s<\/a> e <a href=\"https:\/\/www.ekoenergy.org\/pt\/ecolabel\/criteria\/renewable-heat\/\">calor<\/a> para mais informa\u00e7\u00e3o.<\/li>\n\n\n\n<li>Se os consumidores usarem anualmente menos de 200 MWh de eletricidade produzida no local, eles devem informar o <a href=\"https:\/\/www.ekoenergy.org\/about-us\/contact-us\/\">Secretariado de EKOenergia<\/a> para usar o nome e o log\u00f3tipo de EKOenergia. N\u00e3o h\u00e1 nenhum custo adicional, mas \u00e9 necess\u00e1rio entrar em contacto com o Secretariado de EKOenergia com anteced\u00eancia e um pagamento volunt\u00e1rio ao nosso <a href=\"https:\/\/www.ekoenergy.org\/pt\/our-results\/climate-fund\/\">Fundo Clim\u00e1tico<\/a> \u00e9 altamente recomendado \u2013 pois ajuda a financiar projetos de energia renov\u00e1vel nos pa\u00edses em desenvolvimento. <\/li>\n\n\n\n<li>Se o consumidor usar anualmente mais de 200 MWh de eletricidade produzida no local, o usu\u00e1rio deve fazer uma contribui\u00e7\u00e3o m\u00ednima de 0,10 \u20ac\/MWh para o Fundo Clim\u00e1tico de EKOenergia. No caso da energia hidroel\u00e9trica, uma contribui\u00e7\u00e3o adicional de 0,10 \u20ac\/MWh tem de ser feita para o nosso&nbsp;<a href=\"https:\/\/www.ekoenergy.org\/pt\/our-results\/environmental-fund\/\">Fundo Ambiental<\/a>.<\/li>\n\n\n\n<li>Se o consumo anual de eletricidade produzida no local for superior a 1000 MWh, o usu\u00e1rio deve assinar o nosso <a href=\"https:\/\/www.ekoenergy.org\/pt\/ecolabel\/how-to-sell-ekoenergy\/agreement\/\">Acordo de EKOenergia<\/a> ou envolver um vendedor autorizado de EKOenergia. Neste caso, uma contribui\u00e7\u00e3o de 0,08 \u20ac de taxa de EKOenergia deve ser paga por MWh, al\u00e9m da contribui\u00e7\u00e3o de 0,10 \u20ac por MWh para o Fundo Clim\u00e1tico de EKOenergia. (Um adicional de 0,10 \u20ac por MWh ao nosso Fundo Ambiental, no caso de energia hidroel\u00e9trica.)<\/li>\n<\/ul>\n\n\n\n<p>Os vendedores ou fornecedores de servi\u00e7os de EKOenergia autorizados podem representar v\u00e1rios usu\u00e1rios de energia produzida no local, servir como um ponto de contacto entre eles e o Secretariado de EKOenergia, compilar provas dos volumes produzidos e consumidos e coletar os pagamentos supramencionados. Neste caso, as contribui\u00e7\u00f5es devem ser pagas pelo volume total dos consumidores representados pela entidade autorizada, o que significa que volumes menores tamb\u00e9m ser\u00e3o combinados e considerados como um todo.<\/p>\n\n\n\n<h3 class=\"wp-block-heading\">Se a instala\u00e7\u00e3o no local estiver conectada \u00e0 rede, os seguintes requisitos adicionais se aplicam:<\/h3>\n\n\n\n<ul class=\"wp-block-list\">\n<li>Se o consumidor n\u00e3o trabalha com um agregador ou prestador de servi\u00e7os autorizado, o utilizador deve ter um contrato de eletricidade com o r\u00f3tulo EKOenergia para o local onde se encontra a instala\u00e7\u00e3o de energia renov\u00e1vel, sempre que tal seja uma op\u00e7\u00e3o.<\/li>\n\n\n\n<li>Nenhum Certificado de Atributo de Energia (por exemplo, Garantias de Origem) pode ser emitido para volumes que s\u00e3o usados \u200b\u200bno local. Se tais certificados tiverem sido emitidos, eles necessitam de ser redimidos em nome do consumidor para cobrir o consumo no local. Isto \u00e9 necess\u00e1rio para evitar a possibilidade de dupla contagem.<\/li>\n\n\n\n<li>Se o sistema conectado \u00e0 rede tiver um medidor de contagem regressiva (<em>net metering<\/em>), o r\u00f3tulo ecol\u00f3gico EKOenergia n\u00e3o pode ser usado para a eletricidade que foi adicionada \u00e0 rede, a menos que o propriet\u00e1rio possa provar que ningu\u00e9m emitiu nenhum Certificado de Atributo de Energia para essa produ\u00e7\u00e3o, ou que esses certificados de rastreio foram redimidos em nome do consumidor.<\/li>\n<\/ul>\n","protected":false},"excerpt":{"rendered":"<p>EKOenergia de instala\u00e7\u00f5es locais e PPAs Energia renov\u00e1vel pode ter o r\u00f3tulo ecol\u00f3gico EKOenergia quando os crit\u00e9rios desta s\u00e3o cumpridos, independentemente da forma como a energia \u00e9 comprada ou adquirida. N\u00f3s notamos um interesse crescente por parte dos consumidores em utilizar o nosso r\u00f3tulo ecol\u00f3gico para energia renov\u00e1vel que eles compram atrav\u00e9s de um acordo [&hellip;]<\/p>\n","protected":false},"author":17,"featured_media":98176,"parent":64840,"menu_order":5,"comment_status":"closed","ping_status":"closed","template":"","meta":{"inline_featured_image":false,"_uag_custom_page_level_css":"","site-sidebar-layout":"default","site-content-layout":"default","ast-site-content-layout":"default","site-content-style":"default","site-sidebar-style":"default","ast-global-header-display":"","ast-banner-title-visibility":"","ast-main-header-display":"","ast-hfb-above-header-display":"","ast-hfb-below-header-display":"","ast-hfb-mobile-header-display":"","site-post-title":"disabled","ast-breadcrumbs-content":"","ast-featured-img":"","footer-sml-layout":"","ast-disable-related-posts":"","theme-transparent-header-meta":"default","adv-header-id-meta":"","stick-header-meta":"default","header-above-stick-meta":"","header-main-stick-meta":"","header-below-stick-meta":"","astra-migrate-meta-layouts":"default","ast-page-background-enabled":"default","ast-page-background-meta":{"desktop":{"background-color":"","background-image":"","background-repeat":"repeat","background-position":"center center","background-size":"auto","background-attachment":"scroll","background-type":"","background-media":"","overlay-type":"","overlay-color":"","overlay-opacity":"","overlay-gradient":""},"tablet":{"background-color":"","background-image":"","background-repeat":"repeat","background-position":"center center","background-size":"auto","background-attachment":"scroll","background-type":"","background-media":"","overlay-type":"","overlay-color":"","overlay-opacity":"","overlay-gradient":""},"mobile":{"background-color":"","background-image":"","background-repeat":"repeat","background-position":"center center","background-size":"auto","background-attachment":"scroll","background-type":"","background-media":"","overlay-type":"","overlay-color":"","overlay-opacity":"","overlay-gradient":""}},"ast-content-background-meta":{"desktop":{"background-color":"var(--ast-global-color-5)","background-image":"","background-repeat":"repeat","background-position":"center center","background-size":"auto","background-attachment":"scroll","background-type":"","background-media":"","overlay-type":"","overlay-color":"","overlay-opacity":"","overlay-gradient":""},"tablet":{"background-color":"var(--ast-global-color-5)","background-image":"","background-repeat":"repeat","background-position":"center center","background-size":"auto","background-attachment":"scroll","background-type":"","background-media":"","overlay-type":"","overlay-color":"","overlay-opacity":"","overlay-gradient":""},"mobile":{"background-color":"var(--ast-global-color-5)","background-image":"","background-repeat":"repeat","background-position":"center center","background-size":"auto","background-attachment":"scroll","background-type":"","background-media":"","overlay-type":"","overlay-color":"","overlay-opacity":"","overlay-gradient":""}},"footnotes":""},"class_list":["post-64894","page","type-page","status-publish","has-post-thumbnail","hentry"],"yoast_head":"<!-- This site is optimized with the Yoast SEO plugin v27.5 - https:\/\/yoast.com\/product\/yoast-seo-wordpress\/ -->\n<title>Instala\u00e7\u00f5es locais e PPAs - EKOenergy ecolabel<\/title>\n<meta name=\"description\" content=\"O r\u00f3tulo ecol\u00f3gico EKOenergia pode tamb\u00e9m ser usado para energia renov\u00e1vel de Power Purchase Agreements e instala\u00e7\u00f5es no local.\" \/>\n<meta name=\"robots\" content=\"index, follow, max-snippet:-1, max-image-preview:large, max-video-preview:-1\" \/>\n<link rel=\"canonical\" href=\"https:\/\/www.ekoenergy.org\/pt\/ecolabel\/criteria\/on-site-installations\/\" \/>\n<meta property=\"og:locale\" content=\"pt_PT\" \/>\n<meta property=\"og:type\" content=\"article\" \/>\n<meta property=\"og:title\" content=\"Instala\u00e7\u00f5es locais e PPAs - EKOenergy ecolabel\" \/>\n<meta property=\"og:description\" content=\"O r\u00f3tulo ecol\u00f3gico EKOenergia pode tamb\u00e9m ser usado para energia renov\u00e1vel de Power Purchase Agreements e instala\u00e7\u00f5es no local.\" \/>\n<meta property=\"og:url\" content=\"https:\/\/www.ekoenergy.org\/pt\/ecolabel\/criteria\/on-site-installations\/\" \/>\n<meta property=\"og:site_name\" content=\"EKOenergy ecolabel\" \/>\n<meta property=\"article:publisher\" content=\"https:\/\/www.facebook.com\/EKOenergy.ecolabel\/\" \/>\n<meta property=\"article:modified_time\" content=\"2023-03-30T10:07:06+00:00\" \/>\n<meta property=\"og:image\" content=\"https:\/\/www.ekoenergy.org\/wp-content\/uploads\/espartinas-panels.jpg\" \/>\n\t<meta property=\"og:image:width\" content=\"1600\" \/>\n\t<meta property=\"og:image:height\" content=\"1200\" \/>\n\t<meta property=\"og:image:type\" content=\"image\/jpeg\" \/>\n<meta name=\"twitter:card\" content=\"summary_large_image\" \/>\n<meta name=\"twitter:site\" content=\"@EKOenergy_\" \/>\n<meta name=\"twitter:label1\" content=\"Est. reading time\" \/>\n\t<meta name=\"twitter:data1\" content=\"4 minutes\" \/>\n<script type=\"application\/ld+json\" class=\"yoast-schema-graph\">{\"@context\":\"https:\\\/\\\/schema.org\",\"@graph\":[{\"@type\":\"WebPage\",\"@id\":\"https:\\\/\\\/www.ekoenergy.org\\\/pt\\\/ecolabel\\\/criteria\\\/on-site-installations\\\/\",\"url\":\"https:\\\/\\\/www.ekoenergy.org\\\/pt\\\/ecolabel\\\/criteria\\\/on-site-installations\\\/\",\"name\":\"Instala\u00e7\u00f5es locais e PPAs - EKOenergy ecolabel\",\"isPartOf\":{\"@id\":\"https:\\\/\\\/www.ekoenergy.org\\\/pt\\\/#website\"},\"primaryImageOfPage\":{\"@id\":\"https:\\\/\\\/www.ekoenergy.org\\\/pt\\\/ecolabel\\\/criteria\\\/on-site-installations\\\/#primaryimage\"},\"image\":{\"@id\":\"https:\\\/\\\/www.ekoenergy.org\\\/pt\\\/ecolabel\\\/criteria\\\/on-site-installations\\\/#primaryimage\"},\"thumbnailUrl\":\"https:\\\/\\\/www.ekoenergy.org\\\/wp-content\\\/uploads\\\/espartinas-panels.jpg\",\"datePublished\":\"2019-12-04T13:39:18+00:00\",\"dateModified\":\"2023-03-30T10:07:06+00:00\",\"description\":\"O r\u00f3tulo ecol\u00f3gico EKOenergia pode tamb\u00e9m ser usado para energia renov\u00e1vel de Power Purchase Agreements e instala\u00e7\u00f5es no local.\",\"breadcrumb\":{\"@id\":\"https:\\\/\\\/www.ekoenergy.org\\\/pt\\\/ecolabel\\\/criteria\\\/on-site-installations\\\/#breadcrumb\"},\"inLanguage\":\"pt-PT2\",\"potentialAction\":[{\"@type\":\"ReadAction\",\"target\":[\"https:\\\/\\\/www.ekoenergy.org\\\/pt\\\/ecolabel\\\/criteria\\\/on-site-installations\\\/\"]}]},{\"@type\":\"ImageObject\",\"inLanguage\":\"pt-PT2\",\"@id\":\"https:\\\/\\\/www.ekoenergy.org\\\/pt\\\/ecolabel\\\/criteria\\\/on-site-installations\\\/#primaryimage\",\"url\":\"https:\\\/\\\/www.ekoenergy.org\\\/wp-content\\\/uploads\\\/espartinas-panels.jpg\",\"contentUrl\":\"https:\\\/\\\/www.ekoenergy.org\\\/wp-content\\\/uploads\\\/espartinas-panels.jpg\",\"width\":1600,\"height\":1200,\"caption\":\"The solar panels installed for the municipality of Espartinas\"},{\"@type\":\"BreadcrumbList\",\"@id\":\"https:\\\/\\\/www.ekoenergy.org\\\/pt\\\/ecolabel\\\/criteria\\\/on-site-installations\\\/#breadcrumb\",\"itemListElement\":[{\"@type\":\"ListItem\",\"position\":1,\"name\":\"Home\",\"item\":\"https:\\\/\\\/www.ekoenergy.org\\\/pt\\\/\"},{\"@type\":\"ListItem\",\"position\":2,\"name\":\"O nosso r\u00f3tulo ecol\u00f3gico\",\"item\":\"https:\\\/\\\/www.ekoenergy.org\\\/pt\\\/ecolabel\\\/\"},{\"@type\":\"ListItem\",\"position\":3,\"name\":\"Crit\u00e9rios de EKOenergia\",\"item\":\"https:\\\/\\\/www.ekoenergy.org\\\/pt\\\/ecolabel\\\/criteria\\\/\"},{\"@type\":\"ListItem\",\"position\":4,\"name\":\"Instala\u00e7\u00f5es locais e PPAs\"}]},{\"@type\":\"WebSite\",\"@id\":\"https:\\\/\\\/www.ekoenergy.org\\\/pt\\\/#website\",\"url\":\"https:\\\/\\\/www.ekoenergy.org\\\/pt\\\/\",\"name\":\"EKOenergy ecolabel\",\"description\":\"The global nonprofit ecolabel for renewable energy\",\"publisher\":{\"@id\":\"https:\\\/\\\/www.ekoenergy.org\\\/pt\\\/#organization\"},\"potentialAction\":[{\"@type\":\"SearchAction\",\"target\":{\"@type\":\"EntryPoint\",\"urlTemplate\":\"https:\\\/\\\/www.ekoenergy.org\\\/pt\\\/?s={search_term_string}\"},\"query-input\":{\"@type\":\"PropertyValueSpecification\",\"valueRequired\":true,\"valueName\":\"search_term_string\"}}],\"inLanguage\":\"pt-PT2\"},{\"@type\":\"Organization\",\"@id\":\"https:\\\/\\\/www.ekoenergy.org\\\/pt\\\/#organization\",\"name\":\"Not-for-profit Organisation EKOenergy\",\"url\":\"https:\\\/\\\/www.ekoenergy.org\\\/pt\\\/\",\"logo\":{\"@type\":\"ImageObject\",\"inLanguage\":\"pt-PT2\",\"@id\":\"https:\\\/\\\/www.ekoenergy.org\\\/pt\\\/#\\\/schema\\\/logo\\\/image\\\/\",\"url\":\"https:\\\/\\\/www.ekoenergy.org\\\/wp-content\\\/uploads\\\/logo-EKOenergy-no-text.jpg\",\"contentUrl\":\"https:\\\/\\\/www.ekoenergy.org\\\/wp-content\\\/uploads\\\/logo-EKOenergy-no-text.jpg\",\"width\":1600,\"height\":1600,\"caption\":\"Not-for-profit Organisation EKOenergy\"},\"image\":{\"@id\":\"https:\\\/\\\/www.ekoenergy.org\\\/pt\\\/#\\\/schema\\\/logo\\\/image\\\/\"},\"sameAs\":[\"https:\\\/\\\/www.facebook.com\\\/EKOenergy.ecolabel\\\/\",\"https:\\\/\\\/x.com\\\/EKOenergy_\",\"https:\\\/\\\/www.instagram.com\\\/ekoenergy\\\/\",\"https:\\\/\\\/www.linkedin.com\\\/company\\\/ekoenergy-ecolabel\\\/\",\"https:\\\/\\\/www.youtube.com\\\/EKOenergy-ecolabel\",\"https:\\\/\\\/en.wikipedia.org\\\/wiki\\\/EKOenergy\"]}]}<\/script>\n<!-- \/ Yoast SEO plugin. -->","yoast_head_json":{"title":"Instala\u00e7\u00f5es locais e PPAs - EKOenergy ecolabel","description":"O r\u00f3tulo ecol\u00f3gico EKOenergia pode tamb\u00e9m ser usado para energia renov\u00e1vel de Power Purchase Agreements e instala\u00e7\u00f5es no local.","robots":{"index":"index","follow":"follow","max-snippet":"max-snippet:-1","max-image-preview":"max-image-preview:large","max-video-preview":"max-video-preview:-1"},"canonical":"https:\/\/www.ekoenergy.org\/pt\/ecolabel\/criteria\/on-site-installations\/","og_locale":"pt_PT","og_type":"article","og_title":"Instala\u00e7\u00f5es locais e PPAs - EKOenergy ecolabel","og_description":"O r\u00f3tulo ecol\u00f3gico EKOenergia pode tamb\u00e9m ser usado para energia renov\u00e1vel de Power Purchase Agreements e instala\u00e7\u00f5es no local.","og_url":"https:\/\/www.ekoenergy.org\/pt\/ecolabel\/criteria\/on-site-installations\/","og_site_name":"EKOenergy ecolabel","article_publisher":"https:\/\/www.facebook.com\/EKOenergy.ecolabel\/","article_modified_time":"2023-03-30T10:07:06+00:00","og_image":[{"width":1600,"height":1200,"url":"https:\/\/www.ekoenergy.org\/wp-content\/uploads\/espartinas-panels.jpg","type":"image\/jpeg"}],"twitter_card":"summary_large_image","twitter_site":"@EKOenergy_","twitter_misc":{"Est. reading time":"4 minutes"},"schema":{"@context":"https:\/\/schema.org","@graph":[{"@type":"WebPage","@id":"https:\/\/www.ekoenergy.org\/pt\/ecolabel\/criteria\/on-site-installations\/","url":"https:\/\/www.ekoenergy.org\/pt\/ecolabel\/criteria\/on-site-installations\/","name":"Instala\u00e7\u00f5es locais e PPAs - EKOenergy ecolabel","isPartOf":{"@id":"https:\/\/www.ekoenergy.org\/pt\/#website"},"primaryImageOfPage":{"@id":"https:\/\/www.ekoenergy.org\/pt\/ecolabel\/criteria\/on-site-installations\/#primaryimage"},"image":{"@id":"https:\/\/www.ekoenergy.org\/pt\/ecolabel\/criteria\/on-site-installations\/#primaryimage"},"thumbnailUrl":"https:\/\/www.ekoenergy.org\/wp-content\/uploads\/espartinas-panels.jpg","datePublished":"2019-12-04T13:39:18+00:00","dateModified":"2023-03-30T10:07:06+00:00","description":"O r\u00f3tulo ecol\u00f3gico EKOenergia pode tamb\u00e9m ser usado para energia renov\u00e1vel de Power Purchase Agreements e instala\u00e7\u00f5es no local.","breadcrumb":{"@id":"https:\/\/www.ekoenergy.org\/pt\/ecolabel\/criteria\/on-site-installations\/#breadcrumb"},"inLanguage":"pt-PT2","potentialAction":[{"@type":"ReadAction","target":["https:\/\/www.ekoenergy.org\/pt\/ecolabel\/criteria\/on-site-installations\/"]}]},{"@type":"ImageObject","inLanguage":"pt-PT2","@id":"https:\/\/www.ekoenergy.org\/pt\/ecolabel\/criteria\/on-site-installations\/#primaryimage","url":"https:\/\/www.ekoenergy.org\/wp-content\/uploads\/espartinas-panels.jpg","contentUrl":"https:\/\/www.ekoenergy.org\/wp-content\/uploads\/espartinas-panels.jpg","width":1600,"height":1200,"caption":"The solar panels installed for the municipality of Espartinas"},{"@type":"BreadcrumbList","@id":"https:\/\/www.ekoenergy.org\/pt\/ecolabel\/criteria\/on-site-installations\/#breadcrumb","itemListElement":[{"@type":"ListItem","position":1,"name":"Home","item":"https:\/\/www.ekoenergy.org\/pt\/"},{"@type":"ListItem","position":2,"name":"O nosso r\u00f3tulo ecol\u00f3gico","item":"https:\/\/www.ekoenergy.org\/pt\/ecolabel\/"},{"@type":"ListItem","position":3,"name":"Crit\u00e9rios de EKOenergia","item":"https:\/\/www.ekoenergy.org\/pt\/ecolabel\/criteria\/"},{"@type":"ListItem","position":4,"name":"Instala\u00e7\u00f5es locais e PPAs"}]},{"@type":"WebSite","@id":"https:\/\/www.ekoenergy.org\/pt\/#website","url":"https:\/\/www.ekoenergy.org\/pt\/","name":"EKOenergy ecolabel","description":"The global nonprofit ecolabel for renewable energy","publisher":{"@id":"https:\/\/www.ekoenergy.org\/pt\/#organization"},"potentialAction":[{"@type":"SearchAction","target":{"@type":"EntryPoint","urlTemplate":"https:\/\/www.ekoenergy.org\/pt\/?s={search_term_string}"},"query-input":{"@type":"PropertyValueSpecification","valueRequired":true,"valueName":"search_term_string"}}],"inLanguage":"pt-PT2"},{"@type":"Organization","@id":"https:\/\/www.ekoenergy.org\/pt\/#organization","name":"Not-for-profit Organisation EKOenergy","url":"https:\/\/www.ekoenergy.org\/pt\/","logo":{"@type":"ImageObject","inLanguage":"pt-PT2","@id":"https:\/\/www.ekoenergy.org\/pt\/#\/schema\/logo\/image\/","url":"https:\/\/www.ekoenergy.org\/wp-content\/uploads\/logo-EKOenergy-no-text.jpg","contentUrl":"https:\/\/www.ekoenergy.org\/wp-content\/uploads\/logo-EKOenergy-no-text.jpg","width":1600,"height":1600,"caption":"Not-for-profit Organisation EKOenergy"},"image":{"@id":"https:\/\/www.ekoenergy.org\/pt\/#\/schema\/logo\/image\/"},"sameAs":["https:\/\/www.facebook.com\/EKOenergy.ecolabel\/","https:\/\/x.com\/EKOenergy_","https:\/\/www.instagram.com\/ekoenergy\/","https:\/\/www.linkedin.com\/company\/ekoenergy-ecolabel\/","https:\/\/www.youtube.com\/EKOenergy-ecolabel","https:\/\/en.wikipedia.org\/wiki\/EKOenergy"]}]}},"uagb_featured_image_src":{"full":["https:\/\/www.ekoenergy.org\/wp-content\/uploads\/espartinas-panels.jpg",1600,1200,false],"thumbnail":["https:\/\/www.ekoenergy.org\/wp-content\/uploads\/espartinas-panels-150x150.jpg",150,150,true],"medium":["https:\/\/www.ekoenergy.org\/wp-content\/uploads\/espartinas-panels-320x240.jpg",320,240,true],"medium_large":["https:\/\/www.ekoenergy.org\/wp-content\/uploads\/espartinas-panels-768x576.jpg",768,576,true],"large":["https:\/\/www.ekoenergy.org\/wp-content\/uploads\/espartinas-panels-1024x768.jpg",1024,768,true],"1536x1536":["https:\/\/www.ekoenergy.org\/wp-content\/uploads\/espartinas-panels-1536x1152.jpg",1536,1152,true],"2048x2048":["https:\/\/www.ekoenergy.org\/wp-content\/uploads\/espartinas-panels.jpg",1600,1200,false]},"uagb_author_info":{"display_name":"EKOenergy ecolabel","author_link":"https:\/\/www.ekoenergy.org\/pt\/author\/ekoenergy\/"},"uagb_comment_info":0,"uagb_excerpt":"EKOenergia de instala\u00e7\u00f5es locais e PPAs Energia renov\u00e1vel pode ter o r\u00f3tulo ecol\u00f3gico EKOenergia quando os crit\u00e9rios desta s\u00e3o cumpridos, independentemente da forma como a energia \u00e9 comprada ou adquirida. N\u00f3s notamos um interesse crescente por parte dos consumidores em utilizar o nosso r\u00f3tulo ecol\u00f3gico para energia renov\u00e1vel que eles compram atrav\u00e9s de um acordo&hellip;","_links":{"self":[{"href":"https:\/\/www.ekoenergy.org\/pt\/wp-json\/wp\/v2\/pages\/64894","targetHints":{"allow":["GET"]}}],"collection":[{"href":"https:\/\/www.ekoenergy.org\/pt\/wp-json\/wp\/v2\/pages"}],"about":[{"href":"https:\/\/www.ekoenergy.org\/pt\/wp-json\/wp\/v2\/types\/page"}],"author":[{"embeddable":true,"href":"https:\/\/www.ekoenergy.org\/pt\/wp-json\/wp\/v2\/users\/17"}],"replies":[{"embeddable":true,"href":"https:\/\/www.ekoenergy.org\/pt\/wp-json\/wp\/v2\/comments?post=64894"}],"version-history":[{"count":3,"href":"https:\/\/www.ekoenergy.org\/pt\/wp-json\/wp\/v2\/pages\/64894\/revisions"}],"predecessor-version":[{"id":141739,"href":"https:\/\/www.ekoenergy.org\/pt\/wp-json\/wp\/v2\/pages\/64894\/revisions\/141739"}],"up":[{"embeddable":true,"href":"https:\/\/www.ekoenergy.org\/pt\/wp-json\/wp\/v2\/pages\/64840"}],"wp:featuredmedia":[{"embeddable":true,"href":"https:\/\/www.ekoenergy.org\/pt\/wp-json\/wp\/v2\/media\/98176"}],"wp:attachment":[{"href":"https:\/\/www.ekoenergy.org\/pt\/wp-json\/wp\/v2\/media?parent=64894"}],"curies":[{"name":"wp","href":"https:\/\/api.w.org\/{rel}","templated":true}]}}