{"id":64896,"date":"2019-12-04T13:37:51","date_gmt":"2019-12-04T13:37:51","guid":{"rendered":"https:\/\/www.ekoenergy.org\/criteria\/ekoenergy-gas\/"},"modified":"2022-11-09T15:30:39","modified_gmt":"2022-11-09T13:30:39","slug":"ekoenergy-gas","status":"publish","type":"page","link":"https:\/\/www.ekoenergy.org\/pt\/ecolabel\/criteria\/ekoenergy-gas\/","title":{"rendered":"G\u00e1s renov\u00e1vel"},"content":{"rendered":"\n<h1 class=\"wp-block-heading\">R\u00f3tulo ecol\u00f3gico para g\u00e1s renov\u00e1vel<\/h1>\n\n\n\n<figure class=\"wp-block-image alignright size-medium is-resized\"><img fetchpriority=\"high\" decoding=\"async\" src=\"https:\/\/www.ekoenergy.org\/wp-content\/uploads\/EKOenergy-logo-with-gas-flame-300x273.png\" alt=\"EKOenergy logo with gas flame\" class=\"wp-image-8099\" width=\"347\" height=\"316\" srcset=\"https:\/\/www.ekoenergy.org\/wp-content\/uploads\/EKOenergy-logo-with-gas-flame-300x273.png 300w, https:\/\/www.ekoenergy.org\/wp-content\/uploads\/EKOenergy-logo-with-gas-flame.png 564w\" sizes=\"(max-width: 347px) 100vw, 347px\" \/><\/figure>\n\n\n\n<p>A nossa marca de qualidade reconhecida internacionalmente tamb\u00e9m est\u00e1 dispon\u00edvel para tipos espec\u00edficos de g\u00e1s sustent\u00e1vel e renov\u00e1vel!<\/p>\n\n\n\n<p>O r\u00f3tulo ecol\u00f3gico facilita aos consumidores a escolha de g\u00e1s renov\u00e1vel que tem o m\u00ednimo impacto no meio ambiente. G\u00e1s renov\u00e1vel com o r\u00f3tulo EKOenergia \u00e9:<\/p>\n\n\n\n<ul class=\"wp-block-list\"><li>Ou g\u00e1s produzido a partir de tipos sustent\u00e1veis de biomassa, particularmente de lixo biol\u00f3gico e res\u00edduos;<\/li><li>Ou g\u00e1s produzido atrav\u00e9s de processos &#8220;power-to-gas&#8221; renov\u00e1veis, como hidrog\u00e9nio verde, caso a eletricidade usada cumpra os crit\u00e9rios de sustentabilidade de EKOenergia.<\/li><\/ul>\n\n\n\n<p>O r\u00f3tulo ecol\u00f3gico tamb\u00e9m facilita aos consumidores ter um impacto adicional:<\/p>\n\n\n\n<ul class=\"wp-block-list\"><li>Por cada MWh de g\u00e1s com o r\u00f3tulo EKOenergia, 0.10 \u20ac v\u00e3o para o\u00a0<a href=\"https:\/\/www.ekoenergy.org\/pt\/our-results\/climate-fund\/\">Fundo Clim\u00e1tico<\/a> de EKOenergia. Atrav\u00e9s deste Fundo, EKOenergia financia projetos de energia renov\u00e1vel em pa\u00edses em desenvolvimento.<\/li><li>Todos os consumidores de EKOenergia tamb\u00e9m nos ajudam a aumentar a conscientiza\u00e7\u00e3o sobre quest\u00f5es relacionadas \u00e0 sustentabilidade e promover energia renov\u00e1vel em todo o mundo. Como uma iniciativa de organiza\u00e7\u00f5es ambientais, n\u00f3s organizamos campanhas de energia limpa e defendemos legisla\u00e7\u00e3o amiga do ambiente.<\/li><li>Consumidores de energia com o r\u00f3tulo EKOenergia podem usar o nosso log\u00f3tipo nas suas comunica\u00e7\u00f5es. Comunica\u00e7\u00e3o positiva sobre energia renov\u00e1vel pode inspirar outros a escolher g\u00e1s renov\u00e1vel e ajudar a acelerar a transi\u00e7\u00e3o para energia 100% renov\u00e1vel. Consulte o <a href=\"https:\/\/www.ekoenergy.org\/extras\/logo\/\">manual da marca de EKOenergia<\/a> para obter mais informa\u00e7\u00f5es.<\/li><\/ul>\n\n\n\n<p>Os crit\u00e9rios de EKOenergia tamb\u00e9m incluem requisitos para o <a href=\"https:\/\/www.ekoenergy.org\/pt\/ecolabel\/criteria\/tracking\/\">rastreio de g\u00e1s renov\u00e1vel<\/a>&nbsp;e o evitar da dupla contagem. <\/p>\n\n\n\n<p>Est\u00e1 interessado em introduzir g\u00e1s renov\u00e1vel com o r\u00f3tulo EKOenergia no seu pa\u00eds?&nbsp;<a href=\"https:\/\/www.ekoenergy.org\/pt\/about-us\/contact-us\/\">Entre em contacto connosco<\/a> para mais informa\u00e7\u00f5es!<\/p>\n\n\n\n<h2 class=\"wp-block-heading\">Crit\u00e9rios de EKOenergia para g\u00e1s renov\u00e1vel<\/h2>\n\n\n\n<ul class=\"wp-block-list\"><li>EN : <a aria-label=\" (opens in a new tab)\" href=\"https:\/\/www.ekoenergy.org\/wp-content\/uploads\/EKOenergy-Criteria-for-Renewable-Gas-English.pdf\" target=\"_blank\" rel=\"noreferrer noopener\">EKOenergy\u2019s criteria for renewable gas<\/a> (pdf)<\/li><li>DE:&nbsp; <a aria-label=\" (opens in a new tab)\" href=\"https:\/\/www.ekoenergy.org\/wp-content\/uploads\/EKOenergy_Criteria_Renewable_Gas_German.pdf\" target=\"_blank\" rel=\"noreferrer noopener\">EKOenergies Kriterien f\u00fcr erneuerbares Gas<\/a> (pdf)<\/li><li>ES:&nbsp; <a aria-label=\" (opens in a new tab)\" href=\"https:\/\/www.ekoenergy.org\/wp-content\/uploads\/EKOenergy_Criteria-Renewable_Gas_Spanish.pdf\" target=\"_blank\" rel=\"noreferrer noopener\">Criterios est\u00e1ndar de EKOenerg\u00eda para gas renovable<\/a> (pdf)<\/li><li>FI:&nbsp;<a href=\"https:\/\/www.ekoenergy.org\/wp-content\/uploads\/EKOenergy-criteria-renewable-gas-Finnish.pdf\" target=\"_blank\" rel=\"noreferrer noopener\">EKOenergian kriteerit uusiutuvalle kaasulle<\/a>&nbsp;(pdf)<\/li><li>FR:&nbsp;<a href=\"https:\/\/www.ekoenergy.org\/wp-content\/uploads\/EKOenergy_Criteria_for_Renewable_Gas_French.pdf\" target=\"_blank\" rel=\"noreferrer noopener\">Les crit\u00e8res d\u2019EKO\u00e9nergie pour le gaz renouvelable<\/a>&nbsp;(pdf)<\/li><li>IT:&nbsp;<a href=\"https:\/\/www.ekoenergy.org\/wp-content\/uploads\/EKOenergy-criteria-renewable-gas-Italian.pdf\" target=\"_blank\" rel=\"noreferrer noopener\">Criteri EKOenergy per il gas rinnovabile<\/a>&nbsp;(pdf)<\/li><li>RU:&nbsp;<a href=\"https:\/\/www.ekoenergy.org\/wp-content\/uploads\/EKOenergy_Criteria_for_Renewable_Gas_Russian.pdf\" target=\"_blank\" rel=\"noreferrer noopener\">\u041a\u0440\u0438\u0442\u0435\u0440\u0438\u0438 \u042d\u041a\u041e\u044d\u043d\u0435\u0440\u0433\u0438\u0438 \u0434\u043b\u044f \u0432\u043e\u0437\u043e\u0431\u043d\u043e\u0432\u043b\u044f\u0435\u043c\u043e\u0433\u043e \u0433\u0430\u0437\u0430<\/a>&nbsp;(pdf)<\/li><\/ul>\n\n\n\n<h2 class=\"wp-block-heading\">Folheto<\/h2>\n\n\n\n<ul class=\"wp-block-list\"><li>EN: <a aria-label=\" (opens in a new tab)\" href=\"https:\/\/www.ekoenergy.org\/wp-content\/uploads\/Leaflet_EKOenergy_Gas_English.pdf\" target=\"_blank\" rel=\"noreferrer noopener\">Leaflet \u201cSustainable renewable gas which helps make an extra positive impact\u201d in English<\/a> (pdf)<\/li><\/ul>\n","protected":false},"excerpt":{"rendered":"<p>R\u00f3tulo ecol\u00f3gico para g\u00e1s renov\u00e1vel A nossa marca de qualidade reconhecida internacionalmente tamb\u00e9m est\u00e1 dispon\u00edvel para tipos espec\u00edficos de g\u00e1s sustent\u00e1vel e renov\u00e1vel! O r\u00f3tulo ecol\u00f3gico facilita aos consumidores a escolha de g\u00e1s renov\u00e1vel que tem o m\u00ednimo impacto no meio ambiente. G\u00e1s renov\u00e1vel com o r\u00f3tulo EKOenergia \u00e9: Ou g\u00e1s produzido a partir de [&hellip;]<\/p>\n","protected":false},"author":17,"featured_media":64897,"parent":64840,"menu_order":3,"comment_status":"closed","ping_status":"closed","template":"","meta":{"inline_featured_image":false,"_uag_custom_page_level_css":"","site-sidebar-layout":"default","site-content-layout":"default","ast-site-content-layout":"default","site-content-style":"default","site-sidebar-style":"default","ast-global-header-display":"","ast-banner-title-visibility":"","ast-main-header-display":"","ast-hfb-above-header-display":"","ast-hfb-below-header-display":"","ast-hfb-mobile-header-display":"","site-post-title":"disabled","ast-breadcrumbs-content":"","ast-featured-img":"","footer-sml-layout":"","ast-disable-related-posts":"","theme-transparent-header-meta":"default","adv-header-id-meta":"","stick-header-meta":"default","header-above-stick-meta":"","header-main-stick-meta":"","header-below-stick-meta":"","astra-migrate-meta-layouts":"default","ast-page-background-enabled":"default","ast-page-background-meta":{"desktop":{"background-color":"","background-image":"","background-repeat":"repeat","background-position":"center center","background-size":"auto","background-attachment":"scroll","background-type":"","background-media":"","overlay-type":"","overlay-color":"","overlay-opacity":"","overlay-gradient":""},"tablet":{"background-color":"","background-image":"","background-repeat":"repeat","background-position":"center center","background-size":"auto","background-attachment":"scroll","background-type":"","background-media":"","overlay-type":"","overlay-color":"","overlay-opacity":"","overlay-gradient":""},"mobile":{"background-color":"","background-image":"","background-repeat":"repeat","background-position":"center center","background-size":"auto","background-attachment":"scroll","background-type":"","background-media":"","overlay-type":"","overlay-color":"","overlay-opacity":"","overlay-gradient":""}},"ast-content-background-meta":{"desktop":{"background-color":"var(--ast-global-color-5)","background-image":"","background-repeat":"repeat","background-position":"center center","background-size":"auto","background-attachment":"scroll","background-type":"","background-media":"","overlay-type":"","overlay-color":"","overlay-opacity":"","overlay-gradient":""},"tablet":{"background-color":"var(--ast-global-color-5)","background-image":"","background-repeat":"repeat","background-position":"center center","background-size":"auto","background-attachment":"scroll","background-type":"","background-media":"","overlay-type":"","overlay-color":"","overlay-opacity":"","overlay-gradient":""},"mobile":{"background-color":"var(--ast-global-color-5)","background-image":"","background-repeat":"repeat","background-position":"center center","background-size":"auto","background-attachment":"scroll","background-type":"","background-media":"","overlay-type":"","overlay-color":"","overlay-opacity":"","overlay-gradient":""}},"footnotes":""},"class_list":["post-64896","page","type-page","status-publish","has-post-thumbnail","hentry"],"yoast_head":"<!-- This site is optimized with the Yoast SEO plugin v27.5 - https:\/\/yoast.com\/product\/yoast-seo-wordpress\/ -->\n<title>G\u00e1s renov\u00e1vel - EKOenergy ecolabel<\/title>\n<meta name=\"description\" content=\"O nosso r\u00f3tulo ecol\u00f3gico est\u00e1 dispon\u00edvel para g\u00e1s. Ele ajuda os consumidores a encontrar g\u00e1s renov\u00e1vel e sustent\u00e1vel, e a ter um impacto positivo adicional.\" \/>\n<meta name=\"robots\" content=\"index, follow, max-snippet:-1, max-image-preview:large, max-video-preview:-1\" \/>\n<link rel=\"canonical\" href=\"https:\/\/www.ekoenergy.org\/pt\/ecolabel\/criteria\/ekoenergy-gas\/\" \/>\n<meta property=\"og:locale\" content=\"pt_PT\" \/>\n<meta property=\"og:type\" content=\"article\" \/>\n<meta property=\"og:title\" content=\"G\u00e1s renov\u00e1vel - EKOenergy ecolabel\" \/>\n<meta property=\"og:description\" content=\"O nosso r\u00f3tulo ecol\u00f3gico est\u00e1 dispon\u00edvel para g\u00e1s. Ele ajuda os consumidores a encontrar g\u00e1s renov\u00e1vel e sustent\u00e1vel, e a ter um impacto positivo adicional.\" \/>\n<meta property=\"og:url\" content=\"https:\/\/www.ekoenergy.org\/pt\/ecolabel\/criteria\/ekoenergy-gas\/\" \/>\n<meta property=\"og:site_name\" content=\"EKOenergy ecolabel\" \/>\n<meta property=\"article:publisher\" content=\"https:\/\/www.facebook.com\/EKOenergy.ecolabel\/\" \/>\n<meta property=\"article:modified_time\" content=\"2022-11-09T13:30:39+00:00\" \/>\n<meta property=\"og:image\" content=\"https:\/\/www.ekoenergy.org\/wp-content\/uploads\/Featured-Gas.jpg\" \/>\n\t<meta property=\"og:image:width\" content=\"1200\" \/>\n\t<meta property=\"og:image:height\" content=\"600\" \/>\n\t<meta property=\"og:image:type\" content=\"image\/jpeg\" \/>\n<meta name=\"twitter:card\" content=\"summary_large_image\" \/>\n<meta name=\"twitter:site\" content=\"@EKOenergy_\" \/>\n<meta name=\"twitter:label1\" content=\"Est. reading time\" \/>\n\t<meta name=\"twitter:data1\" content=\"2 minutes\" \/>\n<script type=\"application\/ld+json\" class=\"yoast-schema-graph\">{\"@context\":\"https:\\\/\\\/schema.org\",\"@graph\":[{\"@type\":\"WebPage\",\"@id\":\"https:\\\/\\\/www.ekoenergy.org\\\/pt\\\/ecolabel\\\/criteria\\\/ekoenergy-gas\\\/\",\"url\":\"https:\\\/\\\/www.ekoenergy.org\\\/pt\\\/ecolabel\\\/criteria\\\/ekoenergy-gas\\\/\",\"name\":\"G\u00e1s renov\u00e1vel - EKOenergy ecolabel\",\"isPartOf\":{\"@id\":\"https:\\\/\\\/www.ekoenergy.org\\\/pt\\\/#website\"},\"primaryImageOfPage\":{\"@id\":\"https:\\\/\\\/www.ekoenergy.org\\\/pt\\\/ecolabel\\\/criteria\\\/ekoenergy-gas\\\/#primaryimage\"},\"image\":{\"@id\":\"https:\\\/\\\/www.ekoenergy.org\\\/pt\\\/ecolabel\\\/criteria\\\/ekoenergy-gas\\\/#primaryimage\"},\"thumbnailUrl\":\"https:\\\/\\\/www.ekoenergy.org\\\/wp-content\\\/uploads\\\/Featured-Gas.jpg\",\"datePublished\":\"2019-12-04T13:37:51+00:00\",\"dateModified\":\"2022-11-09T13:30:39+00:00\",\"description\":\"O nosso r\u00f3tulo ecol\u00f3gico est\u00e1 dispon\u00edvel para g\u00e1s. Ele ajuda os consumidores a encontrar g\u00e1s renov\u00e1vel e sustent\u00e1vel, e a ter um impacto positivo adicional.\",\"breadcrumb\":{\"@id\":\"https:\\\/\\\/www.ekoenergy.org\\\/pt\\\/ecolabel\\\/criteria\\\/ekoenergy-gas\\\/#breadcrumb\"},\"inLanguage\":\"pt-PT2\",\"potentialAction\":[{\"@type\":\"ReadAction\",\"target\":[\"https:\\\/\\\/www.ekoenergy.org\\\/pt\\\/ecolabel\\\/criteria\\\/ekoenergy-gas\\\/\"]}]},{\"@type\":\"ImageObject\",\"inLanguage\":\"pt-PT2\",\"@id\":\"https:\\\/\\\/www.ekoenergy.org\\\/pt\\\/ecolabel\\\/criteria\\\/ekoenergy-gas\\\/#primaryimage\",\"url\":\"https:\\\/\\\/www.ekoenergy.org\\\/wp-content\\\/uploads\\\/Featured-Gas.jpg\",\"contentUrl\":\"https:\\\/\\\/www.ekoenergy.org\\\/wp-content\\\/uploads\\\/Featured-Gas.jpg\",\"width\":1200,\"height\":600},{\"@type\":\"BreadcrumbList\",\"@id\":\"https:\\\/\\\/www.ekoenergy.org\\\/pt\\\/ecolabel\\\/criteria\\\/ekoenergy-gas\\\/#breadcrumb\",\"itemListElement\":[{\"@type\":\"ListItem\",\"position\":1,\"name\":\"Home\",\"item\":\"https:\\\/\\\/www.ekoenergy.org\\\/pt\\\/\"},{\"@type\":\"ListItem\",\"position\":2,\"name\":\"O nosso r\u00f3tulo ecol\u00f3gico\",\"item\":\"https:\\\/\\\/www.ekoenergy.org\\\/pt\\\/ecolabel\\\/\"},{\"@type\":\"ListItem\",\"position\":3,\"name\":\"Crit\u00e9rios de EKOenergia\",\"item\":\"https:\\\/\\\/www.ekoenergy.org\\\/pt\\\/ecolabel\\\/criteria\\\/\"},{\"@type\":\"ListItem\",\"position\":4,\"name\":\"G\u00e1s renov\u00e1vel\"}]},{\"@type\":\"WebSite\",\"@id\":\"https:\\\/\\\/www.ekoenergy.org\\\/pt\\\/#website\",\"url\":\"https:\\\/\\\/www.ekoenergy.org\\\/pt\\\/\",\"name\":\"EKOenergy ecolabel\",\"description\":\"The global nonprofit ecolabel for renewable energy\",\"publisher\":{\"@id\":\"https:\\\/\\\/www.ekoenergy.org\\\/pt\\\/#organization\"},\"potentialAction\":[{\"@type\":\"SearchAction\",\"target\":{\"@type\":\"EntryPoint\",\"urlTemplate\":\"https:\\\/\\\/www.ekoenergy.org\\\/pt\\\/?s={search_term_string}\"},\"query-input\":{\"@type\":\"PropertyValueSpecification\",\"valueRequired\":true,\"valueName\":\"search_term_string\"}}],\"inLanguage\":\"pt-PT2\"},{\"@type\":\"Organization\",\"@id\":\"https:\\\/\\\/www.ekoenergy.org\\\/pt\\\/#organization\",\"name\":\"Not-for-profit Organisation EKOenergy\",\"url\":\"https:\\\/\\\/www.ekoenergy.org\\\/pt\\\/\",\"logo\":{\"@type\":\"ImageObject\",\"inLanguage\":\"pt-PT2\",\"@id\":\"https:\\\/\\\/www.ekoenergy.org\\\/pt\\\/#\\\/schema\\\/logo\\\/image\\\/\",\"url\":\"https:\\\/\\\/www.ekoenergy.org\\\/wp-content\\\/uploads\\\/logo-EKOenergy-no-text.jpg\",\"contentUrl\":\"https:\\\/\\\/www.ekoenergy.org\\\/wp-content\\\/uploads\\\/logo-EKOenergy-no-text.jpg\",\"width\":1600,\"height\":1600,\"caption\":\"Not-for-profit Organisation EKOenergy\"},\"image\":{\"@id\":\"https:\\\/\\\/www.ekoenergy.org\\\/pt\\\/#\\\/schema\\\/logo\\\/image\\\/\"},\"sameAs\":[\"https:\\\/\\\/www.facebook.com\\\/EKOenergy.ecolabel\\\/\",\"https:\\\/\\\/x.com\\\/EKOenergy_\",\"https:\\\/\\\/www.instagram.com\\\/ekoenergy\\\/\",\"https:\\\/\\\/www.linkedin.com\\\/company\\\/ekoenergy-ecolabel\\\/\",\"https:\\\/\\\/www.youtube.com\\\/EKOenergy-ecolabel\",\"https:\\\/\\\/en.wikipedia.org\\\/wiki\\\/EKOenergy\"]}]}<\/script>\n<!-- \/ Yoast SEO plugin. -->","yoast_head_json":{"title":"G\u00e1s renov\u00e1vel - EKOenergy ecolabel","description":"O nosso r\u00f3tulo ecol\u00f3gico est\u00e1 dispon\u00edvel para g\u00e1s. Ele ajuda os consumidores a encontrar g\u00e1s renov\u00e1vel e sustent\u00e1vel, e a ter um impacto positivo adicional.","robots":{"index":"index","follow":"follow","max-snippet":"max-snippet:-1","max-image-preview":"max-image-preview:large","max-video-preview":"max-video-preview:-1"},"canonical":"https:\/\/www.ekoenergy.org\/pt\/ecolabel\/criteria\/ekoenergy-gas\/","og_locale":"pt_PT","og_type":"article","og_title":"G\u00e1s renov\u00e1vel - EKOenergy ecolabel","og_description":"O nosso r\u00f3tulo ecol\u00f3gico est\u00e1 dispon\u00edvel para g\u00e1s. Ele ajuda os consumidores a encontrar g\u00e1s renov\u00e1vel e sustent\u00e1vel, e a ter um impacto positivo adicional.","og_url":"https:\/\/www.ekoenergy.org\/pt\/ecolabel\/criteria\/ekoenergy-gas\/","og_site_name":"EKOenergy ecolabel","article_publisher":"https:\/\/www.facebook.com\/EKOenergy.ecolabel\/","article_modified_time":"2022-11-09T13:30:39+00:00","og_image":[{"width":1200,"height":600,"url":"https:\/\/www.ekoenergy.org\/wp-content\/uploads\/Featured-Gas.jpg","type":"image\/jpeg"}],"twitter_card":"summary_large_image","twitter_site":"@EKOenergy_","twitter_misc":{"Est. reading time":"2 minutes"},"schema":{"@context":"https:\/\/schema.org","@graph":[{"@type":"WebPage","@id":"https:\/\/www.ekoenergy.org\/pt\/ecolabel\/criteria\/ekoenergy-gas\/","url":"https:\/\/www.ekoenergy.org\/pt\/ecolabel\/criteria\/ekoenergy-gas\/","name":"G\u00e1s renov\u00e1vel - EKOenergy ecolabel","isPartOf":{"@id":"https:\/\/www.ekoenergy.org\/pt\/#website"},"primaryImageOfPage":{"@id":"https:\/\/www.ekoenergy.org\/pt\/ecolabel\/criteria\/ekoenergy-gas\/#primaryimage"},"image":{"@id":"https:\/\/www.ekoenergy.org\/pt\/ecolabel\/criteria\/ekoenergy-gas\/#primaryimage"},"thumbnailUrl":"https:\/\/www.ekoenergy.org\/wp-content\/uploads\/Featured-Gas.jpg","datePublished":"2019-12-04T13:37:51+00:00","dateModified":"2022-11-09T13:30:39+00:00","description":"O nosso r\u00f3tulo ecol\u00f3gico est\u00e1 dispon\u00edvel para g\u00e1s. Ele ajuda os consumidores a encontrar g\u00e1s renov\u00e1vel e sustent\u00e1vel, e a ter um impacto positivo adicional.","breadcrumb":{"@id":"https:\/\/www.ekoenergy.org\/pt\/ecolabel\/criteria\/ekoenergy-gas\/#breadcrumb"},"inLanguage":"pt-PT2","potentialAction":[{"@type":"ReadAction","target":["https:\/\/www.ekoenergy.org\/pt\/ecolabel\/criteria\/ekoenergy-gas\/"]}]},{"@type":"ImageObject","inLanguage":"pt-PT2","@id":"https:\/\/www.ekoenergy.org\/pt\/ecolabel\/criteria\/ekoenergy-gas\/#primaryimage","url":"https:\/\/www.ekoenergy.org\/wp-content\/uploads\/Featured-Gas.jpg","contentUrl":"https:\/\/www.ekoenergy.org\/wp-content\/uploads\/Featured-Gas.jpg","width":1200,"height":600},{"@type":"BreadcrumbList","@id":"https:\/\/www.ekoenergy.org\/pt\/ecolabel\/criteria\/ekoenergy-gas\/#breadcrumb","itemListElement":[{"@type":"ListItem","position":1,"name":"Home","item":"https:\/\/www.ekoenergy.org\/pt\/"},{"@type":"ListItem","position":2,"name":"O nosso r\u00f3tulo ecol\u00f3gico","item":"https:\/\/www.ekoenergy.org\/pt\/ecolabel\/"},{"@type":"ListItem","position":3,"name":"Crit\u00e9rios de EKOenergia","item":"https:\/\/www.ekoenergy.org\/pt\/ecolabel\/criteria\/"},{"@type":"ListItem","position":4,"name":"G\u00e1s renov\u00e1vel"}]},{"@type":"WebSite","@id":"https:\/\/www.ekoenergy.org\/pt\/#website","url":"https:\/\/www.ekoenergy.org\/pt\/","name":"EKOenergy ecolabel","description":"The global nonprofit ecolabel for renewable energy","publisher":{"@id":"https:\/\/www.ekoenergy.org\/pt\/#organization"},"potentialAction":[{"@type":"SearchAction","target":{"@type":"EntryPoint","urlTemplate":"https:\/\/www.ekoenergy.org\/pt\/?s={search_term_string}"},"query-input":{"@type":"PropertyValueSpecification","valueRequired":true,"valueName":"search_term_string"}}],"inLanguage":"pt-PT2"},{"@type":"Organization","@id":"https:\/\/www.ekoenergy.org\/pt\/#organization","name":"Not-for-profit Organisation EKOenergy","url":"https:\/\/www.ekoenergy.org\/pt\/","logo":{"@type":"ImageObject","inLanguage":"pt-PT2","@id":"https:\/\/www.ekoenergy.org\/pt\/#\/schema\/logo\/image\/","url":"https:\/\/www.ekoenergy.org\/wp-content\/uploads\/logo-EKOenergy-no-text.jpg","contentUrl":"https:\/\/www.ekoenergy.org\/wp-content\/uploads\/logo-EKOenergy-no-text.jpg","width":1600,"height":1600,"caption":"Not-for-profit Organisation EKOenergy"},"image":{"@id":"https:\/\/www.ekoenergy.org\/pt\/#\/schema\/logo\/image\/"},"sameAs":["https:\/\/www.facebook.com\/EKOenergy.ecolabel\/","https:\/\/x.com\/EKOenergy_","https:\/\/www.instagram.com\/ekoenergy\/","https:\/\/www.linkedin.com\/company\/ekoenergy-ecolabel\/","https:\/\/www.youtube.com\/EKOenergy-ecolabel","https:\/\/en.wikipedia.org\/wiki\/EKOenergy"]}]}},"uagb_featured_image_src":{"full":["https:\/\/www.ekoenergy.org\/wp-content\/uploads\/Featured-Gas.jpg",1200,600,false],"thumbnail":["https:\/\/www.ekoenergy.org\/wp-content\/uploads\/Featured-Gas-150x150.jpg",150,150,true],"medium":["https:\/\/www.ekoenergy.org\/wp-content\/uploads\/Featured-Gas-320x160.jpg",320,160,true],"medium_large":["https:\/\/www.ekoenergy.org\/wp-content\/uploads\/Featured-Gas-768x384.jpg",768,384,true],"large":["https:\/\/www.ekoenergy.org\/wp-content\/uploads\/Featured-Gas-1024x512.jpg",1024,512,true],"1536x1536":["https:\/\/www.ekoenergy.org\/wp-content\/uploads\/Featured-Gas.jpg",1200,600,false],"2048x2048":["https:\/\/www.ekoenergy.org\/wp-content\/uploads\/Featured-Gas.jpg",1200,600,false]},"uagb_author_info":{"display_name":"EKOenergy ecolabel","author_link":"https:\/\/www.ekoenergy.org\/pt\/author\/ekoenergy\/"},"uagb_comment_info":0,"uagb_excerpt":"R\u00f3tulo ecol\u00f3gico para g\u00e1s renov\u00e1vel A nossa marca de qualidade reconhecida internacionalmente tamb\u00e9m est\u00e1 dispon\u00edvel para tipos espec\u00edficos de g\u00e1s sustent\u00e1vel e renov\u00e1vel! O r\u00f3tulo ecol\u00f3gico facilita aos consumidores a escolha de g\u00e1s renov\u00e1vel que tem o m\u00ednimo impacto no meio ambiente. G\u00e1s renov\u00e1vel com o r\u00f3tulo EKOenergia \u00e9: Ou g\u00e1s produzido a partir de&hellip;","_links":{"self":[{"href":"https:\/\/www.ekoenergy.org\/pt\/wp-json\/wp\/v2\/pages\/64896","targetHints":{"allow":["GET"]}}],"collection":[{"href":"https:\/\/www.ekoenergy.org\/pt\/wp-json\/wp\/v2\/pages"}],"about":[{"href":"https:\/\/www.ekoenergy.org\/pt\/wp-json\/wp\/v2\/types\/page"}],"author":[{"embeddable":true,"href":"https:\/\/www.ekoenergy.org\/pt\/wp-json\/wp\/v2\/users\/17"}],"replies":[{"embeddable":true,"href":"https:\/\/www.ekoenergy.org\/pt\/wp-json\/wp\/v2\/comments?post=64896"}],"version-history":[{"count":3,"href":"https:\/\/www.ekoenergy.org\/pt\/wp-json\/wp\/v2\/pages\/64896\/revisions"}],"predecessor-version":[{"id":133275,"href":"https:\/\/www.ekoenergy.org\/pt\/wp-json\/wp\/v2\/pages\/64896\/revisions\/133275"}],"up":[{"embeddable":true,"href":"https:\/\/www.ekoenergy.org\/pt\/wp-json\/wp\/v2\/pages\/64840"}],"wp:featuredmedia":[{"embeddable":true,"href":"https:\/\/www.ekoenergy.org\/pt\/wp-json\/wp\/v2\/media\/64897"}],"wp:attachment":[{"href":"https:\/\/www.ekoenergy.org\/pt\/wp-json\/wp\/v2\/media?parent=64896"}],"curies":[{"name":"wp","href":"https:\/\/api.w.org\/{rel}","templated":true}]}}