{"id":64901,"date":"2019-12-04T13:34:20","date_gmt":"2019-12-04T13:34:20","guid":{"rendered":"https:\/\/www.ekoenergy.org\/ecolabel\/"},"modified":"2023-07-14T14:52:45","modified_gmt":"2023-07-14T11:52:45","slug":"ecolabel","status":"publish","type":"page","link":"https:\/\/www.ekoenergy.org\/pt\/ecolabel\/","title":{"rendered":"O nosso r\u00f3tulo ecol\u00f3gico"},"content":{"rendered":"\n<h1 class=\"wp-block-heading\">O r\u00f3tulo ecol\u00f3gico EKOenergia<\/h1>\n\n\n\n<figure class=\"wp-block-image alignright size-thumbnail\"><img decoding=\"async\" width=\"150\" height=\"150\" src=\"https:\/\/www.ekoenergy.org\/wp-content\/uploads\/logo-EKOenergy-no-text-150x150.jpg\" alt=\"Logo-EKOenergy-no-text\" class=\"wp-image-1778\" srcset=\"https:\/\/www.ekoenergy.org\/wp-content\/uploads\/logo-EKOenergy-no-text-150x150.jpg 150w, https:\/\/www.ekoenergy.org\/wp-content\/uploads\/logo-EKOenergy-no-text-300x300.jpg 300w, https:\/\/www.ekoenergy.org\/wp-content\/uploads\/logo-EKOenergy-no-text-1024x1024.jpg 1024w, https:\/\/www.ekoenergy.org\/wp-content\/uploads\/logo-EKOenergy-no-text-768x768.jpg 768w, https:\/\/www.ekoenergy.org\/wp-content\/uploads\/logo-EKOenergy-no-text-1536x1536.jpg 1536w, https:\/\/www.ekoenergy.org\/wp-content\/uploads\/logo-EKOenergy-no-text.jpg 1600w\" sizes=\"(max-width: 150px) 100vw, 150px\" \/><\/figure>\n\n\n\n<p>O r\u00f3tulo EKOenergia \u00e9 uma marca de qualidade reconhecida internacionalmente para eletricidade, g\u00e1s, aquecimento e refrigera\u00e7\u00e3o renov\u00e1veis. \u00c9 tamb\u00e9m uma ferramenta de comunica\u00e7\u00e3o e \u00e9 usado tanto por indiv\u00edduos como empresas para demonstrar o seu compromisso para com a energia renov\u00e1vel, o que encoraja outros a fazer o mesmo. Isto ajuda a acelerar a transi\u00e7\u00e3o para um mundo 100% renov\u00e1vel.<\/p>\n\n\n\n<p><a href=\"https:\/\/www.ekoenergy.org\/pt\/about-us\/contact-us\/\">A nossa equipa internacional e multil\u00edngue<\/a> ficar\u00e1 feliz em providenciar-lhe mais informa\u00e7\u00f5es e responder \u00e0s suas perguntas. Os nossos materiais est\u00e3o dispon\u00edveis em mais de 20 idiomas.<\/p>\n\n\n\n<h2 class=\"wp-block-heading\">Os crit\u00e9rios de EKOenergia resumidos<\/h2>\n\n\n\n<p>A energia rotulada de EKOenergia \u00e9 sempre 100% renov\u00e1vel, mas \u00e9, tamb\u00e9m, muito mais do que isso. O nosso r\u00f3tulo ecol\u00f3gico garante que a energia consumida cumpre crit\u00e9rios de qualidade extra, estabelecidos por uma rede de ONGs ambientais. A utiliza\u00e7\u00e3o do nosso r\u00f3tulo ecol\u00f3gico tamb\u00e9m ajuda os consumidores a causar um impacto adicional e concreto, por exemplo, atrav\u00e9s dos nossos <a href=\"https:\/\/www.ekoenergy.org\/pt\/our-results\/climate-fund\/\">Fundo Clim\u00e1tico<\/a> e <a href=\"https:\/\/www.ekoenergy.org\/pt\/our-results\/environmental-fund\/\">Fundo Ambiental<\/a>.<\/p>\n\n\n\n<h3 class=\"wp-block-heading\">1. Rastreio de confian\u00e7a e o evitar da dupla contagem<\/h3>\n\n\n\n<p>EKOenergia \u00e9 energia renov\u00e1vel e verde. Para provar isso, n\u00f3s exigimos que a origem da energia seja&nbsp;<a href=\"https:\/\/www.ekoenergy.org\/pt\/criteria\/tracking\/\">confiavelmente rastreada<\/a>&nbsp;e que a dupla contagem de atributos ambientais seja exclu\u00edda (i.e. temos a certeza absoluta de que apenas uma pessoa ou empresa pode reivindicar a mesma quantidade em MWh de energia renov\u00e1vel). Portanto, apenas aceitamos instrumentos que cumprem os crit\u00e9rios de qualidade do Guia do \u00c2mbito 2 do <a aria-label=\" (opens in a new tab)\" href=\"https:\/\/ghgprotocol.org\/\" target=\"_blank\" rel=\"noreferrer noopener\">Protocolo de Gases com Efeito de Estufa<\/a> <em>(Greenhouse Gas Protocol Scope 2 Guidance)<\/em>. Na Europa, a energia \u00e9 rastreada atrav\u00e9s das Garantias de Origem, como regulamentado pela legisla\u00e7\u00e3o Europeia. Na Am\u00e9rica do Norte, a origem de EKOenergia \u00e9 verificada atrav\u00e9s de RECs (Certificados de Energia Renov\u00e1vel). No resto do mundo, aceitamos outros m\u00e9todos fidedignos de rastreio de energia, por exemplo, os regimes de Certificados de Energia Renov\u00e1vel nacionais, ou&nbsp;<a href=\"https:\/\/www.irecstandard.org\/\">I-RECs<\/a>. A produ\u00e7\u00e3o e o consumo de energia devem acontecer dentro do mesmo mercado.<\/p>\n\n\n\n<h3 class=\"wp-block-heading\">2. Sustentabilidade<\/h3>\n\n\n\n<p>EKOenergia \u00e9 energia renov\u00e1vel, produzida de forma sustent\u00e1vel. A energia com o r\u00f3tulo EKOenergia deve cumprir os crit\u00e9rios de sustentabilidade estabelecidos pela Rede de EKOenergia. Energia verde pode ser vendida com o r\u00f3tulo de EKOenergia apenas por vendedores de EKOenergia, depois das usinas el\u00e9tricas terem sido aprovadas pelo Secretariado de EKOenergia ou pelo Conselho Diretivo de EKOenergia.\u00a0<a href=\"https:\/\/www.ekoenergy.org\/pt\/about-us\/contact-us\/\">Contacte o Secretariado de EKOenergia<\/a>\u00a0para mais informa\u00e7\u00f5es sobre o processo de aprova\u00e7\u00e3o. A aprova\u00e7\u00e3o \u00e9 gratuita.<\/p>\n\n\n\n<p>Os nossos crit\u00e9rios de sustentabilidade cobrem os seguintes aspetos:<\/p>\n\n\n\n<ul class=\"wp-block-list\">\n<li><strong>Energia e\u00f3lica&nbsp;<\/strong>e<strong>&nbsp;energia solar<\/strong>&nbsp;podem ser vendidas com o r\u00f3tulo EKOenergia se as instala\u00e7\u00f5es estiverem localizadas fora de \u00e1reas naturais protegidas e de \u00e1reas importantes para a preserva\u00e7\u00e3o de aves. As mesmas regras aplicam-se a instala\u00e7\u00f5es geot\u00e9rmicas e instala\u00e7\u00f5es de energia marinha.<\/li>\n\n\n\n<li><strong>Energia hidroel\u00e9trica<\/strong> rotulada de EKOenergia vem de instala\u00e7\u00f5es que cumprem os crit\u00e9rios de sustentabilidade de EKOenergia. Estes salvaguardam um fluxo cont\u00ednuo, t\u00eam em considera\u00e7\u00e3o a migra\u00e7\u00e3o dos peixes e deixam habitats adequados para as esp\u00e9cies aqu\u00e1ticas.<\/li>\n\n\n\n<li>Relativamente \u00e0&nbsp;<strong>bioenergia<\/strong> (para a produ\u00e7\u00e3o de eletricidade, biog\u00e1s e calor), apenas aceitamos o uso de res\u00edduos org\u00e2nicos da agricultura, munic\u00edpios e ind\u00fastria, e tipos espec\u00edficos de biomassa lenhosa (excluindo ra\u00edzes, tocos e troncos grandes). Estes recursos devem ser usados em instala\u00e7\u00f5es de energias 100% renov\u00e1veis.<\/li>\n\n\n\n<li>N\u00f3s tamb\u00e9m aprovamos todos os tipos de g\u00e1s renov\u00e1vel que s\u00e3o produzidos atrav\u00e9s da convers\u00e3o da eletricidade renov\u00e1vel em g\u00e1s (<strong>power-to-gas<\/strong>), tal como hidrog\u00e9nio verde, se a eletricidade renov\u00e1vel utilizada na produ\u00e7\u00e3o do g\u00e1s cumprir os nossos crit\u00e9rios de sustentabilidade para a eletricidade.<\/li>\n<\/ul>\n\n\n\n<h3 class=\"wp-block-heading\">3. Adicionalidade atrav\u00e9s de novos projetos de energia limpa e promo\u00e7\u00e3o de energia renov\u00e1vel<\/h3>\n\n\n\n<p>O uso do r\u00f3tulo EKOenergia conduz a mudan\u00e7as reais de v\u00e1rias maneiras.<\/p>\n\n\n\n<p>Quando o consumidor utiliza eletricidade, g\u00e1s ou calor com o r\u00f3tulo ecol\u00f3gico EKOenergia, um m\u00ednimo de 0.10 \u20ac (dez Euro c\u00eantimos) por MWh vai para o nosso&nbsp;<a href=\"https:\/\/www.ekoenergy.org\/pt\/our-results\/climate-fund\/\">Fundo Clim\u00e1tico<\/a>. Com estas contribui\u00e7\u00f5es, n\u00f3s financiamos projetos de energia limpa em comunidades remotas de pa\u00edses em desenvolvimento. Desta maneira, n\u00f3s asseguramos que a sua procura por energia rotulada de EKOenergia leva a novas instala\u00e7\u00f5es de energia renov\u00e1vel onde estas s\u00e3o mais necess\u00e1rias.<\/p>\n\n\n\n<p>Todos os projetos que financiamos s\u00e3o selecionados de forma transparente e contribuem para a realiza\u00e7\u00e3o dos&nbsp;<a aria-label=\"Objetivos de Desenvolvimento Sustent\u00e1vel da ONU (opens in a new tab)\" href=\"https:\/\/www.un.org\/sustainabledevelopment\/sustainable-development-goals\/\" target=\"_blank\" rel=\"noreferrer noopener\">Objetivos de Desenvolvimento Sustent\u00e1vel da ONU<\/a>&nbsp;(ODS). Estes projetos clim\u00e1ticos s\u00e3o uma das formas de EKOenergia garantir adicionalidade, i.e. que a sua compra de energia verde conduz a benef\u00edcios adicionais.<\/p>\n\n\n\n<p>Todos os consumidores de energia rotulada de EKOenergia tamb\u00e9m nos ajudam a aumentar a conscientiza\u00e7\u00e3o sobre problemas relativos \u00e0 sustentabilidade e promover energia renov\u00e1vel no mundo todo. Como uma iniciativa de organiza\u00e7\u00f5es ambientais, n\u00f3s organizamos campanhas sobre energia limpa e defendemos legisla\u00e7\u00e3o amiga do ambiente.<\/p>\n\n\n\n<h3 class=\"wp-block-heading\">4. Auditoria e verifica\u00e7\u00e3o<\/h3>\n\n\n\n<p>O secretariado de EKOenergia organiza uma auditoria anual para verificar se os volumes vendidos\/usados com o r\u00f3tulo EKOenergia atendem a todos os requisitos listados nos crit\u00e9rios de EKOenergia. A auditoria \u00e9 baseada em factos e n\u00fameros que s\u00e3o certificados ou confirmados por autoridades p\u00fablicas e\/ou organiza\u00e7\u00f5es de certifica\u00e7\u00e3o terceiras de confian\u00e7a. Mais informa\u00e7\u00f5es podem ser encontradas no texto <a href=\"https:\/\/www.ekoenergy.org\/wp-content\/uploads\/EKOenergy-Criteria-Governance-English.pdf\">EKOenergia &#8211; Estrutura governativa e crit\u00e9rios para eletricidade<\/a>.<\/p>\n\n\n\n<figure class=\"wp-block-image size-large\"><img fetchpriority=\"high\" decoding=\"async\" width=\"1024\" height=\"683\" src=\"https:\/\/www.ekoenergy.org\/wp-content\/uploads\/\/ekoenergy_word_map_logos_2-1024x683.png\" alt=\"\" class=\"wp-image-102051\" srcset=\"https:\/\/www.ekoenergy.org\/wp-content\/uploads\/ekoenergy_word_map_logos_2-1024x683.png 1024w, https:\/\/www.ekoenergy.org\/wp-content\/uploads\/ekoenergy_word_map_logos_2-320x213.png 320w, https:\/\/www.ekoenergy.org\/wp-content\/uploads\/ekoenergy_word_map_logos_2-768x512.png 768w, https:\/\/www.ekoenergy.org\/wp-content\/uploads\/ekoenergy_word_map_logos_2-1536x1024.png 1536w, https:\/\/www.ekoenergy.org\/wp-content\/uploads\/ekoenergy_word_map_logos_2-2048x1365.png 2048w\" sizes=\"(max-width: 1024px) 100vw, 1024px\" \/><\/figure>\n","protected":false},"excerpt":{"rendered":"<p>O r\u00f3tulo ecol\u00f3gico EKOenergia O r\u00f3tulo EKOenergia \u00e9 uma marca de qualidade reconhecida internacionalmente para eletricidade, g\u00e1s, aquecimento e refrigera\u00e7\u00e3o renov\u00e1veis. \u00c9 tamb\u00e9m uma ferramenta de comunica\u00e7\u00e3o e \u00e9 usado tanto por indiv\u00edduos como empresas para demonstrar o seu compromisso para com a energia renov\u00e1vel, o que encoraja outros a fazer o mesmo. Isto ajuda [&hellip;]<\/p>\n","protected":false},"author":17,"featured_media":64902,"parent":0,"menu_order":0,"comment_status":"closed","ping_status":"closed","template":"","meta":{"inline_featured_image":false,"_uag_custom_page_level_css":"","site-sidebar-layout":"default","site-content-layout":"default","ast-site-content-layout":"default","site-content-style":"default","site-sidebar-style":"default","ast-global-header-display":"","ast-banner-title-visibility":"","ast-main-header-display":"","ast-hfb-above-header-display":"","ast-hfb-below-header-display":"","ast-hfb-mobile-header-display":"","site-post-title":"disabled","ast-breadcrumbs-content":"","ast-featured-img":"","footer-sml-layout":"","ast-disable-related-posts":"","theme-transparent-header-meta":"default","adv-header-id-meta":"","stick-header-meta":"default","header-above-stick-meta":"","header-main-stick-meta":"","header-below-stick-meta":"","astra-migrate-meta-layouts":"default","ast-page-background-enabled":"default","ast-page-background-meta":{"desktop":{"background-color":"","background-image":"","background-repeat":"repeat","background-position":"center center","background-size":"auto","background-attachment":"scroll","background-type":"","background-media":"","overlay-type":"","overlay-color":"","overlay-opacity":"","overlay-gradient":""},"tablet":{"background-color":"","background-image":"","background-repeat":"repeat","background-position":"center center","background-size":"auto","background-attachment":"scroll","background-type":"","background-media":"","overlay-type":"","overlay-color":"","overlay-opacity":"","overlay-gradient":""},"mobile":{"background-color":"","background-image":"","background-repeat":"repeat","background-position":"center center","background-size":"auto","background-attachment":"scroll","background-type":"","background-media":"","overlay-type":"","overlay-color":"","overlay-opacity":"","overlay-gradient":""}},"ast-content-background-meta":{"desktop":{"background-color":"var(--ast-global-color-5)","background-image":"","background-repeat":"repeat","background-position":"center center","background-size":"auto","background-attachment":"scroll","background-type":"","background-media":"","overlay-type":"","overlay-color":"","overlay-opacity":"","overlay-gradient":""},"tablet":{"background-color":"var(--ast-global-color-5)","background-image":"","background-repeat":"repeat","background-position":"center center","background-size":"auto","background-attachment":"scroll","background-type":"","background-media":"","overlay-type":"","overlay-color":"","overlay-opacity":"","overlay-gradient":""},"mobile":{"background-color":"var(--ast-global-color-5)","background-image":"","background-repeat":"repeat","background-position":"center center","background-size":"auto","background-attachment":"scroll","background-type":"","background-media":"","overlay-type":"","overlay-color":"","overlay-opacity":"","overlay-gradient":""}},"footnotes":""},"class_list":["post-64901","page","type-page","status-publish","has-post-thumbnail","hentry"],"yoast_head":"<!-- This site is optimized with the Yoast SEO plugin v27.3 - https:\/\/yoast.com\/product\/yoast-seo-wordpress\/ -->\n<title>O nosso r\u00f3tulo ecol\u00f3gico - EKOenergy ecolabel<\/title>\n<meta name=\"description\" content=\"Ao usar o nosso log\u00f3tipo, indiv\u00edduos e empresas demonstram o seu compromisso com a energia renov\u00e1vel. Aqui apresentamos um resumo dos nossos crit\u00e9rios.\" \/>\n<meta name=\"robots\" content=\"index, follow, max-snippet:-1, max-image-preview:large, max-video-preview:-1\" \/>\n<link rel=\"canonical\" href=\"https:\/\/www.ekoenergy.org\/pt\/ecolabel\/\" \/>\n<meta property=\"og:locale\" content=\"pt_PT\" \/>\n<meta property=\"og:type\" content=\"article\" \/>\n<meta property=\"og:title\" content=\"O nosso r\u00f3tulo ecol\u00f3gico - EKOenergy ecolabel\" \/>\n<meta property=\"og:description\" content=\"Ao usar o nosso log\u00f3tipo, indiv\u00edduos e empresas demonstram o seu compromisso com a energia renov\u00e1vel. Aqui apresentamos um resumo dos nossos crit\u00e9rios.\" \/>\n<meta property=\"og:url\" content=\"https:\/\/www.ekoenergy.org\/pt\/ecolabel\/\" \/>\n<meta property=\"og:site_name\" content=\"EKOenergy ecolabel\" \/>\n<meta property=\"article:publisher\" content=\"https:\/\/www.facebook.com\/EKOenergy.ecolabel\/\" \/>\n<meta property=\"article:modified_time\" content=\"2023-07-14T11:52:45+00:00\" \/>\n<meta property=\"og:image\" content=\"https:\/\/www.ekoenergy.org\/wp-content\/uploads\/Featured-Ecolabel-Jukurit.jpg\" \/>\n\t<meta property=\"og:image:width\" content=\"958\" \/>\n\t<meta property=\"og:image:height\" content=\"587\" \/>\n\t<meta property=\"og:image:type\" content=\"image\/jpeg\" \/>\n<meta name=\"twitter:card\" content=\"summary_large_image\" \/>\n<meta name=\"twitter:site\" content=\"@EKOenergy_\" \/>\n<meta name=\"twitter:label1\" content=\"Est. reading time\" \/>\n\t<meta name=\"twitter:data1\" content=\"5 minutes\" \/>\n<script type=\"application\/ld+json\" class=\"yoast-schema-graph\">{\"@context\":\"https:\\\/\\\/schema.org\",\"@graph\":[{\"@type\":\"WebPage\",\"@id\":\"https:\\\/\\\/www.ekoenergy.org\\\/pt\\\/ecolabel\\\/\",\"url\":\"https:\\\/\\\/www.ekoenergy.org\\\/pt\\\/ecolabel\\\/\",\"name\":\"O nosso r\u00f3tulo ecol\u00f3gico - EKOenergy ecolabel\",\"isPartOf\":{\"@id\":\"https:\\\/\\\/www.ekoenergy.org\\\/pt\\\/#website\"},\"primaryImageOfPage\":{\"@id\":\"https:\\\/\\\/www.ekoenergy.org\\\/pt\\\/ecolabel\\\/#primaryimage\"},\"image\":{\"@id\":\"https:\\\/\\\/www.ekoenergy.org\\\/pt\\\/ecolabel\\\/#primaryimage\"},\"thumbnailUrl\":\"https:\\\/\\\/www.ekoenergy.org\\\/wp-content\\\/uploads\\\/Featured-Ecolabel-Jukurit.jpg\",\"datePublished\":\"2019-12-04T13:34:20+00:00\",\"dateModified\":\"2023-07-14T11:52:45+00:00\",\"description\":\"Ao usar o nosso log\u00f3tipo, indiv\u00edduos e empresas demonstram o seu compromisso com a energia renov\u00e1vel. Aqui apresentamos um resumo dos nossos crit\u00e9rios.\",\"breadcrumb\":{\"@id\":\"https:\\\/\\\/www.ekoenergy.org\\\/pt\\\/ecolabel\\\/#breadcrumb\"},\"inLanguage\":\"pt-PT2\",\"potentialAction\":[{\"@type\":\"ReadAction\",\"target\":[\"https:\\\/\\\/www.ekoenergy.org\\\/pt\\\/ecolabel\\\/\"]}]},{\"@type\":\"ImageObject\",\"inLanguage\":\"pt-PT2\",\"@id\":\"https:\\\/\\\/www.ekoenergy.org\\\/pt\\\/ecolabel\\\/#primaryimage\",\"url\":\"https:\\\/\\\/www.ekoenergy.org\\\/wp-content\\\/uploads\\\/Featured-Ecolabel-Jukurit.jpg\",\"contentUrl\":\"https:\\\/\\\/www.ekoenergy.org\\\/wp-content\\\/uploads\\\/Featured-Ecolabel-Jukurit.jpg\",\"width\":958,\"height\":587},{\"@type\":\"BreadcrumbList\",\"@id\":\"https:\\\/\\\/www.ekoenergy.org\\\/pt\\\/ecolabel\\\/#breadcrumb\",\"itemListElement\":[{\"@type\":\"ListItem\",\"position\":1,\"name\":\"Home\",\"item\":\"https:\\\/\\\/www.ekoenergy.org\\\/pt\\\/\"},{\"@type\":\"ListItem\",\"position\":2,\"name\":\"O nosso r\u00f3tulo ecol\u00f3gico\"}]},{\"@type\":\"WebSite\",\"@id\":\"https:\\\/\\\/www.ekoenergy.org\\\/pt\\\/#website\",\"url\":\"https:\\\/\\\/www.ekoenergy.org\\\/pt\\\/\",\"name\":\"EKOenergy ecolabel\",\"description\":\"The global nonprofit ecolabel for renewable energy\",\"publisher\":{\"@id\":\"https:\\\/\\\/www.ekoenergy.org\\\/pt\\\/#organization\"},\"potentialAction\":[{\"@type\":\"SearchAction\",\"target\":{\"@type\":\"EntryPoint\",\"urlTemplate\":\"https:\\\/\\\/www.ekoenergy.org\\\/pt\\\/?s={search_term_string}\"},\"query-input\":{\"@type\":\"PropertyValueSpecification\",\"valueRequired\":true,\"valueName\":\"search_term_string\"}}],\"inLanguage\":\"pt-PT2\"},{\"@type\":\"Organization\",\"@id\":\"https:\\\/\\\/www.ekoenergy.org\\\/pt\\\/#organization\",\"name\":\"Not-for-profit Organisation EKOenergy\",\"url\":\"https:\\\/\\\/www.ekoenergy.org\\\/pt\\\/\",\"logo\":{\"@type\":\"ImageObject\",\"inLanguage\":\"pt-PT2\",\"@id\":\"https:\\\/\\\/www.ekoenergy.org\\\/pt\\\/#\\\/schema\\\/logo\\\/image\\\/\",\"url\":\"https:\\\/\\\/www.ekoenergy.org\\\/wp-content\\\/uploads\\\/logo-EKOenergy-no-text.jpg\",\"contentUrl\":\"https:\\\/\\\/www.ekoenergy.org\\\/wp-content\\\/uploads\\\/logo-EKOenergy-no-text.jpg\",\"width\":1600,\"height\":1600,\"caption\":\"Not-for-profit Organisation EKOenergy\"},\"image\":{\"@id\":\"https:\\\/\\\/www.ekoenergy.org\\\/pt\\\/#\\\/schema\\\/logo\\\/image\\\/\"},\"sameAs\":[\"https:\\\/\\\/www.facebook.com\\\/EKOenergy.ecolabel\\\/\",\"https:\\\/\\\/x.com\\\/EKOenergy_\",\"https:\\\/\\\/www.instagram.com\\\/ekoenergy\\\/\",\"https:\\\/\\\/www.linkedin.com\\\/company\\\/ekoenergy-ecolabel\\\/\",\"https:\\\/\\\/www.youtube.com\\\/EKOenergy-ecolabel\",\"https:\\\/\\\/en.wikipedia.org\\\/wiki\\\/EKOenergy\"]}]}<\/script>\n<!-- \/ Yoast SEO plugin. -->","yoast_head_json":{"title":"O nosso r\u00f3tulo ecol\u00f3gico - EKOenergy ecolabel","description":"Ao usar o nosso log\u00f3tipo, indiv\u00edduos e empresas demonstram o seu compromisso com a energia renov\u00e1vel. Aqui apresentamos um resumo dos nossos crit\u00e9rios.","robots":{"index":"index","follow":"follow","max-snippet":"max-snippet:-1","max-image-preview":"max-image-preview:large","max-video-preview":"max-video-preview:-1"},"canonical":"https:\/\/www.ekoenergy.org\/pt\/ecolabel\/","og_locale":"pt_PT","og_type":"article","og_title":"O nosso r\u00f3tulo ecol\u00f3gico - EKOenergy ecolabel","og_description":"Ao usar o nosso log\u00f3tipo, indiv\u00edduos e empresas demonstram o seu compromisso com a energia renov\u00e1vel. Aqui apresentamos um resumo dos nossos crit\u00e9rios.","og_url":"https:\/\/www.ekoenergy.org\/pt\/ecolabel\/","og_site_name":"EKOenergy ecolabel","article_publisher":"https:\/\/www.facebook.com\/EKOenergy.ecolabel\/","article_modified_time":"2023-07-14T11:52:45+00:00","og_image":[{"width":958,"height":587,"url":"https:\/\/www.ekoenergy.org\/wp-content\/uploads\/Featured-Ecolabel-Jukurit.jpg","type":"image\/jpeg"}],"twitter_card":"summary_large_image","twitter_site":"@EKOenergy_","twitter_misc":{"Est. reading time":"5 minutes"},"schema":{"@context":"https:\/\/schema.org","@graph":[{"@type":"WebPage","@id":"https:\/\/www.ekoenergy.org\/pt\/ecolabel\/","url":"https:\/\/www.ekoenergy.org\/pt\/ecolabel\/","name":"O nosso r\u00f3tulo ecol\u00f3gico - EKOenergy ecolabel","isPartOf":{"@id":"https:\/\/www.ekoenergy.org\/pt\/#website"},"primaryImageOfPage":{"@id":"https:\/\/www.ekoenergy.org\/pt\/ecolabel\/#primaryimage"},"image":{"@id":"https:\/\/www.ekoenergy.org\/pt\/ecolabel\/#primaryimage"},"thumbnailUrl":"https:\/\/www.ekoenergy.org\/wp-content\/uploads\/Featured-Ecolabel-Jukurit.jpg","datePublished":"2019-12-04T13:34:20+00:00","dateModified":"2023-07-14T11:52:45+00:00","description":"Ao usar o nosso log\u00f3tipo, indiv\u00edduos e empresas demonstram o seu compromisso com a energia renov\u00e1vel. Aqui apresentamos um resumo dos nossos crit\u00e9rios.","breadcrumb":{"@id":"https:\/\/www.ekoenergy.org\/pt\/ecolabel\/#breadcrumb"},"inLanguage":"pt-PT2","potentialAction":[{"@type":"ReadAction","target":["https:\/\/www.ekoenergy.org\/pt\/ecolabel\/"]}]},{"@type":"ImageObject","inLanguage":"pt-PT2","@id":"https:\/\/www.ekoenergy.org\/pt\/ecolabel\/#primaryimage","url":"https:\/\/www.ekoenergy.org\/wp-content\/uploads\/Featured-Ecolabel-Jukurit.jpg","contentUrl":"https:\/\/www.ekoenergy.org\/wp-content\/uploads\/Featured-Ecolabel-Jukurit.jpg","width":958,"height":587},{"@type":"BreadcrumbList","@id":"https:\/\/www.ekoenergy.org\/pt\/ecolabel\/#breadcrumb","itemListElement":[{"@type":"ListItem","position":1,"name":"Home","item":"https:\/\/www.ekoenergy.org\/pt\/"},{"@type":"ListItem","position":2,"name":"O nosso r\u00f3tulo ecol\u00f3gico"}]},{"@type":"WebSite","@id":"https:\/\/www.ekoenergy.org\/pt\/#website","url":"https:\/\/www.ekoenergy.org\/pt\/","name":"EKOenergy ecolabel","description":"The global nonprofit ecolabel for renewable energy","publisher":{"@id":"https:\/\/www.ekoenergy.org\/pt\/#organization"},"potentialAction":[{"@type":"SearchAction","target":{"@type":"EntryPoint","urlTemplate":"https:\/\/www.ekoenergy.org\/pt\/?s={search_term_string}"},"query-input":{"@type":"PropertyValueSpecification","valueRequired":true,"valueName":"search_term_string"}}],"inLanguage":"pt-PT2"},{"@type":"Organization","@id":"https:\/\/www.ekoenergy.org\/pt\/#organization","name":"Not-for-profit Organisation EKOenergy","url":"https:\/\/www.ekoenergy.org\/pt\/","logo":{"@type":"ImageObject","inLanguage":"pt-PT2","@id":"https:\/\/www.ekoenergy.org\/pt\/#\/schema\/logo\/image\/","url":"https:\/\/www.ekoenergy.org\/wp-content\/uploads\/logo-EKOenergy-no-text.jpg","contentUrl":"https:\/\/www.ekoenergy.org\/wp-content\/uploads\/logo-EKOenergy-no-text.jpg","width":1600,"height":1600,"caption":"Not-for-profit Organisation EKOenergy"},"image":{"@id":"https:\/\/www.ekoenergy.org\/pt\/#\/schema\/logo\/image\/"},"sameAs":["https:\/\/www.facebook.com\/EKOenergy.ecolabel\/","https:\/\/x.com\/EKOenergy_","https:\/\/www.instagram.com\/ekoenergy\/","https:\/\/www.linkedin.com\/company\/ekoenergy-ecolabel\/","https:\/\/www.youtube.com\/EKOenergy-ecolabel","https:\/\/en.wikipedia.org\/wiki\/EKOenergy"]}]}},"uagb_featured_image_src":{"full":["https:\/\/www.ekoenergy.org\/wp-content\/uploads\/Featured-Ecolabel-Jukurit.jpg",958,587,false],"thumbnail":["https:\/\/www.ekoenergy.org\/wp-content\/uploads\/Featured-Ecolabel-Jukurit-150x150.jpg",150,150,true],"medium":["https:\/\/www.ekoenergy.org\/wp-content\/uploads\/Featured-Ecolabel-Jukurit-320x196.jpg",320,196,true],"medium_large":["https:\/\/www.ekoenergy.org\/wp-content\/uploads\/Featured-Ecolabel-Jukurit-768x471.jpg",768,471,true],"large":["https:\/\/www.ekoenergy.org\/wp-content\/uploads\/Featured-Ecolabel-Jukurit.jpg",958,587,false],"1536x1536":["https:\/\/www.ekoenergy.org\/wp-content\/uploads\/Featured-Ecolabel-Jukurit.jpg",958,587,false],"2048x2048":["https:\/\/www.ekoenergy.org\/wp-content\/uploads\/Featured-Ecolabel-Jukurit.jpg",958,587,false]},"uagb_author_info":{"display_name":"EKOenergy ecolabel","author_link":"https:\/\/www.ekoenergy.org\/pt\/author\/ekoenergy\/"},"uagb_comment_info":0,"uagb_excerpt":"O r\u00f3tulo ecol\u00f3gico EKOenergia O r\u00f3tulo EKOenergia \u00e9 uma marca de qualidade reconhecida internacionalmente para eletricidade, g\u00e1s, aquecimento e refrigera\u00e7\u00e3o renov\u00e1veis. \u00c9 tamb\u00e9m uma ferramenta de comunica\u00e7\u00e3o e \u00e9 usado tanto por indiv\u00edduos como empresas para demonstrar o seu compromisso para com a energia renov\u00e1vel, o que encoraja outros a fazer o mesmo. Isto ajuda&hellip;","_links":{"self":[{"href":"https:\/\/www.ekoenergy.org\/pt\/wp-json\/wp\/v2\/pages\/64901","targetHints":{"allow":["GET"]}}],"collection":[{"href":"https:\/\/www.ekoenergy.org\/pt\/wp-json\/wp\/v2\/pages"}],"about":[{"href":"https:\/\/www.ekoenergy.org\/pt\/wp-json\/wp\/v2\/types\/page"}],"author":[{"embeddable":true,"href":"https:\/\/www.ekoenergy.org\/pt\/wp-json\/wp\/v2\/users\/17"}],"replies":[{"embeddable":true,"href":"https:\/\/www.ekoenergy.org\/pt\/wp-json\/wp\/v2\/comments?post=64901"}],"version-history":[{"count":3,"href":"https:\/\/www.ekoenergy.org\/pt\/wp-json\/wp\/v2\/pages\/64901\/revisions"}],"predecessor-version":[{"id":148441,"href":"https:\/\/www.ekoenergy.org\/pt\/wp-json\/wp\/v2\/pages\/64901\/revisions\/148441"}],"wp:featuredmedia":[{"embeddable":true,"href":"https:\/\/www.ekoenergy.org\/pt\/wp-json\/wp\/v2\/media\/64902"}],"wp:attachment":[{"href":"https:\/\/www.ekoenergy.org\/pt\/wp-json\/wp\/v2\/media?parent=64901"}],"curies":[{"name":"wp","href":"https:\/\/api.w.org\/{rel}","templated":true}]}}