{"id":64913,"date":"2019-12-04T13:23:54","date_gmt":"2019-12-04T13:23:54","guid":{"rendered":"https:\/\/www.ekoenergy.org\/about-us\/"},"modified":"2023-12-11T14:03:29","modified_gmt":"2023-12-11T12:03:29","slug":"about-us","status":"publish","type":"page","link":"https:\/\/www.ekoenergy.org\/pt\/about-us\/","title":{"rendered":"Sobre n\u00f3s"},"content":{"rendered":"\n<h1 class=\"wp-block-heading\">Sobre n\u00f3s<\/h1>\n\n\n\n<h2 class=\"wp-block-heading\">O nosso r\u00f3tulo ecol\u00f3gico sem fins lucrativos<\/h2>\n\n\n\n<figure class=\"wp-block-embed alignright is-type-video is-provider-youtube wp-block-embed-youtube wp-embed-aspect-16-9 wp-has-aspect-ratio\"><div class=\"wp-block-embed__wrapper\">\n<iframe title=\"EKOenergy: the renewable energy ecolabel\" width=\"500\" height=\"281\" src=\"https:\/\/www.youtube.com\/embed\/h0_1__2Qg1M?feature=oembed\" frameborder=\"0\" allow=\"accelerometer; autoplay; clipboard-write; encrypted-media; gyroscope; picture-in-picture; web-share\" referrerpolicy=\"strict-origin-when-cross-origin\" allowfullscreen><\/iframe>\n<\/div><figcaption class=\"wp-element-caption\"><i>Aprenda mais sobre o r\u00f3tulo ecol\u00f3gico<\/i> <em>com a nossa apresenta\u00e7\u00e3o<\/em> &#8211; <em>legendada em mais de 20 l\u00ednguas<\/em>.<\/figcaption><\/figure>\n\n\n\n<p>EKOenergia \u00e9 um r\u00f3tulo ecol\u00f3gico internacional, sem fins lucrativos, para energia (eletricidade renov\u00e1vel, bem como g\u00e1s, calor e frio renov\u00e1veis).<\/p>\n\n\n\n<p>Al\u00e9m de ser renov\u00e1vel, a energia rotulada de EKOenergia cumpre <a href=\"https:\/\/www.ekoenergy.org\/pt\/ecolabel\/\">crit\u00e9rios de sustentabilidade<\/a> adicionais e financia <a href=\"https:\/\/www.ekoenergy.org\/pt\/our-results\/climate-fund\/\">projetos que combatem a pobreza energ\u00e9tica<\/a>. <\/p>\n\n\n\n<p>O r\u00f3tulo ecol\u00f3gico EKOenergia pode ser compatibilizado com qualquer m\u00e9todo de abastecimento: Tarifas de eletricidade verde, Power Purchasing Agreements (PPAs), certificados de energia desagregados como Garantias de Origem, RECs, I-RECs e outros. Energia de instala\u00e7\u00f5es no local (<em>on-site installations<\/em>) tamb\u00e9m pode ter o r\u00f3tulo EKOenergia. EKOenergia traz um impacto positivo adicional \u00e0 escolha de energia renov\u00e1vel pelos consumidores, independentemente do m\u00e9todo de compra ou de consumo.<\/p>\n\n\n\n<p>O <a href=\"https:\/\/ghgprotocol.org\/\" target=\"_blank\" rel=\"noreferrer noopener\">Greenhouse Gas Protocol<\/a>, LEED para edif\u00edcios sustent\u00e1veis, <a href=\"https:\/\/www.cdp.net\/en\" target=\"_blank\" rel=\"noreferrer noopener\">o CDP<\/a> e<a href=\"https:\/\/www.there100.org\/\" target=\"_blank\" rel=\"noreferrer noopener\"> a RE100<\/a> descrevem o r\u00f3tulo ecol\u00f3gico EKOenergia como <a href=\"https:\/\/www.ekoenergy.org\/pt\/why-buy\/other-standards\/\">uma boa solu\u00e7\u00e3o para os consumidores que pretendem dar um passo extra.<\/a><\/p>\n\n\n\n<h3 class=\"wp-block-heading\">O nosso r\u00f3tulo ecol\u00f3gico \u00e9 f\u00e1cil de usar<\/h3>\n\n\n\n<p>N\u00f3s temos vendedores autorizados ao redor do mundo, o que torna a compra de EKOenergia f\u00e1cil seja onde estiver. \u00c9 poss\u00edvel usar EKOenergia na sua casa ou na sua empresa. Se pretende <a href=\"https:\/\/www.ekoenergy.org\/pt\/buying-ekoenergy\/\">comprar eletricidade rotulada de EKOenergia<\/a> ou <a href=\"https:\/\/www.ekoenergy.org\/pt\/ecolabel\/how-to-sell-ekoenergy\/\">vender energias renov\u00e1veis rotuladas de EKOenergia<\/a>, por favor <a href=\"https:\/\/www.ekoenergy.org\/about-us\/contact-us\/\">contacte-nos<\/a>.<\/p>\n\n\n\n<h3 class=\"wp-block-heading\">O nosso r\u00f3tulo ecol\u00f3gico \u00e9 uma ferramenta de comunica\u00e7\u00e3o<\/h3>\n\n\n\n<figure class=\"wp-block-image alignleft size-medium\"><img fetchpriority=\"high\" decoding=\"async\" width=\"320\" height=\"179\" src=\"https:\/\/www.ekoenergy.org\/wp-content\/uploads\/\/EKOenergy-labelled-electricity-sticker-320x179.png\" alt=\"\" class=\"wp-image-123402\" srcset=\"https:\/\/www.ekoenergy.org\/wp-content\/uploads\/EKOenergy-labelled-electricity-sticker-320x179.png 320w, https:\/\/www.ekoenergy.org\/wp-content\/uploads\/EKOenergy-labelled-electricity-sticker-1024x572.png 1024w, https:\/\/www.ekoenergy.org\/wp-content\/uploads\/EKOenergy-labelled-electricity-sticker-768x429.png 768w, https:\/\/www.ekoenergy.org\/wp-content\/uploads\/EKOenergy-labelled-electricity-sticker-1536x858.png 1536w, https:\/\/www.ekoenergy.org\/wp-content\/uploads\/EKOenergy-labelled-electricity-sticker.png 1768w\" sizes=\"(max-width: 320px) 100vw, 320px\" \/><\/figure>\n\n\n\n<p>O r\u00f3tulo, ou selo, EKOenergia \u00e9 uma <a href=\"https:\/\/www.ekoenergy.org\/pt\/why-buy\/other-standards\/\">ferramenta de comunica\u00e7\u00e3o reconhecida internacionalmente<\/a>. Ao utilizarem o nosso log\u00f3tipo, indiv\u00edduos e empresas demonstram o seu compromisso para com a energia renov\u00e1vel e incentivam outros a fazer o mesmo. Tal ajuda a acelerar a transi\u00e7\u00e3o para um mundo 100% renov\u00e1vel. Os utilizadores da energia rotulada de EKOenergia podem usar o log\u00f3tipo nas suas publica\u00e7\u00f5es, nos seus pr\u00e9dios e nos produtos fabricados com EKOenergia.<\/p>\n\n\n\n<p><a href=\"https:\/\/www.ekoenergy.org\/pt\/about-us\/contact-us\/\">A nossa equipa internacional<\/a> pode responder \u00e0s suas quest\u00f5es em v\u00e1rias l\u00ednguas, e os nossos materiais est\u00e3o dispon\u00edveis em mais de 20 idiomas.<\/p>\n\n\n\n<h2 class=\"wp-block-heading\">Pr\u00e9mios e nomea\u00e7\u00f5es<\/h2>\n\n\n\n<figure class=\"wp-block-image alignright size-medium\"><img decoding=\"async\" width=\"320\" height=\"214\" src=\"https:\/\/www.ekoenergy.org\/wp-content\/uploads\/\/European-Citizens-Award-Ceremony-2021-320x214.jpg\" alt=\"\" class=\"wp-image-123679\" srcset=\"https:\/\/www.ekoenergy.org\/wp-content\/uploads\/European-Citizens-Award-Ceremony-2021-320x214.jpg 320w, https:\/\/www.ekoenergy.org\/wp-content\/uploads\/European-Citizens-Award-Ceremony-2021-1024x684.jpg 1024w, https:\/\/www.ekoenergy.org\/wp-content\/uploads\/European-Citizens-Award-Ceremony-2021-768x513.jpg 768w, https:\/\/www.ekoenergy.org\/wp-content\/uploads\/European-Citizens-Award-Ceremony-2021-1536x1026.jpg 1536w, https:\/\/www.ekoenergy.org\/wp-content\/uploads\/European-Citizens-Award-Ceremony-2021.jpg 1794w\" sizes=\"(max-width: 320px) 100vw, 320px\" \/><\/figure>\n\n\n\n<ul class=\"wp-block-list\">\n<li>EKOenergia foi um dos vencedores Good100, na edi\u00e7\u00e3o de 2022 do GoodFestival, Su\u00ed\u00e7a.<\/li>\n\n\n\n<li>EU Sustainable Energy (EUSEW) Award 2021, Merve G\u00fcng\u00f6r foi finalista na categoria de Young Energy Trailblazer pelo seu trabalho em EKOenergia.<\/li>\n\n\n\n<li>European Citizen\u2019s Prize 2020, premiado pelo Parlamento Europeu em Mar\u00e7o 2021.<\/li>\n\n\n\n<li>Nomea\u00e7\u00e3o no Nordic Council Environment Award 2019.<\/li>\n\n\n\n<li>EU Sustainable Energy (EUSEW) Award 2018, finalista na categoria Young Energy Leaders.<\/li>\n\n\n\n<li>EKOenergia foi um dos projetos vencedores selecionados como parte dos 100 Projetos para o Clima, iniciativa do Minist\u00e9rio do Ambiente, Energia e Mar Franc\u00eas, em 2017.<\/li>\n\n\n\n<li>Pr\u00e9mio Taten f\u00fcr Morgen pelo Conselho para o Desenvolvimento Sustent\u00e1vel Alem\u00e3o. EKOenergia foi um dos Projetos de Sustentabilidade 2017 (Projekt Nachhaltigkeit), uma distin\u00e7\u00e3o de renome para projetos que contribuem para os Objetivos de Desenvolvimento Sustent\u00e1vel.<\/li>\n\n\n\n<li>Good100 PremaGyan Award 2016 no GoodFestival na Su\u00ed\u00e7a.<\/li>\n<\/ul>\n\n\n\n<h2 class=\"wp-block-heading\">Coopera<meta http-equiv=\"content-type\" content=\"text\/html; charset=utf-8\">\u00e7\u00e3o Internacional<\/h2>\n\n\n\n<p>O r\u00f3tulo ecol\u00f3gico EKOenergia \u00e9 uma iniciativa da Associa\u00e7\u00e3o Finlandesa para a Conserva\u00e7\u00e3o da Natureza (Suomen luonnonsuojeluliitto) e \u00e9 apoiado por outras ONGs ambientais.<\/p>\n\n\n\n<p>N\u00f3s participamos nas atividades de, e cooperamos com, muitas outras organiza\u00e7\u00f5es, tais como:<\/p>\n\n\n\n<ul class=\"wp-block-list\">\n<li><a href=\"https:\/\/climatenetwork.org\" target=\"_blank\" rel=\"noreferrer noopener\">Climate Action Network International (CAN Intl)<\/a><\/li>\n\n\n\n<li><a href=\"https:\/\/caneurope.org\/\" target=\"_blank\" rel=\"noreferrer noopener\">Climate Action Network (CAN) Europe<\/a><\/li>\n\n\n\n<li><a href=\"https:\/\/coalition.irena.org\/\" target=\"_blank\" rel=\"noreferrer noopener\">IRENA Coalition for Action<\/a><\/li>\n\n\n\n<li><a href=\"https:\/\/resource-platform.eu\/\" target=\"_blank\" rel=\"noreferrer noopener\">The RE-Source Platform<\/a><\/li>\n\n\n\n<li><a href=\"https:\/\/recs.org\/\" target=\"_blank\" rel=\"noreferrer noopener\">RECS Energy Certificate Association<\/a><\/li>\n\n\n\n<li><a href=\"https:\/\/eeb.org\/\" target=\"_blank\" rel=\"noreferrer noopener\">European Environmental Bureau (EEB)<\/a><\/li>\n<\/ul>\n","protected":false},"excerpt":{"rendered":"<p>Sobre n\u00f3s O nosso r\u00f3tulo ecol\u00f3gico sem fins lucrativos EKOenergia \u00e9 um r\u00f3tulo ecol\u00f3gico internacional, sem fins lucrativos, para energia (eletricidade renov\u00e1vel, bem como g\u00e1s, calor e frio renov\u00e1veis). Al\u00e9m de ser renov\u00e1vel, a energia rotulada de EKOenergia cumpre crit\u00e9rios de sustentabilidade adicionais e financia projetos que combatem a pobreza energ\u00e9tica. O r\u00f3tulo ecol\u00f3gico EKOenergia [&hellip;]<\/p>\n","protected":false},"author":17,"featured_media":64914,"parent":0,"menu_order":0,"comment_status":"closed","ping_status":"closed","template":"","meta":{"inline_featured_image":false,"_uag_custom_page_level_css":"","site-sidebar-layout":"default","site-content-layout":"default","ast-site-content-layout":"default","site-content-style":"default","site-sidebar-style":"default","ast-global-header-display":"","ast-banner-title-visibility":"","ast-main-header-display":"","ast-hfb-above-header-display":"","ast-hfb-below-header-display":"","ast-hfb-mobile-header-display":"","site-post-title":"disabled","ast-breadcrumbs-content":"","ast-featured-img":"","footer-sml-layout":"","ast-disable-related-posts":"","theme-transparent-header-meta":"default","adv-header-id-meta":"","stick-header-meta":"default","header-above-stick-meta":"","header-main-stick-meta":"","header-below-stick-meta":"","astra-migrate-meta-layouts":"default","ast-page-background-enabled":"default","ast-page-background-meta":{"desktop":{"background-color":"","background-image":"","background-repeat":"repeat","background-position":"center center","background-size":"auto","background-attachment":"scroll","background-type":"","background-media":"","overlay-type":"","overlay-color":"","overlay-opacity":"","overlay-gradient":""},"tablet":{"background-color":"","background-image":"","background-repeat":"repeat","background-position":"center center","background-size":"auto","background-attachment":"scroll","background-type":"","background-media":"","overlay-type":"","overlay-color":"","overlay-opacity":"","overlay-gradient":""},"mobile":{"background-color":"","background-image":"","background-repeat":"repeat","background-position":"center center","background-size":"auto","background-attachment":"scroll","background-type":"","background-media":"","overlay-type":"","overlay-color":"","overlay-opacity":"","overlay-gradient":""}},"ast-content-background-meta":{"desktop":{"background-color":"var(--ast-global-color-5)","background-image":"","background-repeat":"repeat","background-position":"center center","background-size":"auto","background-attachment":"scroll","background-type":"","background-media":"","overlay-type":"","overlay-color":"","overlay-opacity":"","overlay-gradient":""},"tablet":{"background-color":"var(--ast-global-color-5)","background-image":"","background-repeat":"repeat","background-position":"center center","background-size":"auto","background-attachment":"scroll","background-type":"","background-media":"","overlay-type":"","overlay-color":"","overlay-opacity":"","overlay-gradient":""},"mobile":{"background-color":"var(--ast-global-color-5)","background-image":"","background-repeat":"repeat","background-position":"center center","background-size":"auto","background-attachment":"scroll","background-type":"","background-media":"","overlay-type":"","overlay-color":"","overlay-opacity":"","overlay-gradient":""}},"footnotes":""},"class_list":["post-64913","page","type-page","status-publish","has-post-thumbnail","hentry"],"yoast_head":"<!-- This site is optimized with the Yoast SEO plugin v27.3 - https:\/\/yoast.com\/product\/yoast-seo-wordpress\/ -->\n<title>About us- EKOenergy ecolabel<\/title>\n<meta name=\"description\" content=\"EKOenergia \u00e9 um r\u00f3tulo ecol\u00f3gico internacional sem fins lucrativos para eletricidade, g\u00e1s, calor e frio renov\u00e1veis. EKOenergia \u00e9 energia sustent\u00e1vel.\" \/>\n<meta name=\"robots\" content=\"index, follow, max-snippet:-1, max-image-preview:large, max-video-preview:-1\" \/>\n<link rel=\"canonical\" href=\"https:\/\/www.ekoenergy.org\/pt\/about-us\/\" \/>\n<meta property=\"og:locale\" content=\"pt_PT\" \/>\n<meta property=\"og:type\" content=\"article\" \/>\n<meta property=\"og:title\" content=\"About us- EKOenergy ecolabel\" \/>\n<meta property=\"og:description\" content=\"EKOenergia \u00e9 um r\u00f3tulo ecol\u00f3gico internacional sem fins lucrativos para eletricidade, g\u00e1s, calor e frio renov\u00e1veis. EKOenergia \u00e9 energia sustent\u00e1vel.\" \/>\n<meta property=\"og:url\" content=\"https:\/\/www.ekoenergy.org\/pt\/about-us\/\" \/>\n<meta property=\"og:site_name\" content=\"EKOenergy ecolabel\" \/>\n<meta property=\"article:publisher\" content=\"https:\/\/www.facebook.com\/EKOenergy.ecolabel\/\" \/>\n<meta property=\"article:modified_time\" content=\"2023-12-11T12:03:29+00:00\" \/>\n<meta property=\"og:image\" content=\"https:\/\/www.ekoenergy.org\/wp-content\/uploads\/Featured-Chocolate-Made-With-EKOenergy.jpg\" \/>\n\t<meta property=\"og:image:width\" content=\"1197\" \/>\n\t<meta property=\"og:image:height\" content=\"600\" \/>\n\t<meta property=\"og:image:type\" content=\"image\/jpeg\" \/>\n<meta name=\"twitter:card\" content=\"summary_large_image\" \/>\n<meta name=\"twitter:site\" content=\"@EKOenergy_\" \/>\n<meta name=\"twitter:label1\" content=\"Est. reading time\" \/>\n\t<meta name=\"twitter:data1\" content=\"3 minutes\" \/>\n<script type=\"application\/ld+json\" class=\"yoast-schema-graph\">{\"@context\":\"https:\\\/\\\/schema.org\",\"@graph\":[{\"@type\":\"WebPage\",\"@id\":\"https:\\\/\\\/www.ekoenergy.org\\\/pt\\\/about-us\\\/\",\"url\":\"https:\\\/\\\/www.ekoenergy.org\\\/pt\\\/about-us\\\/\",\"name\":\"About us- EKOenergy ecolabel\",\"isPartOf\":{\"@id\":\"https:\\\/\\\/www.ekoenergy.org\\\/pt\\\/#website\"},\"primaryImageOfPage\":{\"@id\":\"https:\\\/\\\/www.ekoenergy.org\\\/pt\\\/about-us\\\/#primaryimage\"},\"image\":{\"@id\":\"https:\\\/\\\/www.ekoenergy.org\\\/pt\\\/about-us\\\/#primaryimage\"},\"thumbnailUrl\":\"https:\\\/\\\/www.ekoenergy.org\\\/wp-content\\\/uploads\\\/Featured-Chocolate-Made-With-EKOenergy.jpg\",\"datePublished\":\"2019-12-04T13:23:54+00:00\",\"dateModified\":\"2023-12-11T12:03:29+00:00\",\"description\":\"EKOenergia \u00e9 um r\u00f3tulo ecol\u00f3gico internacional sem fins lucrativos para eletricidade, g\u00e1s, calor e frio renov\u00e1veis. EKOenergia \u00e9 energia sustent\u00e1vel.\",\"breadcrumb\":{\"@id\":\"https:\\\/\\\/www.ekoenergy.org\\\/pt\\\/about-us\\\/#breadcrumb\"},\"inLanguage\":\"pt-PT2\",\"potentialAction\":[{\"@type\":\"ReadAction\",\"target\":[\"https:\\\/\\\/www.ekoenergy.org\\\/pt\\\/about-us\\\/\"]}]},{\"@type\":\"ImageObject\",\"inLanguage\":\"pt-PT2\",\"@id\":\"https:\\\/\\\/www.ekoenergy.org\\\/pt\\\/about-us\\\/#primaryimage\",\"url\":\"https:\\\/\\\/www.ekoenergy.org\\\/wp-content\\\/uploads\\\/Featured-Chocolate-Made-With-EKOenergy.jpg\",\"contentUrl\":\"https:\\\/\\\/www.ekoenergy.org\\\/wp-content\\\/uploads\\\/Featured-Chocolate-Made-With-EKOenergy.jpg\",\"width\":1197,\"height\":600},{\"@type\":\"BreadcrumbList\",\"@id\":\"https:\\\/\\\/www.ekoenergy.org\\\/pt\\\/about-us\\\/#breadcrumb\",\"itemListElement\":[{\"@type\":\"ListItem\",\"position\":1,\"name\":\"Home\",\"item\":\"https:\\\/\\\/www.ekoenergy.org\\\/pt\\\/\"},{\"@type\":\"ListItem\",\"position\":2,\"name\":\"Sobre n\u00f3s\"}]},{\"@type\":\"WebSite\",\"@id\":\"https:\\\/\\\/www.ekoenergy.org\\\/pt\\\/#website\",\"url\":\"https:\\\/\\\/www.ekoenergy.org\\\/pt\\\/\",\"name\":\"EKOenergy ecolabel\",\"description\":\"The global nonprofit ecolabel for renewable energy\",\"publisher\":{\"@id\":\"https:\\\/\\\/www.ekoenergy.org\\\/pt\\\/#organization\"},\"potentialAction\":[{\"@type\":\"SearchAction\",\"target\":{\"@type\":\"EntryPoint\",\"urlTemplate\":\"https:\\\/\\\/www.ekoenergy.org\\\/pt\\\/?s={search_term_string}\"},\"query-input\":{\"@type\":\"PropertyValueSpecification\",\"valueRequired\":true,\"valueName\":\"search_term_string\"}}],\"inLanguage\":\"pt-PT2\"},{\"@type\":\"Organization\",\"@id\":\"https:\\\/\\\/www.ekoenergy.org\\\/pt\\\/#organization\",\"name\":\"Not-for-profit Organisation EKOenergy\",\"url\":\"https:\\\/\\\/www.ekoenergy.org\\\/pt\\\/\",\"logo\":{\"@type\":\"ImageObject\",\"inLanguage\":\"pt-PT2\",\"@id\":\"https:\\\/\\\/www.ekoenergy.org\\\/pt\\\/#\\\/schema\\\/logo\\\/image\\\/\",\"url\":\"https:\\\/\\\/www.ekoenergy.org\\\/wp-content\\\/uploads\\\/logo-EKOenergy-no-text.jpg\",\"contentUrl\":\"https:\\\/\\\/www.ekoenergy.org\\\/wp-content\\\/uploads\\\/logo-EKOenergy-no-text.jpg\",\"width\":1600,\"height\":1600,\"caption\":\"Not-for-profit Organisation EKOenergy\"},\"image\":{\"@id\":\"https:\\\/\\\/www.ekoenergy.org\\\/pt\\\/#\\\/schema\\\/logo\\\/image\\\/\"},\"sameAs\":[\"https:\\\/\\\/www.facebook.com\\\/EKOenergy.ecolabel\\\/\",\"https:\\\/\\\/x.com\\\/EKOenergy_\",\"https:\\\/\\\/www.instagram.com\\\/ekoenergy\\\/\",\"https:\\\/\\\/www.linkedin.com\\\/company\\\/ekoenergy-ecolabel\\\/\",\"https:\\\/\\\/www.youtube.com\\\/EKOenergy-ecolabel\",\"https:\\\/\\\/en.wikipedia.org\\\/wiki\\\/EKOenergy\"]}]}<\/script>\n<!-- \/ Yoast SEO plugin. -->","yoast_head_json":{"title":"About us- EKOenergy ecolabel","description":"EKOenergia \u00e9 um r\u00f3tulo ecol\u00f3gico internacional sem fins lucrativos para eletricidade, g\u00e1s, calor e frio renov\u00e1veis. EKOenergia \u00e9 energia sustent\u00e1vel.","robots":{"index":"index","follow":"follow","max-snippet":"max-snippet:-1","max-image-preview":"max-image-preview:large","max-video-preview":"max-video-preview:-1"},"canonical":"https:\/\/www.ekoenergy.org\/pt\/about-us\/","og_locale":"pt_PT","og_type":"article","og_title":"About us- EKOenergy ecolabel","og_description":"EKOenergia \u00e9 um r\u00f3tulo ecol\u00f3gico internacional sem fins lucrativos para eletricidade, g\u00e1s, calor e frio renov\u00e1veis. EKOenergia \u00e9 energia sustent\u00e1vel.","og_url":"https:\/\/www.ekoenergy.org\/pt\/about-us\/","og_site_name":"EKOenergy ecolabel","article_publisher":"https:\/\/www.facebook.com\/EKOenergy.ecolabel\/","article_modified_time":"2023-12-11T12:03:29+00:00","og_image":[{"width":1197,"height":600,"url":"https:\/\/www.ekoenergy.org\/wp-content\/uploads\/Featured-Chocolate-Made-With-EKOenergy.jpg","type":"image\/jpeg"}],"twitter_card":"summary_large_image","twitter_site":"@EKOenergy_","twitter_misc":{"Est. reading time":"3 minutes"},"schema":{"@context":"https:\/\/schema.org","@graph":[{"@type":"WebPage","@id":"https:\/\/www.ekoenergy.org\/pt\/about-us\/","url":"https:\/\/www.ekoenergy.org\/pt\/about-us\/","name":"About us- EKOenergy ecolabel","isPartOf":{"@id":"https:\/\/www.ekoenergy.org\/pt\/#website"},"primaryImageOfPage":{"@id":"https:\/\/www.ekoenergy.org\/pt\/about-us\/#primaryimage"},"image":{"@id":"https:\/\/www.ekoenergy.org\/pt\/about-us\/#primaryimage"},"thumbnailUrl":"https:\/\/www.ekoenergy.org\/wp-content\/uploads\/Featured-Chocolate-Made-With-EKOenergy.jpg","datePublished":"2019-12-04T13:23:54+00:00","dateModified":"2023-12-11T12:03:29+00:00","description":"EKOenergia \u00e9 um r\u00f3tulo ecol\u00f3gico internacional sem fins lucrativos para eletricidade, g\u00e1s, calor e frio renov\u00e1veis. EKOenergia \u00e9 energia sustent\u00e1vel.","breadcrumb":{"@id":"https:\/\/www.ekoenergy.org\/pt\/about-us\/#breadcrumb"},"inLanguage":"pt-PT2","potentialAction":[{"@type":"ReadAction","target":["https:\/\/www.ekoenergy.org\/pt\/about-us\/"]}]},{"@type":"ImageObject","inLanguage":"pt-PT2","@id":"https:\/\/www.ekoenergy.org\/pt\/about-us\/#primaryimage","url":"https:\/\/www.ekoenergy.org\/wp-content\/uploads\/Featured-Chocolate-Made-With-EKOenergy.jpg","contentUrl":"https:\/\/www.ekoenergy.org\/wp-content\/uploads\/Featured-Chocolate-Made-With-EKOenergy.jpg","width":1197,"height":600},{"@type":"BreadcrumbList","@id":"https:\/\/www.ekoenergy.org\/pt\/about-us\/#breadcrumb","itemListElement":[{"@type":"ListItem","position":1,"name":"Home","item":"https:\/\/www.ekoenergy.org\/pt\/"},{"@type":"ListItem","position":2,"name":"Sobre n\u00f3s"}]},{"@type":"WebSite","@id":"https:\/\/www.ekoenergy.org\/pt\/#website","url":"https:\/\/www.ekoenergy.org\/pt\/","name":"EKOenergy ecolabel","description":"The global nonprofit ecolabel for renewable energy","publisher":{"@id":"https:\/\/www.ekoenergy.org\/pt\/#organization"},"potentialAction":[{"@type":"SearchAction","target":{"@type":"EntryPoint","urlTemplate":"https:\/\/www.ekoenergy.org\/pt\/?s={search_term_string}"},"query-input":{"@type":"PropertyValueSpecification","valueRequired":true,"valueName":"search_term_string"}}],"inLanguage":"pt-PT2"},{"@type":"Organization","@id":"https:\/\/www.ekoenergy.org\/pt\/#organization","name":"Not-for-profit Organisation EKOenergy","url":"https:\/\/www.ekoenergy.org\/pt\/","logo":{"@type":"ImageObject","inLanguage":"pt-PT2","@id":"https:\/\/www.ekoenergy.org\/pt\/#\/schema\/logo\/image\/","url":"https:\/\/www.ekoenergy.org\/wp-content\/uploads\/logo-EKOenergy-no-text.jpg","contentUrl":"https:\/\/www.ekoenergy.org\/wp-content\/uploads\/logo-EKOenergy-no-text.jpg","width":1600,"height":1600,"caption":"Not-for-profit Organisation EKOenergy"},"image":{"@id":"https:\/\/www.ekoenergy.org\/pt\/#\/schema\/logo\/image\/"},"sameAs":["https:\/\/www.facebook.com\/EKOenergy.ecolabel\/","https:\/\/x.com\/EKOenergy_","https:\/\/www.instagram.com\/ekoenergy\/","https:\/\/www.linkedin.com\/company\/ekoenergy-ecolabel\/","https:\/\/www.youtube.com\/EKOenergy-ecolabel","https:\/\/en.wikipedia.org\/wiki\/EKOenergy"]}]}},"uagb_featured_image_src":{"full":["https:\/\/www.ekoenergy.org\/wp-content\/uploads\/Featured-Chocolate-Made-With-EKOenergy.jpg",1197,600,false],"thumbnail":["https:\/\/www.ekoenergy.org\/wp-content\/uploads\/Featured-Chocolate-Made-With-EKOenergy-150x150.jpg",150,150,true],"medium":["https:\/\/www.ekoenergy.org\/wp-content\/uploads\/Featured-Chocolate-Made-With-EKOenergy-320x160.jpg",320,160,true],"medium_large":["https:\/\/www.ekoenergy.org\/wp-content\/uploads\/Featured-Chocolate-Made-With-EKOenergy-768x385.jpg",768,385,true],"large":["https:\/\/www.ekoenergy.org\/wp-content\/uploads\/Featured-Chocolate-Made-With-EKOenergy-1024x513.jpg",1024,513,true],"1536x1536":["https:\/\/www.ekoenergy.org\/wp-content\/uploads\/Featured-Chocolate-Made-With-EKOenergy.jpg",1197,600,false],"2048x2048":["https:\/\/www.ekoenergy.org\/wp-content\/uploads\/Featured-Chocolate-Made-With-EKOenergy.jpg",1197,600,false]},"uagb_author_info":{"display_name":"EKOenergy ecolabel","author_link":"https:\/\/www.ekoenergy.org\/pt\/author\/ekoenergy\/"},"uagb_comment_info":0,"uagb_excerpt":"Sobre n\u00f3s O nosso r\u00f3tulo ecol\u00f3gico sem fins lucrativos EKOenergia \u00e9 um r\u00f3tulo ecol\u00f3gico internacional, sem fins lucrativos, para energia (eletricidade renov\u00e1vel, bem como g\u00e1s, calor e frio renov\u00e1veis). Al\u00e9m de ser renov\u00e1vel, a energia rotulada de EKOenergia cumpre crit\u00e9rios de sustentabilidade adicionais e financia projetos que combatem a pobreza energ\u00e9tica. O r\u00f3tulo ecol\u00f3gico EKOenergia&hellip;","_links":{"self":[{"href":"https:\/\/www.ekoenergy.org\/pt\/wp-json\/wp\/v2\/pages\/64913","targetHints":{"allow":["GET"]}}],"collection":[{"href":"https:\/\/www.ekoenergy.org\/pt\/wp-json\/wp\/v2\/pages"}],"about":[{"href":"https:\/\/www.ekoenergy.org\/pt\/wp-json\/wp\/v2\/types\/page"}],"author":[{"embeddable":true,"href":"https:\/\/www.ekoenergy.org\/pt\/wp-json\/wp\/v2\/users\/17"}],"replies":[{"embeddable":true,"href":"https:\/\/www.ekoenergy.org\/pt\/wp-json\/wp\/v2\/comments?post=64913"}],"version-history":[{"count":3,"href":"https:\/\/www.ekoenergy.org\/pt\/wp-json\/wp\/v2\/pages\/64913\/revisions"}],"predecessor-version":[{"id":155400,"href":"https:\/\/www.ekoenergy.org\/pt\/wp-json\/wp\/v2\/pages\/64913\/revisions\/155400"}],"wp:featuredmedia":[{"embeddable":true,"href":"https:\/\/www.ekoenergy.org\/pt\/wp-json\/wp\/v2\/media\/64914"}],"wp:attachment":[{"href":"https:\/\/www.ekoenergy.org\/pt\/wp-json\/wp\/v2\/media?parent=64913"}],"curies":[{"name":"wp","href":"https:\/\/api.w.org\/{rel}","templated":true}]}}