{"id":25324,"date":"2020-01-09T13:03:40","date_gmt":"2020-01-09T13:03:40","guid":{"rendered":"https:\/\/www.ekoenergy.org\/ecolabel\/criteria\/"},"modified":"2020-05-04T17:13:51","modified_gmt":"2020-05-04T17:13:51","slug":"criteria","status":"publish","type":"page","link":"https:\/\/www.ekoenergy.org\/sv\/ecolabel\/criteria\/","title":{"rendered":"EKOenergis kriterier"},"content":{"rendered":"\n<h1 class=\"wp-block-heading\">EKOenergis kriterier<\/h1>\n\n\n\n<div class=\"wp-block-columns is-layout-flex wp-container-core-columns-is-layout-28f84493 wp-block-columns-is-layout-flex\">\n<div class=\"wp-block-column is-layout-flow wp-block-column-is-layout-flow\">\n<div class=\"wp-block-image hover-image\"><figure class=\"aligncenter size-medium is-resized\"><a href=\"https:\/\/www.ekoenergy.org\/sv\/ecolabel\/criteria\/electricity\/\"><img decoding=\"async\" src=\"https:\/\/www.ekoenergy.org\/wp-content\/uploads\/\/criteria-icon-electricity-light-bulb-320x320.png\" alt=\"\" class=\"wp-image-37894\" width=\"160\" height=\"160\" srcset=\"https:\/\/www.ekoenergy.org\/wp-content\/uploads\/criteria-icon-electricity-light-bulb-320x320.png 320w, https:\/\/www.ekoenergy.org\/wp-content\/uploads\/criteria-icon-electricity-light-bulb-150x150.png 150w, https:\/\/www.ekoenergy.org\/wp-content\/uploads\/criteria-icon-electricity-light-bulb.png 512w\" sizes=\"(max-width: 160px) 100vw, 160px\" \/><\/a><figcaption><a href=\"https:\/\/www.ekoenergy.org\/sv\/ecolabel\/criteria\/electricity\/\">Elektricitet<\/a><\/figcaption><\/figure><\/div>\n<\/div>\n\n\n\n<div class=\"wp-block-column is-layout-flow wp-block-column-is-layout-flow\">\n<div class=\"wp-block-image hover-image\"><figure class=\"aligncenter size-medium is-resized\"><a href=\"https:\/\/www.ekoenergy.org\/sv\/ecolabel\/criteria\/ekoenergy-gas\/\"><img decoding=\"async\" src=\"https:\/\/www.ekoenergy.org\/wp-content\/uploads\/\/criteria-icon-gasoline-320x320.png\" alt=\"\" class=\"wp-image-37879\" width=\"160\" height=\"160\" srcset=\"https:\/\/www.ekoenergy.org\/wp-content\/uploads\/criteria-icon-gasoline-320x320.png 320w, https:\/\/www.ekoenergy.org\/wp-content\/uploads\/criteria-icon-gasoline-150x150.png 150w, https:\/\/www.ekoenergy.org\/wp-content\/uploads\/criteria-icon-gasoline.png 512w\" sizes=\"(max-width: 160px) 100vw, 160px\" \/><\/a><figcaption><a href=\"https:\/\/www.ekoenergy.org\/sv\/ecolabel\/criteria\/ekoenergy-gas\/\">Gas<\/a><\/figcaption><\/figure><\/div>\n<\/div>\n\n\n\n<div class=\"wp-block-column is-layout-flow wp-block-column-is-layout-flow\">\n<div class=\"wp-block-image hover-image\"><figure class=\"aligncenter size-medium is-resized\"><a href=\"https:\/\/www.ekoenergy.org\/sv\/ecolabel\/criteria\/renewable-heat\/\"><img decoding=\"async\" src=\"https:\/\/www.ekoenergy.org\/wp-content\/uploads\/\/criteria-icon-heat-bonfire-320x320.png\" alt=\"\" class=\"wp-image-37924\" width=\"160\" height=\"160\" srcset=\"https:\/\/www.ekoenergy.org\/wp-content\/uploads\/criteria-icon-heat-bonfire-320x320.png 320w, https:\/\/www.ekoenergy.org\/wp-content\/uploads\/criteria-icon-heat-bonfire-150x150.png 150w, https:\/\/www.ekoenergy.org\/wp-content\/uploads\/criteria-icon-heat-bonfire.png 512w\" sizes=\"(max-width: 160px) 100vw, 160px\" \/><\/a><figcaption><a href=\"https:\/\/www.ekoenergy.org\/sv\/ecolabel\/criteria\/renewable-heat\/\">V\u00e4rme och kyla<\/a><\/figcaption><\/figure><\/div>\n<\/div>\n\n\n\n<div class=\"wp-block-column is-layout-flow wp-block-column-is-layout-flow\">\n<div class=\"wp-block-image hover-image\"><figure class=\"aligncenter size-medium is-resized\"><a href=\"https:\/\/www.ekoenergy.org\/sv\/ecolabel\/criteria\/ppas-and-onsite-installations\/\"><img loading=\"lazy\" decoding=\"async\" src=\"https:\/\/www.ekoenergy.org\/wp-content\/uploads\/\/criteria-icon-on-site-solar-320x320.png\" alt=\"\" class=\"wp-image-37909\" width=\"160\" height=\"160\" srcset=\"https:\/\/www.ekoenergy.org\/wp-content\/uploads\/criteria-icon-on-site-solar-320x320.png 320w, https:\/\/www.ekoenergy.org\/wp-content\/uploads\/criteria-icon-on-site-solar-150x150.png 150w, https:\/\/www.ekoenergy.org\/wp-content\/uploads\/criteria-icon-on-site-solar.png 512w\" sizes=\"(max-width: 160px) 100vw, 160px\" \/><\/a><figcaption><a href=\"https:\/\/www.ekoenergy.org\/sv\/ecolabel\/criteria\/ppas-and-onsite-installations\/\">Anl\u00e4ggningar p\u00e5 plats (on-site)<\/a><\/figcaption><\/figure><\/div>\n<\/div>\n<\/div>\n\n\n\n<p>I detta kapitel hittar du kataloger med kriterierna f\u00f6r EKOenergis milj\u00f6rm\u00e4rke. Dessa texter beskriver de kriterier som olika former av energi m\u00e5ste uppfylla f\u00f6r att l\u00e4mpa sig f\u00f6r v\u00e5rt milj\u00f6m\u00e4rke. Alltsedan vi grundades 2013 har vi utvecklat kriterier f\u00f6r elektricitet, gas och v\u00e4rme.<\/p>\n\n\n\n<p>Kriterierna ber\u00f6r sp\u00e5randet och undvikandet av dubbelr\u00e4kning, samt h\u00e5llbarhet, konsumentinformation, additionalitet och revision. Bes\u00f6k <a href=\"https:\/\/www.ekoenergy.org\/sv\/ecolabel\/\">EKOenergis milj\u00f6m\u00e4rke<\/a> f\u00f6r en kort sammanfattning utan tekniska detaljer.<\/p>\n\n\n\n<p>V\u00e5ra kriterier baserar sig p\u00e5 b\u00e4sta praxis. Vi kontrollerar regelbundet ifall uppdateringar beh\u00f6vs f\u00f6r att \u00e5terge ny vetenskaplig kunskap och teknologisk utveckling, samt huruvida vi h\u00e5ller j\u00e4mna steg med marknadsutvecklingen. F\u00f6r tillf\u00e4llet kontrollerar vi v\u00e5ra kriterier p\u00e5 bioenergi (2020). Ta g\u00e4rna kontakt med oss f\u00f6r mer information. <\/p>\n\n\n\n<div style=\"height:31px\" aria-hidden=\"true\" class=\"wp-block-spacer\"><\/div>\n\n\n\n<p><em>Ikonerna, tecknade av <a rel=\"noreferrer noopener\" aria-label=\" (opens in a new tab)\" href=\"https:\/\/www.flaticon.com\/authors\/icongeek26\" target=\"_blank\">Icongeek26<\/a> \u00e4r fr\u00e5n <a rel=\"noreferrer noopener\" aria-label=\" (opens in a new tab)\" href=\"https:\/\/www.flaticon.com\/\" target=\"_blank\">www.flaticon.com<\/a><\/em><\/p>\n","protected":false},"excerpt":{"rendered":"<p>EKOenergis kriterier I detta kapitel hittar du kataloger med kriterierna f\u00f6r EKOenergis milj\u00f6rm\u00e4rke. Dessa texter beskriver de kriterier som olika former av energi m\u00e5ste uppfylla f\u00f6r att l\u00e4mpa sig f\u00f6r v\u00e5rt milj\u00f6m\u00e4rke. Alltsedan vi grundades 2013 har vi utvecklat kriterier f\u00f6r elektricitet, gas och v\u00e4rme. Kriterierna ber\u00f6r sp\u00e5randet och undvikandet av dubbelr\u00e4kning, samt h\u00e5llbarhet, konsumentinformation, [&hellip;]<\/p>\n","protected":false},"author":17,"featured_media":28366,"parent":2675,"menu_order":1,"comment_status":"closed","ping_status":"closed","template":"","meta":{"inline_featured_image":false,"_uag_custom_page_level_css":"","site-sidebar-layout":"default","site-content-layout":"default","ast-site-content-layout":"default","site-content-style":"default","site-sidebar-style":"default","ast-global-header-display":"","ast-banner-title-visibility":"","ast-main-header-display":"","ast-hfb-above-header-display":"","ast-hfb-below-header-display":"","ast-hfb-mobile-header-display":"","site-post-title":"disabled","ast-breadcrumbs-content":"","ast-featured-img":"","footer-sml-layout":"","ast-disable-related-posts":"","theme-transparent-header-meta":"default","adv-header-id-meta":"","stick-header-meta":"default","header-above-stick-meta":"","header-main-stick-meta":"","header-below-stick-meta":"","astra-migrate-meta-layouts":"default","ast-page-background-enabled":"default","ast-page-background-meta":{"desktop":{"background-color":"","background-image":"","background-repeat":"repeat","background-position":"center center","background-size":"auto","background-attachment":"scroll","background-type":"","background-media":"","overlay-type":"","overlay-color":"","overlay-opacity":"","overlay-gradient":""},"tablet":{"background-color":"","background-image":"","background-repeat":"repeat","background-position":"center center","background-size":"auto","background-attachment":"scroll","background-type":"","background-media":"","overlay-type":"","overlay-color":"","overlay-opacity":"","overlay-gradient":""},"mobile":{"background-color":"","background-image":"","background-repeat":"repeat","background-position":"center center","background-size":"auto","background-attachment":"scroll","background-type":"","background-media":"","overlay-type":"","overlay-color":"","overlay-opacity":"","overlay-gradient":""}},"ast-content-background-meta":{"desktop":{"background-color":"var(--ast-global-color-5)","background-image":"","background-repeat":"repeat","background-position":"center center","background-size":"auto","background-attachment":"scroll","background-type":"","background-media":"","overlay-type":"","overlay-color":"","overlay-opacity":"","overlay-gradient":""},"tablet":{"background-color":"var(--ast-global-color-5)","background-image":"","background-repeat":"repeat","background-position":"center center","background-size":"auto","background-attachment":"scroll","background-type":"","background-media":"","overlay-type":"","overlay-color":"","overlay-opacity":"","overlay-gradient":""},"mobile":{"background-color":"var(--ast-global-color-5)","background-image":"","background-repeat":"repeat","background-position":"center center","background-size":"auto","background-attachment":"scroll","background-type":"","background-media":"","overlay-type":"","overlay-color":"","overlay-opacity":"","overlay-gradient":""}},"footnotes":""},"class_list":["post-25324","page","type-page","status-publish","has-post-thumbnail","hentry"],"yoast_head":"<!-- This site is optimized with the Yoast SEO plugin v27.5 - https:\/\/yoast.com\/product\/yoast-seo-wordpress\/ -->\n<title>EKOenergis kriterier - EKOenergy ecolabel<\/title>\n<meta name=\"description\" content=\"I detta kapitel hittar du kataloger med kriterierna f\u00f6r EKOenergis milj\u00f6rm\u00e4rke. Dessa texter beskriver de kriterier som olika former av energi m\u00e5ste uppfylla f\u00f6r att l\u00e4mpa sig f\u00f6r v\u00e5rt milj\u00f6m\u00e4rke.\" \/>\n<meta name=\"robots\" content=\"index, follow, max-snippet:-1, max-image-preview:large, max-video-preview:-1\" \/>\n<link rel=\"canonical\" href=\"https:\/\/www.ekoenergy.org\/sv\/ecolabel\/criteria\/\" \/>\n<meta property=\"og:locale\" content=\"sv_SE\" \/>\n<meta property=\"og:type\" content=\"article\" \/>\n<meta property=\"og:title\" content=\"EKOenergis kriterier - EKOenergy ecolabel\" \/>\n<meta property=\"og:description\" content=\"I detta kapitel hittar du kataloger med kriterierna f\u00f6r EKOenergis milj\u00f6rm\u00e4rke. Dessa texter beskriver de kriterier som olika former av energi m\u00e5ste uppfylla f\u00f6r att l\u00e4mpa sig f\u00f6r v\u00e5rt milj\u00f6m\u00e4rke.\" \/>\n<meta property=\"og:url\" content=\"https:\/\/www.ekoenergy.org\/sv\/ecolabel\/criteria\/\" \/>\n<meta property=\"og:site_name\" content=\"EKOenergy ecolabel\" \/>\n<meta property=\"article:publisher\" content=\"https:\/\/www.facebook.com\/EKOenergy.ecolabel\/\" \/>\n<meta property=\"article:modified_time\" content=\"2020-05-04T17:13:51+00:00\" \/>\n<meta property=\"og:image\" content=\"https:\/\/www.ekoenergy.org\/wp-content\/uploads\/Featured-Renewable-Energy.jpg\" \/>\n\t<meta property=\"og:image:width\" content=\"1280\" \/>\n\t<meta property=\"og:image:height\" content=\"853\" \/>\n\t<meta property=\"og:image:type\" content=\"image\/jpeg\" \/>\n<meta name=\"twitter:card\" content=\"summary_large_image\" \/>\n<meta name=\"twitter:site\" content=\"@EKOenergy_\" \/>\n<meta name=\"twitter:label1\" content=\"Ber\u00e4knad l\u00e4stid\" \/>\n\t<meta name=\"twitter:data1\" content=\"1 minut\" \/>\n<script type=\"application\/ld+json\" class=\"yoast-schema-graph\">{\"@context\":\"https:\\\/\\\/schema.org\",\"@graph\":[{\"@type\":\"WebPage\",\"@id\":\"https:\\\/\\\/www.ekoenergy.org\\\/sv\\\/ecolabel\\\/criteria\\\/\",\"url\":\"https:\\\/\\\/www.ekoenergy.org\\\/sv\\\/ecolabel\\\/criteria\\\/\",\"name\":\"EKOenergis kriterier - EKOenergy ecolabel\",\"isPartOf\":{\"@id\":\"https:\\\/\\\/www.ekoenergy.org\\\/sv\\\/#website\"},\"primaryImageOfPage\":{\"@id\":\"https:\\\/\\\/www.ekoenergy.org\\\/sv\\\/ecolabel\\\/criteria\\\/#primaryimage\"},\"image\":{\"@id\":\"https:\\\/\\\/www.ekoenergy.org\\\/sv\\\/ecolabel\\\/criteria\\\/#primaryimage\"},\"thumbnailUrl\":\"https:\\\/\\\/www.ekoenergy.org\\\/wp-content\\\/uploads\\\/Featured-Renewable-Energy.jpg\",\"datePublished\":\"2020-01-09T13:03:40+00:00\",\"dateModified\":\"2020-05-04T17:13:51+00:00\",\"description\":\"I detta kapitel hittar du kataloger med kriterierna f\u00f6r EKOenergis milj\u00f6rm\u00e4rke. Dessa texter beskriver de kriterier som olika former av energi m\u00e5ste uppfylla f\u00f6r att l\u00e4mpa sig f\u00f6r v\u00e5rt milj\u00f6m\u00e4rke.\",\"breadcrumb\":{\"@id\":\"https:\\\/\\\/www.ekoenergy.org\\\/sv\\\/ecolabel\\\/criteria\\\/#breadcrumb\"},\"inLanguage\":\"sv-SE\",\"potentialAction\":[{\"@type\":\"ReadAction\",\"target\":[\"https:\\\/\\\/www.ekoenergy.org\\\/sv\\\/ecolabel\\\/criteria\\\/\"]}]},{\"@type\":\"ImageObject\",\"inLanguage\":\"sv-SE\",\"@id\":\"https:\\\/\\\/www.ekoenergy.org\\\/sv\\\/ecolabel\\\/criteria\\\/#primaryimage\",\"url\":\"https:\\\/\\\/www.ekoenergy.org\\\/wp-content\\\/uploads\\\/Featured-Renewable-Energy.jpg\",\"contentUrl\":\"https:\\\/\\\/www.ekoenergy.org\\\/wp-content\\\/uploads\\\/Featured-Renewable-Energy.jpg\",\"width\":1280,\"height\":853},{\"@type\":\"BreadcrumbList\",\"@id\":\"https:\\\/\\\/www.ekoenergy.org\\\/sv\\\/ecolabel\\\/criteria\\\/#breadcrumb\",\"itemListElement\":[{\"@type\":\"ListItem\",\"position\":1,\"name\":\"Home\",\"item\":\"https:\\\/\\\/www.ekoenergy.org\\\/sv\\\/\"},{\"@type\":\"ListItem\",\"position\":2,\"name\":\"EKOenergis milj\u00f6m\u00e4rke\",\"item\":\"https:\\\/\\\/www.ekoenergy.org\\\/sv\\\/ecolabel\\\/\"},{\"@type\":\"ListItem\",\"position\":3,\"name\":\"EKOenergis kriterier\"}]},{\"@type\":\"WebSite\",\"@id\":\"https:\\\/\\\/www.ekoenergy.org\\\/sv\\\/#website\",\"url\":\"https:\\\/\\\/www.ekoenergy.org\\\/sv\\\/\",\"name\":\"EKOenergy ecolabel\",\"description\":\"The global nonprofit ecolabel for renewable energy\",\"publisher\":{\"@id\":\"https:\\\/\\\/www.ekoenergy.org\\\/sv\\\/#organization\"},\"potentialAction\":[{\"@type\":\"SearchAction\",\"target\":{\"@type\":\"EntryPoint\",\"urlTemplate\":\"https:\\\/\\\/www.ekoenergy.org\\\/sv\\\/?s={search_term_string}\"},\"query-input\":{\"@type\":\"PropertyValueSpecification\",\"valueRequired\":true,\"valueName\":\"search_term_string\"}}],\"inLanguage\":\"sv-SE\"},{\"@type\":\"Organization\",\"@id\":\"https:\\\/\\\/www.ekoenergy.org\\\/sv\\\/#organization\",\"name\":\"Not-for-profit Organisation EKOenergy\",\"url\":\"https:\\\/\\\/www.ekoenergy.org\\\/sv\\\/\",\"logo\":{\"@type\":\"ImageObject\",\"inLanguage\":\"sv-SE\",\"@id\":\"https:\\\/\\\/www.ekoenergy.org\\\/sv\\\/#\\\/schema\\\/logo\\\/image\\\/\",\"url\":\"https:\\\/\\\/www.ekoenergy.org\\\/wp-content\\\/uploads\\\/logo-EKOenergy-no-text.jpg\",\"contentUrl\":\"https:\\\/\\\/www.ekoenergy.org\\\/wp-content\\\/uploads\\\/logo-EKOenergy-no-text.jpg\",\"width\":1600,\"height\":1600,\"caption\":\"Not-for-profit Organisation EKOenergy\"},\"image\":{\"@id\":\"https:\\\/\\\/www.ekoenergy.org\\\/sv\\\/#\\\/schema\\\/logo\\\/image\\\/\"},\"sameAs\":[\"https:\\\/\\\/www.facebook.com\\\/EKOenergy.ecolabel\\\/\",\"https:\\\/\\\/x.com\\\/EKOenergy_\",\"https:\\\/\\\/www.instagram.com\\\/ekoenergy\\\/\",\"https:\\\/\\\/www.linkedin.com\\\/company\\\/ekoenergy-ecolabel\\\/\",\"https:\\\/\\\/www.youtube.com\\\/EKOenergy-ecolabel\",\"https:\\\/\\\/en.wikipedia.org\\\/wiki\\\/EKOenergy\"]}]}<\/script>\n<!-- \/ Yoast SEO plugin. -->","yoast_head_json":{"title":"EKOenergis kriterier - EKOenergy ecolabel","description":"I detta kapitel hittar du kataloger med kriterierna f\u00f6r EKOenergis milj\u00f6rm\u00e4rke. Dessa texter beskriver de kriterier som olika former av energi m\u00e5ste uppfylla f\u00f6r att l\u00e4mpa sig f\u00f6r v\u00e5rt milj\u00f6m\u00e4rke.","robots":{"index":"index","follow":"follow","max-snippet":"max-snippet:-1","max-image-preview":"max-image-preview:large","max-video-preview":"max-video-preview:-1"},"canonical":"https:\/\/www.ekoenergy.org\/sv\/ecolabel\/criteria\/","og_locale":"sv_SE","og_type":"article","og_title":"EKOenergis kriterier - EKOenergy ecolabel","og_description":"I detta kapitel hittar du kataloger med kriterierna f\u00f6r EKOenergis milj\u00f6rm\u00e4rke. Dessa texter beskriver de kriterier som olika former av energi m\u00e5ste uppfylla f\u00f6r att l\u00e4mpa sig f\u00f6r v\u00e5rt milj\u00f6m\u00e4rke.","og_url":"https:\/\/www.ekoenergy.org\/sv\/ecolabel\/criteria\/","og_site_name":"EKOenergy ecolabel","article_publisher":"https:\/\/www.facebook.com\/EKOenergy.ecolabel\/","article_modified_time":"2020-05-04T17:13:51+00:00","og_image":[{"width":1280,"height":853,"url":"https:\/\/www.ekoenergy.org\/wp-content\/uploads\/Featured-Renewable-Energy.jpg","type":"image\/jpeg"}],"twitter_card":"summary_large_image","twitter_site":"@EKOenergy_","twitter_misc":{"Ber\u00e4knad l\u00e4stid":"1 minut"},"schema":{"@context":"https:\/\/schema.org","@graph":[{"@type":"WebPage","@id":"https:\/\/www.ekoenergy.org\/sv\/ecolabel\/criteria\/","url":"https:\/\/www.ekoenergy.org\/sv\/ecolabel\/criteria\/","name":"EKOenergis kriterier - EKOenergy ecolabel","isPartOf":{"@id":"https:\/\/www.ekoenergy.org\/sv\/#website"},"primaryImageOfPage":{"@id":"https:\/\/www.ekoenergy.org\/sv\/ecolabel\/criteria\/#primaryimage"},"image":{"@id":"https:\/\/www.ekoenergy.org\/sv\/ecolabel\/criteria\/#primaryimage"},"thumbnailUrl":"https:\/\/www.ekoenergy.org\/wp-content\/uploads\/Featured-Renewable-Energy.jpg","datePublished":"2020-01-09T13:03:40+00:00","dateModified":"2020-05-04T17:13:51+00:00","description":"I detta kapitel hittar du kataloger med kriterierna f\u00f6r EKOenergis milj\u00f6rm\u00e4rke. Dessa texter beskriver de kriterier som olika former av energi m\u00e5ste uppfylla f\u00f6r att l\u00e4mpa sig f\u00f6r v\u00e5rt milj\u00f6m\u00e4rke.","breadcrumb":{"@id":"https:\/\/www.ekoenergy.org\/sv\/ecolabel\/criteria\/#breadcrumb"},"inLanguage":"sv-SE","potentialAction":[{"@type":"ReadAction","target":["https:\/\/www.ekoenergy.org\/sv\/ecolabel\/criteria\/"]}]},{"@type":"ImageObject","inLanguage":"sv-SE","@id":"https:\/\/www.ekoenergy.org\/sv\/ecolabel\/criteria\/#primaryimage","url":"https:\/\/www.ekoenergy.org\/wp-content\/uploads\/Featured-Renewable-Energy.jpg","contentUrl":"https:\/\/www.ekoenergy.org\/wp-content\/uploads\/Featured-Renewable-Energy.jpg","width":1280,"height":853},{"@type":"BreadcrumbList","@id":"https:\/\/www.ekoenergy.org\/sv\/ecolabel\/criteria\/#breadcrumb","itemListElement":[{"@type":"ListItem","position":1,"name":"Home","item":"https:\/\/www.ekoenergy.org\/sv\/"},{"@type":"ListItem","position":2,"name":"EKOenergis milj\u00f6m\u00e4rke","item":"https:\/\/www.ekoenergy.org\/sv\/ecolabel\/"},{"@type":"ListItem","position":3,"name":"EKOenergis kriterier"}]},{"@type":"WebSite","@id":"https:\/\/www.ekoenergy.org\/sv\/#website","url":"https:\/\/www.ekoenergy.org\/sv\/","name":"EKOenergy ecolabel","description":"The global nonprofit ecolabel for renewable energy","publisher":{"@id":"https:\/\/www.ekoenergy.org\/sv\/#organization"},"potentialAction":[{"@type":"SearchAction","target":{"@type":"EntryPoint","urlTemplate":"https:\/\/www.ekoenergy.org\/sv\/?s={search_term_string}"},"query-input":{"@type":"PropertyValueSpecification","valueRequired":true,"valueName":"search_term_string"}}],"inLanguage":"sv-SE"},{"@type":"Organization","@id":"https:\/\/www.ekoenergy.org\/sv\/#organization","name":"Not-for-profit Organisation EKOenergy","url":"https:\/\/www.ekoenergy.org\/sv\/","logo":{"@type":"ImageObject","inLanguage":"sv-SE","@id":"https:\/\/www.ekoenergy.org\/sv\/#\/schema\/logo\/image\/","url":"https:\/\/www.ekoenergy.org\/wp-content\/uploads\/logo-EKOenergy-no-text.jpg","contentUrl":"https:\/\/www.ekoenergy.org\/wp-content\/uploads\/logo-EKOenergy-no-text.jpg","width":1600,"height":1600,"caption":"Not-for-profit Organisation EKOenergy"},"image":{"@id":"https:\/\/www.ekoenergy.org\/sv\/#\/schema\/logo\/image\/"},"sameAs":["https:\/\/www.facebook.com\/EKOenergy.ecolabel\/","https:\/\/x.com\/EKOenergy_","https:\/\/www.instagram.com\/ekoenergy\/","https:\/\/www.linkedin.com\/company\/ekoenergy-ecolabel\/","https:\/\/www.youtube.com\/EKOenergy-ecolabel","https:\/\/en.wikipedia.org\/wiki\/EKOenergy"]}]}},"uagb_featured_image_src":{"full":["https:\/\/www.ekoenergy.org\/wp-content\/uploads\/Featured-Renewable-Energy.jpg",1280,853,false],"thumbnail":["https:\/\/www.ekoenergy.org\/wp-content\/uploads\/Featured-Renewable-Energy-150x150.jpg",150,150,true],"medium":["https:\/\/www.ekoenergy.org\/wp-content\/uploads\/Featured-Renewable-Energy-320x213.jpg",320,213,true],"medium_large":["https:\/\/www.ekoenergy.org\/wp-content\/uploads\/Featured-Renewable-Energy-768x512.jpg",768,512,true],"large":["https:\/\/www.ekoenergy.org\/wp-content\/uploads\/Featured-Renewable-Energy-1024x682.jpg",1024,682,true],"1536x1536":["https:\/\/www.ekoenergy.org\/wp-content\/uploads\/Featured-Renewable-Energy.jpg",1280,853,false],"2048x2048":["https:\/\/www.ekoenergy.org\/wp-content\/uploads\/Featured-Renewable-Energy.jpg",1280,853,false]},"uagb_author_info":{"display_name":"EKOenergy ecolabel","author_link":"https:\/\/www.ekoenergy.org\/sv\/author\/ekoenergy\/"},"uagb_comment_info":0,"uagb_excerpt":"EKOenergis kriterier I detta kapitel hittar du kataloger med kriterierna f\u00f6r EKOenergis milj\u00f6rm\u00e4rke. Dessa texter beskriver de kriterier som olika former av energi m\u00e5ste uppfylla f\u00f6r att l\u00e4mpa sig f\u00f6r v\u00e5rt milj\u00f6m\u00e4rke. Alltsedan vi grundades 2013 har vi utvecklat kriterier f\u00f6r elektricitet, gas och v\u00e4rme. Kriterierna ber\u00f6r sp\u00e5randet och undvikandet av dubbelr\u00e4kning, samt h\u00e5llbarhet, konsumentinformation,&hellip;","_links":{"self":[{"href":"https:\/\/www.ekoenergy.org\/sv\/wp-json\/wp\/v2\/pages\/25324","targetHints":{"allow":["GET"]}}],"collection":[{"href":"https:\/\/www.ekoenergy.org\/sv\/wp-json\/wp\/v2\/pages"}],"about":[{"href":"https:\/\/www.ekoenergy.org\/sv\/wp-json\/wp\/v2\/types\/page"}],"author":[{"embeddable":true,"href":"https:\/\/www.ekoenergy.org\/sv\/wp-json\/wp\/v2\/users\/17"}],"replies":[{"embeddable":true,"href":"https:\/\/www.ekoenergy.org\/sv\/wp-json\/wp\/v2\/comments?post=25324"}],"version-history":[{"count":3,"href":"https:\/\/www.ekoenergy.org\/sv\/wp-json\/wp\/v2\/pages\/25324\/revisions"}],"predecessor-version":[{"id":76199,"href":"https:\/\/www.ekoenergy.org\/sv\/wp-json\/wp\/v2\/pages\/25324\/revisions\/76199"}],"up":[{"embeddable":true,"href":"https:\/\/www.ekoenergy.org\/sv\/wp-json\/wp\/v2\/pages\/2675"}],"wp:featuredmedia":[{"embeddable":true,"href":"https:\/\/www.ekoenergy.org\/sv\/wp-json\/wp\/v2\/media\/28366"}],"wp:attachment":[{"href":"https:\/\/www.ekoenergy.org\/sv\/wp-json\/wp\/v2\/media?parent=25324"}],"curies":[{"name":"wp","href":"https:\/\/api.w.org\/{rel}","templated":true}]}}