{"id":3480,"date":"2019-12-04T13:58:01","date_gmt":"2019-12-04T13:58:01","guid":{"rendered":"https:\/\/www.ekoenergy.org\/extras\/logo\/"},"modified":"2021-12-30T13:10:52","modified_gmt":"2021-12-30T11:10:52","slug":"logo","status":"publish","type":"page","link":"https:\/\/www.ekoenergy.org\/sv\/extras\/logo\/","title":{"rendered":"V\u00e5r logo i din kommunikation"},"content":{"rendered":"\n<h1 class=\"wp-block-heading\">V\u00e5r logo i din kommunikation<\/h1>\n\n\n\n<div class=\"wp-block-image\"><figure class=\"aligncenter size-large\"><img fetchpriority=\"high\" decoding=\"async\" width=\"1024\" height=\"683\" src=\"https:\/\/www.ekoenergy.org\/wp-content\/uploads\/\/ekoenergy_word_map_logos_2-1024x683.png\" alt=\"\" class=\"wp-image-102055\" srcset=\"https:\/\/www.ekoenergy.org\/wp-content\/uploads\/ekoenergy_word_map_logos_2-1024x683.png 1024w, https:\/\/www.ekoenergy.org\/wp-content\/uploads\/ekoenergy_word_map_logos_2-320x213.png 320w, https:\/\/www.ekoenergy.org\/wp-content\/uploads\/ekoenergy_word_map_logos_2-768x512.png 768w, https:\/\/www.ekoenergy.org\/wp-content\/uploads\/ekoenergy_word_map_logos_2-1536x1024.png 1536w, https:\/\/www.ekoenergy.org\/wp-content\/uploads\/ekoenergy_word_map_logos_2-2048x1365.png 2048w\" sizes=\"(max-width: 1024px) 100vw, 1024px\" \/><\/figure><\/div>\n\n\n\n<p>EKOenergi-logon och -kommunikationsmaterialet \u00e4r tillg\u00e4ngliga p\u00e5 olika spr\u00e5k. EKOenergis licensierade anv\u00e4ndare och anv\u00e4ndare av EKOenergi-ekom\u00e4rkta energin kan kontakta oss p\u00e5 <a href=\"mailto:info@ekoenergy.org\">info<img decoding=\"async\" class=\"alignnone\" src=\"https:\/\/www.ekoenergy.org\/wp-content\/uploads\/small-EKOenergy-symbol-for-emails.jpg\" alt=\" \">ekoenergy.org<\/a> f\u00f6r att f\u00e5 tilltr\u00e4de till filerna.<\/p>\n\n\n\n<div class=\"wp-block-image\"><figure class=\"aligncenter size-full\"><img decoding=\"async\" width=\"1024\" height=\"341\" src=\"https:\/\/www.ekoenergy.org\/wp-content\/uploads\/2021_pic-for-thebrandbook-website.png\" alt=\"\" class=\"wp-image-109174\" srcset=\"https:\/\/www.ekoenergy.org\/wp-content\/uploads\/2021_pic-for-thebrandbook-website.png 1024w, https:\/\/www.ekoenergy.org\/wp-content\/uploads\/2021_pic-for-thebrandbook-website-320x107.png 320w, https:\/\/www.ekoenergy.org\/wp-content\/uploads\/2021_pic-for-thebrandbook-website-768x256.png 768w\" sizes=\"(max-width: 1024px) 100vw, 1024px\" \/><\/figure><\/div>\n\n\n\n<p>Se mera exempel p\u00e5 <a rel=\"noreferrer noopener\" href=\"https:\/\/flic.kr\/s\/aHskEHRwU7\" target=\"_blank\">EKOenergis Flickr-sajt<\/a>.<\/p>\n\n\n\n<h2 class=\"wp-block-heading\">EKOenergis logo p\u00e5 produkter och byggnader<\/h2>\n\n\n\n<p>Anv\u00e4ndare av f\u00f6rnybar energi, i synnerhet olika f\u00f6retag, kan ha en betydande roll genom att uppmuntra \u00e4ven andra att f\u00f6rbinda sig vid f\u00f6rnybar energi. N\u00e4r du anv\u00e4nder EKOenergi-logon p\u00e5 produkter, i kontor, p\u00e5 webbplatser och p\u00e5 byggnader, visar du att du anv\u00e4nder f\u00f6rnybar energi, som kommer fr\u00e5n de mest ekov\u00e4nliga installationer och samtidigt hj\u00e4lper du att inspirera andra. Detta hj\u00e4lper oss att s\u00e4tta fart p\u00e5 \u00f6verg\u00e5ngen till en hundraprocentigt f\u00f6rnybar v\u00e4rld. Ju mer m\u00e4nniskor v\u00e4ljer att anv\u00e4nda v\u00e5r <a href=\"https:\/\/www.ekoenergy.org\/sv\/why-buy\/other-standards\/\">internationellt erk\u00e4nda EKOenergi-logo<\/a>, desto mer v\u00e4xer v\u00e5rt n\u00e4tverk av positiv energi i flera l\u00e4nder.<\/p>\n\n\n\n<p>Du kan anv\u00e4nda EKOenergi-logon p\u00e5 f\u00f6ljande s\u00e4tt:<\/p>\n\n\n\n<ul class=\"wp-block-list\"><li>p\u00e5 produkter<\/li><li>p\u00e5 din webbplats<\/li><li>i marknadsf\u00f6rings- och kommunikationsmaterial<\/li><li>p\u00e5 byggnader och faciliteter<\/li><li>i underh\u00e5llsrapporter<\/li><li>i aff\u00e4rer, kontor osv.<\/li><\/ul>\n\n\n\n<p>Bli en del av v\u00e4rldsomfattande \u00f6verg\u00e5ng till h\u00e5llbar, f\u00f6rnybar energi och <a href=\"https:\/\/www.ekoenergy.org\/sv\/buying-ekoenergy\/\">bli en EKOenergi-anv\u00e4ndare<\/a>. <\/p>\n\n\n\n<figure class=\"wp-block-image size-full\"><img decoding=\"async\" src=\"https:\/\/www.ekoenergy.org\/wp-content\/uploads\/Untitled-design-2.jpg\" alt=\"\" class=\"wp-image-109196\"\/><\/figure>\n\n\n\n<p>Se mera exempel p\u00e5 <a rel=\"noreferrer noopener\" href=\"https:\/\/flic.kr\/s\/aHskEHRwU7\" target=\"_blank\">EKOenergis Flickr-sajt<\/a>.<\/p>\n\n\n\n<h2 class=\"wp-block-heading\">Brand book<\/h2>\n\n\n\n<p>V\u00e5ra licensierade f\u00f6rs\u00e4ljare och alla EKOenergi-anv\u00e4ndare \u00e4r v\u00e4lkomna att anv\u00e4nda EKOenergi-namnet och -logon. Bekanta dig med v\u00e5ra regler i <a rel=\"noreferrer noopener\" href=\"https:\/\/www.ekoenergy.org\/wp-content\/uploads\/EKOenergy_Brand_book_english.pdf\" target=\"_blank\">EKOenergis brand book<\/a> (pdf), f\u00f6r att p\u00e5 b\u00e4sta s\u00e4tt kunna anv\u00e4nda v\u00e5rt EKOenergi-m\u00e4rke i din kommunikation. <\/p>\n\n\n\n<p>For a quick overview of the main rules and recommendations, see also our one-pager \u201cWhat can you communicate as EKOenergy user?\u201d. It is available in the following languages: <\/p>\n\n\n\n<ul class=\"wp-block-list\"><li>EN: <a href=\"https:\/\/www.ekoenergy.org\/wp-content\/uploads\/what-can-you-communicate-as-ekoenergy-user-leaflet.pdf\" target=\"_blank\" rel=\"noreferrer noopener\">What can you communicate as EKOenergy user? <\/a><\/li><li>ES: <a href=\"https:\/\/www.ekoenergy.org\/wp-content\/uploads\/what-can-you-communicate-as-ekoenergy-user-leaflet-spanish.pdf\" target=\"_blank\" rel=\"noreferrer noopener\">\u00bfQu\u00e9 puede comunicar como usuario de EKOenerg\u00eda?<\/a><\/li><\/ul>\n\n\n\n<h2 class=\"wp-block-heading\">Kontakta oss<\/h2>\n\n\n\n<p>Fr\u00e5gor? Kommentarer? Tankar? <a href=\"https:\/\/www.ekoenergy.org\/sv\/about-us\/contact-us\/\">Ta g\u00e4rna kontakt<\/a>. Vi \u00e4r glada att hj\u00e4lpa p\u00e5 olika spr\u00e5k. <\/p>\n","protected":false},"excerpt":{"rendered":"<p>V\u00e5r logo i din kommunikation EKOenergi-logon och -kommunikationsmaterialet \u00e4r tillg\u00e4ngliga p\u00e5 olika spr\u00e5k. EKOenergis licensierade anv\u00e4ndare och anv\u00e4ndare av EKOenergi-ekom\u00e4rkta energin kan kontakta oss p\u00e5 infoekoenergy.org f\u00f6r att f\u00e5 tilltr\u00e4de till filerna. Se mera exempel p\u00e5 EKOenergis Flickr-sajt. EKOenergis logo p\u00e5 produkter och byggnader Anv\u00e4ndare av f\u00f6rnybar energi, i synnerhet olika f\u00f6retag, kan ha en [&hellip;]<\/p>\n","protected":false},"author":17,"featured_media":32642,"parent":2749,"menu_order":1,"comment_status":"closed","ping_status":"closed","template":"","meta":{"inline_featured_image":false,"_uag_custom_page_level_css":"","site-sidebar-layout":"default","site-content-layout":"default","ast-site-content-layout":"default","site-content-style":"default","site-sidebar-style":"default","ast-global-header-display":"","ast-banner-title-visibility":"","ast-main-header-display":"","ast-hfb-above-header-display":"","ast-hfb-below-header-display":"","ast-hfb-mobile-header-display":"","site-post-title":"disabled","ast-breadcrumbs-content":"","ast-featured-img":"","footer-sml-layout":"","ast-disable-related-posts":"","theme-transparent-header-meta":"default","adv-header-id-meta":"","stick-header-meta":"default","header-above-stick-meta":"","header-main-stick-meta":"","header-below-stick-meta":"","astra-migrate-meta-layouts":"default","ast-page-background-enabled":"default","ast-page-background-meta":{"desktop":{"background-color":"","background-image":"","background-repeat":"repeat","background-position":"center center","background-size":"auto","background-attachment":"scroll","background-type":"","background-media":"","overlay-type":"","overlay-color":"","overlay-opacity":"","overlay-gradient":""},"tablet":{"background-color":"","background-image":"","background-repeat":"repeat","background-position":"center center","background-size":"auto","background-attachment":"scroll","background-type":"","background-media":"","overlay-type":"","overlay-color":"","overlay-opacity":"","overlay-gradient":""},"mobile":{"background-color":"","background-image":"","background-repeat":"repeat","background-position":"center center","background-size":"auto","background-attachment":"scroll","background-type":"","background-media":"","overlay-type":"","overlay-color":"","overlay-opacity":"","overlay-gradient":""}},"ast-content-background-meta":{"desktop":{"background-color":"var(--ast-global-color-5)","background-image":"","background-repeat":"repeat","background-position":"center center","background-size":"auto","background-attachment":"scroll","background-type":"","background-media":"","overlay-type":"","overlay-color":"","overlay-opacity":"","overlay-gradient":""},"tablet":{"background-color":"var(--ast-global-color-5)","background-image":"","background-repeat":"repeat","background-position":"center center","background-size":"auto","background-attachment":"scroll","background-type":"","background-media":"","overlay-type":"","overlay-color":"","overlay-opacity":"","overlay-gradient":""},"mobile":{"background-color":"var(--ast-global-color-5)","background-image":"","background-repeat":"repeat","background-position":"center center","background-size":"auto","background-attachment":"scroll","background-type":"","background-media":"","overlay-type":"","overlay-color":"","overlay-opacity":"","overlay-gradient":""}},"footnotes":""},"class_list":["post-3480","page","type-page","status-publish","has-post-thumbnail","hentry"],"yoast_head":"<!-- This site is optimized with the Yoast SEO plugin v27.3 - https:\/\/yoast.com\/product\/yoast-seo-wordpress\/ -->\n<title>V\u00e5r logo i din kommunikation - EKOenergy ecolabel<\/title>\n<meta name=\"description\" content=\"N\u00e4r du anv\u00e4nder EKOenergi-logon p\u00e5 produkter, i kontor, p\u00e5 webbplatser och p\u00e5 byggnader, visar du att du anv\u00e4nder f\u00f6rnybar energi.\" \/>\n<meta name=\"robots\" content=\"index, follow, max-snippet:-1, max-image-preview:large, max-video-preview:-1\" \/>\n<link rel=\"canonical\" href=\"https:\/\/www.ekoenergy.org\/sv\/extras\/logo\/\" \/>\n<meta property=\"og:locale\" content=\"sv_SE\" \/>\n<meta property=\"og:type\" content=\"article\" \/>\n<meta property=\"og:title\" content=\"V\u00e5r logo i din kommunikation - EKOenergy ecolabel\" \/>\n<meta property=\"og:description\" content=\"N\u00e4r du anv\u00e4nder EKOenergi-logon p\u00e5 produkter, i kontor, p\u00e5 webbplatser och p\u00e5 byggnader, visar du att du anv\u00e4nder f\u00f6rnybar energi.\" \/>\n<meta property=\"og:url\" content=\"https:\/\/www.ekoenergy.org\/sv\/extras\/logo\/\" \/>\n<meta property=\"og:site_name\" content=\"EKOenergy ecolabel\" \/>\n<meta property=\"article:publisher\" content=\"https:\/\/www.facebook.com\/EKOenergy.ecolabel\/\" \/>\n<meta property=\"article:modified_time\" content=\"2021-12-30T11:10:52+00:00\" \/>\n<meta property=\"og:image\" content=\"https:\/\/www.ekoenergy.org\/wp-content\/uploads\/Featured-Bottles-with-EKOenergy-logo.jpg\" \/>\n\t<meta property=\"og:image:width\" content=\"957\" \/>\n\t<meta property=\"og:image:height\" content=\"636\" \/>\n\t<meta property=\"og:image:type\" content=\"image\/jpeg\" \/>\n<meta name=\"twitter:card\" content=\"summary_large_image\" \/>\n<meta name=\"twitter:site\" content=\"@EKOenergy_\" \/>\n<meta name=\"twitter:label1\" content=\"Ber\u00e4knad l\u00e4stid\" \/>\n\t<meta name=\"twitter:data1\" content=\"3 minuter\" \/>\n<script type=\"application\/ld+json\" class=\"yoast-schema-graph\">{\"@context\":\"https:\\\/\\\/schema.org\",\"@graph\":[{\"@type\":\"WebPage\",\"@id\":\"https:\\\/\\\/www.ekoenergy.org\\\/sv\\\/extras\\\/logo\\\/\",\"url\":\"https:\\\/\\\/www.ekoenergy.org\\\/sv\\\/extras\\\/logo\\\/\",\"name\":\"V\u00e5r logo i din kommunikation - EKOenergy ecolabel\",\"isPartOf\":{\"@id\":\"https:\\\/\\\/www.ekoenergy.org\\\/sv\\\/#website\"},\"primaryImageOfPage\":{\"@id\":\"https:\\\/\\\/www.ekoenergy.org\\\/sv\\\/extras\\\/logo\\\/#primaryimage\"},\"image\":{\"@id\":\"https:\\\/\\\/www.ekoenergy.org\\\/sv\\\/extras\\\/logo\\\/#primaryimage\"},\"thumbnailUrl\":\"https:\\\/\\\/www.ekoenergy.org\\\/wp-content\\\/uploads\\\/Featured-Bottles-with-EKOenergy-logo.jpg\",\"datePublished\":\"2019-12-04T13:58:01+00:00\",\"dateModified\":\"2021-12-30T11:10:52+00:00\",\"description\":\"N\u00e4r du anv\u00e4nder EKOenergi-logon p\u00e5 produkter, i kontor, p\u00e5 webbplatser och p\u00e5 byggnader, visar du att du anv\u00e4nder f\u00f6rnybar energi.\",\"breadcrumb\":{\"@id\":\"https:\\\/\\\/www.ekoenergy.org\\\/sv\\\/extras\\\/logo\\\/#breadcrumb\"},\"inLanguage\":\"sv-SE\",\"potentialAction\":[{\"@type\":\"ReadAction\",\"target\":[\"https:\\\/\\\/www.ekoenergy.org\\\/sv\\\/extras\\\/logo\\\/\"]}]},{\"@type\":\"ImageObject\",\"inLanguage\":\"sv-SE\",\"@id\":\"https:\\\/\\\/www.ekoenergy.org\\\/sv\\\/extras\\\/logo\\\/#primaryimage\",\"url\":\"https:\\\/\\\/www.ekoenergy.org\\\/wp-content\\\/uploads\\\/Featured-Bottles-with-EKOenergy-logo.jpg\",\"contentUrl\":\"https:\\\/\\\/www.ekoenergy.org\\\/wp-content\\\/uploads\\\/Featured-Bottles-with-EKOenergy-logo.jpg\",\"width\":957,\"height\":636},{\"@type\":\"BreadcrumbList\",\"@id\":\"https:\\\/\\\/www.ekoenergy.org\\\/sv\\\/extras\\\/logo\\\/#breadcrumb\",\"itemListElement\":[{\"@type\":\"ListItem\",\"position\":1,\"name\":\"Home\",\"item\":\"https:\\\/\\\/www.ekoenergy.org\\\/sv\\\/\"},{\"@type\":\"ListItem\",\"position\":2,\"name\":\"Mer\",\"item\":\"https:\\\/\\\/www.ekoenergy.org\\\/sv\\\/extras\\\/\"},{\"@type\":\"ListItem\",\"position\":3,\"name\":\"V\u00e5r logo i din kommunikation\"}]},{\"@type\":\"WebSite\",\"@id\":\"https:\\\/\\\/www.ekoenergy.org\\\/sv\\\/#website\",\"url\":\"https:\\\/\\\/www.ekoenergy.org\\\/sv\\\/\",\"name\":\"EKOenergy ecolabel\",\"description\":\"The global nonprofit ecolabel for renewable energy\",\"publisher\":{\"@id\":\"https:\\\/\\\/www.ekoenergy.org\\\/sv\\\/#organization\"},\"potentialAction\":[{\"@type\":\"SearchAction\",\"target\":{\"@type\":\"EntryPoint\",\"urlTemplate\":\"https:\\\/\\\/www.ekoenergy.org\\\/sv\\\/?s={search_term_string}\"},\"query-input\":{\"@type\":\"PropertyValueSpecification\",\"valueRequired\":true,\"valueName\":\"search_term_string\"}}],\"inLanguage\":\"sv-SE\"},{\"@type\":\"Organization\",\"@id\":\"https:\\\/\\\/www.ekoenergy.org\\\/sv\\\/#organization\",\"name\":\"Not-for-profit Organisation EKOenergy\",\"url\":\"https:\\\/\\\/www.ekoenergy.org\\\/sv\\\/\",\"logo\":{\"@type\":\"ImageObject\",\"inLanguage\":\"sv-SE\",\"@id\":\"https:\\\/\\\/www.ekoenergy.org\\\/sv\\\/#\\\/schema\\\/logo\\\/image\\\/\",\"url\":\"https:\\\/\\\/www.ekoenergy.org\\\/wp-content\\\/uploads\\\/logo-EKOenergy-no-text.jpg\",\"contentUrl\":\"https:\\\/\\\/www.ekoenergy.org\\\/wp-content\\\/uploads\\\/logo-EKOenergy-no-text.jpg\",\"width\":1600,\"height\":1600,\"caption\":\"Not-for-profit Organisation EKOenergy\"},\"image\":{\"@id\":\"https:\\\/\\\/www.ekoenergy.org\\\/sv\\\/#\\\/schema\\\/logo\\\/image\\\/\"},\"sameAs\":[\"https:\\\/\\\/www.facebook.com\\\/EKOenergy.ecolabel\\\/\",\"https:\\\/\\\/x.com\\\/EKOenergy_\",\"https:\\\/\\\/www.instagram.com\\\/ekoenergy\\\/\",\"https:\\\/\\\/www.linkedin.com\\\/company\\\/ekoenergy-ecolabel\\\/\",\"https:\\\/\\\/www.youtube.com\\\/EKOenergy-ecolabel\",\"https:\\\/\\\/en.wikipedia.org\\\/wiki\\\/EKOenergy\"]}]}<\/script>\n<!-- \/ Yoast SEO plugin. -->","yoast_head_json":{"title":"V\u00e5r logo i din kommunikation - EKOenergy ecolabel","description":"N\u00e4r du anv\u00e4nder EKOenergi-logon p\u00e5 produkter, i kontor, p\u00e5 webbplatser och p\u00e5 byggnader, visar du att du anv\u00e4nder f\u00f6rnybar energi.","robots":{"index":"index","follow":"follow","max-snippet":"max-snippet:-1","max-image-preview":"max-image-preview:large","max-video-preview":"max-video-preview:-1"},"canonical":"https:\/\/www.ekoenergy.org\/sv\/extras\/logo\/","og_locale":"sv_SE","og_type":"article","og_title":"V\u00e5r logo i din kommunikation - EKOenergy ecolabel","og_description":"N\u00e4r du anv\u00e4nder EKOenergi-logon p\u00e5 produkter, i kontor, p\u00e5 webbplatser och p\u00e5 byggnader, visar du att du anv\u00e4nder f\u00f6rnybar energi.","og_url":"https:\/\/www.ekoenergy.org\/sv\/extras\/logo\/","og_site_name":"EKOenergy ecolabel","article_publisher":"https:\/\/www.facebook.com\/EKOenergy.ecolabel\/","article_modified_time":"2021-12-30T11:10:52+00:00","og_image":[{"width":957,"height":636,"url":"https:\/\/www.ekoenergy.org\/wp-content\/uploads\/Featured-Bottles-with-EKOenergy-logo.jpg","type":"image\/jpeg"}],"twitter_card":"summary_large_image","twitter_site":"@EKOenergy_","twitter_misc":{"Ber\u00e4knad l\u00e4stid":"3 minuter"},"schema":{"@context":"https:\/\/schema.org","@graph":[{"@type":"WebPage","@id":"https:\/\/www.ekoenergy.org\/sv\/extras\/logo\/","url":"https:\/\/www.ekoenergy.org\/sv\/extras\/logo\/","name":"V\u00e5r logo i din kommunikation - EKOenergy ecolabel","isPartOf":{"@id":"https:\/\/www.ekoenergy.org\/sv\/#website"},"primaryImageOfPage":{"@id":"https:\/\/www.ekoenergy.org\/sv\/extras\/logo\/#primaryimage"},"image":{"@id":"https:\/\/www.ekoenergy.org\/sv\/extras\/logo\/#primaryimage"},"thumbnailUrl":"https:\/\/www.ekoenergy.org\/wp-content\/uploads\/Featured-Bottles-with-EKOenergy-logo.jpg","datePublished":"2019-12-04T13:58:01+00:00","dateModified":"2021-12-30T11:10:52+00:00","description":"N\u00e4r du anv\u00e4nder EKOenergi-logon p\u00e5 produkter, i kontor, p\u00e5 webbplatser och p\u00e5 byggnader, visar du att du anv\u00e4nder f\u00f6rnybar energi.","breadcrumb":{"@id":"https:\/\/www.ekoenergy.org\/sv\/extras\/logo\/#breadcrumb"},"inLanguage":"sv-SE","potentialAction":[{"@type":"ReadAction","target":["https:\/\/www.ekoenergy.org\/sv\/extras\/logo\/"]}]},{"@type":"ImageObject","inLanguage":"sv-SE","@id":"https:\/\/www.ekoenergy.org\/sv\/extras\/logo\/#primaryimage","url":"https:\/\/www.ekoenergy.org\/wp-content\/uploads\/Featured-Bottles-with-EKOenergy-logo.jpg","contentUrl":"https:\/\/www.ekoenergy.org\/wp-content\/uploads\/Featured-Bottles-with-EKOenergy-logo.jpg","width":957,"height":636},{"@type":"BreadcrumbList","@id":"https:\/\/www.ekoenergy.org\/sv\/extras\/logo\/#breadcrumb","itemListElement":[{"@type":"ListItem","position":1,"name":"Home","item":"https:\/\/www.ekoenergy.org\/sv\/"},{"@type":"ListItem","position":2,"name":"Mer","item":"https:\/\/www.ekoenergy.org\/sv\/extras\/"},{"@type":"ListItem","position":3,"name":"V\u00e5r logo i din kommunikation"}]},{"@type":"WebSite","@id":"https:\/\/www.ekoenergy.org\/sv\/#website","url":"https:\/\/www.ekoenergy.org\/sv\/","name":"EKOenergy ecolabel","description":"The global nonprofit ecolabel for renewable energy","publisher":{"@id":"https:\/\/www.ekoenergy.org\/sv\/#organization"},"potentialAction":[{"@type":"SearchAction","target":{"@type":"EntryPoint","urlTemplate":"https:\/\/www.ekoenergy.org\/sv\/?s={search_term_string}"},"query-input":{"@type":"PropertyValueSpecification","valueRequired":true,"valueName":"search_term_string"}}],"inLanguage":"sv-SE"},{"@type":"Organization","@id":"https:\/\/www.ekoenergy.org\/sv\/#organization","name":"Not-for-profit Organisation EKOenergy","url":"https:\/\/www.ekoenergy.org\/sv\/","logo":{"@type":"ImageObject","inLanguage":"sv-SE","@id":"https:\/\/www.ekoenergy.org\/sv\/#\/schema\/logo\/image\/","url":"https:\/\/www.ekoenergy.org\/wp-content\/uploads\/logo-EKOenergy-no-text.jpg","contentUrl":"https:\/\/www.ekoenergy.org\/wp-content\/uploads\/logo-EKOenergy-no-text.jpg","width":1600,"height":1600,"caption":"Not-for-profit Organisation EKOenergy"},"image":{"@id":"https:\/\/www.ekoenergy.org\/sv\/#\/schema\/logo\/image\/"},"sameAs":["https:\/\/www.facebook.com\/EKOenergy.ecolabel\/","https:\/\/x.com\/EKOenergy_","https:\/\/www.instagram.com\/ekoenergy\/","https:\/\/www.linkedin.com\/company\/ekoenergy-ecolabel\/","https:\/\/www.youtube.com\/EKOenergy-ecolabel","https:\/\/en.wikipedia.org\/wiki\/EKOenergy"]}]}},"uagb_featured_image_src":{"full":["https:\/\/www.ekoenergy.org\/wp-content\/uploads\/Featured-Bottles-with-EKOenergy-logo.jpg",957,636,false],"thumbnail":["https:\/\/www.ekoenergy.org\/wp-content\/uploads\/Featured-Bottles-with-EKOenergy-logo-150x150.jpg",150,150,true],"medium":["https:\/\/www.ekoenergy.org\/wp-content\/uploads\/Featured-Bottles-with-EKOenergy-logo-320x213.jpg",320,213,true],"medium_large":["https:\/\/www.ekoenergy.org\/wp-content\/uploads\/Featured-Bottles-with-EKOenergy-logo-768x510.jpg",768,510,true],"large":["https:\/\/www.ekoenergy.org\/wp-content\/uploads\/Featured-Bottles-with-EKOenergy-logo.jpg",957,636,false],"1536x1536":["https:\/\/www.ekoenergy.org\/wp-content\/uploads\/Featured-Bottles-with-EKOenergy-logo.jpg",957,636,false],"2048x2048":["https:\/\/www.ekoenergy.org\/wp-content\/uploads\/Featured-Bottles-with-EKOenergy-logo.jpg",957,636,false]},"uagb_author_info":{"display_name":"EKOenergy ecolabel","author_link":"https:\/\/www.ekoenergy.org\/sv\/author\/ekoenergy\/"},"uagb_comment_info":0,"uagb_excerpt":"V\u00e5r logo i din kommunikation EKOenergi-logon och -kommunikationsmaterialet \u00e4r tillg\u00e4ngliga p\u00e5 olika spr\u00e5k. EKOenergis licensierade anv\u00e4ndare och anv\u00e4ndare av EKOenergi-ekom\u00e4rkta energin kan kontakta oss p\u00e5 infoekoenergy.org f\u00f6r att f\u00e5 tilltr\u00e4de till filerna. Se mera exempel p\u00e5 EKOenergis Flickr-sajt. EKOenergis logo p\u00e5 produkter och byggnader Anv\u00e4ndare av f\u00f6rnybar energi, i synnerhet olika f\u00f6retag, kan ha en&hellip;","_links":{"self":[{"href":"https:\/\/www.ekoenergy.org\/sv\/wp-json\/wp\/v2\/pages\/3480","targetHints":{"allow":["GET"]}}],"collection":[{"href":"https:\/\/www.ekoenergy.org\/sv\/wp-json\/wp\/v2\/pages"}],"about":[{"href":"https:\/\/www.ekoenergy.org\/sv\/wp-json\/wp\/v2\/types\/page"}],"author":[{"embeddable":true,"href":"https:\/\/www.ekoenergy.org\/sv\/wp-json\/wp\/v2\/users\/17"}],"replies":[{"embeddable":true,"href":"https:\/\/www.ekoenergy.org\/sv\/wp-json\/wp\/v2\/comments?post=3480"}],"version-history":[{"count":2,"href":"https:\/\/www.ekoenergy.org\/sv\/wp-json\/wp\/v2\/pages\/3480\/revisions"}],"predecessor-version":[{"id":109252,"href":"https:\/\/www.ekoenergy.org\/sv\/wp-json\/wp\/v2\/pages\/3480\/revisions\/109252"}],"up":[{"embeddable":true,"href":"https:\/\/www.ekoenergy.org\/sv\/wp-json\/wp\/v2\/pages\/2749"}],"wp:featuredmedia":[{"embeddable":true,"href":"https:\/\/www.ekoenergy.org\/sv\/wp-json\/wp\/v2\/media\/32642"}],"wp:attachment":[{"href":"https:\/\/www.ekoenergy.org\/sv\/wp-json\/wp\/v2\/media?parent=3480"}],"curies":[{"name":"wp","href":"https:\/\/api.w.org\/{rel}","templated":true}]}}