{"id":2550,"date":"2019-12-04T13:23:54","date_gmt":"2019-12-04T13:23:54","guid":{"rendered":"https:\/\/www.ekoenergy.org\/about-us\/"},"modified":"2023-12-11T15:49:19","modified_gmt":"2023-12-11T13:49:19","slug":"about-us","status":"publish","type":"page","link":"https:\/\/www.ekoenergy.org\/tr\/about-us\/","title":{"rendered":"Hakk\u0131m\u0131zda"},"content":{"rendered":"\n<h1 class=\"wp-block-heading\">Hakk\u0131m\u0131zda<\/h1>\n\n\n\n<h2 class=\"wp-block-heading\">Kar amac\u0131 g\u00fctmeyen eko-etiket<\/h2>\n\n\n\n<figure class=\"wp-block-embed is-type-video is-provider-youtube wp-block-embed-youtube alignright wp-embed-aspect-16-9 wp-has-aspect-ratio\"><div class=\"wp-block-embed__wrapper\">\n<iframe title=\"EKOenergy: the renewable energy ecolabel\" width=\"500\" height=\"281\" src=\"https:\/\/www.youtube.com\/embed\/h0_1__2Qg1M?feature=oembed\" frameborder=\"0\" allow=\"accelerometer; autoplay; clipboard-write; encrypted-media; gyroscope; picture-in-picture; web-share\" referrerpolicy=\"strict-origin-when-cross-origin\" allowfullscreen><\/iframe>\n<\/div><figcaption class=\"wp-element-caption\"><em><a href=\"https:\/\/www.youtube.com\/watch?v=h0_1__2Qg1M\" target=\"_blank\" rel=\"noreferrer noopener\">EKOenerji&#8217;nin k\u0131sa tan\u0131t\u0131m videosu<\/a><\/em>nu buradan izleyebilirsiniz<em> (T\u00fcrk\u00e7e altyaz\u0131l\u0131)<\/em><\/figcaption><\/figure>\n\n\n\n<p>EKOenerji eko-etiketi, yenilenebilir elektrik, yenilenebilir gaz ve yenilenebilir \u0131s\u0131 i\u00e7in kullan\u0131lan, uluslararas\u0131 ve kar amac\u0131 g\u00fctmeyen bir eko-etikettir. EKOenerji etiketiyle sat\u0131lan enerji <a href=\"https:\/\/www.ekoenergy.org\/tr\/ecolabel\/criteria\/\">s\u00fcrd\u00fcr\u00fclebilirlik kriterlerimize<\/a> uygundur ve <a href=\"https:\/\/www.ekoenergy.org\/tr\/our-results\/climate-fund\/\">enerji k\u0131tl\u0131\u011f\u0131yla sava\u015fan projelere<\/a> finansman sa\u011flar. EKOenerji eko-etiketi, \u00e7at\u0131 \u00fcst\u00fc vb. m\u00fcnferit kurulumlar, ye\u015fil tarifeler, enerji tedarik anla\u015fmalar\u0131 (PPA), men\u015fe garantisi (GO) ve uluslararas\u0131 yenilenebilir elektrik sertifikalar\u0131 (I-REC) gibi sertifikalara ve tercih edilen enerjiye sat\u0131n alma metodu ne olursa olsun, ek de\u011fer katar.<\/p>\n\n\n\n<p><a href=\"https:\/\/ghgprotocol.org\/\" target=\"_blank\" rel=\"noreferrer noopener\">Sera Gaz\u0131 Protokol\u00fc<\/a> (Greenhouse Gas Protocol), ye\u015fil binalar i\u00e7in LEED ve <a href=\"https:\/\/www.cdp.net\/en\" target=\"_blank\" rel=\"noreferrer noopener\">CDP <\/a>ve<a href=\"https:\/\/www.there100.org\/\" target=\"_blank\" rel=\"noreferrer noopener\"> RE100<\/a> (Yenilenebilir 100) EKOenerji eko-etiketini daha s\u00fcrd\u00fcr\u00fclebilir olmak isteyen t\u00fcketiciler i\u00e7in iyi bir \u00e7\u00f6z\u00fcm olarak g\u00f6steriyor.<\/p>\n\n\n\n<h3 class=\"wp-block-heading\">Eko-etiketli elektrik kullanmak kolayd\u0131r<\/h3>\n\n\n\n<p>Bulundu\u011funuz \u00fclkedeki elektrik piyasas\u0131 liberalle\u015fmi\u015fse eviniz i\u00e7in, piyasan\u0131n tek firma tekelinde oldu\u011fu \u00fclkelerde de i\u015fletmeniz i\u00e7in d\u00fcnyan\u0131n her yerindeki lisansl\u0131 sat\u0131c\u0131lar\u0131m\u0131zdan EKOenerji sat\u0131n alabilirsiniz. EKOenerji etiketli yenilenebilir \u0131s\u0131 ve gaz kullanmak da m\u00fcmk\u00fcnd\u00fcr.<\/p>\n\n\n\n<h3 class=\"wp-block-heading\">Eko-etiket, ileti\u015fim faaliyetlerinizi kolayla\u015ft\u0131ran bir ara\u00e7t\u0131r<\/h3>\n\n\n\n<figure class=\"wp-block-image alignleft size-medium\"><img fetchpriority=\"high\" decoding=\"async\" width=\"320\" height=\"179\" src=\"https:\/\/www.ekoenergy.org\/wp-content\/uploads\/\/EKOenergy-labelled-electricity-sticker-320x179.png\" alt=\"\" class=\"wp-image-123407\" srcset=\"https:\/\/www.ekoenergy.org\/wp-content\/uploads\/EKOenergy-labelled-electricity-sticker-320x179.png 320w, https:\/\/www.ekoenergy.org\/wp-content\/uploads\/EKOenergy-labelled-electricity-sticker-1024x572.png 1024w, https:\/\/www.ekoenergy.org\/wp-content\/uploads\/EKOenergy-labelled-electricity-sticker-768x429.png 768w, https:\/\/www.ekoenergy.org\/wp-content\/uploads\/EKOenergy-labelled-electricity-sticker-1536x858.png 1536w, https:\/\/www.ekoenergy.org\/wp-content\/uploads\/EKOenergy-labelled-electricity-sticker.png 1768w\" sizes=\"(max-width: 320px) 100vw, 320px\" \/><\/figure>\n\n\n\n<p>EKOenerji etiketi, t\u00fcketici bilgilendirmesi i\u00e7in <a href=\"https:\/\/www.ekoenergy.org\/tr\/why-buy\/other-standards\/\">uluslararas\u0131 alanda tan\u0131nan<\/a>  ve etkili bir ara\u00e7t\u0131r. Eko-etiketli elektrik kullanan haneler ve \u015firketler yenilenebilir enerjide karar k\u0131ld\u0131klar\u0131n\u0131 g\u00f6stermi\u015f olur ve \u015firketler logomuzu kullanarak ba\u015fkalar\u0131n\u0131 da ayn\u0131s\u0131n\u0131 yapmak konusunda cesaretlendirir. 100% yenilenebilir bir d\u00fcnyaya ge\u00e7i\u015f bu \u015fekilde h\u0131z kazanm\u0131\u015f olur. EKOenerji kullanan t\u00fcketiciler ileti\u015fim materyallerinde,  binalar\u0131nda veya EKOenerji\u2019yle \u00fcretilmi\u015f \u00fcr\u00fcnler \u00fczerinde logomuzu kullanabilirler.<\/p>\n\n\n\n<p><a href=\"https:\/\/www.ekoenergy.org\/tr\/about-us\/contact-us\/\">Ekibimiz<\/a> sorular\u0131n\u0131za pek \u00e7ok dilde yan\u0131t verebilir ve materyallerimize 20\u2019dan fazla dilde ula\u015fmak m\u00fcmk\u00fcnd\u00fcr.<\/p>\n\n\n\n<p><a href=\"https:\/\/www.ekoenergy.org\/tr\/buying-ekoenergy\/\">EKOenerji etiketli elektrik sat\u0131n almak <\/a>veya <a href=\"https:\/\/www.ekoenergy.org\/tr\/ecolabel\/how-to-sell-ekoenergy\/\">EKOenerji etiketli yenilenebilir enerji satmak<\/a> i\u00e7in <a href=\"https:\/\/www.ekoenergy.org\/tr\/about-us\/contact-us\/\">bizle ileti\u015fime ge\u00e7in<\/a>.<\/p>\n\n\n\n<h3 class=\"wp-block-heading\">Aday g\u00f6sterildi\u011fimiz ve kazand\u0131\u011f\u0131m\u0131z \u00f6d\u00fcller<\/h3>\n\n\n\n<figure class=\"wp-block-image alignright size-medium\"><img decoding=\"async\" width=\"320\" height=\"214\" src=\"https:\/\/www.ekoenergy.org\/wp-content\/uploads\/\/European-Citizens-Award-Ceremony-2021-320x214.jpg\" alt=\"\" class=\"wp-image-123684\" srcset=\"https:\/\/www.ekoenergy.org\/wp-content\/uploads\/European-Citizens-Award-Ceremony-2021-320x214.jpg 320w, https:\/\/www.ekoenergy.org\/wp-content\/uploads\/European-Citizens-Award-Ceremony-2021-1024x684.jpg 1024w, https:\/\/www.ekoenergy.org\/wp-content\/uploads\/European-Citizens-Award-Ceremony-2021-768x513.jpg 768w, https:\/\/www.ekoenergy.org\/wp-content\/uploads\/European-Citizens-Award-Ceremony-2021-1536x1026.jpg 1536w, https:\/\/www.ekoenergy.org\/wp-content\/uploads\/European-Citizens-Award-Ceremony-2021.jpg 1794w\" sizes=\"(max-width: 320px) 100vw, 320px\" \/><\/figure>\n\n\n\n<ul class=\"wp-block-list\">\n<li>AB S\u00fcrd\u00fcr\u00fclebilir Enerji \u00d6d\u00fcl\u00fc (EUSEW) 2021, Merve G\u00fcng\u00f6r EKOenerji b\u00fcnyesindeki faaliyetleri sebebiyle Gen\u00e7 Enerji \u00d6nc\u00fcleri kategorisinde finalist oldu.<\/li>\n\n\n\n<li>Avrupa Yurtta\u015f\u0131 \u00d6d\u00fcl\u00fc 2020, Avrupa Parlamentosu taraf\u0131ndan Mart 2021&#8217;de teslim edildi.<\/li>\n\n\n\n<li>Nordik Konsey \u00c7evre \u00d6d\u00fcl\u00fc 2019 adayl\u0131\u011f\u0131.<\/li>\n\n\n\n<li>AB S\u00fcrd\u00fcr\u00fclebilir Enerji \u00d6d\u00fcl\u00fc (EUSEW) 2018, Gen\u00e7 Enerji Liderleri kategorisinde finalisti.<\/li>\n\n\n\n<li>EKOenerji 2017 y\u0131l\u0131nda Fransa \u00c7evre, Enerji ve Deniz Bakanl\u0131\u011f\u0131&#8217;n\u0131n \u201c\u0130klim i\u00e7in 100 proje\u201d inisiyatifi kapsam\u0131nda secti\u011fi projelerden biri oldu.<\/li>\n\n\n\n<li>Almanya S\u00fcrd\u00fcr\u00fclebilir Kalk\u0131nma Konseyi&#8217;nin \u00f6d\u00fcl\u00fc \u2018Taten f\u00fcr Morgen\u2019 2017. EKOenerji, S\u00fcrd\u00fcr\u00fclebilir Kalk\u0131nma Ama\u00e7lar\u0131&#8217;na hizmet eden projeler i\u00e7in tan\u0131nm\u0131\u015f bir ayr\u0131cal\u0131k olan \u201cS\u00fcrd\u00fcr\u00fclebilirlik Projeleri 2017\u201d (Project Nachhaltigkeit) aras\u0131nda yer ald\u0131. <\/li>\n\n\n\n<li>\u0130svi\u00e7re&#8217;deki GoodFestival&#8217;da Good100 PremaGyan \u00d6d\u00fcl\u00fc 2016.<\/li>\n<\/ul>\n\n\n\n<h2 class=\"wp-block-heading\">Uluslararas\u0131 i\u015fbirliklerimiz<\/h2>\n\n\n\n<p>EKOenerji eko-etiketi Finlandiya Do\u011fay\u0131 Koruma Derne\u011fi&#8217;nin bir inisiyatifidir ve ba\u015fka \u00e7evreci STK&#8217;lar taraf\u0131ndan desteklenmektedir.<\/p>\n\n\n\n<p>Faaliyetlerine kat\u0131ld\u0131\u011f\u0131m\u0131z ve i\u015fbirli\u011finde bulundu\u011fumuz organizasyonlar aras\u0131nda \u015fu kurulu\u015flar yer al\u0131r:<\/p>\n\n\n\n<ul class=\"wp-block-list\">\n<li><a href=\"https:\/\/climatenetwork.org\/\">Climate Action Network International (CAN Intl)<\/a><\/li>\n\n\n\n<li><a href=\"https:\/\/caneurope.org\/\" target=\"_blank\" rel=\"noreferrer noopener\">Climate Action Network (CAN) Europe<\/a><\/li>\n\n\n\n<li><a href=\"https:\/\/coalition.irena.org\/\" target=\"_blank\" rel=\"noreferrer noopener\">IRENA Coalition for Action<\/a><\/li>\n\n\n\n<li><a href=\"https:\/\/resource-platform.eu\/\" target=\"_blank\" rel=\"noreferrer noopener\">The RE-Source Platform<\/a><\/li>\n\n\n\n<li><a href=\"https:\/\/recs.org\/\" target=\"_blank\" rel=\"noreferrer noopener\">RECS Energy Certificate Association<\/a><\/li>\n\n\n\n<li><a href=\"https:\/\/eeb.org\/\" target=\"_blank\" rel=\"noreferrer noopener\">European Environmental Bureau (EEB)<\/a><\/li>\n<\/ul>\n","protected":false},"excerpt":{"rendered":"<p>Hakk\u0131m\u0131zda Kar amac\u0131 g\u00fctmeyen eko-etiket EKOenerji eko-etiketi, yenilenebilir elektrik, yenilenebilir gaz ve yenilenebilir \u0131s\u0131 i\u00e7in kullan\u0131lan, uluslararas\u0131 ve kar amac\u0131 g\u00fctmeyen bir eko-etikettir. EKOenerji etiketiyle sat\u0131lan enerji s\u00fcrd\u00fcr\u00fclebilirlik kriterlerimize uygundur ve enerji k\u0131tl\u0131\u011f\u0131yla sava\u015fan projelere finansman sa\u011flar. EKOenerji eko-etiketi, \u00e7at\u0131 \u00fcst\u00fc vb. m\u00fcnferit kurulumlar, ye\u015fil tarifeler, enerji tedarik anla\u015fmalar\u0131 (PPA), men\u015fe garantisi (GO) ve uluslararas\u0131 [&hellip;]<\/p>\n","protected":false},"author":17,"featured_media":28139,"parent":0,"menu_order":0,"comment_status":"closed","ping_status":"closed","template":"","meta":{"inline_featured_image":false,"_uag_custom_page_level_css":"","site-sidebar-layout":"default","site-content-layout":"default","ast-site-content-layout":"default","site-content-style":"default","site-sidebar-style":"default","ast-global-header-display":"","ast-banner-title-visibility":"","ast-main-header-display":"","ast-hfb-above-header-display":"","ast-hfb-below-header-display":"","ast-hfb-mobile-header-display":"","site-post-title":"disabled","ast-breadcrumbs-content":"","ast-featured-img":"","footer-sml-layout":"","ast-disable-related-posts":"","theme-transparent-header-meta":"default","adv-header-id-meta":"","stick-header-meta":"default","header-above-stick-meta":"","header-main-stick-meta":"","header-below-stick-meta":"","astra-migrate-meta-layouts":"default","ast-page-background-enabled":"default","ast-page-background-meta":{"desktop":{"background-color":"","background-image":"","background-repeat":"repeat","background-position":"center center","background-size":"auto","background-attachment":"scroll","background-type":"","background-media":"","overlay-type":"","overlay-color":"","overlay-opacity":"","overlay-gradient":""},"tablet":{"background-color":"","background-image":"","background-repeat":"repeat","background-position":"center center","background-size":"auto","background-attachment":"scroll","background-type":"","background-media":"","overlay-type":"","overlay-color":"","overlay-opacity":"","overlay-gradient":""},"mobile":{"background-color":"","background-image":"","background-repeat":"repeat","background-position":"center center","background-size":"auto","background-attachment":"scroll","background-type":"","background-media":"","overlay-type":"","overlay-color":"","overlay-opacity":"","overlay-gradient":""}},"ast-content-background-meta":{"desktop":{"background-color":"var(--ast-global-color-5)","background-image":"","background-repeat":"repeat","background-position":"center center","background-size":"auto","background-attachment":"scroll","background-type":"","background-media":"","overlay-type":"","overlay-color":"","overlay-opacity":"","overlay-gradient":""},"tablet":{"background-color":"var(--ast-global-color-5)","background-image":"","background-repeat":"repeat","background-position":"center center","background-size":"auto","background-attachment":"scroll","background-type":"","background-media":"","overlay-type":"","overlay-color":"","overlay-opacity":"","overlay-gradient":""},"mobile":{"background-color":"var(--ast-global-color-5)","background-image":"","background-repeat":"repeat","background-position":"center center","background-size":"auto","background-attachment":"scroll","background-type":"","background-media":"","overlay-type":"","overlay-color":"","overlay-opacity":"","overlay-gradient":""}},"footnotes":""},"class_list":["post-2550","page","type-page","status-publish","has-post-thumbnail","hentry"],"yoast_head":"<!-- This site is optimized with the Yoast SEO plugin v27.5 - https:\/\/yoast.com\/product\/yoast-seo-wordpress\/ -->\n<title>About us- EKOenergy ecolabel<\/title>\n<meta name=\"description\" content=\"Yenilenebilir enerji eko-etiketi EKOenerji, STK temellidir ve iklim eylemi i\u00e7in ekstra finansman sa\u011flar. Kar amac\u0131 g\u00fctmez.\" \/>\n<meta name=\"robots\" content=\"index, follow, max-snippet:-1, max-image-preview:large, max-video-preview:-1\" \/>\n<link rel=\"canonical\" href=\"https:\/\/www.ekoenergy.org\/tr\/about-us\/\" \/>\n<meta property=\"og:locale\" content=\"tr_TR\" \/>\n<meta property=\"og:type\" content=\"article\" \/>\n<meta property=\"og:title\" content=\"About us- EKOenergy ecolabel\" \/>\n<meta property=\"og:description\" content=\"Yenilenebilir enerji eko-etiketi EKOenerji, STK temellidir ve iklim eylemi i\u00e7in ekstra finansman sa\u011flar. Kar amac\u0131 g\u00fctmez.\" \/>\n<meta property=\"og:url\" content=\"https:\/\/www.ekoenergy.org\/tr\/about-us\/\" \/>\n<meta property=\"og:site_name\" content=\"EKOenergy ecolabel\" \/>\n<meta property=\"article:publisher\" content=\"https:\/\/www.facebook.com\/EKOenergy.ecolabel\/\" \/>\n<meta property=\"article:modified_time\" content=\"2023-12-11T13:49:19+00:00\" \/>\n<meta property=\"og:image\" content=\"https:\/\/www.ekoenergy.org\/wp-content\/uploads\/Featured-Chocolate-Made-With-EKOenergy.jpg\" \/>\n\t<meta property=\"og:image:width\" content=\"1197\" \/>\n\t<meta property=\"og:image:height\" content=\"600\" \/>\n\t<meta property=\"og:image:type\" content=\"image\/jpeg\" \/>\n<meta name=\"twitter:card\" content=\"summary_large_image\" \/>\n<meta name=\"twitter:site\" content=\"@EKOenergy_\" \/>\n<meta name=\"twitter:label1\" content=\"Tahmini okuma s\u00fcresi\" \/>\n\t<meta name=\"twitter:data1\" content=\"3 dakika\" \/>\n<script type=\"application\/ld+json\" class=\"yoast-schema-graph\">{\"@context\":\"https:\\\/\\\/schema.org\",\"@graph\":[{\"@type\":\"WebPage\",\"@id\":\"https:\\\/\\\/www.ekoenergy.org\\\/tr\\\/about-us\\\/\",\"url\":\"https:\\\/\\\/www.ekoenergy.org\\\/tr\\\/about-us\\\/\",\"name\":\"About us- EKOenergy ecolabel\",\"isPartOf\":{\"@id\":\"https:\\\/\\\/www.ekoenergy.org\\\/tr\\\/#website\"},\"primaryImageOfPage\":{\"@id\":\"https:\\\/\\\/www.ekoenergy.org\\\/tr\\\/about-us\\\/#primaryimage\"},\"image\":{\"@id\":\"https:\\\/\\\/www.ekoenergy.org\\\/tr\\\/about-us\\\/#primaryimage\"},\"thumbnailUrl\":\"https:\\\/\\\/www.ekoenergy.org\\\/wp-content\\\/uploads\\\/Featured-Chocolate-Made-With-EKOenergy.jpg\",\"datePublished\":\"2019-12-04T13:23:54+00:00\",\"dateModified\":\"2023-12-11T13:49:19+00:00\",\"description\":\"Yenilenebilir enerji eko-etiketi EKOenerji, STK temellidir ve iklim eylemi i\u00e7in ekstra finansman sa\u011flar. Kar amac\u0131 g\u00fctmez.\",\"breadcrumb\":{\"@id\":\"https:\\\/\\\/www.ekoenergy.org\\\/tr\\\/about-us\\\/#breadcrumb\"},\"inLanguage\":\"tr\",\"potentialAction\":[{\"@type\":\"ReadAction\",\"target\":[\"https:\\\/\\\/www.ekoenergy.org\\\/tr\\\/about-us\\\/\"]}]},{\"@type\":\"ImageObject\",\"inLanguage\":\"tr\",\"@id\":\"https:\\\/\\\/www.ekoenergy.org\\\/tr\\\/about-us\\\/#primaryimage\",\"url\":\"https:\\\/\\\/www.ekoenergy.org\\\/wp-content\\\/uploads\\\/Featured-Chocolate-Made-With-EKOenergy.jpg\",\"contentUrl\":\"https:\\\/\\\/www.ekoenergy.org\\\/wp-content\\\/uploads\\\/Featured-Chocolate-Made-With-EKOenergy.jpg\",\"width\":1197,\"height\":600},{\"@type\":\"BreadcrumbList\",\"@id\":\"https:\\\/\\\/www.ekoenergy.org\\\/tr\\\/about-us\\\/#breadcrumb\",\"itemListElement\":[{\"@type\":\"ListItem\",\"position\":1,\"name\":\"Home\",\"item\":\"https:\\\/\\\/www.ekoenergy.org\\\/tr\\\/\"},{\"@type\":\"ListItem\",\"position\":2,\"name\":\"Hakk\u0131m\u0131zda\"}]},{\"@type\":\"WebSite\",\"@id\":\"https:\\\/\\\/www.ekoenergy.org\\\/tr\\\/#website\",\"url\":\"https:\\\/\\\/www.ekoenergy.org\\\/tr\\\/\",\"name\":\"EKOenergy ecolabel\",\"description\":\"The global nonprofit ecolabel for renewable energy\",\"publisher\":{\"@id\":\"https:\\\/\\\/www.ekoenergy.org\\\/tr\\\/#organization\"},\"potentialAction\":[{\"@type\":\"SearchAction\",\"target\":{\"@type\":\"EntryPoint\",\"urlTemplate\":\"https:\\\/\\\/www.ekoenergy.org\\\/tr\\\/?s={search_term_string}\"},\"query-input\":{\"@type\":\"PropertyValueSpecification\",\"valueRequired\":true,\"valueName\":\"search_term_string\"}}],\"inLanguage\":\"tr\"},{\"@type\":\"Organization\",\"@id\":\"https:\\\/\\\/www.ekoenergy.org\\\/tr\\\/#organization\",\"name\":\"Not-for-profit Organisation EKOenergy\",\"url\":\"https:\\\/\\\/www.ekoenergy.org\\\/tr\\\/\",\"logo\":{\"@type\":\"ImageObject\",\"inLanguage\":\"tr\",\"@id\":\"https:\\\/\\\/www.ekoenergy.org\\\/tr\\\/#\\\/schema\\\/logo\\\/image\\\/\",\"url\":\"https:\\\/\\\/www.ekoenergy.org\\\/wp-content\\\/uploads\\\/logo-EKOenergy-no-text.jpg\",\"contentUrl\":\"https:\\\/\\\/www.ekoenergy.org\\\/wp-content\\\/uploads\\\/logo-EKOenergy-no-text.jpg\",\"width\":1600,\"height\":1600,\"caption\":\"Not-for-profit Organisation EKOenergy\"},\"image\":{\"@id\":\"https:\\\/\\\/www.ekoenergy.org\\\/tr\\\/#\\\/schema\\\/logo\\\/image\\\/\"},\"sameAs\":[\"https:\\\/\\\/www.facebook.com\\\/EKOenergy.ecolabel\\\/\",\"https:\\\/\\\/x.com\\\/EKOenergy_\",\"https:\\\/\\\/www.instagram.com\\\/ekoenergy\\\/\",\"https:\\\/\\\/www.linkedin.com\\\/company\\\/ekoenergy-ecolabel\\\/\",\"https:\\\/\\\/www.youtube.com\\\/EKOenergy-ecolabel\",\"https:\\\/\\\/en.wikipedia.org\\\/wiki\\\/EKOenergy\"]}]}<\/script>\n<!-- \/ Yoast SEO plugin. -->","yoast_head_json":{"title":"About us- EKOenergy ecolabel","description":"Yenilenebilir enerji eko-etiketi EKOenerji, STK temellidir ve iklim eylemi i\u00e7in ekstra finansman sa\u011flar. Kar amac\u0131 g\u00fctmez.","robots":{"index":"index","follow":"follow","max-snippet":"max-snippet:-1","max-image-preview":"max-image-preview:large","max-video-preview":"max-video-preview:-1"},"canonical":"https:\/\/www.ekoenergy.org\/tr\/about-us\/","og_locale":"tr_TR","og_type":"article","og_title":"About us- EKOenergy ecolabel","og_description":"Yenilenebilir enerji eko-etiketi EKOenerji, STK temellidir ve iklim eylemi i\u00e7in ekstra finansman sa\u011flar. Kar amac\u0131 g\u00fctmez.","og_url":"https:\/\/www.ekoenergy.org\/tr\/about-us\/","og_site_name":"EKOenergy ecolabel","article_publisher":"https:\/\/www.facebook.com\/EKOenergy.ecolabel\/","article_modified_time":"2023-12-11T13:49:19+00:00","og_image":[{"width":1197,"height":600,"url":"https:\/\/www.ekoenergy.org\/wp-content\/uploads\/Featured-Chocolate-Made-With-EKOenergy.jpg","type":"image\/jpeg"}],"twitter_card":"summary_large_image","twitter_site":"@EKOenergy_","twitter_misc":{"Tahmini okuma s\u00fcresi":"3 dakika"},"schema":{"@context":"https:\/\/schema.org","@graph":[{"@type":"WebPage","@id":"https:\/\/www.ekoenergy.org\/tr\/about-us\/","url":"https:\/\/www.ekoenergy.org\/tr\/about-us\/","name":"About us- EKOenergy ecolabel","isPartOf":{"@id":"https:\/\/www.ekoenergy.org\/tr\/#website"},"primaryImageOfPage":{"@id":"https:\/\/www.ekoenergy.org\/tr\/about-us\/#primaryimage"},"image":{"@id":"https:\/\/www.ekoenergy.org\/tr\/about-us\/#primaryimage"},"thumbnailUrl":"https:\/\/www.ekoenergy.org\/wp-content\/uploads\/Featured-Chocolate-Made-With-EKOenergy.jpg","datePublished":"2019-12-04T13:23:54+00:00","dateModified":"2023-12-11T13:49:19+00:00","description":"Yenilenebilir enerji eko-etiketi EKOenerji, STK temellidir ve iklim eylemi i\u00e7in ekstra finansman sa\u011flar. Kar amac\u0131 g\u00fctmez.","breadcrumb":{"@id":"https:\/\/www.ekoenergy.org\/tr\/about-us\/#breadcrumb"},"inLanguage":"tr","potentialAction":[{"@type":"ReadAction","target":["https:\/\/www.ekoenergy.org\/tr\/about-us\/"]}]},{"@type":"ImageObject","inLanguage":"tr","@id":"https:\/\/www.ekoenergy.org\/tr\/about-us\/#primaryimage","url":"https:\/\/www.ekoenergy.org\/wp-content\/uploads\/Featured-Chocolate-Made-With-EKOenergy.jpg","contentUrl":"https:\/\/www.ekoenergy.org\/wp-content\/uploads\/Featured-Chocolate-Made-With-EKOenergy.jpg","width":1197,"height":600},{"@type":"BreadcrumbList","@id":"https:\/\/www.ekoenergy.org\/tr\/about-us\/#breadcrumb","itemListElement":[{"@type":"ListItem","position":1,"name":"Home","item":"https:\/\/www.ekoenergy.org\/tr\/"},{"@type":"ListItem","position":2,"name":"Hakk\u0131m\u0131zda"}]},{"@type":"WebSite","@id":"https:\/\/www.ekoenergy.org\/tr\/#website","url":"https:\/\/www.ekoenergy.org\/tr\/","name":"EKOenergy ecolabel","description":"The global nonprofit ecolabel for renewable energy","publisher":{"@id":"https:\/\/www.ekoenergy.org\/tr\/#organization"},"potentialAction":[{"@type":"SearchAction","target":{"@type":"EntryPoint","urlTemplate":"https:\/\/www.ekoenergy.org\/tr\/?s={search_term_string}"},"query-input":{"@type":"PropertyValueSpecification","valueRequired":true,"valueName":"search_term_string"}}],"inLanguage":"tr"},{"@type":"Organization","@id":"https:\/\/www.ekoenergy.org\/tr\/#organization","name":"Not-for-profit Organisation EKOenergy","url":"https:\/\/www.ekoenergy.org\/tr\/","logo":{"@type":"ImageObject","inLanguage":"tr","@id":"https:\/\/www.ekoenergy.org\/tr\/#\/schema\/logo\/image\/","url":"https:\/\/www.ekoenergy.org\/wp-content\/uploads\/logo-EKOenergy-no-text.jpg","contentUrl":"https:\/\/www.ekoenergy.org\/wp-content\/uploads\/logo-EKOenergy-no-text.jpg","width":1600,"height":1600,"caption":"Not-for-profit Organisation EKOenergy"},"image":{"@id":"https:\/\/www.ekoenergy.org\/tr\/#\/schema\/logo\/image\/"},"sameAs":["https:\/\/www.facebook.com\/EKOenergy.ecolabel\/","https:\/\/x.com\/EKOenergy_","https:\/\/www.instagram.com\/ekoenergy\/","https:\/\/www.linkedin.com\/company\/ekoenergy-ecolabel\/","https:\/\/www.youtube.com\/EKOenergy-ecolabel","https:\/\/en.wikipedia.org\/wiki\/EKOenergy"]}]}},"uagb_featured_image_src":{"full":["https:\/\/www.ekoenergy.org\/wp-content\/uploads\/Featured-Chocolate-Made-With-EKOenergy.jpg",1197,600,false],"thumbnail":["https:\/\/www.ekoenergy.org\/wp-content\/uploads\/Featured-Chocolate-Made-With-EKOenergy-150x150.jpg",150,150,true],"medium":["https:\/\/www.ekoenergy.org\/wp-content\/uploads\/Featured-Chocolate-Made-With-EKOenergy-320x160.jpg",320,160,true],"medium_large":["https:\/\/www.ekoenergy.org\/wp-content\/uploads\/Featured-Chocolate-Made-With-EKOenergy-768x385.jpg",768,385,true],"large":["https:\/\/www.ekoenergy.org\/wp-content\/uploads\/Featured-Chocolate-Made-With-EKOenergy-1024x513.jpg",1024,513,true],"1536x1536":["https:\/\/www.ekoenergy.org\/wp-content\/uploads\/Featured-Chocolate-Made-With-EKOenergy.jpg",1197,600,false],"2048x2048":["https:\/\/www.ekoenergy.org\/wp-content\/uploads\/Featured-Chocolate-Made-With-EKOenergy.jpg",1197,600,false]},"uagb_author_info":{"display_name":"EKOenergy ecolabel","author_link":"https:\/\/www.ekoenergy.org\/tr\/author\/ekoenergy\/"},"uagb_comment_info":0,"uagb_excerpt":"Hakk\u0131m\u0131zda Kar amac\u0131 g\u00fctmeyen eko-etiket EKOenerji eko-etiketi, yenilenebilir elektrik, yenilenebilir gaz ve yenilenebilir \u0131s\u0131 i\u00e7in kullan\u0131lan, uluslararas\u0131 ve kar amac\u0131 g\u00fctmeyen bir eko-etikettir. EKOenerji etiketiyle sat\u0131lan enerji s\u00fcrd\u00fcr\u00fclebilirlik kriterlerimize uygundur ve enerji k\u0131tl\u0131\u011f\u0131yla sava\u015fan projelere finansman sa\u011flar. EKOenerji eko-etiketi, \u00e7at\u0131 \u00fcst\u00fc vb. m\u00fcnferit kurulumlar, ye\u015fil tarifeler, enerji tedarik anla\u015fmalar\u0131 (PPA), men\u015fe garantisi (GO) ve uluslararas\u0131&hellip;","_links":{"self":[{"href":"https:\/\/www.ekoenergy.org\/tr\/wp-json\/wp\/v2\/pages\/2550","targetHints":{"allow":["GET"]}}],"collection":[{"href":"https:\/\/www.ekoenergy.org\/tr\/wp-json\/wp\/v2\/pages"}],"about":[{"href":"https:\/\/www.ekoenergy.org\/tr\/wp-json\/wp\/v2\/types\/page"}],"author":[{"embeddable":true,"href":"https:\/\/www.ekoenergy.org\/tr\/wp-json\/wp\/v2\/users\/17"}],"replies":[{"embeddable":true,"href":"https:\/\/www.ekoenergy.org\/tr\/wp-json\/wp\/v2\/comments?post=2550"}],"version-history":[{"count":3,"href":"https:\/\/www.ekoenergy.org\/tr\/wp-json\/wp\/v2\/pages\/2550\/revisions"}],"predecessor-version":[{"id":155405,"href":"https:\/\/www.ekoenergy.org\/tr\/wp-json\/wp\/v2\/pages\/2550\/revisions\/155405"}],"wp:featuredmedia":[{"embeddable":true,"href":"https:\/\/www.ekoenergy.org\/tr\/wp-json\/wp\/v2\/media\/28139"}],"wp:attachment":[{"href":"https:\/\/www.ekoenergy.org\/tr\/wp-json\/wp\/v2\/media?parent=2550"}],"curies":[{"name":"wp","href":"https:\/\/api.w.org\/{rel}","templated":true}]}}