{"id":2676,"date":"2019-12-04T13:34:20","date_gmt":"2019-12-04T13:34:20","guid":{"rendered":"https:\/\/www.ekoenergy.org\/ecolabel\/"},"modified":"2024-03-27T15:28:47","modified_gmt":"2024-03-27T13:28:47","slug":"ecolabel","status":"publish","type":"page","link":"https:\/\/www.ekoenergy.org\/tr\/ecolabel\/","title":{"rendered":"Eko-etiketimiz"},"content":{"rendered":"\n<h1 class=\"wp-block-heading\">Eko-etiketimiz<\/h1>\n\n\n\n<figure class=\"wp-block-image alignright size-thumbnail\"><img decoding=\"async\" width=\"150\" height=\"150\" src=\"https:\/\/www.ekoenergy.org\/wp-content\/uploads\/\/logo-EKOenergy-no-text-150x150.jpg\" alt=\"Logo-EKOenergy-no-text\" class=\"wp-image-1813\" srcset=\"https:\/\/www.ekoenergy.org\/wp-content\/uploads\/logo-EKOenergy-no-text-150x150.jpg 150w, https:\/\/www.ekoenergy.org\/wp-content\/uploads\/logo-EKOenergy-no-text-300x300.jpg 300w, https:\/\/www.ekoenergy.org\/wp-content\/uploads\/logo-EKOenergy-no-text-1024x1024.jpg 1024w, https:\/\/www.ekoenergy.org\/wp-content\/uploads\/logo-EKOenergy-no-text-768x768.jpg 768w, https:\/\/www.ekoenergy.org\/wp-content\/uploads\/logo-EKOenergy-no-text-1536x1536.jpg 1536w, https:\/\/www.ekoenergy.org\/wp-content\/uploads\/logo-EKOenergy-no-text.jpg 1600w\" sizes=\"(max-width: 150px) 100vw, 150px\" \/><\/figure>\n\n\n\n<p>EKOenerji eko-etiketi yenilenebilir elektrik, gaz, \u0131s\u0131 ve so\u011futma i\u00e7in uluslararas\u0131 alanda tan\u0131nan bir eko-etikettir ve ayn\u0131 zamanda bir ileti\u015fim arac\u0131d\u0131r. Bireyler ve \u015firketler, yenilenebilir enerji tercihlerini ba\u015fkalar\u0131na duyurmak ve enerji d\u00f6n\u00fc\u015f\u00fcm\u00fcne destek vermek i\u00e7in logomuzu kullanabilir. B\u00f6ylece %100 yenilenebilir enerji tercihini yayg\u0131nla\u015ft\u0131rmada \u00f6nemli bir ad\u0131m atmak m\u00fcmk\u00fcnd\u00fcr. <\/p>\n\n\n\n<p><a href=\"https:\/\/www.ekoenergy.org\/tr\/about-us\/contact-us\/\">Uluslararas\u0131 ekibimiz<\/a>le ileti\u015fime ge\u00e7erek sorular\u0131n\u0131za pek \u00e7ok dilde cevap alabilirsiniz. \u0130leti\u015fim materyallerimize 30&#8217;a yak\u0131n dilde ula\u015fabilirsiniz.<\/p>\n\n\n\n<h2 class=\"wp-block-heading\">EKOenerji kriterleri hakk\u0131nda genel bilgi<\/h2>\n\n\n\n<p>EKOenerji eko-etiketli enerji her zaman 100% yenilenebilir enerji olmakla beraber, bunun bir ad\u0131m \u00f6tesine ge\u00e7er. Eko-etiketimiz, t\u00fcketilen enerjinin \u00e7evreci Sivil Toplum Kurulu\u015flar\u0131 taraf\u0131ndan belirlenmi\u015f kriterlere uygunlu\u011funu garantiler ve <a href=\"https:\/\/www.ekoenergy.org\/tr\/our-results\/\">somut sonu\u00e7lar<\/a> \u00fczerinde \u00e7al\u0131\u015farak bunun da bir ad\u0131m \u00f6tesine ge\u00e7me f\u0131rsat\u0131 sunar. <\/p>\n\n\n\n<h3 class=\"wp-block-heading\">1.   G\u00fcvenilir takip mekanizmas\u0131 ve \u00e7ifte say\u0131mdan ka\u00e7\u0131n\u0131lmas\u0131<\/h3>\n\n\n\n<p>Yenilenebilir enerjinin ispat\u0131 i\u00e7in enerjinin <a href=\"https:\/\/www.ekoenergy.org\/tr\/ecolabel\/criteria\/tracking\/\">g\u00fcvenilir \u015fekilde takibinin yap\u0131lm\u0131\u015f olmas\u0131<\/a> ve \u00e7ifte say\u0131mdan ka\u00e7\u0131n\u0131lmas\u0131 gerekir. \u00c7ifte say\u0131mdan ka\u00e7\u0131nmak, ayn\u0131 \u00e7evresel faydan\u0131n birden fazla kez sat\u0131lm\u0131\u015f olmamas\u0131 anlam\u0131na gelir. <\/p>\n\n\n\n<p>EKOenerji, sadece <a rel=\"noreferrer noopener\" href=\"https:\/\/ghgprotocol.org\/\" target=\"_blank\">Sera Gaz\u0131 Protokol\u00fc<\/a> Kapsam 2 K\u0131lavuzu\u2019na uygun takip mekanizmalar\u0131n\u0131 (Yenilenebilir Enerji Sertifikaland\u0131rmas\u0131) kabul eder. AB i\u00e7inde bu, Guarantee of Origin denen Men\u015fe Garantisi sertifikalar\u0131yla ger\u00e7ekle\u015fir. Kuzey Amerika\u2019da REC ve bu b\u00f6lgelerin d\u0131\u015f\u0131nda <a rel=\"noreferrer noopener\" href=\"https:\/\/www.irecstandard.org\/\" target=\"_blank\">I-REC <\/a>sertifikalar\u0131 bu g\u00f6revi g\u00f6r\u00fcr. EKOenerji&#8217;nin takip kriterlerinden bir di\u011feri de enerji \u00fcretim ve t\u00fcketiminin ayn\u0131 piyasa i\u00e7inde ger\u00e7ekle\u015fmi\u015f olmas\u0131d\u0131r.<\/p>\n\n\n\n<h3 class=\"wp-block-heading\">2.   S\u00fcrd\u00fcr\u00fclebilirlik<\/h3>\n\n\n\n<p>EKOenerji etiketiyle sat\u0131lan enerji, EKOenerji A\u011f\u0131\u2019n\u0131n yazd\u0131\u011f\u0131  s\u00fcrd\u00fcr\u00fclebilirlik kriterlerine uygun olmak zorundad\u0131r. Enerji  santralleri EKOenerji onay\u0131n\u0131 ald\u0131ktan sonra bu santrallerde \u00fcretilen  elektrik EKOenerji etiketli olarak sat\u0131labilir. Bu onay tamamen  \u00fccretsizdir. Daha fazla bilgi i\u00e7in <a href=\"https:\/\/www.ekoenergy.org\/tr\/about-us\/contact-us\/\">EKOenerji Sekretaryas\u0131<\/a>\u2019yla ileti\u015fime ge\u00e7ebilirsiniz.<\/p>\n\n\n\n<p>S\u00fcrd\u00fcr\u00fclebilirlik kriterlerimiz \u015funlar\u0131 kapsar:<\/p>\n\n\n\n<ul class=\"wp-block-list\">\n<li>Koruma alt\u0131nda olan do\u011fa alanlar\u0131n\u0131n ve \u00f6nemli ku\u015f g\u00f6\u00e7 yollar\u0131n\u0131n d\u0131\u015f\u0131nda kalan <strong>r\u00fczgar ve g\u00fcne\u015f enerjisi<\/strong> EKOenerji etiketiyle sat\u0131labilir. Bu kriter jeotermal, <strong>dalga ve gelgit enerjisi<\/strong> kurulumlar\u0131 i\u00e7in de ge\u00e7erlidir.<\/li>\n\n\n\n<li>EKOenerji etiketli <strong>hidroelektrik<\/strong> belirli bir y\u00fckseklikte su ak\u0131m\u0131n\u0131n sa\u011fland\u0131\u011f\u0131n\u0131 garantiler ve bal\u0131k g\u00f6\u00e7lerini g\u00f6z  \u00f6n\u00fcne al\u0131r. Su canl\u0131lar\u0131 i\u00e7in uygun habitatlar\u0131n ayr\u0131lmas\u0131 da  kriterlerimiz aras\u0131ndad\u0131r.<\/li>\n\n\n\n<li><strong>Biyoenerji<\/strong> olarak (elektrik, biyogaz ve \u0131s\u0131 \u00fcretiminde) tar\u0131mdan, belediyelerden ve end\u00fcstriden gelen organik at\u0131klar\u0131n ve spesifik t\u00fcrdeki orman biyok\u00fctlesinin (k\u00f6k ve odun harici) kullan\u0131m\u0131n\u0131 kabul ediyoruz. Bu materyallerin 100% yenilenebilir enerji kurulumlar\u0131nda kullan\u0131lmas\u0131 gereklidir.<\/li>\n\n\n\n<li>Yenilenebilir elektri\u011fin gazla\u015ft\u0131r\u0131lmas\u0131yla elde edilen (ye\u015fil hidrojen gibi) t\u00fcm <strong>yenilenebilir gazlar<\/strong>, kullan\u0131lan elektri\u011fin s\u00fcrd\u00fcr\u00fclebilirlik kriterlerimize uygun olmas\u0131 halinde kabul edilir.<\/li>\n<\/ul>\n\n\n\n<h3 class=\"wp-block-heading\">3.    Yeni temiz enerji projelerinin fonlanmas\u0131yla topluma ekstra katk\u0131 sa\u011flanmas\u0131<\/h3>\n\n\n\n<p>EKOenerji etiketli enerji tercih etmek, somut de\u011fi\u015fiklikler getirir. EKOenerji talebiniz sayesinde d\u00fcnyan\u0131n en ihtiya\u00e7 duyulan b\u00f6lgelerinde yeni temiz enerji kurulumlar\u0131 ger\u00e7ekle\u015fir.<\/p>\n\n\n\n<p>EKOenerji etiketli elektrik veya gaz sat\u0131n ald\u0131\u011f\u0131n\u0131zda her megavat saatlik t\u00fcketim i\u00e7in 0.10 euro sent <a href=\"https:\/\/www.ekoenergy.org\/tr\/our-results\/climate-fund\/\">\u0130klim Fonu<\/a>\u2019muza  aktar\u0131l\u0131r. Biriken miktarla geli\u015fmekte olan \u00fclkelerin \u00fccra b\u00f6lgelerindeki temiz enerji projeleri fonlan\u0131r. EKOenerji tercih ederek  ba\u015fka t\u00fcrl\u00fc ger\u00e7ekle\u015fmeyecek somut de\u011fi\u015fikliklere katk\u0131da bulunmu\u015f  olursunuz.<\/p>\n\n\n\n<p>Finanse etti\u011fimiz projelerin hepsi \u015feffaf bir prosed\u00fcrle se\u00e7ilir ve <a href=\"https:\/\/www.un.org\/sustainabledevelopment\/sustainable-development-goals\/\" target=\"_blank\" rel=\"noreferrer noopener\">BM S\u00fcrd\u00fcr\u00fclebilir Kalk\u0131nma Hedefleri (SDG)<\/a>\u2019lere katk\u0131da bulunur. Bu iklim projeleri, EKOenerji&#8217;nin ek faydalari olan yani ye\u015fil enerji sat\u0131n al\u0131m\u0131 sa\u011flama yollar\u0131ndan biridir.<\/p>\n\n\n\n<h3 class=\"wp-block-heading\">4.    Denetleme ve onaylama<\/h3>\n\n\n\n<p>EKOenerji etiketi, ulusal ve b\u00f6lgesel denetim ve onaylara dayanmaktad\u0131r.  E\u011fer gereken bilgiler mevcut de\u011filse ba\u011f\u0131ms\u0131z bir denet\u00e7i EKOenerji  kriterlerinin ger\u00e7ekle\u015ftirildi\u011fini kontrol eder. Denetleme  kriterlerimizle ilgili daha fazla bilgi &#8220;<a href=\"https:\/\/www.ekoenergy.org\/tr\/ecolabel\/criteria\/electricity\/\">EKOenerji \u2013 a\u011f ve etiket<\/a>&#8220;te mevcuttur.<\/p>\n\n\n\n<figure class=\"wp-block-image size-full\"><img fetchpriority=\"high\" decoding=\"async\" width=\"1024\" height=\"683\" src=\"https:\/\/www.ekoenergy.org\/wp-content\/uploads\/ekoenergy_word_map_logos_2-1024x683-1.png\" alt=\"\" class=\"wp-image-140247\" srcset=\"https:\/\/www.ekoenergy.org\/wp-content\/uploads\/ekoenergy_word_map_logos_2-1024x683-1.png 1024w, https:\/\/www.ekoenergy.org\/wp-content\/uploads\/ekoenergy_word_map_logos_2-1024x683-1-320x213.png 320w, https:\/\/www.ekoenergy.org\/wp-content\/uploads\/ekoenergy_word_map_logos_2-1024x683-1-768x512.png 768w\" sizes=\"(max-width: 1024px) 100vw, 1024px\" \/><\/figure>\n","protected":false},"excerpt":{"rendered":"<p>Eko-etiketimiz EKOenerji eko-etiketi yenilenebilir elektrik, gaz, \u0131s\u0131 ve so\u011futma i\u00e7in uluslararas\u0131 alanda tan\u0131nan bir eko-etikettir ve ayn\u0131 zamanda bir ileti\u015fim arac\u0131d\u0131r. Bireyler ve \u015firketler, yenilenebilir enerji tercihlerini ba\u015fkalar\u0131na duyurmak ve enerji d\u00f6n\u00fc\u015f\u00fcm\u00fcne destek vermek i\u00e7in logomuzu kullanabilir. B\u00f6ylece %100 yenilenebilir enerji tercihini yayg\u0131nla\u015ft\u0131rmada \u00f6nemli bir ad\u0131m atmak m\u00fcmk\u00fcnd\u00fcr. Uluslararas\u0131 ekibimizle ileti\u015fime ge\u00e7erek sorular\u0131n\u0131za pek \u00e7ok [&hellip;]<\/p>\n","protected":false},"author":17,"featured_media":28329,"parent":0,"menu_order":0,"comment_status":"closed","ping_status":"closed","template":"","meta":{"inline_featured_image":false,"_uag_custom_page_level_css":"","site-sidebar-layout":"default","site-content-layout":"default","ast-site-content-layout":"default","site-content-style":"default","site-sidebar-style":"default","ast-global-header-display":"","ast-banner-title-visibility":"","ast-main-header-display":"","ast-hfb-above-header-display":"","ast-hfb-below-header-display":"","ast-hfb-mobile-header-display":"","site-post-title":"disabled","ast-breadcrumbs-content":"","ast-featured-img":"","footer-sml-layout":"","ast-disable-related-posts":"","theme-transparent-header-meta":"default","adv-header-id-meta":"","stick-header-meta":"default","header-above-stick-meta":"","header-main-stick-meta":"","header-below-stick-meta":"","astra-migrate-meta-layouts":"default","ast-page-background-enabled":"default","ast-page-background-meta":{"desktop":{"background-color":"","background-image":"","background-repeat":"repeat","background-position":"center center","background-size":"auto","background-attachment":"scroll","background-type":"","background-media":"","overlay-type":"","overlay-color":"","overlay-opacity":"","overlay-gradient":""},"tablet":{"background-color":"","background-image":"","background-repeat":"repeat","background-position":"center center","background-size":"auto","background-attachment":"scroll","background-type":"","background-media":"","overlay-type":"","overlay-color":"","overlay-opacity":"","overlay-gradient":""},"mobile":{"background-color":"","background-image":"","background-repeat":"repeat","background-position":"center center","background-size":"auto","background-attachment":"scroll","background-type":"","background-media":"","overlay-type":"","overlay-color":"","overlay-opacity":"","overlay-gradient":""}},"ast-content-background-meta":{"desktop":{"background-color":"var(--ast-global-color-5)","background-image":"","background-repeat":"repeat","background-position":"center center","background-size":"auto","background-attachment":"scroll","background-type":"","background-media":"","overlay-type":"","overlay-color":"","overlay-opacity":"","overlay-gradient":""},"tablet":{"background-color":"var(--ast-global-color-5)","background-image":"","background-repeat":"repeat","background-position":"center center","background-size":"auto","background-attachment":"scroll","background-type":"","background-media":"","overlay-type":"","overlay-color":"","overlay-opacity":"","overlay-gradient":""},"mobile":{"background-color":"var(--ast-global-color-5)","background-image":"","background-repeat":"repeat","background-position":"center center","background-size":"auto","background-attachment":"scroll","background-type":"","background-media":"","overlay-type":"","overlay-color":"","overlay-opacity":"","overlay-gradient":""}},"footnotes":""},"class_list":["post-2676","page","type-page","status-publish","has-post-thumbnail","hentry"],"yoast_head":"<!-- This site is optimized with the Yoast SEO plugin v27.3 - https:\/\/yoast.com\/product\/yoast-seo-wordpress\/ -->\n<title>Eko-etiketimiz - EKOenergy ecolabel<\/title>\n<meta name=\"description\" content=\"By using our logo, individuals and companies are demonstrating their commitment to renewable energy. On this page we give an overview of our criteria.\" \/>\n<meta name=\"robots\" content=\"index, follow, max-snippet:-1, max-image-preview:large, max-video-preview:-1\" \/>\n<link rel=\"canonical\" href=\"https:\/\/www.ekoenergy.org\/tr\/ecolabel\/\" \/>\n<meta property=\"og:locale\" content=\"tr_TR\" \/>\n<meta property=\"og:type\" content=\"article\" \/>\n<meta property=\"og:title\" content=\"Eko-etiketimiz - EKOenergy ecolabel\" \/>\n<meta property=\"og:description\" content=\"By using our logo, individuals and companies are demonstrating their commitment to renewable energy. On this page we give an overview of our criteria.\" \/>\n<meta property=\"og:url\" content=\"https:\/\/www.ekoenergy.org\/tr\/ecolabel\/\" \/>\n<meta property=\"og:site_name\" content=\"EKOenergy ecolabel\" \/>\n<meta property=\"article:publisher\" content=\"https:\/\/www.facebook.com\/EKOenergy.ecolabel\/\" \/>\n<meta property=\"article:modified_time\" content=\"2024-03-27T13:28:47+00:00\" \/>\n<meta property=\"og:image\" content=\"https:\/\/www.ekoenergy.org\/wp-content\/uploads\/Featured-Ecolabel-Jukurit.jpg\" \/>\n\t<meta property=\"og:image:width\" content=\"958\" \/>\n\t<meta property=\"og:image:height\" content=\"587\" \/>\n\t<meta property=\"og:image:type\" content=\"image\/jpeg\" \/>\n<meta name=\"twitter:card\" content=\"summary_large_image\" \/>\n<meta name=\"twitter:site\" content=\"@EKOenergy_\" \/>\n<meta name=\"twitter:label1\" content=\"Tahmini okuma s\u00fcresi\" \/>\n\t<meta name=\"twitter:data1\" content=\"3 dakika\" \/>\n<script type=\"application\/ld+json\" class=\"yoast-schema-graph\">{\"@context\":\"https:\\\/\\\/schema.org\",\"@graph\":[{\"@type\":\"WebPage\",\"@id\":\"https:\\\/\\\/www.ekoenergy.org\\\/tr\\\/ecolabel\\\/\",\"url\":\"https:\\\/\\\/www.ekoenergy.org\\\/tr\\\/ecolabel\\\/\",\"name\":\"Eko-etiketimiz - EKOenergy ecolabel\",\"isPartOf\":{\"@id\":\"https:\\\/\\\/www.ekoenergy.org\\\/tr\\\/#website\"},\"primaryImageOfPage\":{\"@id\":\"https:\\\/\\\/www.ekoenergy.org\\\/tr\\\/ecolabel\\\/#primaryimage\"},\"image\":{\"@id\":\"https:\\\/\\\/www.ekoenergy.org\\\/tr\\\/ecolabel\\\/#primaryimage\"},\"thumbnailUrl\":\"https:\\\/\\\/www.ekoenergy.org\\\/wp-content\\\/uploads\\\/Featured-Ecolabel-Jukurit.jpg\",\"datePublished\":\"2019-12-04T13:34:20+00:00\",\"dateModified\":\"2024-03-27T13:28:47+00:00\",\"description\":\"By using our logo, individuals and companies are demonstrating their commitment to renewable energy. On this page we give an overview of our criteria.\",\"breadcrumb\":{\"@id\":\"https:\\\/\\\/www.ekoenergy.org\\\/tr\\\/ecolabel\\\/#breadcrumb\"},\"inLanguage\":\"tr\",\"potentialAction\":[{\"@type\":\"ReadAction\",\"target\":[\"https:\\\/\\\/www.ekoenergy.org\\\/tr\\\/ecolabel\\\/\"]}]},{\"@type\":\"ImageObject\",\"inLanguage\":\"tr\",\"@id\":\"https:\\\/\\\/www.ekoenergy.org\\\/tr\\\/ecolabel\\\/#primaryimage\",\"url\":\"https:\\\/\\\/www.ekoenergy.org\\\/wp-content\\\/uploads\\\/Featured-Ecolabel-Jukurit.jpg\",\"contentUrl\":\"https:\\\/\\\/www.ekoenergy.org\\\/wp-content\\\/uploads\\\/Featured-Ecolabel-Jukurit.jpg\",\"width\":958,\"height\":587},{\"@type\":\"BreadcrumbList\",\"@id\":\"https:\\\/\\\/www.ekoenergy.org\\\/tr\\\/ecolabel\\\/#breadcrumb\",\"itemListElement\":[{\"@type\":\"ListItem\",\"position\":1,\"name\":\"Home\",\"item\":\"https:\\\/\\\/www.ekoenergy.org\\\/tr\\\/\"},{\"@type\":\"ListItem\",\"position\":2,\"name\":\"Eko-etiketimiz\"}]},{\"@type\":\"WebSite\",\"@id\":\"https:\\\/\\\/www.ekoenergy.org\\\/tr\\\/#website\",\"url\":\"https:\\\/\\\/www.ekoenergy.org\\\/tr\\\/\",\"name\":\"EKOenergy ecolabel\",\"description\":\"The global nonprofit ecolabel for renewable energy\",\"publisher\":{\"@id\":\"https:\\\/\\\/www.ekoenergy.org\\\/tr\\\/#organization\"},\"potentialAction\":[{\"@type\":\"SearchAction\",\"target\":{\"@type\":\"EntryPoint\",\"urlTemplate\":\"https:\\\/\\\/www.ekoenergy.org\\\/tr\\\/?s={search_term_string}\"},\"query-input\":{\"@type\":\"PropertyValueSpecification\",\"valueRequired\":true,\"valueName\":\"search_term_string\"}}],\"inLanguage\":\"tr\"},{\"@type\":\"Organization\",\"@id\":\"https:\\\/\\\/www.ekoenergy.org\\\/tr\\\/#organization\",\"name\":\"Not-for-profit Organisation EKOenergy\",\"url\":\"https:\\\/\\\/www.ekoenergy.org\\\/tr\\\/\",\"logo\":{\"@type\":\"ImageObject\",\"inLanguage\":\"tr\",\"@id\":\"https:\\\/\\\/www.ekoenergy.org\\\/tr\\\/#\\\/schema\\\/logo\\\/image\\\/\",\"url\":\"https:\\\/\\\/www.ekoenergy.org\\\/wp-content\\\/uploads\\\/logo-EKOenergy-no-text.jpg\",\"contentUrl\":\"https:\\\/\\\/www.ekoenergy.org\\\/wp-content\\\/uploads\\\/logo-EKOenergy-no-text.jpg\",\"width\":1600,\"height\":1600,\"caption\":\"Not-for-profit Organisation EKOenergy\"},\"image\":{\"@id\":\"https:\\\/\\\/www.ekoenergy.org\\\/tr\\\/#\\\/schema\\\/logo\\\/image\\\/\"},\"sameAs\":[\"https:\\\/\\\/www.facebook.com\\\/EKOenergy.ecolabel\\\/\",\"https:\\\/\\\/x.com\\\/EKOenergy_\",\"https:\\\/\\\/www.instagram.com\\\/ekoenergy\\\/\",\"https:\\\/\\\/www.linkedin.com\\\/company\\\/ekoenergy-ecolabel\\\/\",\"https:\\\/\\\/www.youtube.com\\\/EKOenergy-ecolabel\",\"https:\\\/\\\/en.wikipedia.org\\\/wiki\\\/EKOenergy\"]}]}<\/script>\n<!-- \/ Yoast SEO plugin. -->","yoast_head_json":{"title":"Eko-etiketimiz - EKOenergy ecolabel","description":"By using our logo, individuals and companies are demonstrating their commitment to renewable energy. On this page we give an overview of our criteria.","robots":{"index":"index","follow":"follow","max-snippet":"max-snippet:-1","max-image-preview":"max-image-preview:large","max-video-preview":"max-video-preview:-1"},"canonical":"https:\/\/www.ekoenergy.org\/tr\/ecolabel\/","og_locale":"tr_TR","og_type":"article","og_title":"Eko-etiketimiz - EKOenergy ecolabel","og_description":"By using our logo, individuals and companies are demonstrating their commitment to renewable energy. On this page we give an overview of our criteria.","og_url":"https:\/\/www.ekoenergy.org\/tr\/ecolabel\/","og_site_name":"EKOenergy ecolabel","article_publisher":"https:\/\/www.facebook.com\/EKOenergy.ecolabel\/","article_modified_time":"2024-03-27T13:28:47+00:00","og_image":[{"width":958,"height":587,"url":"https:\/\/www.ekoenergy.org\/wp-content\/uploads\/Featured-Ecolabel-Jukurit.jpg","type":"image\/jpeg"}],"twitter_card":"summary_large_image","twitter_site":"@EKOenergy_","twitter_misc":{"Tahmini okuma s\u00fcresi":"3 dakika"},"schema":{"@context":"https:\/\/schema.org","@graph":[{"@type":"WebPage","@id":"https:\/\/www.ekoenergy.org\/tr\/ecolabel\/","url":"https:\/\/www.ekoenergy.org\/tr\/ecolabel\/","name":"Eko-etiketimiz - EKOenergy ecolabel","isPartOf":{"@id":"https:\/\/www.ekoenergy.org\/tr\/#website"},"primaryImageOfPage":{"@id":"https:\/\/www.ekoenergy.org\/tr\/ecolabel\/#primaryimage"},"image":{"@id":"https:\/\/www.ekoenergy.org\/tr\/ecolabel\/#primaryimage"},"thumbnailUrl":"https:\/\/www.ekoenergy.org\/wp-content\/uploads\/Featured-Ecolabel-Jukurit.jpg","datePublished":"2019-12-04T13:34:20+00:00","dateModified":"2024-03-27T13:28:47+00:00","description":"By using our logo, individuals and companies are demonstrating their commitment to renewable energy. On this page we give an overview of our criteria.","breadcrumb":{"@id":"https:\/\/www.ekoenergy.org\/tr\/ecolabel\/#breadcrumb"},"inLanguage":"tr","potentialAction":[{"@type":"ReadAction","target":["https:\/\/www.ekoenergy.org\/tr\/ecolabel\/"]}]},{"@type":"ImageObject","inLanguage":"tr","@id":"https:\/\/www.ekoenergy.org\/tr\/ecolabel\/#primaryimage","url":"https:\/\/www.ekoenergy.org\/wp-content\/uploads\/Featured-Ecolabel-Jukurit.jpg","contentUrl":"https:\/\/www.ekoenergy.org\/wp-content\/uploads\/Featured-Ecolabel-Jukurit.jpg","width":958,"height":587},{"@type":"BreadcrumbList","@id":"https:\/\/www.ekoenergy.org\/tr\/ecolabel\/#breadcrumb","itemListElement":[{"@type":"ListItem","position":1,"name":"Home","item":"https:\/\/www.ekoenergy.org\/tr\/"},{"@type":"ListItem","position":2,"name":"Eko-etiketimiz"}]},{"@type":"WebSite","@id":"https:\/\/www.ekoenergy.org\/tr\/#website","url":"https:\/\/www.ekoenergy.org\/tr\/","name":"EKOenergy ecolabel","description":"The global nonprofit ecolabel for renewable energy","publisher":{"@id":"https:\/\/www.ekoenergy.org\/tr\/#organization"},"potentialAction":[{"@type":"SearchAction","target":{"@type":"EntryPoint","urlTemplate":"https:\/\/www.ekoenergy.org\/tr\/?s={search_term_string}"},"query-input":{"@type":"PropertyValueSpecification","valueRequired":true,"valueName":"search_term_string"}}],"inLanguage":"tr"},{"@type":"Organization","@id":"https:\/\/www.ekoenergy.org\/tr\/#organization","name":"Not-for-profit Organisation EKOenergy","url":"https:\/\/www.ekoenergy.org\/tr\/","logo":{"@type":"ImageObject","inLanguage":"tr","@id":"https:\/\/www.ekoenergy.org\/tr\/#\/schema\/logo\/image\/","url":"https:\/\/www.ekoenergy.org\/wp-content\/uploads\/logo-EKOenergy-no-text.jpg","contentUrl":"https:\/\/www.ekoenergy.org\/wp-content\/uploads\/logo-EKOenergy-no-text.jpg","width":1600,"height":1600,"caption":"Not-for-profit Organisation EKOenergy"},"image":{"@id":"https:\/\/www.ekoenergy.org\/tr\/#\/schema\/logo\/image\/"},"sameAs":["https:\/\/www.facebook.com\/EKOenergy.ecolabel\/","https:\/\/x.com\/EKOenergy_","https:\/\/www.instagram.com\/ekoenergy\/","https:\/\/www.linkedin.com\/company\/ekoenergy-ecolabel\/","https:\/\/www.youtube.com\/EKOenergy-ecolabel","https:\/\/en.wikipedia.org\/wiki\/EKOenergy"]}]}},"uagb_featured_image_src":{"full":["https:\/\/www.ekoenergy.org\/wp-content\/uploads\/Featured-Ecolabel-Jukurit.jpg",958,587,false],"thumbnail":["https:\/\/www.ekoenergy.org\/wp-content\/uploads\/Featured-Ecolabel-Jukurit-150x150.jpg",150,150,true],"medium":["https:\/\/www.ekoenergy.org\/wp-content\/uploads\/Featured-Ecolabel-Jukurit-320x196.jpg",320,196,true],"medium_large":["https:\/\/www.ekoenergy.org\/wp-content\/uploads\/Featured-Ecolabel-Jukurit-768x471.jpg",768,471,true],"large":["https:\/\/www.ekoenergy.org\/wp-content\/uploads\/Featured-Ecolabel-Jukurit.jpg",958,587,false],"1536x1536":["https:\/\/www.ekoenergy.org\/wp-content\/uploads\/Featured-Ecolabel-Jukurit.jpg",958,587,false],"2048x2048":["https:\/\/www.ekoenergy.org\/wp-content\/uploads\/Featured-Ecolabel-Jukurit.jpg",958,587,false]},"uagb_author_info":{"display_name":"EKOenergy ecolabel","author_link":"https:\/\/www.ekoenergy.org\/tr\/author\/ekoenergy\/"},"uagb_comment_info":0,"uagb_excerpt":"Eko-etiketimiz EKOenerji eko-etiketi yenilenebilir elektrik, gaz, \u0131s\u0131 ve so\u011futma i\u00e7in uluslararas\u0131 alanda tan\u0131nan bir eko-etikettir ve ayn\u0131 zamanda bir ileti\u015fim arac\u0131d\u0131r. Bireyler ve \u015firketler, yenilenebilir enerji tercihlerini ba\u015fkalar\u0131na duyurmak ve enerji d\u00f6n\u00fc\u015f\u00fcm\u00fcne destek vermek i\u00e7in logomuzu kullanabilir. B\u00f6ylece %100 yenilenebilir enerji tercihini yayg\u0131nla\u015ft\u0131rmada \u00f6nemli bir ad\u0131m atmak m\u00fcmk\u00fcnd\u00fcr. Uluslararas\u0131 ekibimizle ileti\u015fime ge\u00e7erek sorular\u0131n\u0131za pek \u00e7ok&hellip;","_links":{"self":[{"href":"https:\/\/www.ekoenergy.org\/tr\/wp-json\/wp\/v2\/pages\/2676","targetHints":{"allow":["GET"]}}],"collection":[{"href":"https:\/\/www.ekoenergy.org\/tr\/wp-json\/wp\/v2\/pages"}],"about":[{"href":"https:\/\/www.ekoenergy.org\/tr\/wp-json\/wp\/v2\/types\/page"}],"author":[{"embeddable":true,"href":"https:\/\/www.ekoenergy.org\/tr\/wp-json\/wp\/v2\/users\/17"}],"replies":[{"embeddable":true,"href":"https:\/\/www.ekoenergy.org\/tr\/wp-json\/wp\/v2\/comments?post=2676"}],"version-history":[{"count":2,"href":"https:\/\/www.ekoenergy.org\/tr\/wp-json\/wp\/v2\/pages\/2676\/revisions"}],"predecessor-version":[{"id":159848,"href":"https:\/\/www.ekoenergy.org\/tr\/wp-json\/wp\/v2\/pages\/2676\/revisions\/159848"}],"wp:featuredmedia":[{"embeddable":true,"href":"https:\/\/www.ekoenergy.org\/tr\/wp-json\/wp\/v2\/media\/28329"}],"wp:attachment":[{"href":"https:\/\/www.ekoenergy.org\/tr\/wp-json\/wp\/v2\/media?parent=2676"}],"curies":[{"name":"wp","href":"https:\/\/api.w.org\/{rel}","templated":true}]}}