{"id":2950,"date":"2019-12-04T13:47:49","date_gmt":"2019-12-04T13:47:49","guid":{"rendered":"https:\/\/www.ekoenergy.org\/buying-ekoenergy\/ask-for-an-offer\/"},"modified":"2024-03-22T11:37:48","modified_gmt":"2024-03-22T09:37:48","slug":"ask-for-an-offer","status":"publish","type":"page","link":"https:\/\/www.ekoenergy.org\/tr\/buying-ekoenergy\/ask-for-an-offer\/","title":{"rendered":"EKOenerji istiyorum \u2013 bana ula\u015f\u0131n"},"content":{"rendered":"\n<h1 class=\"wp-block-heading\">EKOenerji etiketli enerji istiyorum<\/h1>\n\n\n\n<p>EKOenerji enerji sat\u0131\u015f\u0131 yapmamaktad\u0131r. Biz kar amac\u0131 g\u00fctmeyen bir giri\u015fimiz.<\/p>\n\n\n\n<p>Kalite etiketimize sahip enerji, yetkili firmalar arac\u0131l\u0131\u011f\u0131yla temin edilebilmektedir. Yetkili sat\u0131c\u0131lar\u0131m\u0131z aras\u0131nda enerji tedarik\u00e7ileri, g\u00fcne\u015f enerjisi kurulumcular\u0131 ve s\u00fcrd\u00fcr\u00fclebilirlik dan\u0131\u015fmanlar\u0131 (enerji sertifikas\u0131 sat\u0131c\u0131lar\u0131) yer almaktad\u0131r. Onlar sayesinde EKOenerji etiketli enerji 70&#8217;in \u00fczerinde \u00fclkede mevcut ve bu say\u0131 her ge\u00e7en y\u0131l art\u0131yor.<\/p>\n\n\n\n<p> EKOenerji etiketli enerjiyi kullanmakla ilgileniyor musunuz? <a href=\"https:\/\/www.ekoenergy.org\/tr\/buying-ekoenergy\/ekoenerji-saticilari\/\">Yetkili sat\u0131c\u0131lar\u0131m\u0131zla<\/a> ileti\u015fime ge\u00e7in veya a\u015fa\u011f\u0131daki formu doldurun, biz sizinle ileti\u015fime ge\u00e7elim.<\/p>\n\n\n\n<h2 class=\"wp-block-heading\">\u0130leti\u015fim Formu<\/h2>\n\n\n\n<div class=\"wpcf7 no-js\" id=\"wpcf7-f12721-o1\" lang=\"en-US\" dir=\"ltr\" data-wpcf7-id=\"12721\">\n<div class=\"screen-reader-response\"><p role=\"status\" aria-live=\"polite\" aria-atomic=\"true\"><\/p> <ul><\/ul><\/div>\n<form action=\"\/tr\/wp-json\/wp\/v2\/pages\/2950#wpcf7-f12721-o1\" method=\"post\" class=\"wpcf7-form init\" aria-label=\"Contact form\" novalidate=\"novalidate\" data-status=\"init\">\n<fieldset class=\"hidden-fields-container\"><input type=\"hidden\" name=\"_wpcf7\" value=\"12721\" \/><input type=\"hidden\" name=\"_wpcf7_version\" value=\"6.1.5\" \/><input type=\"hidden\" name=\"_wpcf7_locale\" value=\"en_US\" \/><input type=\"hidden\" name=\"_wpcf7_unit_tag\" value=\"wpcf7-f12721-o1\" \/><input type=\"hidden\" name=\"_wpcf7_container_post\" value=\"0\" \/><input type=\"hidden\" name=\"_wpcf7_posted_data_hash\" value=\"\" \/>\n<\/fieldset>\n<p><b>Contact information<\/b>\n<\/p>\n<p><label> Your Name (required)<br \/>\n<span class=\"wpcf7-form-control-wrap\" data-name=\"your-name\"><input size=\"40\" maxlength=\"400\" class=\"wpcf7-form-control wpcf7-text wpcf7-validates-as-required\" aria-required=\"true\" aria-invalid=\"false\" value=\"\" type=\"text\" name=\"your-name\" \/><\/span> <\/label>\n<\/p>\n<p><label> Your Email (required)<br \/>\n<span class=\"wpcf7-form-control-wrap\" data-name=\"your-email\"><input size=\"40\" maxlength=\"400\" class=\"wpcf7-form-control wpcf7-email wpcf7-validates-as-required wpcf7-text wpcf7-validates-as-email\" aria-required=\"true\" aria-invalid=\"false\" value=\"\" type=\"email\" name=\"your-email\" \/><\/span> <\/label>\n<\/p>\n<p><label> Your phone number<br \/>\n<span class=\"wpcf7-form-control-wrap\" data-name=\"your-number\"><input size=\"40\" maxlength=\"400\" class=\"wpcf7-form-control wpcf7-text\" aria-invalid=\"false\" value=\"\" type=\"text\" name=\"your-number\" \/><\/span> <\/label>\n<\/p>\n<p><b>The address where electricity will be consumed<\/b>\n<\/p>\n<p><label> Street and number<br \/>\n<span class=\"wpcf7-form-control-wrap\" data-name=\"Streetandnumber\"><input size=\"40\" maxlength=\"400\" class=\"wpcf7-form-control wpcf7-text\" aria-invalid=\"false\" value=\"\" type=\"text\" name=\"Streetandnumber\" \/><\/span><\/label>\n<\/p>\n<p><label> Post code<br \/>\n<span class=\"wpcf7-form-control-wrap\" data-name=\"Post-code\"><input size=\"40\" maxlength=\"400\" class=\"wpcf7-form-control wpcf7-text\" aria-invalid=\"false\" value=\"\" type=\"text\" name=\"Post-code\" \/><\/span> <\/label>\n<\/p>\n<p><label> City<br \/>\n<span class=\"wpcf7-form-control-wrap\" data-name=\"City\"><input size=\"40\" maxlength=\"400\" class=\"wpcf7-form-control wpcf7-text\" aria-invalid=\"false\" value=\"\" type=\"text\" name=\"City\" \/><\/span> <\/label>\n<\/p>\n<p><label> Country<br \/>\n<span class=\"wpcf7-form-control-wrap\" data-name=\"Country\"><input size=\"40\" maxlength=\"400\" class=\"wpcf7-form-control wpcf7-text\" aria-invalid=\"false\" value=\"\" type=\"text\" name=\"Country\" \/><\/span> <\/label>\n<\/p>\n<p><b>Average annual electricity consumption (if you know)<\/b><br \/>\n<span class=\"wpcf7-form-control-wrap\" data-name=\"Average-Annual-consumption\"><input size=\"40\" maxlength=\"400\" class=\"wpcf7-form-control wpcf7-text\" aria-invalid=\"false\" value=\"\" type=\"text\" name=\"Average-Annual-consumption\" \/><\/span>\n<\/p>\n<p><b>Additional information<\/b><br \/>\n<span class=\"wpcf7-form-control-wrap\" data-name=\"additional-information\"><textarea cols=\"40\" rows=\"10\" maxlength=\"2000\" class=\"wpcf7-form-control wpcf7-textarea\" aria-invalid=\"false\" name=\"additional-information\"><\/textarea><\/span>\n<\/p>\n<p><span class=\"wpcf7-form-control-wrap\" data-name=\"quiz-91\"><label><span class=\"wpcf7-quiz-label\">Additional question to avoid spam: How much is 1+1?<\/span> <input size=\"40\" class=\"wpcf7-form-control wpcf7-quiz\" autocomplete=\"off\" aria-required=\"true\" aria-invalid=\"false\" type=\"text\" name=\"quiz-91\" \/><\/label><input type=\"hidden\" name=\"_wpcf7_quiz_answer_quiz-91\" value=\"464e00dde824223395817b965f084f65\" \/><\/span>\n<\/p>\n<p><input class=\"wpcf7-form-control wpcf7-submit has-spinner\" type=\"submit\" value=\"Send\" \/>\n<\/p><div class=\"wpcf7-response-output\" aria-hidden=\"true\"><\/div>\n<\/form>\n<\/div>\n\n","protected":false},"excerpt":{"rendered":"<p>EKOenerji etiketli enerji istiyorum EKOenerji enerji sat\u0131\u015f\u0131 yapmamaktad\u0131r. Biz kar amac\u0131 g\u00fctmeyen bir giri\u015fimiz. Kalite etiketimize sahip enerji, yetkili firmalar arac\u0131l\u0131\u011f\u0131yla temin edilebilmektedir. Yetkili sat\u0131c\u0131lar\u0131m\u0131z aras\u0131nda enerji tedarik\u00e7ileri, g\u00fcne\u015f enerjisi kurulumcular\u0131 ve s\u00fcrd\u00fcr\u00fclebilirlik dan\u0131\u015fmanlar\u0131 (enerji sertifikas\u0131 sat\u0131c\u0131lar\u0131) yer almaktad\u0131r. Onlar sayesinde EKOenerji etiketli enerji 70&#8217;in \u00fczerinde \u00fclkede mevcut ve bu say\u0131 her ge\u00e7en y\u0131l art\u0131yor. [&hellip;]<\/p>\n","protected":false},"author":2,"featured_media":31487,"parent":2629,"menu_order":1,"comment_status":"closed","ping_status":"closed","template":"","meta":{"inline_featured_image":false,"_uag_custom_page_level_css":"","site-sidebar-layout":"default","site-content-layout":"default","ast-site-content-layout":"default","site-content-style":"default","site-sidebar-style":"default","ast-global-header-display":"","ast-banner-title-visibility":"","ast-main-header-display":"","ast-hfb-above-header-display":"","ast-hfb-below-header-display":"","ast-hfb-mobile-header-display":"","site-post-title":"disabled","ast-breadcrumbs-content":"","ast-featured-img":"","footer-sml-layout":"","ast-disable-related-posts":"","theme-transparent-header-meta":"default","adv-header-id-meta":"","stick-header-meta":"default","header-above-stick-meta":"","header-main-stick-meta":"","header-below-stick-meta":"","astra-migrate-meta-layouts":"default","ast-page-background-enabled":"default","ast-page-background-meta":{"desktop":{"background-color":"","background-image":"","background-repeat":"repeat","background-position":"center center","background-size":"auto","background-attachment":"scroll","background-type":"","background-media":"","overlay-type":"","overlay-color":"","overlay-opacity":"","overlay-gradient":""},"tablet":{"background-color":"","background-image":"","background-repeat":"repeat","background-position":"center center","background-size":"auto","background-attachment":"scroll","background-type":"","background-media":"","overlay-type":"","overlay-color":"","overlay-opacity":"","overlay-gradient":""},"mobile":{"background-color":"","background-image":"","background-repeat":"repeat","background-position":"center center","background-size":"auto","background-attachment":"scroll","background-type":"","background-media":"","overlay-type":"","overlay-color":"","overlay-opacity":"","overlay-gradient":""}},"ast-content-background-meta":{"desktop":{"background-color":"var(--ast-global-color-5)","background-image":"","background-repeat":"repeat","background-position":"center center","background-size":"auto","background-attachment":"scroll","background-type":"","background-media":"","overlay-type":"","overlay-color":"","overlay-opacity":"","overlay-gradient":""},"tablet":{"background-color":"var(--ast-global-color-5)","background-image":"","background-repeat":"repeat","background-position":"center center","background-size":"auto","background-attachment":"scroll","background-type":"","background-media":"","overlay-type":"","overlay-color":"","overlay-opacity":"","overlay-gradient":""},"mobile":{"background-color":"var(--ast-global-color-5)","background-image":"","background-repeat":"repeat","background-position":"center center","background-size":"auto","background-attachment":"scroll","background-type":"","background-media":"","overlay-type":"","overlay-color":"","overlay-opacity":"","overlay-gradient":""}},"footnotes":""},"class_list":["post-2950","page","type-page","status-publish","has-post-thumbnail","hentry"],"yoast_head":"<!-- This site is optimized with the Yoast SEO plugin v27.3 - https:\/\/yoast.com\/product\/yoast-seo-wordpress\/ -->\n<title>EKOenerji istiyorum \u2013 bana ula\u015f\u0131n - EKOenergy ecolabel<\/title>\n<meta name=\"description\" content=\"EKOenergy is available in over 50 countries. Contact one of our licensed sellers or fill our contact form to get more information.\" \/>\n<meta name=\"robots\" content=\"index, follow, max-snippet:-1, max-image-preview:large, max-video-preview:-1\" \/>\n<link rel=\"canonical\" href=\"https:\/\/www.ekoenergy.org\/tr\/buying-ekoenergy\/ask-for-an-offer\/\" \/>\n<meta property=\"og:locale\" content=\"tr_TR\" \/>\n<meta property=\"og:type\" content=\"article\" \/>\n<meta property=\"og:title\" content=\"EKOenerji istiyorum \u2013 bana ula\u015f\u0131n - EKOenergy ecolabel\" \/>\n<meta property=\"og:description\" content=\"EKOenergy is available in over 50 countries. Contact one of our licensed sellers or fill our contact form to get more information.\" \/>\n<meta property=\"og:url\" content=\"https:\/\/www.ekoenergy.org\/tr\/buying-ekoenergy\/ask-for-an-offer\/\" \/>\n<meta property=\"og:site_name\" content=\"EKOenergy ecolabel\" \/>\n<meta property=\"article:publisher\" content=\"https:\/\/www.facebook.com\/EKOenergy.ecolabel\/\" \/>\n<meta property=\"article:modified_time\" content=\"2024-03-22T09:37:48+00:00\" \/>\n<meta property=\"og:image\" content=\"https:\/\/www.ekoenergy.org\/wp-content\/uploads\/Featured-Flag-Choose-EKOenergy.jpg\" \/>\n\t<meta property=\"og:image:width\" content=\"1200\" \/>\n\t<meta property=\"og:image:height\" content=\"677\" \/>\n\t<meta property=\"og:image:type\" content=\"image\/jpeg\" \/>\n<meta name=\"twitter:card\" content=\"summary_large_image\" \/>\n<meta name=\"twitter:site\" content=\"@EKOenergy_\" \/>\n<meta name=\"twitter:label1\" content=\"Tahmini okuma s\u00fcresi\" \/>\n\t<meta name=\"twitter:data1\" content=\"1 dakika\" \/>\n<script type=\"application\/ld+json\" class=\"yoast-schema-graph\">{\"@context\":\"https:\\\/\\\/schema.org\",\"@graph\":[{\"@type\":\"WebPage\",\"@id\":\"https:\\\/\\\/www.ekoenergy.org\\\/tr\\\/buying-ekoenergy\\\/ask-for-an-offer\\\/\",\"url\":\"https:\\\/\\\/www.ekoenergy.org\\\/tr\\\/buying-ekoenergy\\\/ask-for-an-offer\\\/\",\"name\":\"EKOenerji istiyorum \u2013 bana ula\u015f\u0131n - EKOenergy ecolabel\",\"isPartOf\":{\"@id\":\"https:\\\/\\\/www.ekoenergy.org\\\/tr\\\/#website\"},\"primaryImageOfPage\":{\"@id\":\"https:\\\/\\\/www.ekoenergy.org\\\/tr\\\/buying-ekoenergy\\\/ask-for-an-offer\\\/#primaryimage\"},\"image\":{\"@id\":\"https:\\\/\\\/www.ekoenergy.org\\\/tr\\\/buying-ekoenergy\\\/ask-for-an-offer\\\/#primaryimage\"},\"thumbnailUrl\":\"https:\\\/\\\/www.ekoenergy.org\\\/wp-content\\\/uploads\\\/Featured-Flag-Choose-EKOenergy.jpg\",\"datePublished\":\"2019-12-04T13:47:49+00:00\",\"dateModified\":\"2024-03-22T09:37:48+00:00\",\"description\":\"EKOenergy is available in over 50 countries. Contact one of our licensed sellers or fill our contact form to get more information.\",\"breadcrumb\":{\"@id\":\"https:\\\/\\\/www.ekoenergy.org\\\/tr\\\/buying-ekoenergy\\\/ask-for-an-offer\\\/#breadcrumb\"},\"inLanguage\":\"tr\",\"potentialAction\":[{\"@type\":\"ReadAction\",\"target\":[\"https:\\\/\\\/www.ekoenergy.org\\\/tr\\\/buying-ekoenergy\\\/ask-for-an-offer\\\/\"]}]},{\"@type\":\"ImageObject\",\"inLanguage\":\"tr\",\"@id\":\"https:\\\/\\\/www.ekoenergy.org\\\/tr\\\/buying-ekoenergy\\\/ask-for-an-offer\\\/#primaryimage\",\"url\":\"https:\\\/\\\/www.ekoenergy.org\\\/wp-content\\\/uploads\\\/Featured-Flag-Choose-EKOenergy.jpg\",\"contentUrl\":\"https:\\\/\\\/www.ekoenergy.org\\\/wp-content\\\/uploads\\\/Featured-Flag-Choose-EKOenergy.jpg\",\"width\":1200,\"height\":677,\"caption\":\"EKOenergy flag in green background\"},{\"@type\":\"BreadcrumbList\",\"@id\":\"https:\\\/\\\/www.ekoenergy.org\\\/tr\\\/buying-ekoenergy\\\/ask-for-an-offer\\\/#breadcrumb\",\"itemListElement\":[{\"@type\":\"ListItem\",\"position\":1,\"name\":\"Home\",\"item\":\"https:\\\/\\\/www.ekoenergy.org\\\/tr\\\/\"},{\"@type\":\"ListItem\",\"position\":2,\"name\":\"Nas\u0131l sat\u0131n al\u0131n\u0131r?\",\"item\":\"https:\\\/\\\/www.ekoenergy.org\\\/tr\\\/buying-ekoenergy\\\/\"},{\"@type\":\"ListItem\",\"position\":3,\"name\":\"EKOenerji istiyorum \u2013 bana ula\u015f\u0131n\"}]},{\"@type\":\"WebSite\",\"@id\":\"https:\\\/\\\/www.ekoenergy.org\\\/tr\\\/#website\",\"url\":\"https:\\\/\\\/www.ekoenergy.org\\\/tr\\\/\",\"name\":\"EKOenergy ecolabel\",\"description\":\"The global nonprofit ecolabel for renewable energy\",\"publisher\":{\"@id\":\"https:\\\/\\\/www.ekoenergy.org\\\/tr\\\/#organization\"},\"potentialAction\":[{\"@type\":\"SearchAction\",\"target\":{\"@type\":\"EntryPoint\",\"urlTemplate\":\"https:\\\/\\\/www.ekoenergy.org\\\/tr\\\/?s={search_term_string}\"},\"query-input\":{\"@type\":\"PropertyValueSpecification\",\"valueRequired\":true,\"valueName\":\"search_term_string\"}}],\"inLanguage\":\"tr\"},{\"@type\":\"Organization\",\"@id\":\"https:\\\/\\\/www.ekoenergy.org\\\/tr\\\/#organization\",\"name\":\"Not-for-profit Organisation EKOenergy\",\"url\":\"https:\\\/\\\/www.ekoenergy.org\\\/tr\\\/\",\"logo\":{\"@type\":\"ImageObject\",\"inLanguage\":\"tr\",\"@id\":\"https:\\\/\\\/www.ekoenergy.org\\\/tr\\\/#\\\/schema\\\/logo\\\/image\\\/\",\"url\":\"https:\\\/\\\/www.ekoenergy.org\\\/wp-content\\\/uploads\\\/logo-EKOenergy-no-text.jpg\",\"contentUrl\":\"https:\\\/\\\/www.ekoenergy.org\\\/wp-content\\\/uploads\\\/logo-EKOenergy-no-text.jpg\",\"width\":1600,\"height\":1600,\"caption\":\"Not-for-profit Organisation EKOenergy\"},\"image\":{\"@id\":\"https:\\\/\\\/www.ekoenergy.org\\\/tr\\\/#\\\/schema\\\/logo\\\/image\\\/\"},\"sameAs\":[\"https:\\\/\\\/www.facebook.com\\\/EKOenergy.ecolabel\\\/\",\"https:\\\/\\\/x.com\\\/EKOenergy_\",\"https:\\\/\\\/www.instagram.com\\\/ekoenergy\\\/\",\"https:\\\/\\\/www.linkedin.com\\\/company\\\/ekoenergy-ecolabel\\\/\",\"https:\\\/\\\/www.youtube.com\\\/EKOenergy-ecolabel\",\"https:\\\/\\\/en.wikipedia.org\\\/wiki\\\/EKOenergy\"]}]}<\/script>\n<!-- \/ Yoast SEO plugin. -->","yoast_head_json":{"title":"EKOenerji istiyorum \u2013 bana ula\u015f\u0131n - EKOenergy ecolabel","description":"EKOenergy is available in over 50 countries. Contact one of our licensed sellers or fill our contact form to get more information.","robots":{"index":"index","follow":"follow","max-snippet":"max-snippet:-1","max-image-preview":"max-image-preview:large","max-video-preview":"max-video-preview:-1"},"canonical":"https:\/\/www.ekoenergy.org\/tr\/buying-ekoenergy\/ask-for-an-offer\/","og_locale":"tr_TR","og_type":"article","og_title":"EKOenerji istiyorum \u2013 bana ula\u015f\u0131n - EKOenergy ecolabel","og_description":"EKOenergy is available in over 50 countries. Contact one of our licensed sellers or fill our contact form to get more information.","og_url":"https:\/\/www.ekoenergy.org\/tr\/buying-ekoenergy\/ask-for-an-offer\/","og_site_name":"EKOenergy ecolabel","article_publisher":"https:\/\/www.facebook.com\/EKOenergy.ecolabel\/","article_modified_time":"2024-03-22T09:37:48+00:00","og_image":[{"width":1200,"height":677,"url":"https:\/\/www.ekoenergy.org\/wp-content\/uploads\/Featured-Flag-Choose-EKOenergy.jpg","type":"image\/jpeg"}],"twitter_card":"summary_large_image","twitter_site":"@EKOenergy_","twitter_misc":{"Tahmini okuma s\u00fcresi":"1 dakika"},"schema":{"@context":"https:\/\/schema.org","@graph":[{"@type":"WebPage","@id":"https:\/\/www.ekoenergy.org\/tr\/buying-ekoenergy\/ask-for-an-offer\/","url":"https:\/\/www.ekoenergy.org\/tr\/buying-ekoenergy\/ask-for-an-offer\/","name":"EKOenerji istiyorum \u2013 bana ula\u015f\u0131n - EKOenergy ecolabel","isPartOf":{"@id":"https:\/\/www.ekoenergy.org\/tr\/#website"},"primaryImageOfPage":{"@id":"https:\/\/www.ekoenergy.org\/tr\/buying-ekoenergy\/ask-for-an-offer\/#primaryimage"},"image":{"@id":"https:\/\/www.ekoenergy.org\/tr\/buying-ekoenergy\/ask-for-an-offer\/#primaryimage"},"thumbnailUrl":"https:\/\/www.ekoenergy.org\/wp-content\/uploads\/Featured-Flag-Choose-EKOenergy.jpg","datePublished":"2019-12-04T13:47:49+00:00","dateModified":"2024-03-22T09:37:48+00:00","description":"EKOenergy is available in over 50 countries. Contact one of our licensed sellers or fill our contact form to get more information.","breadcrumb":{"@id":"https:\/\/www.ekoenergy.org\/tr\/buying-ekoenergy\/ask-for-an-offer\/#breadcrumb"},"inLanguage":"tr","potentialAction":[{"@type":"ReadAction","target":["https:\/\/www.ekoenergy.org\/tr\/buying-ekoenergy\/ask-for-an-offer\/"]}]},{"@type":"ImageObject","inLanguage":"tr","@id":"https:\/\/www.ekoenergy.org\/tr\/buying-ekoenergy\/ask-for-an-offer\/#primaryimage","url":"https:\/\/www.ekoenergy.org\/wp-content\/uploads\/Featured-Flag-Choose-EKOenergy.jpg","contentUrl":"https:\/\/www.ekoenergy.org\/wp-content\/uploads\/Featured-Flag-Choose-EKOenergy.jpg","width":1200,"height":677,"caption":"EKOenergy flag in green background"},{"@type":"BreadcrumbList","@id":"https:\/\/www.ekoenergy.org\/tr\/buying-ekoenergy\/ask-for-an-offer\/#breadcrumb","itemListElement":[{"@type":"ListItem","position":1,"name":"Home","item":"https:\/\/www.ekoenergy.org\/tr\/"},{"@type":"ListItem","position":2,"name":"Nas\u0131l sat\u0131n al\u0131n\u0131r?","item":"https:\/\/www.ekoenergy.org\/tr\/buying-ekoenergy\/"},{"@type":"ListItem","position":3,"name":"EKOenerji istiyorum \u2013 bana ula\u015f\u0131n"}]},{"@type":"WebSite","@id":"https:\/\/www.ekoenergy.org\/tr\/#website","url":"https:\/\/www.ekoenergy.org\/tr\/","name":"EKOenergy ecolabel","description":"The global nonprofit ecolabel for renewable energy","publisher":{"@id":"https:\/\/www.ekoenergy.org\/tr\/#organization"},"potentialAction":[{"@type":"SearchAction","target":{"@type":"EntryPoint","urlTemplate":"https:\/\/www.ekoenergy.org\/tr\/?s={search_term_string}"},"query-input":{"@type":"PropertyValueSpecification","valueRequired":true,"valueName":"search_term_string"}}],"inLanguage":"tr"},{"@type":"Organization","@id":"https:\/\/www.ekoenergy.org\/tr\/#organization","name":"Not-for-profit Organisation EKOenergy","url":"https:\/\/www.ekoenergy.org\/tr\/","logo":{"@type":"ImageObject","inLanguage":"tr","@id":"https:\/\/www.ekoenergy.org\/tr\/#\/schema\/logo\/image\/","url":"https:\/\/www.ekoenergy.org\/wp-content\/uploads\/logo-EKOenergy-no-text.jpg","contentUrl":"https:\/\/www.ekoenergy.org\/wp-content\/uploads\/logo-EKOenergy-no-text.jpg","width":1600,"height":1600,"caption":"Not-for-profit Organisation EKOenergy"},"image":{"@id":"https:\/\/www.ekoenergy.org\/tr\/#\/schema\/logo\/image\/"},"sameAs":["https:\/\/www.facebook.com\/EKOenergy.ecolabel\/","https:\/\/x.com\/EKOenergy_","https:\/\/www.instagram.com\/ekoenergy\/","https:\/\/www.linkedin.com\/company\/ekoenergy-ecolabel\/","https:\/\/www.youtube.com\/EKOenergy-ecolabel","https:\/\/en.wikipedia.org\/wiki\/EKOenergy"]}]}},"uagb_featured_image_src":{"full":["https:\/\/www.ekoenergy.org\/wp-content\/uploads\/Featured-Flag-Choose-EKOenergy.jpg",1200,677,false],"thumbnail":["https:\/\/www.ekoenergy.org\/wp-content\/uploads\/Featured-Flag-Choose-EKOenergy-150x150.jpg",150,150,true],"medium":["https:\/\/www.ekoenergy.org\/wp-content\/uploads\/Featured-Flag-Choose-EKOenergy-320x181.jpg",320,181,true],"medium_large":["https:\/\/www.ekoenergy.org\/wp-content\/uploads\/Featured-Flag-Choose-EKOenergy-768x433.jpg",768,433,true],"large":["https:\/\/www.ekoenergy.org\/wp-content\/uploads\/Featured-Flag-Choose-EKOenergy-1024x578.jpg",1024,578,true],"1536x1536":["https:\/\/www.ekoenergy.org\/wp-content\/uploads\/Featured-Flag-Choose-EKOenergy.jpg",1200,677,false],"2048x2048":["https:\/\/www.ekoenergy.org\/wp-content\/uploads\/Featured-Flag-Choose-EKOenergy.jpg",1200,677,false]},"uagb_author_info":{"display_name":"Steven Vanholme","author_link":"https:\/\/www.ekoenergy.org\/tr\/author\/svanholme\/"},"uagb_comment_info":0,"uagb_excerpt":"EKOenerji etiketli enerji istiyorum EKOenerji enerji sat\u0131\u015f\u0131 yapmamaktad\u0131r. Biz kar amac\u0131 g\u00fctmeyen bir giri\u015fimiz. Kalite etiketimize sahip enerji, yetkili firmalar arac\u0131l\u0131\u011f\u0131yla temin edilebilmektedir. Yetkili sat\u0131c\u0131lar\u0131m\u0131z aras\u0131nda enerji tedarik\u00e7ileri, g\u00fcne\u015f enerjisi kurulumcular\u0131 ve s\u00fcrd\u00fcr\u00fclebilirlik dan\u0131\u015fmanlar\u0131 (enerji sertifikas\u0131 sat\u0131c\u0131lar\u0131) yer almaktad\u0131r. Onlar sayesinde EKOenerji etiketli enerji 70&#8217;in \u00fczerinde \u00fclkede mevcut ve bu say\u0131 her ge\u00e7en y\u0131l art\u0131yor.&hellip;","_links":{"self":[{"href":"https:\/\/www.ekoenergy.org\/tr\/wp-json\/wp\/v2\/pages\/2950","targetHints":{"allow":["GET"]}}],"collection":[{"href":"https:\/\/www.ekoenergy.org\/tr\/wp-json\/wp\/v2\/pages"}],"about":[{"href":"https:\/\/www.ekoenergy.org\/tr\/wp-json\/wp\/v2\/types\/page"}],"author":[{"embeddable":true,"href":"https:\/\/www.ekoenergy.org\/tr\/wp-json\/wp\/v2\/users\/2"}],"replies":[{"embeddable":true,"href":"https:\/\/www.ekoenergy.org\/tr\/wp-json\/wp\/v2\/comments?post=2950"}],"version-history":[{"count":3,"href":"https:\/\/www.ekoenergy.org\/tr\/wp-json\/wp\/v2\/pages\/2950\/revisions"}],"predecessor-version":[{"id":159364,"href":"https:\/\/www.ekoenergy.org\/tr\/wp-json\/wp\/v2\/pages\/2950\/revisions\/159364"}],"up":[{"embeddable":true,"href":"https:\/\/www.ekoenergy.org\/tr\/wp-json\/wp\/v2\/pages\/2629"}],"wp:featuredmedia":[{"embeddable":true,"href":"https:\/\/www.ekoenergy.org\/tr\/wp-json\/wp\/v2\/media\/31487"}],"wp:attachment":[{"href":"https:\/\/www.ekoenergy.org\/tr\/wp-json\/wp\/v2\/media?parent=2950"}],"curies":[{"name":"wp","href":"https:\/\/api.w.org\/{rel}","templated":true}]}}