{"id":3972,"date":"2019-12-04T13:42:39","date_gmt":"2019-12-04T13:42:39","guid":{"rendered":"https:\/\/www.ekoenergy.org\/ecolabel\/how-to-sell-ekoenergy\/agreement\/"},"modified":"2024-05-14T22:56:18","modified_gmt":"2024-05-14T19:56:18","slug":"agreement","status":"publish","type":"page","link":"https:\/\/www.ekoenergy.org\/tr\/ecolabel\/how-to-sell-ekoenergy\/agreement\/","title":{"rendered":"EKOenerji Anla\u015fmas\u0131"},"content":{"rendered":"\n<h1 class=\"wp-block-heading\">EKOenerji Anla\u015fmas\u0131<\/h1>\n\n\n\n<p>EKOenerji sat\u0131\u015f\u0131 yapabilmek i\u00e7in EKOenerji Lisans Anla\u015fmas\u0131&#8217;n\u0131 imzalamal\u0131s\u0131n\u0131z. Ayr\u0131ca, anla\u015fman\u0131n ileti\u015fim bilgileri ve \u015firketinizin satmak istedi\u011fi EKOenerji t\u00fcrlerine ili\u015fkin listenin bulundu\u011fu, 2 numaral\u0131 ekini de doldurman\u0131z gereklidir.<\/p>\n\n\n\n<p>Doldurup imzalad\u0131\u011f\u0131n\u0131z belgeyi <a href=\"https:\/\/www.ekoenergy.org\/tr\/about-us\/contact-us\/\">EKOenerji Sekreterli\u011fi&#8217;ne<\/a> g\u00f6nderin. Anla\u015fma&#8217;y\u0131 iki taraf da imzalad\u0131\u011f\u0131nda size e-posta arac\u0131l\u0131\u011f\u0131 ile bir pdf kopyas\u0131 g\u00f6nderilecek ve \u015firketiniz <a href=\"https:\/\/www.ekoenergy.org\/tr\/buying-ekoenergy\/licensees\/\">EKOenerji internet sitesinde listelenecektir<\/a>.<\/p>\n\n\n\n<p>E\u011fer e-posta ile g\u00f6nderilen pdf belge yerine elinizde ka\u011f\u0131t n\u00fcshan\u0131n da bulunmas\u0131n\u0131 isterseniz, EKOenerji Sekreterli\u011fi&#8217;ne 2 adet doldurulup imzalanm\u0131\u015f kopya g\u00f6nderin.<\/p>\n\n\n\n<ul class=\"wp-block-list\">\n<li><a href=\"https:\/\/www.ekoenergy.org\/wp-content\/uploads\/EKOenergy_Licence_Agreement.pdf\" target=\"_blank\" rel=\"noreferrer noopener\" aria-label=\" (opens in a new tab)\">EKOenergy\u2019s Licence Agreement (English) <\/a>(pdf)<\/li>\n<\/ul>\n\n\n\n<h2 class=\"wp-block-heading\">EKOenerji Anla\u015fmas\u0131&#8217;n\u0131n di\u011fer dillerdeki \u00e7evirileri<\/h2>\n\n\n\n<ul class=\"wp-block-list\">\n<li>CN: <a aria-label=\" (opens in a new tab)\" href=\"https:\/\/www.ekoenergy.org\/wp-content\/uploads\/Licence-Agreement-Chinese.pdf\" target=\"_blank\" rel=\"noreferrer noopener\">\u6388\u6743\u5408\u7ea6 \u2013 \u9488\u5bf9EKOenergy\u751f\u6001\u6807\u7b7e\u7684\u4f7f\u7528\u89c4\u5b9a<\/a> (pdf)<\/li>\n\n\n\n<li>DE: <a aria-label=\" (opens in a new tab)\" href=\"https:\/\/www.ekoenergy.org\/wp-content\/uploads\/Licence_agreement_German.pdf\" target=\"_blank\" rel=\"noreferrer noopener\">EKOenergie Vereinbarung<\/a> (pdf)<\/li>\n\n\n\n<li>ES: <a aria-label=\" (opens in a new tab)\" href=\"https:\/\/www.ekoenergy.org\/wp-content\/uploads\/EKOenergy-Agreement-Spanish.pdf\" target=\"_blank\" rel=\"noreferrer noopener\">Acuerdo de EKOenerg\u00eda<\/a>&nbsp;(pdf)<\/li>\n\n\n\n<li>FI:&nbsp;<a aria-label=\" (opens in a new tab)\" href=\"https:\/\/www.ekoenergy.org\/wp-content\/uploads\/Licence_Agreement_Finnish.pdf\" target=\"_blank\" rel=\"noreferrer noopener\">EKOenergia-sopimus<\/a> (pdf)<\/li>\n\n\n\n<li>FR: <a aria-label=\"Contrat de licence pour l\u2019utilisation du label EKO\u00e9nergie (opens in a new tab)\" href=\"https:\/\/www.ekoenergy.org\/wp-content\/uploads\/Licence-Agreement-French.pdf\" target=\"_blank\" rel=\"noreferrer noopener\">Contrat EKO\u00e9nergie<\/a> (pdf)<\/li>\n\n\n\n<li>IT: <a aria-label=\" (opens in a new tab)\" href=\"https:\/\/www.ekoenergy.org\/wp-content\/uploads\/Licence-Agreement-Italian.pdf\" target=\"_blank\" rel=\"noreferrer noopener\">Contratto di EKOenergy<\/a> (pdf)<\/li>\n\n\n\n<li>RU: <a aria-label=\" (opens in a new tab)\" href=\"https:\/\/www.ekoenergy.org\/wp-content\/uploads\/EKOenergy_Licence_Agreement_Russian.pdf\" target=\"_blank\" rel=\"noreferrer noopener\">\u0421\u043e\u0433\u043b\u0430\u0448\u0435\u043d\u0438\u0435 \u043e\u0431 \u042d\u041a\u041e\u044d\u043d\u0435\u0440\u0433\u0438\u0438<\/a> (pdf)<\/li>\n<\/ul>\n","protected":false},"excerpt":{"rendered":"<p>EKOenerji Anla\u015fmas\u0131 EKOenerji sat\u0131\u015f\u0131 yapabilmek i\u00e7in EKOenerji Lisans Anla\u015fmas\u0131&#8217;n\u0131 imzalamal\u0131s\u0131n\u0131z. Ayr\u0131ca, anla\u015fman\u0131n ileti\u015fim bilgileri ve \u015firketinizin satmak istedi\u011fi EKOenerji t\u00fcrlerine ili\u015fkin listenin bulundu\u011fu, 2 numaral\u0131 ekini de doldurman\u0131z gereklidir. Doldurup imzalad\u0131\u011f\u0131n\u0131z belgeyi EKOenerji Sekreterli\u011fi&#8217;ne g\u00f6nderin. Anla\u015fma&#8217;y\u0131 iki taraf da imzalad\u0131\u011f\u0131nda size e-posta arac\u0131l\u0131\u011f\u0131 ile bir pdf kopyas\u0131 g\u00f6nderilecek ve \u015firketiniz EKOenerji internet sitesinde listelenecektir. E\u011fer [&hellip;]<\/p>\n","protected":false},"author":2,"featured_media":29065,"parent":3081,"menu_order":1,"comment_status":"closed","ping_status":"closed","template":"","meta":{"inline_featured_image":false,"_uag_custom_page_level_css":"","site-sidebar-layout":"default","site-content-layout":"default","ast-site-content-layout":"default","site-content-style":"default","site-sidebar-style":"default","ast-global-header-display":"","ast-banner-title-visibility":"","ast-main-header-display":"","ast-hfb-above-header-display":"","ast-hfb-below-header-display":"","ast-hfb-mobile-header-display":"","site-post-title":"disabled","ast-breadcrumbs-content":"","ast-featured-img":"","footer-sml-layout":"","ast-disable-related-posts":"","theme-transparent-header-meta":"default","adv-header-id-meta":"","stick-header-meta":"default","header-above-stick-meta":"","header-main-stick-meta":"","header-below-stick-meta":"","astra-migrate-meta-layouts":"default","ast-page-background-enabled":"default","ast-page-background-meta":{"desktop":{"background-color":"","background-image":"","background-repeat":"repeat","background-position":"center center","background-size":"auto","background-attachment":"scroll","background-type":"","background-media":"","overlay-type":"","overlay-color":"","overlay-opacity":"","overlay-gradient":""},"tablet":{"background-color":"","background-image":"","background-repeat":"repeat","background-position":"center center","background-size":"auto","background-attachment":"scroll","background-type":"","background-media":"","overlay-type":"","overlay-color":"","overlay-opacity":"","overlay-gradient":""},"mobile":{"background-color":"","background-image":"","background-repeat":"repeat","background-position":"center center","background-size":"auto","background-attachment":"scroll","background-type":"","background-media":"","overlay-type":"","overlay-color":"","overlay-opacity":"","overlay-gradient":""}},"ast-content-background-meta":{"desktop":{"background-color":"var(--ast-global-color-5)","background-image":"","background-repeat":"repeat","background-position":"center center","background-size":"auto","background-attachment":"scroll","background-type":"","background-media":"","overlay-type":"","overlay-color":"","overlay-opacity":"","overlay-gradient":""},"tablet":{"background-color":"var(--ast-global-color-5)","background-image":"","background-repeat":"repeat","background-position":"center center","background-size":"auto","background-attachment":"scroll","background-type":"","background-media":"","overlay-type":"","overlay-color":"","overlay-opacity":"","overlay-gradient":""},"mobile":{"background-color":"var(--ast-global-color-5)","background-image":"","background-repeat":"repeat","background-position":"center center","background-size":"auto","background-attachment":"scroll","background-type":"","background-media":"","overlay-type":"","overlay-color":"","overlay-opacity":"","overlay-gradient":""}},"footnotes":""},"class_list":["post-3972","page","type-page","status-publish","has-post-thumbnail","hentry"],"yoast_head":"<!-- This site is optimized with the Yoast SEO plugin v27.3 - https:\/\/yoast.com\/product\/yoast-seo-wordpress\/ -->\n<title>EKOenerji Anla\u015fmas\u0131 - EKOenergy ecolabel<\/title>\n<meta name=\"description\" content=\"On this page you find EKOenergy&#039;s Licence Agreement in various languages. Only energy companies that have signed this Agreement can offer EKOenergy.\" \/>\n<meta name=\"robots\" content=\"index, follow, max-snippet:-1, max-image-preview:large, max-video-preview:-1\" \/>\n<link rel=\"canonical\" href=\"https:\/\/www.ekoenergy.org\/tr\/ecolabel\/how-to-sell-ekoenergy\/agreement\/\" \/>\n<meta property=\"og:locale\" content=\"tr_TR\" \/>\n<meta property=\"og:type\" content=\"article\" \/>\n<meta property=\"og:title\" content=\"EKOenerji Anla\u015fmas\u0131 - EKOenergy ecolabel\" \/>\n<meta property=\"og:description\" content=\"On this page you find EKOenergy&#039;s Licence Agreement in various languages. Only energy companies that have signed this Agreement can offer EKOenergy.\" \/>\n<meta property=\"og:url\" content=\"https:\/\/www.ekoenergy.org\/tr\/ecolabel\/how-to-sell-ekoenergy\/agreement\/\" \/>\n<meta property=\"og:site_name\" content=\"EKOenergy ecolabel\" \/>\n<meta property=\"article:publisher\" content=\"https:\/\/www.facebook.com\/EKOenergy.ecolabel\/\" \/>\n<meta property=\"article:modified_time\" content=\"2024-05-14T19:56:18+00:00\" \/>\n<meta property=\"og:image\" content=\"https:\/\/www.ekoenergy.org\/wp-content\/uploads\/Featured-Signing-Agreement.jpg\" \/>\n\t<meta property=\"og:image:width\" content=\"1200\" \/>\n\t<meta property=\"og:image:height\" content=\"610\" \/>\n\t<meta property=\"og:image:type\" content=\"image\/jpeg\" \/>\n<meta name=\"twitter:card\" content=\"summary_large_image\" \/>\n<meta name=\"twitter:site\" content=\"@EKOenergy_\" \/>\n<meta name=\"twitter:label1\" content=\"Tahmini okuma s\u00fcresi\" \/>\n\t<meta name=\"twitter:data1\" content=\"1 dakika\" \/>\n<script type=\"application\/ld+json\" class=\"yoast-schema-graph\">{\"@context\":\"https:\\\/\\\/schema.org\",\"@graph\":[{\"@type\":\"WebPage\",\"@id\":\"https:\\\/\\\/www.ekoenergy.org\\\/tr\\\/ecolabel\\\/how-to-sell-ekoenergy\\\/agreement\\\/\",\"url\":\"https:\\\/\\\/www.ekoenergy.org\\\/tr\\\/ecolabel\\\/how-to-sell-ekoenergy\\\/agreement\\\/\",\"name\":\"EKOenerji Anla\u015fmas\u0131 - EKOenergy ecolabel\",\"isPartOf\":{\"@id\":\"https:\\\/\\\/www.ekoenergy.org\\\/tr\\\/#website\"},\"primaryImageOfPage\":{\"@id\":\"https:\\\/\\\/www.ekoenergy.org\\\/tr\\\/ecolabel\\\/how-to-sell-ekoenergy\\\/agreement\\\/#primaryimage\"},\"image\":{\"@id\":\"https:\\\/\\\/www.ekoenergy.org\\\/tr\\\/ecolabel\\\/how-to-sell-ekoenergy\\\/agreement\\\/#primaryimage\"},\"thumbnailUrl\":\"https:\\\/\\\/www.ekoenergy.org\\\/wp-content\\\/uploads\\\/Featured-Signing-Agreement.jpg\",\"datePublished\":\"2019-12-04T13:42:39+00:00\",\"dateModified\":\"2024-05-14T19:56:18+00:00\",\"description\":\"On this page you find EKOenergy's Licence Agreement in various languages. Only energy companies that have signed this Agreement can offer EKOenergy.\",\"breadcrumb\":{\"@id\":\"https:\\\/\\\/www.ekoenergy.org\\\/tr\\\/ecolabel\\\/how-to-sell-ekoenergy\\\/agreement\\\/#breadcrumb\"},\"inLanguage\":\"tr\",\"potentialAction\":[{\"@type\":\"ReadAction\",\"target\":[\"https:\\\/\\\/www.ekoenergy.org\\\/tr\\\/ecolabel\\\/how-to-sell-ekoenergy\\\/agreement\\\/\"]}]},{\"@type\":\"ImageObject\",\"inLanguage\":\"tr\",\"@id\":\"https:\\\/\\\/www.ekoenergy.org\\\/tr\\\/ecolabel\\\/how-to-sell-ekoenergy\\\/agreement\\\/#primaryimage\",\"url\":\"https:\\\/\\\/www.ekoenergy.org\\\/wp-content\\\/uploads\\\/Featured-Signing-Agreement.jpg\",\"contentUrl\":\"https:\\\/\\\/www.ekoenergy.org\\\/wp-content\\\/uploads\\\/Featured-Signing-Agreement.jpg\",\"width\":1200,\"height\":610},{\"@type\":\"BreadcrumbList\",\"@id\":\"https:\\\/\\\/www.ekoenergy.org\\\/tr\\\/ecolabel\\\/how-to-sell-ekoenergy\\\/agreement\\\/#breadcrumb\",\"itemListElement\":[{\"@type\":\"ListItem\",\"position\":1,\"name\":\"Home\",\"item\":\"https:\\\/\\\/www.ekoenergy.org\\\/tr\\\/\"},{\"@type\":\"ListItem\",\"position\":2,\"name\":\"Eko-etiketimiz\",\"item\":\"https:\\\/\\\/www.ekoenergy.org\\\/tr\\\/ecolabel\\\/\"},{\"@type\":\"ListItem\",\"position\":3,\"name\":\"EKOenerji satmak\",\"item\":\"https:\\\/\\\/www.ekoenergy.org\\\/tr\\\/ecolabel\\\/how-to-sell-ekoenergy\\\/\"},{\"@type\":\"ListItem\",\"position\":4,\"name\":\"EKOenerji Anla\u015fmas\u0131\"}]},{\"@type\":\"WebSite\",\"@id\":\"https:\\\/\\\/www.ekoenergy.org\\\/tr\\\/#website\",\"url\":\"https:\\\/\\\/www.ekoenergy.org\\\/tr\\\/\",\"name\":\"EKOenergy ecolabel\",\"description\":\"The global nonprofit ecolabel for renewable energy\",\"publisher\":{\"@id\":\"https:\\\/\\\/www.ekoenergy.org\\\/tr\\\/#organization\"},\"potentialAction\":[{\"@type\":\"SearchAction\",\"target\":{\"@type\":\"EntryPoint\",\"urlTemplate\":\"https:\\\/\\\/www.ekoenergy.org\\\/tr\\\/?s={search_term_string}\"},\"query-input\":{\"@type\":\"PropertyValueSpecification\",\"valueRequired\":true,\"valueName\":\"search_term_string\"}}],\"inLanguage\":\"tr\"},{\"@type\":\"Organization\",\"@id\":\"https:\\\/\\\/www.ekoenergy.org\\\/tr\\\/#organization\",\"name\":\"Not-for-profit Organisation EKOenergy\",\"url\":\"https:\\\/\\\/www.ekoenergy.org\\\/tr\\\/\",\"logo\":{\"@type\":\"ImageObject\",\"inLanguage\":\"tr\",\"@id\":\"https:\\\/\\\/www.ekoenergy.org\\\/tr\\\/#\\\/schema\\\/logo\\\/image\\\/\",\"url\":\"https:\\\/\\\/www.ekoenergy.org\\\/wp-content\\\/uploads\\\/logo-EKOenergy-no-text.jpg\",\"contentUrl\":\"https:\\\/\\\/www.ekoenergy.org\\\/wp-content\\\/uploads\\\/logo-EKOenergy-no-text.jpg\",\"width\":1600,\"height\":1600,\"caption\":\"Not-for-profit Organisation EKOenergy\"},\"image\":{\"@id\":\"https:\\\/\\\/www.ekoenergy.org\\\/tr\\\/#\\\/schema\\\/logo\\\/image\\\/\"},\"sameAs\":[\"https:\\\/\\\/www.facebook.com\\\/EKOenergy.ecolabel\\\/\",\"https:\\\/\\\/x.com\\\/EKOenergy_\",\"https:\\\/\\\/www.instagram.com\\\/ekoenergy\\\/\",\"https:\\\/\\\/www.linkedin.com\\\/company\\\/ekoenergy-ecolabel\\\/\",\"https:\\\/\\\/www.youtube.com\\\/EKOenergy-ecolabel\",\"https:\\\/\\\/en.wikipedia.org\\\/wiki\\\/EKOenergy\"]}]}<\/script>\n<!-- \/ Yoast SEO plugin. -->","yoast_head_json":{"title":"EKOenerji Anla\u015fmas\u0131 - EKOenergy ecolabel","description":"On this page you find EKOenergy's Licence Agreement in various languages. Only energy companies that have signed this Agreement can offer EKOenergy.","robots":{"index":"index","follow":"follow","max-snippet":"max-snippet:-1","max-image-preview":"max-image-preview:large","max-video-preview":"max-video-preview:-1"},"canonical":"https:\/\/www.ekoenergy.org\/tr\/ecolabel\/how-to-sell-ekoenergy\/agreement\/","og_locale":"tr_TR","og_type":"article","og_title":"EKOenerji Anla\u015fmas\u0131 - EKOenergy ecolabel","og_description":"On this page you find EKOenergy's Licence Agreement in various languages. Only energy companies that have signed this Agreement can offer EKOenergy.","og_url":"https:\/\/www.ekoenergy.org\/tr\/ecolabel\/how-to-sell-ekoenergy\/agreement\/","og_site_name":"EKOenergy ecolabel","article_publisher":"https:\/\/www.facebook.com\/EKOenergy.ecolabel\/","article_modified_time":"2024-05-14T19:56:18+00:00","og_image":[{"width":1200,"height":610,"url":"https:\/\/www.ekoenergy.org\/wp-content\/uploads\/Featured-Signing-Agreement.jpg","type":"image\/jpeg"}],"twitter_card":"summary_large_image","twitter_site":"@EKOenergy_","twitter_misc":{"Tahmini okuma s\u00fcresi":"1 dakika"},"schema":{"@context":"https:\/\/schema.org","@graph":[{"@type":"WebPage","@id":"https:\/\/www.ekoenergy.org\/tr\/ecolabel\/how-to-sell-ekoenergy\/agreement\/","url":"https:\/\/www.ekoenergy.org\/tr\/ecolabel\/how-to-sell-ekoenergy\/agreement\/","name":"EKOenerji Anla\u015fmas\u0131 - EKOenergy ecolabel","isPartOf":{"@id":"https:\/\/www.ekoenergy.org\/tr\/#website"},"primaryImageOfPage":{"@id":"https:\/\/www.ekoenergy.org\/tr\/ecolabel\/how-to-sell-ekoenergy\/agreement\/#primaryimage"},"image":{"@id":"https:\/\/www.ekoenergy.org\/tr\/ecolabel\/how-to-sell-ekoenergy\/agreement\/#primaryimage"},"thumbnailUrl":"https:\/\/www.ekoenergy.org\/wp-content\/uploads\/Featured-Signing-Agreement.jpg","datePublished":"2019-12-04T13:42:39+00:00","dateModified":"2024-05-14T19:56:18+00:00","description":"On this page you find EKOenergy's Licence Agreement in various languages. Only energy companies that have signed this Agreement can offer EKOenergy.","breadcrumb":{"@id":"https:\/\/www.ekoenergy.org\/tr\/ecolabel\/how-to-sell-ekoenergy\/agreement\/#breadcrumb"},"inLanguage":"tr","potentialAction":[{"@type":"ReadAction","target":["https:\/\/www.ekoenergy.org\/tr\/ecolabel\/how-to-sell-ekoenergy\/agreement\/"]}]},{"@type":"ImageObject","inLanguage":"tr","@id":"https:\/\/www.ekoenergy.org\/tr\/ecolabel\/how-to-sell-ekoenergy\/agreement\/#primaryimage","url":"https:\/\/www.ekoenergy.org\/wp-content\/uploads\/Featured-Signing-Agreement.jpg","contentUrl":"https:\/\/www.ekoenergy.org\/wp-content\/uploads\/Featured-Signing-Agreement.jpg","width":1200,"height":610},{"@type":"BreadcrumbList","@id":"https:\/\/www.ekoenergy.org\/tr\/ecolabel\/how-to-sell-ekoenergy\/agreement\/#breadcrumb","itemListElement":[{"@type":"ListItem","position":1,"name":"Home","item":"https:\/\/www.ekoenergy.org\/tr\/"},{"@type":"ListItem","position":2,"name":"Eko-etiketimiz","item":"https:\/\/www.ekoenergy.org\/tr\/ecolabel\/"},{"@type":"ListItem","position":3,"name":"EKOenerji satmak","item":"https:\/\/www.ekoenergy.org\/tr\/ecolabel\/how-to-sell-ekoenergy\/"},{"@type":"ListItem","position":4,"name":"EKOenerji Anla\u015fmas\u0131"}]},{"@type":"WebSite","@id":"https:\/\/www.ekoenergy.org\/tr\/#website","url":"https:\/\/www.ekoenergy.org\/tr\/","name":"EKOenergy ecolabel","description":"The global nonprofit ecolabel for renewable energy","publisher":{"@id":"https:\/\/www.ekoenergy.org\/tr\/#organization"},"potentialAction":[{"@type":"SearchAction","target":{"@type":"EntryPoint","urlTemplate":"https:\/\/www.ekoenergy.org\/tr\/?s={search_term_string}"},"query-input":{"@type":"PropertyValueSpecification","valueRequired":true,"valueName":"search_term_string"}}],"inLanguage":"tr"},{"@type":"Organization","@id":"https:\/\/www.ekoenergy.org\/tr\/#organization","name":"Not-for-profit Organisation EKOenergy","url":"https:\/\/www.ekoenergy.org\/tr\/","logo":{"@type":"ImageObject","inLanguage":"tr","@id":"https:\/\/www.ekoenergy.org\/tr\/#\/schema\/logo\/image\/","url":"https:\/\/www.ekoenergy.org\/wp-content\/uploads\/logo-EKOenergy-no-text.jpg","contentUrl":"https:\/\/www.ekoenergy.org\/wp-content\/uploads\/logo-EKOenergy-no-text.jpg","width":1600,"height":1600,"caption":"Not-for-profit Organisation EKOenergy"},"image":{"@id":"https:\/\/www.ekoenergy.org\/tr\/#\/schema\/logo\/image\/"},"sameAs":["https:\/\/www.facebook.com\/EKOenergy.ecolabel\/","https:\/\/x.com\/EKOenergy_","https:\/\/www.instagram.com\/ekoenergy\/","https:\/\/www.linkedin.com\/company\/ekoenergy-ecolabel\/","https:\/\/www.youtube.com\/EKOenergy-ecolabel","https:\/\/en.wikipedia.org\/wiki\/EKOenergy"]}]}},"uagb_featured_image_src":{"full":["https:\/\/www.ekoenergy.org\/wp-content\/uploads\/Featured-Signing-Agreement.jpg",1200,610,false],"thumbnail":["https:\/\/www.ekoenergy.org\/wp-content\/uploads\/Featured-Signing-Agreement-150x150.jpg",150,150,true],"medium":["https:\/\/www.ekoenergy.org\/wp-content\/uploads\/Featured-Signing-Agreement-320x163.jpg",320,163,true],"medium_large":["https:\/\/www.ekoenergy.org\/wp-content\/uploads\/Featured-Signing-Agreement-768x390.jpg",768,390,true],"large":["https:\/\/www.ekoenergy.org\/wp-content\/uploads\/Featured-Signing-Agreement-1024x521.jpg",1024,521,true],"1536x1536":["https:\/\/www.ekoenergy.org\/wp-content\/uploads\/Featured-Signing-Agreement.jpg",1200,610,false],"2048x2048":["https:\/\/www.ekoenergy.org\/wp-content\/uploads\/Featured-Signing-Agreement.jpg",1200,610,false]},"uagb_author_info":{"display_name":"Steven Vanholme","author_link":"https:\/\/www.ekoenergy.org\/tr\/author\/svanholme\/"},"uagb_comment_info":0,"uagb_excerpt":"EKOenerji Anla\u015fmas\u0131 EKOenerji sat\u0131\u015f\u0131 yapabilmek i\u00e7in EKOenerji Lisans Anla\u015fmas\u0131&#8217;n\u0131 imzalamal\u0131s\u0131n\u0131z. Ayr\u0131ca, anla\u015fman\u0131n ileti\u015fim bilgileri ve \u015firketinizin satmak istedi\u011fi EKOenerji t\u00fcrlerine ili\u015fkin listenin bulundu\u011fu, 2 numaral\u0131 ekini de doldurman\u0131z gereklidir. Doldurup imzalad\u0131\u011f\u0131n\u0131z belgeyi EKOenerji Sekreterli\u011fi&#8217;ne g\u00f6nderin. Anla\u015fma&#8217;y\u0131 iki taraf da imzalad\u0131\u011f\u0131nda size e-posta arac\u0131l\u0131\u011f\u0131 ile bir pdf kopyas\u0131 g\u00f6nderilecek ve \u015firketiniz EKOenerji internet sitesinde listelenecektir. E\u011fer&hellip;","_links":{"self":[{"href":"https:\/\/www.ekoenergy.org\/tr\/wp-json\/wp\/v2\/pages\/3972","targetHints":{"allow":["GET"]}}],"collection":[{"href":"https:\/\/www.ekoenergy.org\/tr\/wp-json\/wp\/v2\/pages"}],"about":[{"href":"https:\/\/www.ekoenergy.org\/tr\/wp-json\/wp\/v2\/types\/page"}],"author":[{"embeddable":true,"href":"https:\/\/www.ekoenergy.org\/tr\/wp-json\/wp\/v2\/users\/2"}],"replies":[{"embeddable":true,"href":"https:\/\/www.ekoenergy.org\/tr\/wp-json\/wp\/v2\/comments?post=3972"}],"version-history":[{"count":3,"href":"https:\/\/www.ekoenergy.org\/tr\/wp-json\/wp\/v2\/pages\/3972\/revisions"}],"predecessor-version":[{"id":160683,"href":"https:\/\/www.ekoenergy.org\/tr\/wp-json\/wp\/v2\/pages\/3972\/revisions\/160683"}],"up":[{"embeddable":true,"href":"https:\/\/www.ekoenergy.org\/tr\/wp-json\/wp\/v2\/pages\/3081"}],"wp:featuredmedia":[{"embeddable":true,"href":"https:\/\/www.ekoenergy.org\/tr\/wp-json\/wp\/v2\/media\/29065"}],"wp:attachment":[{"href":"https:\/\/www.ekoenergy.org\/tr\/wp-json\/wp\/v2\/media?parent=3972"}],"curies":[{"name":"wp","href":"https:\/\/api.w.org\/{rel}","templated":true}]}}