{"id":4019,"date":"2019-12-04T13:39:18","date_gmt":"2019-12-04T13:39:18","guid":{"rendered":"https:\/\/www.ekoenergy.org\/ecolabel\/official-text\/new-ekoenergy-from-own-installations\/"},"modified":"2023-05-31T14:19:30","modified_gmt":"2023-05-31T11:19:30","slug":"ppas-and-onsite-installations","status":"publish","type":"page","link":"https:\/\/www.ekoenergy.org\/tr\/ecolabel\/kriter\/ppas-and-onsite-installations\/","title":{"rendered":"Saha i\u00e7i kurulumlar ve PPA"},"content":{"rendered":"\n<h1 class=\"wp-block-heading\">Saha i\u00e7i kurulumlar ve PPA i\u00e7in EKOenerji<\/h1>\n\n\n\n<p>EKOenerji eko-etiketi, \u0130ngilizce\u2019de PPA denen Yenilenebilir Enerji Tedarik Anla\u015fmalar\u0131 ve \u00f6zt\u00fcketim de denen saha i\u00e7i kurulumlar da dahil olmak \u00fczere yenilenebilir elektrik sat\u0131n alman\u0131n her y\u00f6ntemiyle kullan\u0131labilir.<\/p>\n\n\n\n<p>\u0130leti\u015fim faaliyetlerinde EKOenerji ad\u0131 ve logosunu kullanmak isteyen enerji t\u00fcketicileri <a href=\"https:\/\/www.ekoenergy.org\/tr\/extras\/logo\/\">logomuzun ileti\u015fim faaliyetlerinizde kullan\u0131m\u0131<\/a> sayfam\u0131za ve EKOenerji brand book\u2019a bakabilirler.<\/p>\n\n\n\n<p>Bu sayfada saha i\u00e7i kurulumlardan veya PPA\u2019lerdan gelen yenilenebilir enerji kullanan t\u00fcketicilerin EKOenerji kullanabilmesi i\u00e7in gereken \u015fartlar\u0131 s\u0131ral\u0131yoruz.<\/p>\n\n\n\n<h2 class=\"wp-block-heading\">\u0130kili Tedarik Anla\u015fmalar\u0131 (PPA) i\u00e7in EKOenerji eko-etiketi<\/h2>\n\n\n\n<p>EKOenerji eko-etiketi, a\u015fa\u011f\u0131daki ko\u015fullar\u0131 sa\u011flamas\u0131 halinde \u0130kili Tedarik Anla\u015fmas\u0131 da denen Yenilenebilir Enerji Tedarik Anla\u015fmalar\u0131 (PPA) i\u00e7in kullan\u0131labilir. <\/p>\n\n\n\n<p>PPA kontrat\u0131na taraf olan partilerden en az\u0131ndan biri (enerji tedarik\u00e7isi, servis sa\u011flay\u0131c\u0131s\u0131, kurulum \u015firketi, t\u00fcketici, vb) <a href=\"https:\/\/www.ekoenergy.org\/tr\/ecolabel\/how-to-sell-ekoenergy\/agreement\/\">EKOenerji Anla\u015fmas\u0131<\/a>n\u0131 imzalam\u0131\u015f olmal\u0131d\u0131r.<\/p>\n\n\n\n<p>EKOenerji Anla\u015fmas\u0131&#8217;n\u0131 imzalayan taraf bir irtibat ki\u015fisi belirlemeli ve PPA yoluyla sat\u0131n al\u0131nan enerjinin her megavat\/saatlik t\u00fcketimi i\u00e7in 0.08 \u20ac EKOenerji \u00fccreti, 0.10 \u20ac <a href=\"https:\/\/www.ekoenergy.org\/tr\/our-results\/climate-fund\/\">\u0130klim Fonu<\/a> katk\u0131s\u0131 ve e\u011fer hidroelektrik s\u00f6z konusuysa 0.10 \u20ac <a href=\"https:\/\/www.ekoenergy.org\/tr\/our-results\/environmental-fund\/\">\u00c7evre Fonu<\/a> katk\u0131s\u0131 olmak \u00fczere toplam 0.18 \u20ac (hidroelektrik i\u00e7in 0.28 \u20ac) \u00f6demelidir. <\/p>\n\n\n\n<p><a href=\"https:\/\/www.ekoenergy.org\/tr\/ecolabel\/criteria\/electricity\/\">Elektrik<\/a>, <a href=\"https:\/\/www.ekoenergy.org\/tr\/ecolabel\/criteria\/ekoenergy-gas\/\">gaz<\/a> ve <a href=\"https:\/\/www.ekoenergy.org\/tr\/ecolabel\/criteria\/renewable-heat\/\">\u0131s\u0131<\/a> sayfalar\u0131m\u0131zda daha fazla bilgi bulabilirsiniz. EKOenerji sat\u0131\u015f\u0131 yapmak i\u00e7in <a href=\"https:\/\/www.ekoenergy.org\/tr\/ecolabel\/how-to-sell-ekoenergy\/\">EKOenerji nas\u0131l sat\u0131l\u0131r<\/a> sayfam\u0131za bakabilirsiniz.<\/p>\n\n\n\n<h2 class=\"wp-block-heading\">Saha i\u00e7i kurulumlar (\u00f6zt\u00fcketim) i\u00e7in EKOenerji<\/h2>\n\n\n\n<figure class=\"wp-block-image alignright size-medium\"><img fetchpriority=\"high\" decoding=\"async\" width=\"300\" height=\"200\" src=\"https:\/\/www.ekoenergy.org\/wp-content\/uploads\/\/Off-grid-EKOenergy-ecohotel-Mas-La-Llum-300x200.jpg\" alt=\"Off-grid EKOenergy ecohotel Mas La Llum\" class=\"wp-image-8251\" srcset=\"https:\/\/www.ekoenergy.org\/wp-content\/uploads\/Off-grid-EKOenergy-ecohotel-Mas-La-Llum-300x200.jpg 300w, https:\/\/www.ekoenergy.org\/wp-content\/uploads\/Off-grid-EKOenergy-ecohotel-Mas-La-Llum-1024x684.jpg 1024w, https:\/\/www.ekoenergy.org\/wp-content\/uploads\/Off-grid-EKOenergy-ecohotel-Mas-La-Llum-768x513.jpg 768w, https:\/\/www.ekoenergy.org\/wp-content\/uploads\/Off-grid-EKOenergy-ecohotel-Mas-La-Llum-1536x1025.jpg 1536w, https:\/\/www.ekoenergy.org\/wp-content\/uploads\/Off-grid-EKOenergy-ecohotel-Mas-La-Llum.jpg 2000w\" sizes=\"(max-width: 300px) 100vw, 300px\" \/><\/figure>\n\n\n\n<p>Saha i\u00e7i kurulumlardan gelen yenilenebilir enerji EKOenerji eko-etiketini ta\u015f\u0131yabilir ve enerji t\u00fcketicisi bu durumda EKOenerji logosunu ileti\u015fim faaliyetlerinde kullanabilir. B\u00f6ylece \u201cprosumer\u201d denen \u00f6zt\u00fcketiciler \u00e7at\u0131lar\u0131nda g\u00fcne\u015f paneli bulundurmaktan bir ad\u0131m \u00f6teye ge\u00e7erek EKOenerji\u2019nin yenilenebilir enerjiyi d\u00fcnya \u00e7ap\u0131nda g\u00f6r\u00fcn\u00fcr k\u0131lma faaliyetlerine destek vermi\u015f olurlar.<\/p>\n\n\n\n<p>EKOenerji logosunu kullanmakla ilgili daha fazla bilgi i\u00e7in EKOenerji brand book\u2019a bakabilirsiniz.<\/p>\n\n\n\n<p>Saha i\u00e7i kurulumlardan gelen yenilenebilir enerji kullanan t\u00fcketiciler, a\u015fa\u011f\u0131daki ko\u015fullar\u0131n sa\u011flanmas\u0131 halinde EKOenerji etiketli enerji kulland\u0131klar\u0131 beyan\u0131nda bulunabilirler:<\/p>\n\n\n\n<ul class=\"wp-block-list\">\n<li>Kurulum <a href=\"https:\/\/www.ekoenergy.org\/tr\/ecolabel\/\">s\u00fcrd\u00fcr\u00fclebilirlik kriterlerimize<\/a> uygun olmal\u0131d\u0131r.<\/li>\n\n\n\n<li>Saha i\u00e7i kurulumdan gelen elektri\u011fin y\u0131ll\u0131k t\u00fcketimi 200 MWh\u2019ten azsa ekstra bedel \u00f6demeksizin EKOenerji ismi ve logosu kullan\u0131labilir fakat <a href=\"https:\/\/www.ekoenergy.org\/tr\/about-us\/contact-us\/\">EKOenerji sekreterli\u011fi<\/a>nin \u00f6nceden bilgilendirilmesi zorunludur. <a href=\"https:\/\/www.ekoenergy.org\/tr\/our-results\/climate-fund\/\">\u0130klim Fonu<\/a>\u2019muza katk\u0131 yap\u0131lmas\u0131 gerekmemekle beraber bu sayede enerji k\u0131tl\u0131\u011f\u0131 ya\u015fanan b\u00f6lgelerde yeni temiz enerji projeleri fonland\u0131\u011f\u0131 i\u00e7in katk\u0131da bulunulmas\u0131 \u00f6nerilir.<\/li>\n\n\n\n<li>Saha i\u00e7i kurulumdan gelen elektri\u011fin y\u0131ll\u0131k t\u00fcketimi 200 megavat\/saatin \u00fczerindeyse t\u00fcketici EKOenerji \u0130klim Fonu\u2019na her MWh ba\u015f\u0131na 0.10 \u20ac katk\u0131da bulunmal\u0131d\u0131r. Hidroelektrik s\u00f6z konusuysa MWh ba\u015f\u0131na ayr\u0131ca 0.10 \u20ac <a href=\"https:\/\/www.ekoenergy.org\/tr\/our-results\/environmental-fund\/\">\u00c7evre Fonu<\/a>\u2019muza gider. <\/li>\n\n\n\n<li>Y\u0131ll\u0131k \u00fcretim 1000 megavat saatten fazlaysa enerji t\u00fcketicisi<a href=\"https:\/\/www.ekoenergy.org\/tr\/ecolabel\/how-to-sell-ekoenergy\/agreement\/\"> EKOenerji Anla\u015fmas\u0131<\/a>\u2019n\u0131 imzalamal\u0131d\u0131r veya EKOenerji sat\u0131c\u0131lar\u0131ndan birini dahil etmelidir. EKOenerji Anla\u015fmas\u0131&#8217;nda bahsedildi\u011fi \u00fczere EKOenerji etiketli enerjinin her megavat\/saatlik t\u00fcketimi i\u00e7in 0.08 \u20ac EKOenerji  \u00fccreti, 0.10 \u20ac \u0130klim Fonu katk\u0131s\u0131 ve e\u011fer hidroelektrik s\u00f6z konusuysa 0.10 \u20ac \u00c7evre Fonu katk\u0131s\u0131 olmak \u00fczere toplam 0.18 \u20ac (hidroelektrik i\u00e7in 0.28 \u20ac) \u00f6denmelidir.<\/li>\n<\/ul>\n\n\n\n<p>EKOenerji sat\u0131c\u0131lar\u0131 (enerji perakendecisi, hizmet sa\u011flay\u0131c\u0131s\u0131 veya aggregator) birka\u00e7 \u00fcretici-t\u00fcketiciyi temsil edebilir ve EKOenerji sekreterli\u011fiyle t\u00fcketiciler aras\u0131nda bir irtibat noktas\u0131 konumunda bulunabilir. Bu durumda gerekli katk\u0131lar\u0131n \u00f6demesi de bu firma taraf\u0131ndan, t\u00fcm vol\u00fcmlerin toplam\u0131 \u00fczerinden yap\u0131l\u0131r. \u00d6denmesi gereken EKOenerji katk\u0131lar\u0131, d\u00fc\u015f\u00fck vol\u00fcmler birbiri \u00fczerine eklenerek firman\u0131n temsil etti\u011fi toplam t\u00fcketim \u00fczerinden hesaplan\u0131r.<\/p>\n\n\n\n<h3 class=\"wp-block-heading\">Saha i\u00e7i kurulum \u015febekeye ba\u011fl\u0131ysa a\u015fa\u011f\u0131daki ekstra \u015fartlar da dikkate al\u0131nmal\u0131d\u0131r:<\/h3>\n\n\n\n<ul class=\"wp-block-list\">\n<li>E\u011fer t\u00fcketici EKOenerji sat\u0131c\u0131s\u0131 olan bir aggregator veya hizmet sa\u011flay\u0131c\u0131s\u0131 ile \u00e7al\u0131\u015fm\u0131yorsa, m\u00fcmk\u00fcn olmas\u0131 halinde, kurulumun bulundu\u011fu yer i\u00e7in EKOenerji etiketli bir yenilenebilir elektrik kontrat\u0131 yapmal\u0131d\u0131r.<\/li>\n\n\n\n<li>T\u00fcketici taraf\u0131ndan kullan\u0131lan enerji miktar\u0131 i\u00e7in Yenilenebilir Enerji Sertifikalar\u0131 (I-REC, YEK-G vb) olu\u015fturulmamal\u0131d\u0131r. E\u011fer takip sertifikalar\u0131 olu\u015fturulmu\u015fsa \u00e7ifte say\u0131m ihtimalinden ka\u00e7\u0131nmak i\u00e7in bu sertifikalar\u0131n t\u00fcketicinin saha i\u00e7i kullan\u0131m\u0131n\u0131 kapsayacak \u015fekilde t\u00fcketici ad\u0131na sirk\u00fclasyondan \u00e7ekilmesi gerekir.<\/li>\n\n\n\n<li>\u015eebekeye ba\u011fl\u0131 sistem NEM (net metering) sahibiyse \u00f6zt\u00fcketici, \u015febekeye verilen miktar i\u00e7in Yenilenebilir Enerji Sertifikas\u0131 (I-REC, YEK-G vb.) olu\u015fturulmam\u0131\u015f oldu\u011funu veya bu sertifikalar\u0131 kendi ad\u0131na kulland\u0131\u011f\u0131n\u0131 kan\u0131tlamal\u0131d\u0131r. Aksi halde \u015febekeye verilmi\u015f elektrik i\u00e7in EKOenerji eko-etiketi kullan\u0131lamaz.<\/li>\n<\/ul>\n\n\n\n<p><\/p>\n","protected":false},"excerpt":{"rendered":"<p>Saha i\u00e7i kurulumlar ve PPA i\u00e7in EKOenerji EKOenerji eko-etiketi, \u0130ngilizce\u2019de PPA denen Yenilenebilir Enerji Tedarik Anla\u015fmalar\u0131 ve \u00f6zt\u00fcketim de denen saha i\u00e7i kurulumlar da dahil olmak \u00fczere yenilenebilir elektrik sat\u0131n alman\u0131n her y\u00f6ntemiyle kullan\u0131labilir. \u0130leti\u015fim faaliyetlerinde EKOenerji ad\u0131 ve logosunu kullanmak isteyen enerji t\u00fcketicileri logomuzun ileti\u015fim faaliyetlerinizde kullan\u0131m\u0131 sayfam\u0131za ve EKOenerji brand book\u2019a bakabilirler. Bu [&hellip;]<\/p>\n","protected":false},"author":17,"featured_media":98181,"parent":25325,"menu_order":5,"comment_status":"closed","ping_status":"closed","template":"","meta":{"inline_featured_image":false,"_uag_custom_page_level_css":"","site-sidebar-layout":"default","site-content-layout":"default","ast-site-content-layout":"default","site-content-style":"default","site-sidebar-style":"default","ast-global-header-display":"","ast-banner-title-visibility":"","ast-main-header-display":"","ast-hfb-above-header-display":"","ast-hfb-below-header-display":"","ast-hfb-mobile-header-display":"","site-post-title":"disabled","ast-breadcrumbs-content":"","ast-featured-img":"","footer-sml-layout":"","ast-disable-related-posts":"","theme-transparent-header-meta":"default","adv-header-id-meta":"","stick-header-meta":"default","header-above-stick-meta":"","header-main-stick-meta":"","header-below-stick-meta":"","astra-migrate-meta-layouts":"default","ast-page-background-enabled":"default","ast-page-background-meta":{"desktop":{"background-color":"","background-image":"","background-repeat":"repeat","background-position":"center center","background-size":"auto","background-attachment":"scroll","background-type":"","background-media":"","overlay-type":"","overlay-color":"","overlay-opacity":"","overlay-gradient":""},"tablet":{"background-color":"","background-image":"","background-repeat":"repeat","background-position":"center center","background-size":"auto","background-attachment":"scroll","background-type":"","background-media":"","overlay-type":"","overlay-color":"","overlay-opacity":"","overlay-gradient":""},"mobile":{"background-color":"","background-image":"","background-repeat":"repeat","background-position":"center center","background-size":"auto","background-attachment":"scroll","background-type":"","background-media":"","overlay-type":"","overlay-color":"","overlay-opacity":"","overlay-gradient":""}},"ast-content-background-meta":{"desktop":{"background-color":"var(--ast-global-color-5)","background-image":"","background-repeat":"repeat","background-position":"center center","background-size":"auto","background-attachment":"scroll","background-type":"","background-media":"","overlay-type":"","overlay-color":"","overlay-opacity":"","overlay-gradient":""},"tablet":{"background-color":"var(--ast-global-color-5)","background-image":"","background-repeat":"repeat","background-position":"center center","background-size":"auto","background-attachment":"scroll","background-type":"","background-media":"","overlay-type":"","overlay-color":"","overlay-opacity":"","overlay-gradient":""},"mobile":{"background-color":"var(--ast-global-color-5)","background-image":"","background-repeat":"repeat","background-position":"center center","background-size":"auto","background-attachment":"scroll","background-type":"","background-media":"","overlay-type":"","overlay-color":"","overlay-opacity":"","overlay-gradient":""}},"footnotes":""},"class_list":["post-4019","page","type-page","status-publish","has-post-thumbnail","hentry"],"yoast_head":"<!-- This site is optimized with the Yoast SEO plugin v27.3 - https:\/\/yoast.com\/product\/yoast-seo-wordpress\/ -->\n<title>Saha i\u00e7i kurulumlar ve PPA - EKOenergy ecolabel<\/title>\n<meta name=\"description\" content=\"EKOenerji eko-etiketli yenilenebilir enerji, saha i\u00e7i kurulumlar (on-site) ve \u0130kili Anla\u015fmalar (PPA) vas\u0131tas\u0131yla da kullan\u0131labilir.\" \/>\n<meta name=\"robots\" content=\"index, follow, max-snippet:-1, max-image-preview:large, max-video-preview:-1\" \/>\n<link rel=\"canonical\" href=\"https:\/\/www.ekoenergy.org\/tr\/ecolabel\/kriter\/ppas-and-onsite-installations\/\" \/>\n<meta property=\"og:locale\" content=\"tr_TR\" \/>\n<meta property=\"og:type\" content=\"article\" \/>\n<meta property=\"og:title\" content=\"Saha i\u00e7i kurulumlar ve PPA - EKOenergy ecolabel\" \/>\n<meta property=\"og:description\" content=\"EKOenerji eko-etiketli yenilenebilir enerji, saha i\u00e7i kurulumlar (on-site) ve \u0130kili Anla\u015fmalar (PPA) vas\u0131tas\u0131yla da kullan\u0131labilir.\" \/>\n<meta property=\"og:url\" content=\"https:\/\/www.ekoenergy.org\/tr\/ecolabel\/kriter\/ppas-and-onsite-installations\/\" \/>\n<meta property=\"og:site_name\" content=\"EKOenergy ecolabel\" \/>\n<meta property=\"article:publisher\" content=\"https:\/\/www.facebook.com\/EKOenergy.ecolabel\/\" \/>\n<meta property=\"article:modified_time\" content=\"2023-05-31T11:19:30+00:00\" \/>\n<meta property=\"og:image\" content=\"https:\/\/www.ekoenergy.org\/wp-content\/uploads\/espartinas-panels.jpg\" \/>\n\t<meta property=\"og:image:width\" content=\"1600\" \/>\n\t<meta property=\"og:image:height\" content=\"1200\" \/>\n\t<meta property=\"og:image:type\" content=\"image\/jpeg\" \/>\n<meta name=\"twitter:card\" content=\"summary_large_image\" \/>\n<meta name=\"twitter:site\" content=\"@EKOenergy_\" \/>\n<meta name=\"twitter:label1\" content=\"Tahmini okuma s\u00fcresi\" \/>\n\t<meta name=\"twitter:data1\" content=\"3 dakika\" \/>\n<script type=\"application\/ld+json\" class=\"yoast-schema-graph\">{\"@context\":\"https:\\\/\\\/schema.org\",\"@graph\":[{\"@type\":\"WebPage\",\"@id\":\"https:\\\/\\\/www.ekoenergy.org\\\/tr\\\/ecolabel\\\/kriter\\\/ppas-and-onsite-installations\\\/\",\"url\":\"https:\\\/\\\/www.ekoenergy.org\\\/tr\\\/ecolabel\\\/kriter\\\/ppas-and-onsite-installations\\\/\",\"name\":\"Saha i\u00e7i kurulumlar ve PPA - EKOenergy ecolabel\",\"isPartOf\":{\"@id\":\"https:\\\/\\\/www.ekoenergy.org\\\/tr\\\/#website\"},\"primaryImageOfPage\":{\"@id\":\"https:\\\/\\\/www.ekoenergy.org\\\/tr\\\/ecolabel\\\/kriter\\\/ppas-and-onsite-installations\\\/#primaryimage\"},\"image\":{\"@id\":\"https:\\\/\\\/www.ekoenergy.org\\\/tr\\\/ecolabel\\\/kriter\\\/ppas-and-onsite-installations\\\/#primaryimage\"},\"thumbnailUrl\":\"https:\\\/\\\/www.ekoenergy.org\\\/wp-content\\\/uploads\\\/espartinas-panels.jpg\",\"datePublished\":\"2019-12-04T13:39:18+00:00\",\"dateModified\":\"2023-05-31T11:19:30+00:00\",\"description\":\"EKOenerji eko-etiketli yenilenebilir enerji, saha i\u00e7i kurulumlar (on-site) ve \u0130kili Anla\u015fmalar (PPA) vas\u0131tas\u0131yla da kullan\u0131labilir.\",\"breadcrumb\":{\"@id\":\"https:\\\/\\\/www.ekoenergy.org\\\/tr\\\/ecolabel\\\/kriter\\\/ppas-and-onsite-installations\\\/#breadcrumb\"},\"inLanguage\":\"tr\",\"potentialAction\":[{\"@type\":\"ReadAction\",\"target\":[\"https:\\\/\\\/www.ekoenergy.org\\\/tr\\\/ecolabel\\\/kriter\\\/ppas-and-onsite-installations\\\/\"]}]},{\"@type\":\"ImageObject\",\"inLanguage\":\"tr\",\"@id\":\"https:\\\/\\\/www.ekoenergy.org\\\/tr\\\/ecolabel\\\/kriter\\\/ppas-and-onsite-installations\\\/#primaryimage\",\"url\":\"https:\\\/\\\/www.ekoenergy.org\\\/wp-content\\\/uploads\\\/espartinas-panels.jpg\",\"contentUrl\":\"https:\\\/\\\/www.ekoenergy.org\\\/wp-content\\\/uploads\\\/espartinas-panels.jpg\",\"width\":1600,\"height\":1200,\"caption\":\"The solar panels installed for the municipality of Espartinas\"},{\"@type\":\"BreadcrumbList\",\"@id\":\"https:\\\/\\\/www.ekoenergy.org\\\/tr\\\/ecolabel\\\/kriter\\\/ppas-and-onsite-installations\\\/#breadcrumb\",\"itemListElement\":[{\"@type\":\"ListItem\",\"position\":1,\"name\":\"Home\",\"item\":\"https:\\\/\\\/www.ekoenergy.org\\\/tr\\\/\"},{\"@type\":\"ListItem\",\"position\":2,\"name\":\"Eko-etiketimiz\",\"item\":\"https:\\\/\\\/www.ekoenergy.org\\\/tr\\\/ecolabel\\\/\"},{\"@type\":\"ListItem\",\"position\":3,\"name\":\"EKOenerji kriterleri\",\"item\":\"https:\\\/\\\/www.ekoenergy.org\\\/tr\\\/ecolabel\\\/kriter\\\/\"},{\"@type\":\"ListItem\",\"position\":4,\"name\":\"Saha i\u00e7i kurulumlar ve PPA\"}]},{\"@type\":\"WebSite\",\"@id\":\"https:\\\/\\\/www.ekoenergy.org\\\/tr\\\/#website\",\"url\":\"https:\\\/\\\/www.ekoenergy.org\\\/tr\\\/\",\"name\":\"EKOenergy ecolabel\",\"description\":\"The global nonprofit ecolabel for renewable energy\",\"publisher\":{\"@id\":\"https:\\\/\\\/www.ekoenergy.org\\\/tr\\\/#organization\"},\"potentialAction\":[{\"@type\":\"SearchAction\",\"target\":{\"@type\":\"EntryPoint\",\"urlTemplate\":\"https:\\\/\\\/www.ekoenergy.org\\\/tr\\\/?s={search_term_string}\"},\"query-input\":{\"@type\":\"PropertyValueSpecification\",\"valueRequired\":true,\"valueName\":\"search_term_string\"}}],\"inLanguage\":\"tr\"},{\"@type\":\"Organization\",\"@id\":\"https:\\\/\\\/www.ekoenergy.org\\\/tr\\\/#organization\",\"name\":\"Not-for-profit Organisation EKOenergy\",\"url\":\"https:\\\/\\\/www.ekoenergy.org\\\/tr\\\/\",\"logo\":{\"@type\":\"ImageObject\",\"inLanguage\":\"tr\",\"@id\":\"https:\\\/\\\/www.ekoenergy.org\\\/tr\\\/#\\\/schema\\\/logo\\\/image\\\/\",\"url\":\"https:\\\/\\\/www.ekoenergy.org\\\/wp-content\\\/uploads\\\/logo-EKOenergy-no-text.jpg\",\"contentUrl\":\"https:\\\/\\\/www.ekoenergy.org\\\/wp-content\\\/uploads\\\/logo-EKOenergy-no-text.jpg\",\"width\":1600,\"height\":1600,\"caption\":\"Not-for-profit Organisation EKOenergy\"},\"image\":{\"@id\":\"https:\\\/\\\/www.ekoenergy.org\\\/tr\\\/#\\\/schema\\\/logo\\\/image\\\/\"},\"sameAs\":[\"https:\\\/\\\/www.facebook.com\\\/EKOenergy.ecolabel\\\/\",\"https:\\\/\\\/x.com\\\/EKOenergy_\",\"https:\\\/\\\/www.instagram.com\\\/ekoenergy\\\/\",\"https:\\\/\\\/www.linkedin.com\\\/company\\\/ekoenergy-ecolabel\\\/\",\"https:\\\/\\\/www.youtube.com\\\/EKOenergy-ecolabel\",\"https:\\\/\\\/en.wikipedia.org\\\/wiki\\\/EKOenergy\"]}]}<\/script>\n<!-- \/ Yoast SEO plugin. -->","yoast_head_json":{"title":"Saha i\u00e7i kurulumlar ve PPA - EKOenergy ecolabel","description":"EKOenerji eko-etiketli yenilenebilir enerji, saha i\u00e7i kurulumlar (on-site) ve \u0130kili Anla\u015fmalar (PPA) vas\u0131tas\u0131yla da kullan\u0131labilir.","robots":{"index":"index","follow":"follow","max-snippet":"max-snippet:-1","max-image-preview":"max-image-preview:large","max-video-preview":"max-video-preview:-1"},"canonical":"https:\/\/www.ekoenergy.org\/tr\/ecolabel\/kriter\/ppas-and-onsite-installations\/","og_locale":"tr_TR","og_type":"article","og_title":"Saha i\u00e7i kurulumlar ve PPA - EKOenergy ecolabel","og_description":"EKOenerji eko-etiketli yenilenebilir enerji, saha i\u00e7i kurulumlar (on-site) ve \u0130kili Anla\u015fmalar (PPA) vas\u0131tas\u0131yla da kullan\u0131labilir.","og_url":"https:\/\/www.ekoenergy.org\/tr\/ecolabel\/kriter\/ppas-and-onsite-installations\/","og_site_name":"EKOenergy ecolabel","article_publisher":"https:\/\/www.facebook.com\/EKOenergy.ecolabel\/","article_modified_time":"2023-05-31T11:19:30+00:00","og_image":[{"width":1600,"height":1200,"url":"https:\/\/www.ekoenergy.org\/wp-content\/uploads\/espartinas-panels.jpg","type":"image\/jpeg"}],"twitter_card":"summary_large_image","twitter_site":"@EKOenergy_","twitter_misc":{"Tahmini okuma s\u00fcresi":"3 dakika"},"schema":{"@context":"https:\/\/schema.org","@graph":[{"@type":"WebPage","@id":"https:\/\/www.ekoenergy.org\/tr\/ecolabel\/kriter\/ppas-and-onsite-installations\/","url":"https:\/\/www.ekoenergy.org\/tr\/ecolabel\/kriter\/ppas-and-onsite-installations\/","name":"Saha i\u00e7i kurulumlar ve PPA - EKOenergy ecolabel","isPartOf":{"@id":"https:\/\/www.ekoenergy.org\/tr\/#website"},"primaryImageOfPage":{"@id":"https:\/\/www.ekoenergy.org\/tr\/ecolabel\/kriter\/ppas-and-onsite-installations\/#primaryimage"},"image":{"@id":"https:\/\/www.ekoenergy.org\/tr\/ecolabel\/kriter\/ppas-and-onsite-installations\/#primaryimage"},"thumbnailUrl":"https:\/\/www.ekoenergy.org\/wp-content\/uploads\/espartinas-panels.jpg","datePublished":"2019-12-04T13:39:18+00:00","dateModified":"2023-05-31T11:19:30+00:00","description":"EKOenerji eko-etiketli yenilenebilir enerji, saha i\u00e7i kurulumlar (on-site) ve \u0130kili Anla\u015fmalar (PPA) vas\u0131tas\u0131yla da kullan\u0131labilir.","breadcrumb":{"@id":"https:\/\/www.ekoenergy.org\/tr\/ecolabel\/kriter\/ppas-and-onsite-installations\/#breadcrumb"},"inLanguage":"tr","potentialAction":[{"@type":"ReadAction","target":["https:\/\/www.ekoenergy.org\/tr\/ecolabel\/kriter\/ppas-and-onsite-installations\/"]}]},{"@type":"ImageObject","inLanguage":"tr","@id":"https:\/\/www.ekoenergy.org\/tr\/ecolabel\/kriter\/ppas-and-onsite-installations\/#primaryimage","url":"https:\/\/www.ekoenergy.org\/wp-content\/uploads\/espartinas-panels.jpg","contentUrl":"https:\/\/www.ekoenergy.org\/wp-content\/uploads\/espartinas-panels.jpg","width":1600,"height":1200,"caption":"The solar panels installed for the municipality of Espartinas"},{"@type":"BreadcrumbList","@id":"https:\/\/www.ekoenergy.org\/tr\/ecolabel\/kriter\/ppas-and-onsite-installations\/#breadcrumb","itemListElement":[{"@type":"ListItem","position":1,"name":"Home","item":"https:\/\/www.ekoenergy.org\/tr\/"},{"@type":"ListItem","position":2,"name":"Eko-etiketimiz","item":"https:\/\/www.ekoenergy.org\/tr\/ecolabel\/"},{"@type":"ListItem","position":3,"name":"EKOenerji kriterleri","item":"https:\/\/www.ekoenergy.org\/tr\/ecolabel\/kriter\/"},{"@type":"ListItem","position":4,"name":"Saha i\u00e7i kurulumlar ve PPA"}]},{"@type":"WebSite","@id":"https:\/\/www.ekoenergy.org\/tr\/#website","url":"https:\/\/www.ekoenergy.org\/tr\/","name":"EKOenergy ecolabel","description":"The global nonprofit ecolabel for renewable energy","publisher":{"@id":"https:\/\/www.ekoenergy.org\/tr\/#organization"},"potentialAction":[{"@type":"SearchAction","target":{"@type":"EntryPoint","urlTemplate":"https:\/\/www.ekoenergy.org\/tr\/?s={search_term_string}"},"query-input":{"@type":"PropertyValueSpecification","valueRequired":true,"valueName":"search_term_string"}}],"inLanguage":"tr"},{"@type":"Organization","@id":"https:\/\/www.ekoenergy.org\/tr\/#organization","name":"Not-for-profit Organisation EKOenergy","url":"https:\/\/www.ekoenergy.org\/tr\/","logo":{"@type":"ImageObject","inLanguage":"tr","@id":"https:\/\/www.ekoenergy.org\/tr\/#\/schema\/logo\/image\/","url":"https:\/\/www.ekoenergy.org\/wp-content\/uploads\/logo-EKOenergy-no-text.jpg","contentUrl":"https:\/\/www.ekoenergy.org\/wp-content\/uploads\/logo-EKOenergy-no-text.jpg","width":1600,"height":1600,"caption":"Not-for-profit Organisation EKOenergy"},"image":{"@id":"https:\/\/www.ekoenergy.org\/tr\/#\/schema\/logo\/image\/"},"sameAs":["https:\/\/www.facebook.com\/EKOenergy.ecolabel\/","https:\/\/x.com\/EKOenergy_","https:\/\/www.instagram.com\/ekoenergy\/","https:\/\/www.linkedin.com\/company\/ekoenergy-ecolabel\/","https:\/\/www.youtube.com\/EKOenergy-ecolabel","https:\/\/en.wikipedia.org\/wiki\/EKOenergy"]}]}},"uagb_featured_image_src":{"full":["https:\/\/www.ekoenergy.org\/wp-content\/uploads\/espartinas-panels.jpg",1600,1200,false],"thumbnail":["https:\/\/www.ekoenergy.org\/wp-content\/uploads\/espartinas-panels-150x150.jpg",150,150,true],"medium":["https:\/\/www.ekoenergy.org\/wp-content\/uploads\/espartinas-panels-320x240.jpg",320,240,true],"medium_large":["https:\/\/www.ekoenergy.org\/wp-content\/uploads\/espartinas-panels-768x576.jpg",768,576,true],"large":["https:\/\/www.ekoenergy.org\/wp-content\/uploads\/espartinas-panels-1024x768.jpg",1024,768,true],"1536x1536":["https:\/\/www.ekoenergy.org\/wp-content\/uploads\/espartinas-panels-1536x1152.jpg",1536,1152,true],"2048x2048":["https:\/\/www.ekoenergy.org\/wp-content\/uploads\/espartinas-panels.jpg",1600,1200,false]},"uagb_author_info":{"display_name":"EKOenergy ecolabel","author_link":"https:\/\/www.ekoenergy.org\/tr\/author\/ekoenergy\/"},"uagb_comment_info":0,"uagb_excerpt":"Saha i\u00e7i kurulumlar ve PPA i\u00e7in EKOenerji EKOenerji eko-etiketi, \u0130ngilizce\u2019de PPA denen Yenilenebilir Enerji Tedarik Anla\u015fmalar\u0131 ve \u00f6zt\u00fcketim de denen saha i\u00e7i kurulumlar da dahil olmak \u00fczere yenilenebilir elektrik sat\u0131n alman\u0131n her y\u00f6ntemiyle kullan\u0131labilir. \u0130leti\u015fim faaliyetlerinde EKOenerji ad\u0131 ve logosunu kullanmak isteyen enerji t\u00fcketicileri logomuzun ileti\u015fim faaliyetlerinizde kullan\u0131m\u0131 sayfam\u0131za ve EKOenerji brand book\u2019a bakabilirler. Bu&hellip;","_links":{"self":[{"href":"https:\/\/www.ekoenergy.org\/tr\/wp-json\/wp\/v2\/pages\/4019","targetHints":{"allow":["GET"]}}],"collection":[{"href":"https:\/\/www.ekoenergy.org\/tr\/wp-json\/wp\/v2\/pages"}],"about":[{"href":"https:\/\/www.ekoenergy.org\/tr\/wp-json\/wp\/v2\/types\/page"}],"author":[{"embeddable":true,"href":"https:\/\/www.ekoenergy.org\/tr\/wp-json\/wp\/v2\/users\/17"}],"replies":[{"embeddable":true,"href":"https:\/\/www.ekoenergy.org\/tr\/wp-json\/wp\/v2\/comments?post=4019"}],"version-history":[{"count":2,"href":"https:\/\/www.ekoenergy.org\/tr\/wp-json\/wp\/v2\/pages\/4019\/revisions"}],"predecessor-version":[{"id":144891,"href":"https:\/\/www.ekoenergy.org\/tr\/wp-json\/wp\/v2\/pages\/4019\/revisions\/144891"}],"up":[{"embeddable":true,"href":"https:\/\/www.ekoenergy.org\/tr\/wp-json\/wp\/v2\/pages\/25325"}],"wp:featuredmedia":[{"embeddable":true,"href":"https:\/\/www.ekoenergy.org\/tr\/wp-json\/wp\/v2\/media\/98181"}],"wp:attachment":[{"href":"https:\/\/www.ekoenergy.org\/tr\/wp-json\/wp\/v2\/media?parent=4019"}],"curies":[{"name":"wp","href":"https:\/\/api.w.org\/{rel}","templated":true}]}}