{"id":4061,"date":"2019-12-04T13:38:28","date_gmt":"2019-12-04T13:38:28","guid":{"rendered":"https:\/\/www.ekoenergy.org\/ecolabel\/official-text\/renewable-heat\/"},"modified":"2023-06-14T18:28:14","modified_gmt":"2023-06-14T15:28:14","slug":"yenilenebilir-isi","status":"publish","type":"page","link":"https:\/\/www.ekoenergy.org\/tr\/ecolabel\/kriter\/yenilenebilir-isi\/","title":{"rendered":"Yenilenebilir \u0131s\u0131"},"content":{"rendered":"\n<h1 class=\"wp-block-heading\">Yenilenebilir \u0131s\u0131 ve so\u011futma<\/h1>\n\n\n\n<figure class=\"wp-block-image alignright size-medium\"><img decoding=\"async\" src=\"https:\/\/www.ekoenergy.org\/wp-content\/uploads\/\/Absorption-heat-pump-Commons-Wikimedia-320x200.jpg\" alt=\"Picture of an industrial heat pump\" class=\"wp-image-28682\"\/><\/figure>\n\n\n\n<p>EKOenerji etiketli yenilenebilir \u0131s\u0131n\u0131n g\u00fcvenli \u015fekilde kaynak takibi yap\u0131lm\u0131\u015f olmal\u0131d\u0131r ve \u00e7ifte say\u0131mdan ka\u00e7\u0131n\u0131lm\u0131\u015f olmas\u0131 gerekir. Yaln\u0131zca a\u015fa\u011f\u0131daki \u015fekillerde \u00fcretilmi\u015f \u0131s\u0131 ve so\u011futma EKOenerji eko-etiketini ta\u015f\u0131yabilir:<\/p>\n\n\n\n<ul class=\"wp-block-list\">\n<li>%100 yenilenebilir enerji kurulumlar\u0131nda ve EKOenerji&#8217;nin s\u00fcrd\u00fcr\u00fclebilirlik kriterlerine uygun biyoenerjiden \u00fcretilmi\u015f olan,<\/li>\n\n\n\n<li>EKOenerji kriterlerine uygun elektrikle \u00e7al\u0131\u015fan ve SCOP 3.40 ve \u00fczerindeki \u0131s\u0131 pompalar\u0131yla \u00fcretilmi\u015f olan,<\/li>\n\n\n\n<li>EKOenerji kriterlerine uygun enerji kullanan geri d\u00f6n\u00fc\u015f\u00fcm kurulumlar\u0131yla kullan\u0131ma kazand\u0131r\u0131lm\u0131\u015f, aksi halde havaya veya suya kar\u0131\u015facak olan at\u0131k \u0131s\u0131 (fosil yak\u0131tlar ve n\u00fckleer enerji hari\u00e7),<\/li>\n\n\n\n<li>EKOenerji kriterlerine uygun kurulumlardan gelen jeotermal veya solar \u0131s\u0131,<\/li>\n\n\n\n<li>EKOenerji kriterlerine uygun gazdan \u00fcretilen \u0131s\u0131.<\/li>\n<\/ul>\n\n\n\n<p>EKOenerji etiketli \u0131s\u0131n\u0131n her megavat-saati i\u00e7in 0.10 avro <a href=\"https:\/\/www.ekoenergy.org\/tr\/our-results\/climate-fund\/\">EKOenerji&#8217;nin \u0130klim Fonu<\/a>&#8216;da gider. EKOenerji \u0130klim Fonu, BM&#8217;nin S\u00fcrd\u00fcr\u00fclebilir Kalk\u0131nma Ama\u00e7lar\u0131&#8217;na uygun, geli\u015fmekte olan \u00fclkelerdeki yenilenebilir enerji projelerine fon sa\u011flar.<\/p>\n\n\n\n<p><\/p>\n\n\n\n<p><\/p>\n\n\n\n<h2 class=\"wp-block-heading\">EKOenerji&#8217;nin yenilenebilir \u0131s\u0131 ve so\u011futma kriterleri<\/h2>\n\n\n\n<ul class=\"wp-block-list\">\n<li>EN: <a rel=\"noreferrer noopener\" aria-label=\"EKOenergy\u2019s criteria for renewable heat and cold (opens in a new tab)\" href=\"https:\/\/www.ekoenergy.org\/wp-content\/uploads\/EKOenergy-criteria-for-heat-and-cold-English.pdf\" target=\"_blank\">EKOenergy\u2019s criteria for renewable heat and cold<\/a> (pdf)<\/li>\n\n\n\n<li>ES: <a rel=\"noreferrer noopener\" href=\"https:\/\/www.ekoenergy.org\/wp-content\/uploads\/EKOenergy-criteria-for-heat-Spanish.pdf\" target=\"_blank\">Criterios de EKOenerg\u00eda para calor y fr\u00edo renovables<\/a> (pdf)<\/li>\n\n\n\n<li>FI: <a rel=\"noreferrer noopener\" aria-label=\"EKOenergian kriteerit uusiutuvalle l\u00e4mm\u00f6lle ja j\u00e4\u00e4hdytykselle  (opens in a new tab)\" href=\"https:\/\/www.ekoenergy.org\/wp-content\/uploads\/EKOenergy-criteria-for-heat-Finnish.pdf\" target=\"_blank\">EKOenergian kriteerit uusiutuvalle l\u00e4mm\u00f6lle ja j\u00e4\u00e4hdytykselle <\/a>(pdf)<\/li>\n\n\n\n<li>FR: <a rel=\"noreferrer noopener\" href=\"https:\/\/www.ekoenergy.org\/wp-content\/uploads\/EKOenergy-criteria-for-heat-French.pdf\" target=\"_blank\">Les crit\u00e8res d\u2019EKO\u00e9nergie en mati\u00e8re de chaleur et de froid renouvelables<\/a> (pdf)<\/li>\n\n\n\n<li>IT: <a rel=\"noreferrer noopener\" href=\"https:\/\/www.ekoenergy.org\/wp-content\/uploads\/EKOenergy-heat-criteria-Italian.pdf\" target=\"_blank\">Criteri di EKOenergy per il calore e il freddo da fonti rinnovabili<\/a> (pdf)<\/li>\n\n\n\n<li>RU:<a rel=\"noreferrer noopener\" href=\"http:\/\/www.ekoenergy.org\/wp-content\/uploads\/EKOenergy-criteria-for-heat-Russian-3.pdf\" target=\"_blank\"> \u041a\u0440\u0438\u0442\u0435\u0440\u0438\u0438 \u042d\u041a\u041e\u044d\u043d\u0435\u0440\u0433\u0438\u0438 \u043f\u043e \u0432\u043e\u0437\u043e\u0431\u043d\u043e\u0432\u043b\u044f\u0435\u043c\u044b\u043c \u0438\u0441\u0442\u043e\u0447\u043d\u0438\u043a\u0430\u043c \u0442\u0435\u043f\u043b\u0430 \u0438 \u0445\u043e\u043b\u043e\u0434\u0430<\/a> (pdf)<\/li>\n<\/ul>\n\n\n\n<p>Kendi \u00fclkenizde EKOenerji etiketli yenilenebilir \u0131s\u0131 satmak istiyorsan\u0131z <a href=\"https:\/\/www.ekoenergy.org\/tr\/about-us\/contact-us\/\">bizle ileti\u015fime ge\u00e7in<\/a>.<\/p>\n","protected":false},"excerpt":{"rendered":"<p>Yenilenebilir \u0131s\u0131 ve so\u011futma EKOenerji etiketli yenilenebilir \u0131s\u0131n\u0131n g\u00fcvenli \u015fekilde kaynak takibi yap\u0131lm\u0131\u015f olmal\u0131d\u0131r ve \u00e7ifte say\u0131mdan ka\u00e7\u0131n\u0131lm\u0131\u015f olmas\u0131 gerekir. Yaln\u0131zca a\u015fa\u011f\u0131daki \u015fekillerde \u00fcretilmi\u015f \u0131s\u0131 ve so\u011futma EKOenerji eko-etiketini ta\u015f\u0131yabilir: EKOenerji etiketli \u0131s\u0131n\u0131n her megavat-saati i\u00e7in 0.10 avro EKOenerji&#8217;nin \u0130klim Fonu&#8216;da gider. EKOenerji \u0130klim Fonu, BM&#8217;nin S\u00fcrd\u00fcr\u00fclebilir Kalk\u0131nma Ama\u00e7lar\u0131&#8217;na uygun, geli\u015fmekte olan \u00fclkelerdeki yenilenebilir enerji [&hellip;]<\/p>\n","protected":false},"author":2,"featured_media":28696,"parent":25325,"menu_order":4,"comment_status":"closed","ping_status":"closed","template":"","meta":{"inline_featured_image":false,"_uag_custom_page_level_css":"","site-sidebar-layout":"default","site-content-layout":"default","ast-site-content-layout":"default","site-content-style":"default","site-sidebar-style":"default","ast-global-header-display":"","ast-banner-title-visibility":"","ast-main-header-display":"","ast-hfb-above-header-display":"","ast-hfb-below-header-display":"","ast-hfb-mobile-header-display":"","site-post-title":"disabled","ast-breadcrumbs-content":"","ast-featured-img":"","footer-sml-layout":"","ast-disable-related-posts":"","theme-transparent-header-meta":"default","adv-header-id-meta":"","stick-header-meta":"default","header-above-stick-meta":"","header-main-stick-meta":"","header-below-stick-meta":"","astra-migrate-meta-layouts":"default","ast-page-background-enabled":"default","ast-page-background-meta":{"desktop":{"background-color":"","background-image":"","background-repeat":"repeat","background-position":"center center","background-size":"auto","background-attachment":"scroll","background-type":"","background-media":"","overlay-type":"","overlay-color":"","overlay-opacity":"","overlay-gradient":""},"tablet":{"background-color":"","background-image":"","background-repeat":"repeat","background-position":"center center","background-size":"auto","background-attachment":"scroll","background-type":"","background-media":"","overlay-type":"","overlay-color":"","overlay-opacity":"","overlay-gradient":""},"mobile":{"background-color":"","background-image":"","background-repeat":"repeat","background-position":"center center","background-size":"auto","background-attachment":"scroll","background-type":"","background-media":"","overlay-type":"","overlay-color":"","overlay-opacity":"","overlay-gradient":""}},"ast-content-background-meta":{"desktop":{"background-color":"var(--ast-global-color-5)","background-image":"","background-repeat":"repeat","background-position":"center center","background-size":"auto","background-attachment":"scroll","background-type":"","background-media":"","overlay-type":"","overlay-color":"","overlay-opacity":"","overlay-gradient":""},"tablet":{"background-color":"var(--ast-global-color-5)","background-image":"","background-repeat":"repeat","background-position":"center center","background-size":"auto","background-attachment":"scroll","background-type":"","background-media":"","overlay-type":"","overlay-color":"","overlay-opacity":"","overlay-gradient":""},"mobile":{"background-color":"var(--ast-global-color-5)","background-image":"","background-repeat":"repeat","background-position":"center center","background-size":"auto","background-attachment":"scroll","background-type":"","background-media":"","overlay-type":"","overlay-color":"","overlay-opacity":"","overlay-gradient":""}},"footnotes":""},"class_list":["post-4061","page","type-page","status-publish","has-post-thumbnail","hentry"],"yoast_head":"<!-- This site is optimized with the Yoast SEO plugin v27.3 - https:\/\/yoast.com\/product\/yoast-seo-wordpress\/ -->\n<title>Yenilenebilir \u0131s\u0131 - EKOenergy ecolabel<\/title>\n<meta name=\"description\" content=\"EKOenerji eko-etiketli yenilenebilir \u0131s\u0131 ve so\u011futma kullanmak m\u00fcmk\u00fcnd\u00fcr. Is\u0131 i\u00e7in s\u00fcrd\u00fcr\u00fclebilirlik kriterlerimize buradan ula\u015fabilirsiniz.\" \/>\n<meta name=\"robots\" content=\"index, follow, max-snippet:-1, max-image-preview:large, max-video-preview:-1\" \/>\n<link rel=\"canonical\" href=\"https:\/\/www.ekoenergy.org\/tr\/ecolabel\/kriter\/yenilenebilir-isi\/\" \/>\n<meta property=\"og:locale\" content=\"tr_TR\" \/>\n<meta property=\"og:type\" content=\"article\" \/>\n<meta property=\"og:title\" content=\"Yenilenebilir \u0131s\u0131 - EKOenergy ecolabel\" \/>\n<meta property=\"og:description\" content=\"EKOenerji eko-etiketli yenilenebilir \u0131s\u0131 ve so\u011futma kullanmak m\u00fcmk\u00fcnd\u00fcr. Is\u0131 i\u00e7in s\u00fcrd\u00fcr\u00fclebilirlik kriterlerimize buradan ula\u015fabilirsiniz.\" \/>\n<meta property=\"og:url\" content=\"https:\/\/www.ekoenergy.org\/tr\/ecolabel\/kriter\/yenilenebilir-isi\/\" \/>\n<meta property=\"og:site_name\" content=\"EKOenergy ecolabel\" \/>\n<meta property=\"article:publisher\" content=\"https:\/\/www.facebook.com\/EKOenergy.ecolabel\/\" \/>\n<meta property=\"article:modified_time\" content=\"2023-06-14T15:28:14+00:00\" \/>\n<meta property=\"og:image\" content=\"https:\/\/www.ekoenergy.org\/wp-content\/uploads\/Absorption-heat-pump-Commons-Wikimedia.jpg\" \/>\n\t<meta property=\"og:image:width\" content=\"1024\" \/>\n\t<meta property=\"og:image:height\" content=\"640\" \/>\n\t<meta property=\"og:image:type\" content=\"image\/jpeg\" \/>\n<meta name=\"twitter:card\" content=\"summary_large_image\" \/>\n<meta name=\"twitter:site\" content=\"@EKOenergy_\" \/>\n<meta name=\"twitter:label1\" content=\"Tahmini okuma s\u00fcresi\" \/>\n\t<meta name=\"twitter:data1\" content=\"2 dakika\" \/>\n<script type=\"application\/ld+json\" class=\"yoast-schema-graph\">{\"@context\":\"https:\\\/\\\/schema.org\",\"@graph\":[{\"@type\":\"WebPage\",\"@id\":\"https:\\\/\\\/www.ekoenergy.org\\\/tr\\\/ecolabel\\\/kriter\\\/yenilenebilir-isi\\\/\",\"url\":\"https:\\\/\\\/www.ekoenergy.org\\\/tr\\\/ecolabel\\\/kriter\\\/yenilenebilir-isi\\\/\",\"name\":\"Yenilenebilir \u0131s\u0131 - EKOenergy ecolabel\",\"isPartOf\":{\"@id\":\"https:\\\/\\\/www.ekoenergy.org\\\/tr\\\/#website\"},\"primaryImageOfPage\":{\"@id\":\"https:\\\/\\\/www.ekoenergy.org\\\/tr\\\/ecolabel\\\/kriter\\\/yenilenebilir-isi\\\/#primaryimage\"},\"image\":{\"@id\":\"https:\\\/\\\/www.ekoenergy.org\\\/tr\\\/ecolabel\\\/kriter\\\/yenilenebilir-isi\\\/#primaryimage\"},\"thumbnailUrl\":\"https:\\\/\\\/www.ekoenergy.org\\\/wp-content\\\/uploads\\\/Absorption-heat-pump-Commons-Wikimedia.jpg\",\"datePublished\":\"2019-12-04T13:38:28+00:00\",\"dateModified\":\"2023-06-14T15:28:14+00:00\",\"description\":\"EKOenerji eko-etiketli yenilenebilir \u0131s\u0131 ve so\u011futma kullanmak m\u00fcmk\u00fcnd\u00fcr. Is\u0131 i\u00e7in s\u00fcrd\u00fcr\u00fclebilirlik kriterlerimize buradan ula\u015fabilirsiniz.\",\"breadcrumb\":{\"@id\":\"https:\\\/\\\/www.ekoenergy.org\\\/tr\\\/ecolabel\\\/kriter\\\/yenilenebilir-isi\\\/#breadcrumb\"},\"inLanguage\":\"tr\",\"potentialAction\":[{\"@type\":\"ReadAction\",\"target\":[\"https:\\\/\\\/www.ekoenergy.org\\\/tr\\\/ecolabel\\\/kriter\\\/yenilenebilir-isi\\\/\"]}]},{\"@type\":\"ImageObject\",\"inLanguage\":\"tr\",\"@id\":\"https:\\\/\\\/www.ekoenergy.org\\\/tr\\\/ecolabel\\\/kriter\\\/yenilenebilir-isi\\\/#primaryimage\",\"url\":\"https:\\\/\\\/www.ekoenergy.org\\\/wp-content\\\/uploads\\\/Absorption-heat-pump-Commons-Wikimedia.jpg\",\"contentUrl\":\"https:\\\/\\\/www.ekoenergy.org\\\/wp-content\\\/uploads\\\/Absorption-heat-pump-Commons-Wikimedia.jpg\",\"width\":1024,\"height\":640},{\"@type\":\"BreadcrumbList\",\"@id\":\"https:\\\/\\\/www.ekoenergy.org\\\/tr\\\/ecolabel\\\/kriter\\\/yenilenebilir-isi\\\/#breadcrumb\",\"itemListElement\":[{\"@type\":\"ListItem\",\"position\":1,\"name\":\"Home\",\"item\":\"https:\\\/\\\/www.ekoenergy.org\\\/tr\\\/\"},{\"@type\":\"ListItem\",\"position\":2,\"name\":\"Eko-etiketimiz\",\"item\":\"https:\\\/\\\/www.ekoenergy.org\\\/tr\\\/ecolabel\\\/\"},{\"@type\":\"ListItem\",\"position\":3,\"name\":\"EKOenerji kriterleri\",\"item\":\"https:\\\/\\\/www.ekoenergy.org\\\/tr\\\/ecolabel\\\/kriter\\\/\"},{\"@type\":\"ListItem\",\"position\":4,\"name\":\"Yenilenebilir \u0131s\u0131\"}]},{\"@type\":\"WebSite\",\"@id\":\"https:\\\/\\\/www.ekoenergy.org\\\/tr\\\/#website\",\"url\":\"https:\\\/\\\/www.ekoenergy.org\\\/tr\\\/\",\"name\":\"EKOenergy ecolabel\",\"description\":\"The global nonprofit ecolabel for renewable energy\",\"publisher\":{\"@id\":\"https:\\\/\\\/www.ekoenergy.org\\\/tr\\\/#organization\"},\"potentialAction\":[{\"@type\":\"SearchAction\",\"target\":{\"@type\":\"EntryPoint\",\"urlTemplate\":\"https:\\\/\\\/www.ekoenergy.org\\\/tr\\\/?s={search_term_string}\"},\"query-input\":{\"@type\":\"PropertyValueSpecification\",\"valueRequired\":true,\"valueName\":\"search_term_string\"}}],\"inLanguage\":\"tr\"},{\"@type\":\"Organization\",\"@id\":\"https:\\\/\\\/www.ekoenergy.org\\\/tr\\\/#organization\",\"name\":\"Not-for-profit Organisation EKOenergy\",\"url\":\"https:\\\/\\\/www.ekoenergy.org\\\/tr\\\/\",\"logo\":{\"@type\":\"ImageObject\",\"inLanguage\":\"tr\",\"@id\":\"https:\\\/\\\/www.ekoenergy.org\\\/tr\\\/#\\\/schema\\\/logo\\\/image\\\/\",\"url\":\"https:\\\/\\\/www.ekoenergy.org\\\/wp-content\\\/uploads\\\/logo-EKOenergy-no-text.jpg\",\"contentUrl\":\"https:\\\/\\\/www.ekoenergy.org\\\/wp-content\\\/uploads\\\/logo-EKOenergy-no-text.jpg\",\"width\":1600,\"height\":1600,\"caption\":\"Not-for-profit Organisation EKOenergy\"},\"image\":{\"@id\":\"https:\\\/\\\/www.ekoenergy.org\\\/tr\\\/#\\\/schema\\\/logo\\\/image\\\/\"},\"sameAs\":[\"https:\\\/\\\/www.facebook.com\\\/EKOenergy.ecolabel\\\/\",\"https:\\\/\\\/x.com\\\/EKOenergy_\",\"https:\\\/\\\/www.instagram.com\\\/ekoenergy\\\/\",\"https:\\\/\\\/www.linkedin.com\\\/company\\\/ekoenergy-ecolabel\\\/\",\"https:\\\/\\\/www.youtube.com\\\/EKOenergy-ecolabel\",\"https:\\\/\\\/en.wikipedia.org\\\/wiki\\\/EKOenergy\"]}]}<\/script>\n<!-- \/ Yoast SEO plugin. -->","yoast_head_json":{"title":"Yenilenebilir \u0131s\u0131 - EKOenergy ecolabel","description":"EKOenerji eko-etiketli yenilenebilir \u0131s\u0131 ve so\u011futma kullanmak m\u00fcmk\u00fcnd\u00fcr. Is\u0131 i\u00e7in s\u00fcrd\u00fcr\u00fclebilirlik kriterlerimize buradan ula\u015fabilirsiniz.","robots":{"index":"index","follow":"follow","max-snippet":"max-snippet:-1","max-image-preview":"max-image-preview:large","max-video-preview":"max-video-preview:-1"},"canonical":"https:\/\/www.ekoenergy.org\/tr\/ecolabel\/kriter\/yenilenebilir-isi\/","og_locale":"tr_TR","og_type":"article","og_title":"Yenilenebilir \u0131s\u0131 - EKOenergy ecolabel","og_description":"EKOenerji eko-etiketli yenilenebilir \u0131s\u0131 ve so\u011futma kullanmak m\u00fcmk\u00fcnd\u00fcr. Is\u0131 i\u00e7in s\u00fcrd\u00fcr\u00fclebilirlik kriterlerimize buradan ula\u015fabilirsiniz.","og_url":"https:\/\/www.ekoenergy.org\/tr\/ecolabel\/kriter\/yenilenebilir-isi\/","og_site_name":"EKOenergy ecolabel","article_publisher":"https:\/\/www.facebook.com\/EKOenergy.ecolabel\/","article_modified_time":"2023-06-14T15:28:14+00:00","og_image":[{"width":1024,"height":640,"url":"https:\/\/www.ekoenergy.org\/wp-content\/uploads\/Absorption-heat-pump-Commons-Wikimedia.jpg","type":"image\/jpeg"}],"twitter_card":"summary_large_image","twitter_site":"@EKOenergy_","twitter_misc":{"Tahmini okuma s\u00fcresi":"2 dakika"},"schema":{"@context":"https:\/\/schema.org","@graph":[{"@type":"WebPage","@id":"https:\/\/www.ekoenergy.org\/tr\/ecolabel\/kriter\/yenilenebilir-isi\/","url":"https:\/\/www.ekoenergy.org\/tr\/ecolabel\/kriter\/yenilenebilir-isi\/","name":"Yenilenebilir \u0131s\u0131 - EKOenergy ecolabel","isPartOf":{"@id":"https:\/\/www.ekoenergy.org\/tr\/#website"},"primaryImageOfPage":{"@id":"https:\/\/www.ekoenergy.org\/tr\/ecolabel\/kriter\/yenilenebilir-isi\/#primaryimage"},"image":{"@id":"https:\/\/www.ekoenergy.org\/tr\/ecolabel\/kriter\/yenilenebilir-isi\/#primaryimage"},"thumbnailUrl":"https:\/\/www.ekoenergy.org\/wp-content\/uploads\/Absorption-heat-pump-Commons-Wikimedia.jpg","datePublished":"2019-12-04T13:38:28+00:00","dateModified":"2023-06-14T15:28:14+00:00","description":"EKOenerji eko-etiketli yenilenebilir \u0131s\u0131 ve so\u011futma kullanmak m\u00fcmk\u00fcnd\u00fcr. Is\u0131 i\u00e7in s\u00fcrd\u00fcr\u00fclebilirlik kriterlerimize buradan ula\u015fabilirsiniz.","breadcrumb":{"@id":"https:\/\/www.ekoenergy.org\/tr\/ecolabel\/kriter\/yenilenebilir-isi\/#breadcrumb"},"inLanguage":"tr","potentialAction":[{"@type":"ReadAction","target":["https:\/\/www.ekoenergy.org\/tr\/ecolabel\/kriter\/yenilenebilir-isi\/"]}]},{"@type":"ImageObject","inLanguage":"tr","@id":"https:\/\/www.ekoenergy.org\/tr\/ecolabel\/kriter\/yenilenebilir-isi\/#primaryimage","url":"https:\/\/www.ekoenergy.org\/wp-content\/uploads\/Absorption-heat-pump-Commons-Wikimedia.jpg","contentUrl":"https:\/\/www.ekoenergy.org\/wp-content\/uploads\/Absorption-heat-pump-Commons-Wikimedia.jpg","width":1024,"height":640},{"@type":"BreadcrumbList","@id":"https:\/\/www.ekoenergy.org\/tr\/ecolabel\/kriter\/yenilenebilir-isi\/#breadcrumb","itemListElement":[{"@type":"ListItem","position":1,"name":"Home","item":"https:\/\/www.ekoenergy.org\/tr\/"},{"@type":"ListItem","position":2,"name":"Eko-etiketimiz","item":"https:\/\/www.ekoenergy.org\/tr\/ecolabel\/"},{"@type":"ListItem","position":3,"name":"EKOenerji kriterleri","item":"https:\/\/www.ekoenergy.org\/tr\/ecolabel\/kriter\/"},{"@type":"ListItem","position":4,"name":"Yenilenebilir \u0131s\u0131"}]},{"@type":"WebSite","@id":"https:\/\/www.ekoenergy.org\/tr\/#website","url":"https:\/\/www.ekoenergy.org\/tr\/","name":"EKOenergy ecolabel","description":"The global nonprofit ecolabel for renewable energy","publisher":{"@id":"https:\/\/www.ekoenergy.org\/tr\/#organization"},"potentialAction":[{"@type":"SearchAction","target":{"@type":"EntryPoint","urlTemplate":"https:\/\/www.ekoenergy.org\/tr\/?s={search_term_string}"},"query-input":{"@type":"PropertyValueSpecification","valueRequired":true,"valueName":"search_term_string"}}],"inLanguage":"tr"},{"@type":"Organization","@id":"https:\/\/www.ekoenergy.org\/tr\/#organization","name":"Not-for-profit Organisation EKOenergy","url":"https:\/\/www.ekoenergy.org\/tr\/","logo":{"@type":"ImageObject","inLanguage":"tr","@id":"https:\/\/www.ekoenergy.org\/tr\/#\/schema\/logo\/image\/","url":"https:\/\/www.ekoenergy.org\/wp-content\/uploads\/logo-EKOenergy-no-text.jpg","contentUrl":"https:\/\/www.ekoenergy.org\/wp-content\/uploads\/logo-EKOenergy-no-text.jpg","width":1600,"height":1600,"caption":"Not-for-profit Organisation EKOenergy"},"image":{"@id":"https:\/\/www.ekoenergy.org\/tr\/#\/schema\/logo\/image\/"},"sameAs":["https:\/\/www.facebook.com\/EKOenergy.ecolabel\/","https:\/\/x.com\/EKOenergy_","https:\/\/www.instagram.com\/ekoenergy\/","https:\/\/www.linkedin.com\/company\/ekoenergy-ecolabel\/","https:\/\/www.youtube.com\/EKOenergy-ecolabel","https:\/\/en.wikipedia.org\/wiki\/EKOenergy"]}]}},"uagb_featured_image_src":{"full":["https:\/\/www.ekoenergy.org\/wp-content\/uploads\/Absorption-heat-pump-Commons-Wikimedia.jpg",1024,640,false],"thumbnail":["https:\/\/www.ekoenergy.org\/wp-content\/uploads\/Absorption-heat-pump-Commons-Wikimedia-150x150.jpg",150,150,true],"medium":["https:\/\/www.ekoenergy.org\/wp-content\/uploads\/Absorption-heat-pump-Commons-Wikimedia-320x200.jpg",320,200,true],"medium_large":["https:\/\/www.ekoenergy.org\/wp-content\/uploads\/Absorption-heat-pump-Commons-Wikimedia-768x480.jpg",768,480,true],"large":["https:\/\/www.ekoenergy.org\/wp-content\/uploads\/Absorption-heat-pump-Commons-Wikimedia.jpg",1024,640,false],"1536x1536":["https:\/\/www.ekoenergy.org\/wp-content\/uploads\/Absorption-heat-pump-Commons-Wikimedia.jpg",1024,640,false],"2048x2048":["https:\/\/www.ekoenergy.org\/wp-content\/uploads\/Absorption-heat-pump-Commons-Wikimedia.jpg",1024,640,false]},"uagb_author_info":{"display_name":"Steven Vanholme","author_link":"https:\/\/www.ekoenergy.org\/tr\/author\/svanholme\/"},"uagb_comment_info":0,"uagb_excerpt":"Yenilenebilir \u0131s\u0131 ve so\u011futma EKOenerji etiketli yenilenebilir \u0131s\u0131n\u0131n g\u00fcvenli \u015fekilde kaynak takibi yap\u0131lm\u0131\u015f olmal\u0131d\u0131r ve \u00e7ifte say\u0131mdan ka\u00e7\u0131n\u0131lm\u0131\u015f olmas\u0131 gerekir. Yaln\u0131zca a\u015fa\u011f\u0131daki \u015fekillerde \u00fcretilmi\u015f \u0131s\u0131 ve so\u011futma EKOenerji eko-etiketini ta\u015f\u0131yabilir: EKOenerji etiketli \u0131s\u0131n\u0131n her megavat-saati i\u00e7in 0.10 avro EKOenerji&#8217;nin \u0130klim Fonu&#8216;da gider. EKOenerji \u0130klim Fonu, BM&#8217;nin S\u00fcrd\u00fcr\u00fclebilir Kalk\u0131nma Ama\u00e7lar\u0131&#8217;na uygun, geli\u015fmekte olan \u00fclkelerdeki yenilenebilir enerji&hellip;","_links":{"self":[{"href":"https:\/\/www.ekoenergy.org\/tr\/wp-json\/wp\/v2\/pages\/4061","targetHints":{"allow":["GET"]}}],"collection":[{"href":"https:\/\/www.ekoenergy.org\/tr\/wp-json\/wp\/v2\/pages"}],"about":[{"href":"https:\/\/www.ekoenergy.org\/tr\/wp-json\/wp\/v2\/types\/page"}],"author":[{"embeddable":true,"href":"https:\/\/www.ekoenergy.org\/tr\/wp-json\/wp\/v2\/users\/2"}],"replies":[{"embeddable":true,"href":"https:\/\/www.ekoenergy.org\/tr\/wp-json\/wp\/v2\/comments?post=4061"}],"version-history":[{"count":3,"href":"https:\/\/www.ekoenergy.org\/tr\/wp-json\/wp\/v2\/pages\/4061\/revisions"}],"predecessor-version":[{"id":146895,"href":"https:\/\/www.ekoenergy.org\/tr\/wp-json\/wp\/v2\/pages\/4061\/revisions\/146895"}],"up":[{"embeddable":true,"href":"https:\/\/www.ekoenergy.org\/tr\/wp-json\/wp\/v2\/pages\/25325"}],"wp:featuredmedia":[{"embeddable":true,"href":"https:\/\/www.ekoenergy.org\/tr\/wp-json\/wp\/v2\/media\/28696"}],"wp:attachment":[{"href":"https:\/\/www.ekoenergy.org\/tr\/wp-json\/wp\/v2\/media?parent=4061"}],"curies":[{"name":"wp","href":"https:\/\/api.w.org\/{rel}","templated":true}]}}