{"id":50408,"date":"2019-12-04T13:58:01","date_gmt":"2019-12-04T13:58:01","guid":{"rendered":"https:\/\/www.ekoenergy.org\/logo\/"},"modified":"2021-12-30T13:12:05","modified_gmt":"2021-12-30T11:12:05","slug":"logo","status":"publish","type":"page","link":"https:\/\/www.ekoenergy.org\/vi\/extras\/logo\/","title":{"rendered":"Logo c\u1ee7a ch\u00fang t\u00f4i trong ng\u00f4n ng\u1eef c\u1ee7a b\u1ea1n"},"content":{"rendered":"\n<h1 class=\"wp-block-heading\">Logo c\u1ee7a ch\u00fang t\u00f4i trong ng\u00f4n ng\u1eef c\u1ee7a b\u1ea1n<\/h1>\n\n\n\n<div class=\"wp-block-image\"><figure class=\"aligncenter size-large\"><img fetchpriority=\"high\" decoding=\"async\" width=\"1024\" height=\"683\" src=\"https:\/\/www.ekoenergy.org\/wp-content\/uploads\/\/ekoenergy_word_map_logos_2-1024x683.png\" alt=\"\" class=\"wp-image-102057\" srcset=\"https:\/\/www.ekoenergy.org\/wp-content\/uploads\/ekoenergy_word_map_logos_2-1024x683.png 1024w, https:\/\/www.ekoenergy.org\/wp-content\/uploads\/ekoenergy_word_map_logos_2-320x213.png 320w, https:\/\/www.ekoenergy.org\/wp-content\/uploads\/ekoenergy_word_map_logos_2-768x512.png 768w, https:\/\/www.ekoenergy.org\/wp-content\/uploads\/ekoenergy_word_map_logos_2-1536x1024.png 1536w, https:\/\/www.ekoenergy.org\/wp-content\/uploads\/ekoenergy_word_map_logos_2-2048x1365.png 2048w\" sizes=\"(max-width: 1024px) 100vw, 1024px\" \/><\/figure><\/div>\n\n\n\n<p>Logo v\u00e0 t\u00e0i li\u1ec7u truy\u1ec1n th\u00f4ng c\u1ee7a EKOenergy c\u00f3 s\u1eb5n v\u1edbi nhi\u1ec1u ng\u00f4n ng\u1eef  kh\u00e1c nhau. C\u00e1c doanh nghi\u1ec7p \u0111\u01b0\u1ee3c c\u1ea5p nh\u00e3n hi\u1ec7u EKOenergy v\u00e0 ng\u01b0\u1eddi ti\u00eau  d\u00f9ng c\u00f3 th\u1ec3 li\u00ean h\u1ec7 v\u1edbi ch\u00fang t\u00f4i qua email <a href=\"mailto:info@ekoenergy.org\">info<img decoding=\"async\" class=\"alignnone\" src=\"https:\/\/www.ekoenergy.org\/wp-content\/uploads\/small-EKOenergy-symbol-for-emails.jpg\" alt=\" \">ekoenergy.org<\/a> \u0111\u1ec3 c\u00f3 th\u00f4ng tin v\u1ec1 c\u00e1c t\u00e0i li\u1ec7u n\u00e0y.<\/p>\n\n\n\n<div class=\"wp-block-image\"><figure class=\"aligncenter size-full\"><img decoding=\"async\" width=\"1024\" height=\"341\" src=\"https:\/\/www.ekoenergy.org\/wp-content\/uploads\/2021_pic-for-thebrandbook-website.png\" alt=\"\" class=\"wp-image-109176\" srcset=\"https:\/\/www.ekoenergy.org\/wp-content\/uploads\/2021_pic-for-thebrandbook-website.png 1024w, https:\/\/www.ekoenergy.org\/wp-content\/uploads\/2021_pic-for-thebrandbook-website-320x107.png 320w, https:\/\/www.ekoenergy.org\/wp-content\/uploads\/2021_pic-for-thebrandbook-website-768x256.png 768w\" sizes=\"(max-width: 1024px) 100vw, 1024px\" \/><\/figure><\/div>\n\n\n\n<p>Xem th\u00eam v\u00ed d\u1ee5 tr\u00ean&nbsp;<a rel=\"noreferrer noopener\" href=\"https:\/\/flic.kr\/s\/aHskEHRwU7\" target=\"_blank\">EKOenergy Flickr<\/a>.<\/p>\n\n\n\n<h2 class=\"wp-block-heading\">Logo EKOenergy tr\u00ean c\u00e1c s\u1ea3n ph\u1ea9m v\u00e0 c\u00f4ng tr\u00ecnh x\u00e2y d\u1ef1ng<\/h2>\n\n\n\n<p>C\u00e1c \u0111o\u00e0n th\u1ec3, t\u1ed5 ch\u1ee9c, c\u00f4ng ty n\u1eafm vai tr\u00f2 ch\u00ednh trong vi\u1ec7c khuy\u1ebfn kh\u00edch  m\u1ecdi ng\u01b0\u1eddi c\u00f9ng cam k\u1ebft s\u1eed d\u1ee5ng c\u00e1c ngu\u1ed3n n\u0103ng l\u01b0\u1ee3ng c\u00f3 kh\u1ea3 n\u0103ng t\u00e1i  t\u1ea1o. Khi b\u1ea1n s\u1eed d\u1ee5ng logo EKOenergy tr\u00ean c\u00e1c s\u1ea3n ph\u1ea9m, v\u0103n ph\u00f2ng,  website v\u00e0 c\u00e1c c\u00f4ng tr\u00ecnh x\u00e2y d\u1ef1ng, b\u1ea1n \u0111\u00e3 truy\u1ec1n c\u1ea3m h\u1ee9ng \u0111\u1ebfn nh\u1eefng  ng\u01b0\u1eddi xung quanh. Vi\u1ec7c l\u00e0m n\u00e0y c\u0169ng th\u1ec3 hi\u1ec7n r\u1eb1ng b\u1ea1n \u0111ang s\u1eed d\u1ee5ng c\u00e1c  ngu\u1ed3n n\u0103ng l\u01b0\u1ee3ng c\u00f3 kh\u1ea3 n\u0103ng t\u00e1i t\u1ea1o \u0111\u1ebfn t\u1eeb m\u1ed9t trong nh\u1eefng n\u1ec1n t\u1ea3ng  th\u00e2n thi\u1ec7n nh\u1ea5t v\u1edbi m\u00f4i tr\u01b0\u1eddng, th\u00fac \u0111\u1ea9y s\u1ef1 chuy\u1ec3n m\u00ecnh sang m\u1ed9t th\u1ebf  gi\u1edbi 100% mang t\u00ednh ch\u1ea5t t\u00e1i t\u1ea1o, t\u00e1i s\u1eed d\u1ee5ng v\u00e0 c\u00f3 kh\u1ea3 n\u0103ng ph\u1ee5c h\u1ed3i.  Khi c\u00f3 nhi\u1ec1u ng\u01b0\u1eddi s\u1eed d\u1ee5ng logo EKOenergy \u1edf nhi\u1ec1u qu\u1ed1c gia kh\u00e1c nhau, s\u1ef1 k\u1ebft n\u1ed1i c\u1ee7a nh\u1eefng ngu\u1ed3n n\u0103ng l\u01b0\u1ee3ng t\u00edch c\u1ef1c \u0111\u01b0\u1ee3c lan truy\u1ec1n r\u1ed9ng r\u00e3i kh\u1eafp n\u01a1i tr\u00ean th\u1ebf gi\u1edbi!<\/p>\n\n\n\n<p>B\u1ea1n c\u00f3 th\u1ec3 s\u1eed d\u1ee5ng logo EKOenergy tr\u00ean:<\/p>\n\n\n\n<ul class=\"wp-block-list\"><li>C\u00e1c s\u1ea3n ph\u1ea9m<\/li><li>Website c\u1ee7a b\u1ea1n<\/li><li>C\u00e1c t\u00e0i li\u1ec7u truy\u1ec1n th\u00f4ng v\u00e0 qu\u1ea3ng c\u00e1o<\/li><li>C\u00e1c c\u00f4ng tr\u00ecnh x\u00e2y d\u1ef1ng v\u00e0 c\u01a1 s\u1edf<\/li><li>C\u00e1c b\u00e1o c\u00e1o v\u1ec1 s\u1ef1 ph\u00e1t tri\u1ec3n b\u1ec1n v\u1eefng<\/li><li>C\u00e1c c\u1eeda hi\u1ec7u v\u00e0 v\u0103n ph\u00f2ng <\/li><li>&#8230;<\/li><\/ul>\n\n\n\n<p>Tham gia phong tr\u00e0o qu\u1ed1c t\u1ebf h\u01b0\u1edbng t\u1edbi nh\u1eefng ngu\u1ed3n n\u0103ng l\u01b0\u1ee3ng b\u1ec1n v\u1eefng, t\u00e1i t\u1ea1o v\u00e0 <a href=\"https:\/\/www.ekoenergy.org\/vi\/buying-ekoenergy\/\">tr\u1edf th\u00e0nh ng\u01b0\u1eddi d\u00f9ng EKOenergy<\/a>.<\/p>\n\n\n\n<figure class=\"wp-block-image size-full\"><img decoding=\"async\" src=\"https:\/\/www.ekoenergy.org\/wp-content\/uploads\/Untitled-design-2.jpg\" alt=\"\" class=\"wp-image-109198\"\/><\/figure>\n\n\n\n<p>Xem th\u00eam v\u00ed d\u1ee5 tr\u00ean&nbsp;<a rel=\"noreferrer noopener\" href=\"https:\/\/flic.kr\/s\/aHskEHRwU7\" target=\"_blank\">EKOenergy Flickr<\/a>.<\/p>\n\n\n\n<h2 class=\"wp-block-heading\">S\u00e1ch h\u01b0\u1edbng d\u1eabn nh\u00e3n hi\u1ec7u<\/h2>\n\n\n\n<p>Ch\u00fang t\u00f4i lu\u00f4n \u0111\u1ed3ng h\u00e0nh c\u00f9ng c\u00e1c doanh nghi\u1ec7p \u0111\u01b0\u1ee3c c\u1ea5p ph\u00e9p v\u00e0 ng\u01b0\u1eddi  ti\u00eau d\u00f9ng nh\u00e3n hi\u1ec7u EKOenergy, khuy\u1ebfn kh\u00edch m\u1ecdi ng\u01b0\u1eddi s\u1eed d\u1ee5ng th\u01b0\u01a1ng  hi\u1ec7u v\u00e0 logo EKOenergy. Xem th\u00eam c\u00e1c \u0111i\u1ec1u kho\u1ea3n \u0111\u1ec3 th\u1ef1c hi\u1ec7n c\u00f4ng t\u00e1c truy\u1ec1n th\u00f4ng v\u1ec1 EKOenergy trong <a aria-label=\"s\u00e1ch h\u01b0\u1edbng d\u1eabn nh\u00e3n hi\u1ec7u (EKOenergy's brand book) (opens in a new tab)\" href=\"https:\/\/www.ekoenergy.org\/wp-content\/uploads\/EKOenergy_Brand_book_english.pdf\" target=\"_blank\" rel=\"noreferrer noopener\">s\u00e1ch h\u01b0\u1edbng d\u1eabn nh\u00e3n hi\u1ec7u (EKOenergy&#8217;s brand book)<\/a> c\u1ee7a ch\u00fang t\u00f4i (pdf).<\/p>\n\n\n\n<p>For a quick overview of the main rules and recommendations, see also our one-pager \u201cWhat can you communicate as EKOenergy user?\u201d. It is available in the following languages: <\/p>\n\n\n\n<ul class=\"wp-block-list\"><li>EN: <a href=\"https:\/\/www.ekoenergy.org\/wp-content\/uploads\/what-can-you-communicate-as-ekoenergy-user-leaflet.pdf\" target=\"_blank\" rel=\"noreferrer noopener\">What can you communicate as EKOenergy user? <\/a><\/li><li>ES: <a href=\"https:\/\/www.ekoenergy.org\/wp-content\/uploads\/what-can-you-communicate-as-ekoenergy-user-leaflet-spanish.pdf\" target=\"_blank\" rel=\"noreferrer noopener\">\u00bfQu\u00e9 puede comunicar como usuario de EKOenerg\u00eda?<\/a><\/li><\/ul>\n\n\n\n<h2 class=\"wp-block-heading\">Li\u00ean h\u1ec7<\/h2>\n\n\n\n<p>N\u1ebfu b\u1ea1n mu\u1ed1n s\u1edf h\u1eefu logo EKOenergy theo ng\u00f4n ng\u1eef c\u1ee7a b\u1ea1n, vui l\u00f2ng li\u00ean  h\u1ec7 Ban Th\u01b0 k\u00fd c\u1ee7a EKOenery. Ch\u00fang t\u00f4i lu\u00f4n \u1ee7ng h\u1ed9 ng\u01b0\u1eddi ti\u00eau d\u00f9ng  EKOenergy s\u1eed d\u1ee5ng logo EKOenergy <a href=\"https:\/\/www.ekoenergy.org\/vi\/about-us\/contact-us\/\">v\u1edbi \u0111a d\u1ea1ng ng\u00f4n ng\u1eef.<\/a><\/p>\n","protected":false},"excerpt":{"rendered":"<p>Logo c\u1ee7a ch\u00fang t\u00f4i trong ng\u00f4n ng\u1eef c\u1ee7a b\u1ea1n Logo v\u00e0 t\u00e0i li\u1ec7u truy\u1ec1n th\u00f4ng c\u1ee7a EKOenergy c\u00f3 s\u1eb5n v\u1edbi nhi\u1ec1u ng\u00f4n ng\u1eef kh\u00e1c nhau. C\u00e1c doanh nghi\u1ec7p \u0111\u01b0\u1ee3c c\u1ea5p nh\u00e3n hi\u1ec7u EKOenergy v\u00e0 ng\u01b0\u1eddi ti\u00eau d\u00f9ng c\u00f3 th\u1ec3 li\u00ean h\u1ec7 v\u1edbi ch\u00fang t\u00f4i qua email infoekoenergy.org \u0111\u1ec3 c\u00f3 th\u00f4ng tin v\u1ec1 c\u00e1c t\u00e0i li\u1ec7u [&hellip;]<\/p>\n","protected":false},"author":17,"featured_media":50409,"parent":50410,"menu_order":1,"comment_status":"closed","ping_status":"closed","template":"","meta":{"inline_featured_image":false,"_uag_custom_page_level_css":"","site-sidebar-layout":"default","site-content-layout":"default","ast-site-content-layout":"default","site-content-style":"default","site-sidebar-style":"default","ast-global-header-display":"","ast-banner-title-visibility":"","ast-main-header-display":"","ast-hfb-above-header-display":"","ast-hfb-below-header-display":"","ast-hfb-mobile-header-display":"","site-post-title":"disabled","ast-breadcrumbs-content":"","ast-featured-img":"","footer-sml-layout":"","ast-disable-related-posts":"","theme-transparent-header-meta":"default","adv-header-id-meta":"","stick-header-meta":"default","header-above-stick-meta":"","header-main-stick-meta":"","header-below-stick-meta":"","astra-migrate-meta-layouts":"default","ast-page-background-enabled":"default","ast-page-background-meta":{"desktop":{"background-color":"","background-image":"","background-repeat":"repeat","background-position":"center center","background-size":"auto","background-attachment":"scroll","background-type":"","background-media":"","overlay-type":"","overlay-color":"","overlay-opacity":"","overlay-gradient":""},"tablet":{"background-color":"","background-image":"","background-repeat":"repeat","background-position":"center center","background-size":"auto","background-attachment":"scroll","background-type":"","background-media":"","overlay-type":"","overlay-color":"","overlay-opacity":"","overlay-gradient":""},"mobile":{"background-color":"","background-image":"","background-repeat":"repeat","background-position":"center center","background-size":"auto","background-attachment":"scroll","background-type":"","background-media":"","overlay-type":"","overlay-color":"","overlay-opacity":"","overlay-gradient":""}},"ast-content-background-meta":{"desktop":{"background-color":"var(--ast-global-color-5)","background-image":"","background-repeat":"repeat","background-position":"center center","background-size":"auto","background-attachment":"scroll","background-type":"","background-media":"","overlay-type":"","overlay-color":"","overlay-opacity":"","overlay-gradient":""},"tablet":{"background-color":"var(--ast-global-color-5)","background-image":"","background-repeat":"repeat","background-position":"center center","background-size":"auto","background-attachment":"scroll","background-type":"","background-media":"","overlay-type":"","overlay-color":"","overlay-opacity":"","overlay-gradient":""},"mobile":{"background-color":"var(--ast-global-color-5)","background-image":"","background-repeat":"repeat","background-position":"center center","background-size":"auto","background-attachment":"scroll","background-type":"","background-media":"","overlay-type":"","overlay-color":"","overlay-opacity":"","overlay-gradient":""}},"footnotes":""},"class_list":["post-50408","page","type-page","status-publish","has-post-thumbnail","hentry"],"yoast_head":"<!-- This site is optimized with the Yoast SEO plugin v27.5 - https:\/\/yoast.com\/product\/yoast-seo-wordpress\/ -->\n<title>Logo c\u1ee7a ch\u00fang t\u00f4i trong ng\u00f4n ng\u1eef c\u1ee7a b\u1ea1n - EKOenergy ecolabel<\/title>\n<meta name=\"description\" content=\"Logo v\u00e0 t\u00e0i li\u1ec7u truy\u1ec1n th\u00f4ng c\u1ee7a EKOenergy c\u00f3 s\u1eb5n v\u1edbi nhi\u1ec1u ng\u00f4n ng\u1eef kh\u00e1c nhau. Tham gia phong tr\u00e0o qu\u1ed1c t\u1ebf h\u01b0\u1edbng t\u1edbi nh\u1eefng ngu\u1ed3n n\u0103ng l\u01b0\u1ee3ng b\u1ec1n v\u1eefng.\" \/>\n<meta name=\"robots\" content=\"index, follow, max-snippet:-1, max-image-preview:large, max-video-preview:-1\" \/>\n<link rel=\"canonical\" href=\"https:\/\/www.ekoenergy.org\/vi\/extras\/logo\/\" \/>\n<meta property=\"og:locale\" content=\"vi_VN\" \/>\n<meta property=\"og:type\" content=\"article\" \/>\n<meta property=\"og:title\" content=\"Logo c\u1ee7a ch\u00fang t\u00f4i trong ng\u00f4n ng\u1eef c\u1ee7a b\u1ea1n - EKOenergy ecolabel\" \/>\n<meta property=\"og:description\" content=\"Logo v\u00e0 t\u00e0i li\u1ec7u truy\u1ec1n th\u00f4ng c\u1ee7a EKOenergy c\u00f3 s\u1eb5n v\u1edbi nhi\u1ec1u ng\u00f4n ng\u1eef kh\u00e1c nhau. Tham gia phong tr\u00e0o qu\u1ed1c t\u1ebf h\u01b0\u1edbng t\u1edbi nh\u1eefng ngu\u1ed3n n\u0103ng l\u01b0\u1ee3ng b\u1ec1n v\u1eefng.\" \/>\n<meta property=\"og:url\" content=\"https:\/\/www.ekoenergy.org\/vi\/extras\/logo\/\" \/>\n<meta property=\"og:site_name\" content=\"EKOenergy ecolabel\" \/>\n<meta property=\"article:publisher\" content=\"https:\/\/www.facebook.com\/EKOenergy.ecolabel\/\" \/>\n<meta property=\"article:modified_time\" content=\"2021-12-30T11:12:05+00:00\" \/>\n<meta property=\"og:image\" content=\"https:\/\/www.ekoenergy.org\/wp-content\/uploads\/Featured-Bottles-with-EKOenergy-logo.jpg\" \/>\n\t<meta property=\"og:image:width\" content=\"957\" \/>\n\t<meta property=\"og:image:height\" content=\"636\" \/>\n\t<meta property=\"og:image:type\" content=\"image\/jpeg\" \/>\n<meta name=\"twitter:card\" content=\"summary_large_image\" \/>\n<meta name=\"twitter:site\" content=\"@EKOenergy_\" \/>\n<meta name=\"twitter:label1\" content=\"Est. reading time\" \/>\n\t<meta name=\"twitter:data1\" content=\"3 minutes\" \/>\n<script type=\"application\/ld+json\" class=\"yoast-schema-graph\">{\"@context\":\"https:\\\/\\\/schema.org\",\"@graph\":[{\"@type\":\"WebPage\",\"@id\":\"https:\\\/\\\/www.ekoenergy.org\\\/vi\\\/extras\\\/logo\\\/\",\"url\":\"https:\\\/\\\/www.ekoenergy.org\\\/vi\\\/extras\\\/logo\\\/\",\"name\":\"Logo c\u1ee7a ch\u00fang t\u00f4i trong ng\u00f4n ng\u1eef c\u1ee7a b\u1ea1n - EKOenergy ecolabel\",\"isPartOf\":{\"@id\":\"https:\\\/\\\/www.ekoenergy.org\\\/vi\\\/#website\"},\"primaryImageOfPage\":{\"@id\":\"https:\\\/\\\/www.ekoenergy.org\\\/vi\\\/extras\\\/logo\\\/#primaryimage\"},\"image\":{\"@id\":\"https:\\\/\\\/www.ekoenergy.org\\\/vi\\\/extras\\\/logo\\\/#primaryimage\"},\"thumbnailUrl\":\"https:\\\/\\\/www.ekoenergy.org\\\/wp-content\\\/uploads\\\/Featured-Bottles-with-EKOenergy-logo.jpg\",\"datePublished\":\"2019-12-04T13:58:01+00:00\",\"dateModified\":\"2021-12-30T11:12:05+00:00\",\"description\":\"Logo v\u00e0 t\u00e0i li\u1ec7u truy\u1ec1n th\u00f4ng c\u1ee7a EKOenergy c\u00f3 s\u1eb5n v\u1edbi nhi\u1ec1u ng\u00f4n ng\u1eef kh\u00e1c nhau. Tham gia phong tr\u00e0o qu\u1ed1c t\u1ebf h\u01b0\u1edbng t\u1edbi nh\u1eefng ngu\u1ed3n n\u0103ng l\u01b0\u1ee3ng b\u1ec1n v\u1eefng.\",\"breadcrumb\":{\"@id\":\"https:\\\/\\\/www.ekoenergy.org\\\/vi\\\/extras\\\/logo\\\/#breadcrumb\"},\"inLanguage\":\"vi-VN\",\"potentialAction\":[{\"@type\":\"ReadAction\",\"target\":[\"https:\\\/\\\/www.ekoenergy.org\\\/vi\\\/extras\\\/logo\\\/\"]}]},{\"@type\":\"ImageObject\",\"inLanguage\":\"vi-VN\",\"@id\":\"https:\\\/\\\/www.ekoenergy.org\\\/vi\\\/extras\\\/logo\\\/#primaryimage\",\"url\":\"https:\\\/\\\/www.ekoenergy.org\\\/wp-content\\\/uploads\\\/Featured-Bottles-with-EKOenergy-logo.jpg\",\"contentUrl\":\"https:\\\/\\\/www.ekoenergy.org\\\/wp-content\\\/uploads\\\/Featured-Bottles-with-EKOenergy-logo.jpg\",\"width\":957,\"height\":636},{\"@type\":\"BreadcrumbList\",\"@id\":\"https:\\\/\\\/www.ekoenergy.org\\\/vi\\\/extras\\\/logo\\\/#breadcrumb\",\"itemListElement\":[{\"@type\":\"ListItem\",\"position\":1,\"name\":\"Home\",\"item\":\"https:\\\/\\\/www.ekoenergy.org\\\/vi\\\/\"},{\"@type\":\"ListItem\",\"position\":2,\"name\":\"More\",\"item\":\"https:\\\/\\\/www.ekoenergy.org\\\/vi\\\/extras\\\/\"},{\"@type\":\"ListItem\",\"position\":3,\"name\":\"Logo c\u1ee7a ch\u00fang t\u00f4i trong ng\u00f4n ng\u1eef c\u1ee7a b\u1ea1n\"}]},{\"@type\":\"WebSite\",\"@id\":\"https:\\\/\\\/www.ekoenergy.org\\\/vi\\\/#website\",\"url\":\"https:\\\/\\\/www.ekoenergy.org\\\/vi\\\/\",\"name\":\"EKOenergy ecolabel\",\"description\":\"The global nonprofit ecolabel for renewable energy\",\"publisher\":{\"@id\":\"https:\\\/\\\/www.ekoenergy.org\\\/vi\\\/#organization\"},\"potentialAction\":[{\"@type\":\"SearchAction\",\"target\":{\"@type\":\"EntryPoint\",\"urlTemplate\":\"https:\\\/\\\/www.ekoenergy.org\\\/vi\\\/?s={search_term_string}\"},\"query-input\":{\"@type\":\"PropertyValueSpecification\",\"valueRequired\":true,\"valueName\":\"search_term_string\"}}],\"inLanguage\":\"vi-VN\"},{\"@type\":\"Organization\",\"@id\":\"https:\\\/\\\/www.ekoenergy.org\\\/vi\\\/#organization\",\"name\":\"Not-for-profit Organisation EKOenergy\",\"url\":\"https:\\\/\\\/www.ekoenergy.org\\\/vi\\\/\",\"logo\":{\"@type\":\"ImageObject\",\"inLanguage\":\"vi-VN\",\"@id\":\"https:\\\/\\\/www.ekoenergy.org\\\/vi\\\/#\\\/schema\\\/logo\\\/image\\\/\",\"url\":\"https:\\\/\\\/www.ekoenergy.org\\\/wp-content\\\/uploads\\\/logo-EKOenergy-no-text.jpg\",\"contentUrl\":\"https:\\\/\\\/www.ekoenergy.org\\\/wp-content\\\/uploads\\\/logo-EKOenergy-no-text.jpg\",\"width\":1600,\"height\":1600,\"caption\":\"Not-for-profit Organisation EKOenergy\"},\"image\":{\"@id\":\"https:\\\/\\\/www.ekoenergy.org\\\/vi\\\/#\\\/schema\\\/logo\\\/image\\\/\"},\"sameAs\":[\"https:\\\/\\\/www.facebook.com\\\/EKOenergy.ecolabel\\\/\",\"https:\\\/\\\/x.com\\\/EKOenergy_\",\"https:\\\/\\\/www.instagram.com\\\/ekoenergy\\\/\",\"https:\\\/\\\/www.linkedin.com\\\/company\\\/ekoenergy-ecolabel\\\/\",\"https:\\\/\\\/www.youtube.com\\\/EKOenergy-ecolabel\",\"https:\\\/\\\/en.wikipedia.org\\\/wiki\\\/EKOenergy\"]}]}<\/script>\n<!-- \/ Yoast SEO plugin. -->","yoast_head_json":{"title":"Logo c\u1ee7a ch\u00fang t\u00f4i trong ng\u00f4n ng\u1eef c\u1ee7a b\u1ea1n - EKOenergy ecolabel","description":"Logo v\u00e0 t\u00e0i li\u1ec7u truy\u1ec1n th\u00f4ng c\u1ee7a EKOenergy c\u00f3 s\u1eb5n v\u1edbi nhi\u1ec1u ng\u00f4n ng\u1eef kh\u00e1c nhau. Tham gia phong tr\u00e0o qu\u1ed1c t\u1ebf h\u01b0\u1edbng t\u1edbi nh\u1eefng ngu\u1ed3n n\u0103ng l\u01b0\u1ee3ng b\u1ec1n v\u1eefng.","robots":{"index":"index","follow":"follow","max-snippet":"max-snippet:-1","max-image-preview":"max-image-preview:large","max-video-preview":"max-video-preview:-1"},"canonical":"https:\/\/www.ekoenergy.org\/vi\/extras\/logo\/","og_locale":"vi_VN","og_type":"article","og_title":"Logo c\u1ee7a ch\u00fang t\u00f4i trong ng\u00f4n ng\u1eef c\u1ee7a b\u1ea1n - EKOenergy ecolabel","og_description":"Logo v\u00e0 t\u00e0i li\u1ec7u truy\u1ec1n th\u00f4ng c\u1ee7a EKOenergy c\u00f3 s\u1eb5n v\u1edbi nhi\u1ec1u ng\u00f4n ng\u1eef kh\u00e1c nhau. Tham gia phong tr\u00e0o qu\u1ed1c t\u1ebf h\u01b0\u1edbng t\u1edbi nh\u1eefng ngu\u1ed3n n\u0103ng l\u01b0\u1ee3ng b\u1ec1n v\u1eefng.","og_url":"https:\/\/www.ekoenergy.org\/vi\/extras\/logo\/","og_site_name":"EKOenergy ecolabel","article_publisher":"https:\/\/www.facebook.com\/EKOenergy.ecolabel\/","article_modified_time":"2021-12-30T11:12:05+00:00","og_image":[{"width":957,"height":636,"url":"https:\/\/www.ekoenergy.org\/wp-content\/uploads\/Featured-Bottles-with-EKOenergy-logo.jpg","type":"image\/jpeg"}],"twitter_card":"summary_large_image","twitter_site":"@EKOenergy_","twitter_misc":{"Est. reading time":"3 minutes"},"schema":{"@context":"https:\/\/schema.org","@graph":[{"@type":"WebPage","@id":"https:\/\/www.ekoenergy.org\/vi\/extras\/logo\/","url":"https:\/\/www.ekoenergy.org\/vi\/extras\/logo\/","name":"Logo c\u1ee7a ch\u00fang t\u00f4i trong ng\u00f4n ng\u1eef c\u1ee7a b\u1ea1n - EKOenergy ecolabel","isPartOf":{"@id":"https:\/\/www.ekoenergy.org\/vi\/#website"},"primaryImageOfPage":{"@id":"https:\/\/www.ekoenergy.org\/vi\/extras\/logo\/#primaryimage"},"image":{"@id":"https:\/\/www.ekoenergy.org\/vi\/extras\/logo\/#primaryimage"},"thumbnailUrl":"https:\/\/www.ekoenergy.org\/wp-content\/uploads\/Featured-Bottles-with-EKOenergy-logo.jpg","datePublished":"2019-12-04T13:58:01+00:00","dateModified":"2021-12-30T11:12:05+00:00","description":"Logo v\u00e0 t\u00e0i li\u1ec7u truy\u1ec1n th\u00f4ng c\u1ee7a EKOenergy c\u00f3 s\u1eb5n v\u1edbi nhi\u1ec1u ng\u00f4n ng\u1eef kh\u00e1c nhau. Tham gia phong tr\u00e0o qu\u1ed1c t\u1ebf h\u01b0\u1edbng t\u1edbi nh\u1eefng ngu\u1ed3n n\u0103ng l\u01b0\u1ee3ng b\u1ec1n v\u1eefng.","breadcrumb":{"@id":"https:\/\/www.ekoenergy.org\/vi\/extras\/logo\/#breadcrumb"},"inLanguage":"vi-VN","potentialAction":[{"@type":"ReadAction","target":["https:\/\/www.ekoenergy.org\/vi\/extras\/logo\/"]}]},{"@type":"ImageObject","inLanguage":"vi-VN","@id":"https:\/\/www.ekoenergy.org\/vi\/extras\/logo\/#primaryimage","url":"https:\/\/www.ekoenergy.org\/wp-content\/uploads\/Featured-Bottles-with-EKOenergy-logo.jpg","contentUrl":"https:\/\/www.ekoenergy.org\/wp-content\/uploads\/Featured-Bottles-with-EKOenergy-logo.jpg","width":957,"height":636},{"@type":"BreadcrumbList","@id":"https:\/\/www.ekoenergy.org\/vi\/extras\/logo\/#breadcrumb","itemListElement":[{"@type":"ListItem","position":1,"name":"Home","item":"https:\/\/www.ekoenergy.org\/vi\/"},{"@type":"ListItem","position":2,"name":"More","item":"https:\/\/www.ekoenergy.org\/vi\/extras\/"},{"@type":"ListItem","position":3,"name":"Logo c\u1ee7a ch\u00fang t\u00f4i trong ng\u00f4n ng\u1eef c\u1ee7a b\u1ea1n"}]},{"@type":"WebSite","@id":"https:\/\/www.ekoenergy.org\/vi\/#website","url":"https:\/\/www.ekoenergy.org\/vi\/","name":"EKOenergy ecolabel","description":"The global nonprofit ecolabel for renewable energy","publisher":{"@id":"https:\/\/www.ekoenergy.org\/vi\/#organization"},"potentialAction":[{"@type":"SearchAction","target":{"@type":"EntryPoint","urlTemplate":"https:\/\/www.ekoenergy.org\/vi\/?s={search_term_string}"},"query-input":{"@type":"PropertyValueSpecification","valueRequired":true,"valueName":"search_term_string"}}],"inLanguage":"vi-VN"},{"@type":"Organization","@id":"https:\/\/www.ekoenergy.org\/vi\/#organization","name":"Not-for-profit Organisation EKOenergy","url":"https:\/\/www.ekoenergy.org\/vi\/","logo":{"@type":"ImageObject","inLanguage":"vi-VN","@id":"https:\/\/www.ekoenergy.org\/vi\/#\/schema\/logo\/image\/","url":"https:\/\/www.ekoenergy.org\/wp-content\/uploads\/logo-EKOenergy-no-text.jpg","contentUrl":"https:\/\/www.ekoenergy.org\/wp-content\/uploads\/logo-EKOenergy-no-text.jpg","width":1600,"height":1600,"caption":"Not-for-profit Organisation EKOenergy"},"image":{"@id":"https:\/\/www.ekoenergy.org\/vi\/#\/schema\/logo\/image\/"},"sameAs":["https:\/\/www.facebook.com\/EKOenergy.ecolabel\/","https:\/\/x.com\/EKOenergy_","https:\/\/www.instagram.com\/ekoenergy\/","https:\/\/www.linkedin.com\/company\/ekoenergy-ecolabel\/","https:\/\/www.youtube.com\/EKOenergy-ecolabel","https:\/\/en.wikipedia.org\/wiki\/EKOenergy"]}]}},"uagb_featured_image_src":{"full":["https:\/\/www.ekoenergy.org\/wp-content\/uploads\/Featured-Bottles-with-EKOenergy-logo.jpg",957,636,false],"thumbnail":["https:\/\/www.ekoenergy.org\/wp-content\/uploads\/Featured-Bottles-with-EKOenergy-logo-150x150.jpg",150,150,true],"medium":["https:\/\/www.ekoenergy.org\/wp-content\/uploads\/Featured-Bottles-with-EKOenergy-logo-320x213.jpg",320,213,true],"medium_large":["https:\/\/www.ekoenergy.org\/wp-content\/uploads\/Featured-Bottles-with-EKOenergy-logo-768x510.jpg",768,510,true],"large":["https:\/\/www.ekoenergy.org\/wp-content\/uploads\/Featured-Bottles-with-EKOenergy-logo.jpg",957,636,false],"1536x1536":["https:\/\/www.ekoenergy.org\/wp-content\/uploads\/Featured-Bottles-with-EKOenergy-logo.jpg",957,636,false],"2048x2048":["https:\/\/www.ekoenergy.org\/wp-content\/uploads\/Featured-Bottles-with-EKOenergy-logo.jpg",957,636,false]},"uagb_author_info":{"display_name":"EKOenergy ecolabel","author_link":"https:\/\/www.ekoenergy.org\/vi\/author\/ekoenergy\/"},"uagb_comment_info":0,"uagb_excerpt":"Logo c\u1ee7a ch\u00fang t\u00f4i trong ng\u00f4n ng\u1eef c\u1ee7a b\u1ea1n Logo v\u00e0 t\u00e0i li\u1ec7u truy\u1ec1n th\u00f4ng c\u1ee7a EKOenergy c\u00f3 s\u1eb5n v\u1edbi nhi\u1ec1u ng\u00f4n ng\u1eef kh\u00e1c nhau. C\u00e1c doanh nghi\u1ec7p \u0111\u01b0\u1ee3c c\u1ea5p nh\u00e3n hi\u1ec7u EKOenergy v\u00e0 ng\u01b0\u1eddi ti\u00eau d\u00f9ng c\u00f3 th\u1ec3 li\u00ean h\u1ec7 v\u1edbi ch\u00fang t\u00f4i qua email infoekoenergy.org \u0111\u1ec3 c\u00f3 th\u00f4ng tin v\u1ec1 c\u00e1c t\u00e0i li\u1ec7u&hellip;","_links":{"self":[{"href":"https:\/\/www.ekoenergy.org\/vi\/wp-json\/wp\/v2\/pages\/50408","targetHints":{"allow":["GET"]}}],"collection":[{"href":"https:\/\/www.ekoenergy.org\/vi\/wp-json\/wp\/v2\/pages"}],"about":[{"href":"https:\/\/www.ekoenergy.org\/vi\/wp-json\/wp\/v2\/types\/page"}],"author":[{"embeddable":true,"href":"https:\/\/www.ekoenergy.org\/vi\/wp-json\/wp\/v2\/users\/17"}],"replies":[{"embeddable":true,"href":"https:\/\/www.ekoenergy.org\/vi\/wp-json\/wp\/v2\/comments?post=50408"}],"version-history":[{"count":2,"href":"https:\/\/www.ekoenergy.org\/vi\/wp-json\/wp\/v2\/pages\/50408\/revisions"}],"predecessor-version":[{"id":109254,"href":"https:\/\/www.ekoenergy.org\/vi\/wp-json\/wp\/v2\/pages\/50408\/revisions\/109254"}],"up":[{"embeddable":true,"href":"https:\/\/www.ekoenergy.org\/vi\/wp-json\/wp\/v2\/pages\/50410"}],"wp:featuredmedia":[{"embeddable":true,"href":"https:\/\/www.ekoenergy.org\/vi\/wp-json\/wp\/v2\/media\/50409"}],"wp:attachment":[{"href":"https:\/\/www.ekoenergy.org\/vi\/wp-json\/wp\/v2\/media?parent=50408"}],"curies":[{"name":"wp","href":"https:\/\/api.w.org\/{rel}","templated":true}]}}