{"id":50446,"date":"2019-12-04T13:38:28","date_gmt":"2019-12-04T13:38:28","guid":{"rendered":"https:\/\/www.ekoenergy.org\/criteria\/renewable-heat\/"},"modified":"2023-06-21T10:57:06","modified_gmt":"2023-06-21T07:57:06","slug":"renewable-heat","status":"publish","type":"page","link":"https:\/\/www.ekoenergy.org\/vi\/ecolabel\/criteria\/renewable-heat\/","title":{"rendered":"Renewable heat"},"content":{"rendered":"\n<h1 class=\"wp-block-heading\">Renewable heat and cold<\/h1>\n\n\n\n<figure class=\"wp-block-image alignright size-medium\"><img decoding=\"async\" src=\"https:\/\/www.ekoenergy.org\/wp-content\/uploads\/\/Absorption-heat-pump-Commons-Wikimedia-320x200.jpg\" alt=\"Picture of an industrial heat pump\" class=\"wp-image-28682\"\/><\/figure>\n\n\n\n<p>The EKOenergy ecolabel has criteria for renewable heat and cold. The following types of renewable heat or cold can carry our ecolabel:<\/p>\n\n\n\n<ul class=\"wp-block-list\">\n<li>Renewable heat and cold that are produced with bioenergy in 100% renewable energy facilities (no co-fuelling with non-renewable fuels) and only to the extent of the used bioenergy that comes from the well-defined categories such as residues from agriculture, the food industry and the forestry industry.<\/li>\n\n\n\n<li>Renewable heat and cold produced with gas that fulfils EKOenergy\u2019s sustainability criteria,<\/li>\n\n\n\n<li>Heat that is produced with heat pumps that are powered by renewable energy that complies with EKOenegry\u2019s criteria and have a Seasonal Coefficient of Performance (SCOP) of 3.40 or more,<\/li>\n\n\n\n<li>Recovered heat or cold which would otherwise dissipate into the air or water, provided that the heat recovery installation uses renewable energy which complies with EKOenergy\u2019s sustainability criteria. (Waste heat originating from fossil and nuclear energy production is excluded.)<\/li>\n\n\n\n<li>Geothermal heat or solar heat from installations that are located outside important biodiversity areas and nature protection areas.&nbsp;<\/li>\n<\/ul>\n\n\n\n<p>For each MWh of EKOenergy-labelled heat, the EKOenergy seller makes a contribution of 0.10 \u20ac (ten cents) to EKOenergy\u2019s <a href=\"https:\/\/www.ekoenergy.org\/our-results\/climate-fund\/\">Climate Fund<\/a>. Through its Climate Fund, EKOenergy grants money to renewable energy projects in developing countries. All financed projects help to realise the UN\u2019s Sustainable Development Goals.<\/p>\n\n\n\n<p>EKOenergy\u2019s criteria for heat also include rules for reliable tracking of the energy and avoidance of double counting.<\/p>\n\n\n\n<p>Are you interested in launching EKOenergy-labelled heat or cold in your country? <a href=\"https:\/\/www.ekoenergy.org\/about-us\/contact-us\/\">Contact us<\/a> for more information.<\/p>\n\n\n\n<h2 class=\"wp-block-heading\">EKOenergy\u2019s criteria for renewable heat and cold<\/h2>\n\n\n\n<ul class=\"wp-block-list\">\n<li>EN: <a rel=\"noreferrer noopener\" aria-label=\"EKOenergy\u2019s criteria for renewable heat and cold (opens in a new tab)\" href=\"https:\/\/www.ekoenergy.org\/wp-content\/uploads\/EKOenergy-criteria-for-heat-and-cold-English.pdf\" target=\"_blank\">EKOenergy\u2019s criteria for renewable heat and cold<\/a> (pdf)<\/li>\n\n\n\n<li>ES: <a rel=\"noreferrer noopener\" href=\"https:\/\/www.ekoenergy.org\/wp-content\/uploads\/EKOenergy-criteria-for-heat-Spanish.pdf\" target=\"_blank\">Criterios de EKOenerg\u00eda para calor y fr\u00edo renovables<\/a> (pdf)<\/li>\n\n\n\n<li>FI: <a rel=\"noreferrer noopener\" aria-label=\"EKOenergian kriteerit uusiutuvalle l\u00e4mm\u00f6lle ja j\u00e4\u00e4hdytykselle  (opens in a new tab)\" href=\"https:\/\/www.ekoenergy.org\/wp-content\/uploads\/EKOenergy-criteria-for-heat-Finnish.pdf\" target=\"_blank\">EKOenergian kriteerit uusiutuvalle l\u00e4mm\u00f6lle ja j\u00e4\u00e4hdytykselle <\/a>(pdf)<\/li>\n\n\n\n<li>FR: <a rel=\"noreferrer noopener\" href=\"https:\/\/www.ekoenergy.org\/wp-content\/uploads\/EKOenergy-criteria-for-heat-French.pdf\" target=\"_blank\">Les crit\u00e8res d\u2019EKO\u00e9nergie en mati\u00e8re de chaleur et de froid renouvelables<\/a> (pdf)<\/li>\n\n\n\n<li>IT: <a rel=\"noreferrer noopener\" href=\"https:\/\/www.ekoenergy.org\/wp-content\/uploads\/EKOenergy-heat-criteria-Italian.pdf\" target=\"_blank\">Criteri di EKOenergy per il calore e il freddo da fonti rinnovabili<\/a> (pdf)<\/li>\n\n\n\n<li>RU:<a rel=\"noreferrer noopener\" href=\"http:\/\/www.ekoenergy.org\/wp-content\/uploads\/EKOenergy-criteria-for-heat-Russian-3.pdf\" target=\"_blank\"> \u041a\u0440\u0438\u0442\u0435\u0440\u0438\u0438 \u042d\u041a\u041e\u044d\u043d\u0435\u0440\u0433\u0438\u0438 \u043f\u043e \u0432\u043e\u0437\u043e\u0431\u043d\u043e\u0432\u043b\u044f\u0435\u043c\u044b\u043c \u0438\u0441\u0442\u043e\u0447\u043d\u0438\u043a\u0430\u043c \u0442\u0435\u043f\u043b\u0430 \u0438 \u0445\u043e\u043b\u043e\u0434\u0430<\/a> (pdf)<\/li>\n<\/ul>\n","protected":false},"excerpt":{"rendered":"<p>Renewable heat and cold The EKOenergy ecolabel has criteria for renewable heat and cold. The following types of renewable heat or cold can carry our ecolabel: For each MWh of EKOenergy-labelled heat, the EKOenergy seller makes a contribution of 0.10 \u20ac (ten cents) to EKOenergy\u2019s Climate Fund. Through its Climate Fund, EKOenergy grants money to [&hellip;]<\/p>\n","protected":false},"author":2,"featured_media":53577,"parent":50393,"menu_order":4,"comment_status":"closed","ping_status":"closed","template":"","meta":{"inline_featured_image":false,"_uag_custom_page_level_css":"","site-sidebar-layout":"default","site-content-layout":"default","ast-site-content-layout":"default","site-content-style":"default","site-sidebar-style":"default","ast-global-header-display":"","ast-banner-title-visibility":"","ast-main-header-display":"","ast-hfb-above-header-display":"","ast-hfb-below-header-display":"","ast-hfb-mobile-header-display":"","site-post-title":"disabled","ast-breadcrumbs-content":"","ast-featured-img":"","footer-sml-layout":"","ast-disable-related-posts":"","theme-transparent-header-meta":"default","adv-header-id-meta":"","stick-header-meta":"default","header-above-stick-meta":"","header-main-stick-meta":"","header-below-stick-meta":"","astra-migrate-meta-layouts":"default","ast-page-background-enabled":"default","ast-page-background-meta":{"desktop":{"background-color":"","background-image":"","background-repeat":"repeat","background-position":"center center","background-size":"auto","background-attachment":"scroll","background-type":"","background-media":"","overlay-type":"","overlay-color":"","overlay-opacity":"","overlay-gradient":""},"tablet":{"background-color":"","background-image":"","background-repeat":"repeat","background-position":"center center","background-size":"auto","background-attachment":"scroll","background-type":"","background-media":"","overlay-type":"","overlay-color":"","overlay-opacity":"","overlay-gradient":""},"mobile":{"background-color":"","background-image":"","background-repeat":"repeat","background-position":"center center","background-size":"auto","background-attachment":"scroll","background-type":"","background-media":"","overlay-type":"","overlay-color":"","overlay-opacity":"","overlay-gradient":""}},"ast-content-background-meta":{"desktop":{"background-color":"var(--ast-global-color-5)","background-image":"","background-repeat":"repeat","background-position":"center center","background-size":"auto","background-attachment":"scroll","background-type":"","background-media":"","overlay-type":"","overlay-color":"","overlay-opacity":"","overlay-gradient":""},"tablet":{"background-color":"var(--ast-global-color-5)","background-image":"","background-repeat":"repeat","background-position":"center center","background-size":"auto","background-attachment":"scroll","background-type":"","background-media":"","overlay-type":"","overlay-color":"","overlay-opacity":"","overlay-gradient":""},"mobile":{"background-color":"var(--ast-global-color-5)","background-image":"","background-repeat":"repeat","background-position":"center center","background-size":"auto","background-attachment":"scroll","background-type":"","background-media":"","overlay-type":"","overlay-color":"","overlay-opacity":"","overlay-gradient":""}},"footnotes":""},"class_list":["post-50446","page","type-page","status-publish","has-post-thumbnail","hentry"],"yoast_head":"<!-- This site is optimized with the Yoast SEO plugin v27.3 - https:\/\/yoast.com\/product\/yoast-seo-wordpress\/ -->\n<title>Renewable heat - EKOenergy ecolabel<\/title>\n<meta name=\"description\" content=\"Read more about EKOenergy&#039;s criteria for sustainable &amp; renewable heat, such as heat generated with sustainable bioenergy and with heat pumps.\" \/>\n<meta name=\"robots\" content=\"index, follow, max-snippet:-1, max-image-preview:large, max-video-preview:-1\" \/>\n<link rel=\"canonical\" href=\"https:\/\/www.ekoenergy.org\/vi\/ecolabel\/criteria\/renewable-heat\/\" \/>\n<meta property=\"og:locale\" content=\"vi_VN\" \/>\n<meta property=\"og:type\" content=\"article\" \/>\n<meta property=\"og:title\" content=\"Renewable heat - EKOenergy ecolabel\" \/>\n<meta property=\"og:description\" content=\"Read more about EKOenergy&#039;s criteria for sustainable &amp; renewable heat, such as heat generated with sustainable bioenergy and with heat pumps.\" \/>\n<meta property=\"og:url\" content=\"https:\/\/www.ekoenergy.org\/vi\/ecolabel\/criteria\/renewable-heat\/\" \/>\n<meta property=\"og:site_name\" content=\"EKOenergy ecolabel\" \/>\n<meta property=\"article:publisher\" content=\"https:\/\/www.facebook.com\/EKOenergy.ecolabel\/\" \/>\n<meta property=\"article:modified_time\" content=\"2023-06-21T07:57:06+00:00\" \/>\n<meta property=\"og:image\" content=\"https:\/\/www.ekoenergy.org\/wp-content\/uploads\/Absorption-heat-pump-Commons-Wikimedia.jpg\" \/>\n\t<meta property=\"og:image:width\" content=\"1024\" \/>\n\t<meta property=\"og:image:height\" content=\"640\" \/>\n\t<meta property=\"og:image:type\" content=\"image\/jpeg\" \/>\n<meta name=\"twitter:card\" content=\"summary_large_image\" \/>\n<meta name=\"twitter:site\" content=\"@EKOenergy_\" \/>\n<meta name=\"twitter:label1\" content=\"Est. reading time\" \/>\n\t<meta name=\"twitter:data1\" content=\"2 minutes\" \/>\n<script type=\"application\/ld+json\" class=\"yoast-schema-graph\">{\"@context\":\"https:\\\/\\\/schema.org\",\"@graph\":[{\"@type\":\"WebPage\",\"@id\":\"https:\\\/\\\/www.ekoenergy.org\\\/vi\\\/ecolabel\\\/criteria\\\/renewable-heat\\\/\",\"url\":\"https:\\\/\\\/www.ekoenergy.org\\\/vi\\\/ecolabel\\\/criteria\\\/renewable-heat\\\/\",\"name\":\"Renewable heat - EKOenergy ecolabel\",\"isPartOf\":{\"@id\":\"https:\\\/\\\/www.ekoenergy.org\\\/vi\\\/#website\"},\"primaryImageOfPage\":{\"@id\":\"https:\\\/\\\/www.ekoenergy.org\\\/vi\\\/ecolabel\\\/criteria\\\/renewable-heat\\\/#primaryimage\"},\"image\":{\"@id\":\"https:\\\/\\\/www.ekoenergy.org\\\/vi\\\/ecolabel\\\/criteria\\\/renewable-heat\\\/#primaryimage\"},\"thumbnailUrl\":\"https:\\\/\\\/www.ekoenergy.org\\\/wp-content\\\/uploads\\\/Absorption-heat-pump-Commons-Wikimedia.jpg\",\"datePublished\":\"2019-12-04T13:38:28+00:00\",\"dateModified\":\"2023-06-21T07:57:06+00:00\",\"description\":\"Read more about EKOenergy's criteria for sustainable & renewable heat, such as heat generated with sustainable bioenergy and with heat pumps.\",\"breadcrumb\":{\"@id\":\"https:\\\/\\\/www.ekoenergy.org\\\/vi\\\/ecolabel\\\/criteria\\\/renewable-heat\\\/#breadcrumb\"},\"inLanguage\":\"vi-VN\",\"potentialAction\":[{\"@type\":\"ReadAction\",\"target\":[\"https:\\\/\\\/www.ekoenergy.org\\\/vi\\\/ecolabel\\\/criteria\\\/renewable-heat\\\/\"]}]},{\"@type\":\"ImageObject\",\"inLanguage\":\"vi-VN\",\"@id\":\"https:\\\/\\\/www.ekoenergy.org\\\/vi\\\/ecolabel\\\/criteria\\\/renewable-heat\\\/#primaryimage\",\"url\":\"https:\\\/\\\/www.ekoenergy.org\\\/wp-content\\\/uploads\\\/Absorption-heat-pump-Commons-Wikimedia.jpg\",\"contentUrl\":\"https:\\\/\\\/www.ekoenergy.org\\\/wp-content\\\/uploads\\\/Absorption-heat-pump-Commons-Wikimedia.jpg\",\"width\":1024,\"height\":640},{\"@type\":\"BreadcrumbList\",\"@id\":\"https:\\\/\\\/www.ekoenergy.org\\\/vi\\\/ecolabel\\\/criteria\\\/renewable-heat\\\/#breadcrumb\",\"itemListElement\":[{\"@type\":\"ListItem\",\"position\":1,\"name\":\"Home\",\"item\":\"https:\\\/\\\/www.ekoenergy.org\\\/vi\\\/\"},{\"@type\":\"ListItem\",\"position\":2,\"name\":\"Nh\u00e3n sinh h\u1ecdc\",\"item\":\"https:\\\/\\\/www.ekoenergy.org\\\/vi\\\/ecolabel\\\/\"},{\"@type\":\"ListItem\",\"position\":3,\"name\":\"EKOenergy&#8217;s criteria\",\"item\":\"https:\\\/\\\/www.ekoenergy.org\\\/vi\\\/ecolabel\\\/criteria\\\/\"},{\"@type\":\"ListItem\",\"position\":4,\"name\":\"Renewable heat\"}]},{\"@type\":\"WebSite\",\"@id\":\"https:\\\/\\\/www.ekoenergy.org\\\/vi\\\/#website\",\"url\":\"https:\\\/\\\/www.ekoenergy.org\\\/vi\\\/\",\"name\":\"EKOenergy ecolabel\",\"description\":\"The global nonprofit ecolabel for renewable energy\",\"publisher\":{\"@id\":\"https:\\\/\\\/www.ekoenergy.org\\\/vi\\\/#organization\"},\"potentialAction\":[{\"@type\":\"SearchAction\",\"target\":{\"@type\":\"EntryPoint\",\"urlTemplate\":\"https:\\\/\\\/www.ekoenergy.org\\\/vi\\\/?s={search_term_string}\"},\"query-input\":{\"@type\":\"PropertyValueSpecification\",\"valueRequired\":true,\"valueName\":\"search_term_string\"}}],\"inLanguage\":\"vi-VN\"},{\"@type\":\"Organization\",\"@id\":\"https:\\\/\\\/www.ekoenergy.org\\\/vi\\\/#organization\",\"name\":\"Not-for-profit Organisation EKOenergy\",\"url\":\"https:\\\/\\\/www.ekoenergy.org\\\/vi\\\/\",\"logo\":{\"@type\":\"ImageObject\",\"inLanguage\":\"vi-VN\",\"@id\":\"https:\\\/\\\/www.ekoenergy.org\\\/vi\\\/#\\\/schema\\\/logo\\\/image\\\/\",\"url\":\"https:\\\/\\\/www.ekoenergy.org\\\/wp-content\\\/uploads\\\/logo-EKOenergy-no-text.jpg\",\"contentUrl\":\"https:\\\/\\\/www.ekoenergy.org\\\/wp-content\\\/uploads\\\/logo-EKOenergy-no-text.jpg\",\"width\":1600,\"height\":1600,\"caption\":\"Not-for-profit Organisation EKOenergy\"},\"image\":{\"@id\":\"https:\\\/\\\/www.ekoenergy.org\\\/vi\\\/#\\\/schema\\\/logo\\\/image\\\/\"},\"sameAs\":[\"https:\\\/\\\/www.facebook.com\\\/EKOenergy.ecolabel\\\/\",\"https:\\\/\\\/x.com\\\/EKOenergy_\",\"https:\\\/\\\/www.instagram.com\\\/ekoenergy\\\/\",\"https:\\\/\\\/www.linkedin.com\\\/company\\\/ekoenergy-ecolabel\\\/\",\"https:\\\/\\\/www.youtube.com\\\/EKOenergy-ecolabel\",\"https:\\\/\\\/en.wikipedia.org\\\/wiki\\\/EKOenergy\"]}]}<\/script>\n<!-- \/ Yoast SEO plugin. -->","yoast_head_json":{"title":"Renewable heat - EKOenergy ecolabel","description":"Read more about EKOenergy's criteria for sustainable & renewable heat, such as heat generated with sustainable bioenergy and with heat pumps.","robots":{"index":"index","follow":"follow","max-snippet":"max-snippet:-1","max-image-preview":"max-image-preview:large","max-video-preview":"max-video-preview:-1"},"canonical":"https:\/\/www.ekoenergy.org\/vi\/ecolabel\/criteria\/renewable-heat\/","og_locale":"vi_VN","og_type":"article","og_title":"Renewable heat - EKOenergy ecolabel","og_description":"Read more about EKOenergy's criteria for sustainable & renewable heat, such as heat generated with sustainable bioenergy and with heat pumps.","og_url":"https:\/\/www.ekoenergy.org\/vi\/ecolabel\/criteria\/renewable-heat\/","og_site_name":"EKOenergy ecolabel","article_publisher":"https:\/\/www.facebook.com\/EKOenergy.ecolabel\/","article_modified_time":"2023-06-21T07:57:06+00:00","og_image":[{"width":1024,"height":640,"url":"https:\/\/www.ekoenergy.org\/wp-content\/uploads\/Absorption-heat-pump-Commons-Wikimedia.jpg","type":"image\/jpeg"}],"twitter_card":"summary_large_image","twitter_site":"@EKOenergy_","twitter_misc":{"Est. reading time":"2 minutes"},"schema":{"@context":"https:\/\/schema.org","@graph":[{"@type":"WebPage","@id":"https:\/\/www.ekoenergy.org\/vi\/ecolabel\/criteria\/renewable-heat\/","url":"https:\/\/www.ekoenergy.org\/vi\/ecolabel\/criteria\/renewable-heat\/","name":"Renewable heat - EKOenergy ecolabel","isPartOf":{"@id":"https:\/\/www.ekoenergy.org\/vi\/#website"},"primaryImageOfPage":{"@id":"https:\/\/www.ekoenergy.org\/vi\/ecolabel\/criteria\/renewable-heat\/#primaryimage"},"image":{"@id":"https:\/\/www.ekoenergy.org\/vi\/ecolabel\/criteria\/renewable-heat\/#primaryimage"},"thumbnailUrl":"https:\/\/www.ekoenergy.org\/wp-content\/uploads\/Absorption-heat-pump-Commons-Wikimedia.jpg","datePublished":"2019-12-04T13:38:28+00:00","dateModified":"2023-06-21T07:57:06+00:00","description":"Read more about EKOenergy's criteria for sustainable & renewable heat, such as heat generated with sustainable bioenergy and with heat pumps.","breadcrumb":{"@id":"https:\/\/www.ekoenergy.org\/vi\/ecolabel\/criteria\/renewable-heat\/#breadcrumb"},"inLanguage":"vi-VN","potentialAction":[{"@type":"ReadAction","target":["https:\/\/www.ekoenergy.org\/vi\/ecolabel\/criteria\/renewable-heat\/"]}]},{"@type":"ImageObject","inLanguage":"vi-VN","@id":"https:\/\/www.ekoenergy.org\/vi\/ecolabel\/criteria\/renewable-heat\/#primaryimage","url":"https:\/\/www.ekoenergy.org\/wp-content\/uploads\/Absorption-heat-pump-Commons-Wikimedia.jpg","contentUrl":"https:\/\/www.ekoenergy.org\/wp-content\/uploads\/Absorption-heat-pump-Commons-Wikimedia.jpg","width":1024,"height":640},{"@type":"BreadcrumbList","@id":"https:\/\/www.ekoenergy.org\/vi\/ecolabel\/criteria\/renewable-heat\/#breadcrumb","itemListElement":[{"@type":"ListItem","position":1,"name":"Home","item":"https:\/\/www.ekoenergy.org\/vi\/"},{"@type":"ListItem","position":2,"name":"Nh\u00e3n sinh h\u1ecdc","item":"https:\/\/www.ekoenergy.org\/vi\/ecolabel\/"},{"@type":"ListItem","position":3,"name":"EKOenergy&#8217;s criteria","item":"https:\/\/www.ekoenergy.org\/vi\/ecolabel\/criteria\/"},{"@type":"ListItem","position":4,"name":"Renewable heat"}]},{"@type":"WebSite","@id":"https:\/\/www.ekoenergy.org\/vi\/#website","url":"https:\/\/www.ekoenergy.org\/vi\/","name":"EKOenergy ecolabel","description":"The global nonprofit ecolabel for renewable energy","publisher":{"@id":"https:\/\/www.ekoenergy.org\/vi\/#organization"},"potentialAction":[{"@type":"SearchAction","target":{"@type":"EntryPoint","urlTemplate":"https:\/\/www.ekoenergy.org\/vi\/?s={search_term_string}"},"query-input":{"@type":"PropertyValueSpecification","valueRequired":true,"valueName":"search_term_string"}}],"inLanguage":"vi-VN"},{"@type":"Organization","@id":"https:\/\/www.ekoenergy.org\/vi\/#organization","name":"Not-for-profit Organisation EKOenergy","url":"https:\/\/www.ekoenergy.org\/vi\/","logo":{"@type":"ImageObject","inLanguage":"vi-VN","@id":"https:\/\/www.ekoenergy.org\/vi\/#\/schema\/logo\/image\/","url":"https:\/\/www.ekoenergy.org\/wp-content\/uploads\/logo-EKOenergy-no-text.jpg","contentUrl":"https:\/\/www.ekoenergy.org\/wp-content\/uploads\/logo-EKOenergy-no-text.jpg","width":1600,"height":1600,"caption":"Not-for-profit Organisation EKOenergy"},"image":{"@id":"https:\/\/www.ekoenergy.org\/vi\/#\/schema\/logo\/image\/"},"sameAs":["https:\/\/www.facebook.com\/EKOenergy.ecolabel\/","https:\/\/x.com\/EKOenergy_","https:\/\/www.instagram.com\/ekoenergy\/","https:\/\/www.linkedin.com\/company\/ekoenergy-ecolabel\/","https:\/\/www.youtube.com\/EKOenergy-ecolabel","https:\/\/en.wikipedia.org\/wiki\/EKOenergy"]}]}},"uagb_featured_image_src":{"full":["https:\/\/www.ekoenergy.org\/wp-content\/uploads\/Absorption-heat-pump-Commons-Wikimedia.jpg",1024,640,false],"thumbnail":["https:\/\/www.ekoenergy.org\/wp-content\/uploads\/Absorption-heat-pump-Commons-Wikimedia-150x150.jpg",150,150,true],"medium":["https:\/\/www.ekoenergy.org\/wp-content\/uploads\/Absorption-heat-pump-Commons-Wikimedia-320x200.jpg",320,200,true],"medium_large":["https:\/\/www.ekoenergy.org\/wp-content\/uploads\/Absorption-heat-pump-Commons-Wikimedia-768x480.jpg",768,480,true],"large":["https:\/\/www.ekoenergy.org\/wp-content\/uploads\/Absorption-heat-pump-Commons-Wikimedia.jpg",1024,640,false],"1536x1536":["https:\/\/www.ekoenergy.org\/wp-content\/uploads\/Absorption-heat-pump-Commons-Wikimedia.jpg",1024,640,false],"2048x2048":["https:\/\/www.ekoenergy.org\/wp-content\/uploads\/Absorption-heat-pump-Commons-Wikimedia.jpg",1024,640,false]},"uagb_author_info":{"display_name":"Steven Vanholme","author_link":"https:\/\/www.ekoenergy.org\/vi\/author\/svanholme\/"},"uagb_comment_info":0,"uagb_excerpt":"Renewable heat and cold The EKOenergy ecolabel has criteria for renewable heat and cold. The following types of renewable heat or cold can carry our ecolabel: For each MWh of EKOenergy-labelled heat, the EKOenergy seller makes a contribution of 0.10 \u20ac (ten cents) to EKOenergy\u2019s Climate Fund. Through its Climate Fund, EKOenergy grants money to&hellip;","_links":{"self":[{"href":"https:\/\/www.ekoenergy.org\/vi\/wp-json\/wp\/v2\/pages\/50446","targetHints":{"allow":["GET"]}}],"collection":[{"href":"https:\/\/www.ekoenergy.org\/vi\/wp-json\/wp\/v2\/pages"}],"about":[{"href":"https:\/\/www.ekoenergy.org\/vi\/wp-json\/wp\/v2\/types\/page"}],"author":[{"embeddable":true,"href":"https:\/\/www.ekoenergy.org\/vi\/wp-json\/wp\/v2\/users\/2"}],"replies":[{"embeddable":true,"href":"https:\/\/www.ekoenergy.org\/vi\/wp-json\/wp\/v2\/comments?post=50446"}],"version-history":[{"count":3,"href":"https:\/\/www.ekoenergy.org\/vi\/wp-json\/wp\/v2\/pages\/50446\/revisions"}],"predecessor-version":[{"id":147498,"href":"https:\/\/www.ekoenergy.org\/vi\/wp-json\/wp\/v2\/pages\/50446\/revisions\/147498"}],"up":[{"embeddable":true,"href":"https:\/\/www.ekoenergy.org\/vi\/wp-json\/wp\/v2\/pages\/50393"}],"wp:featuredmedia":[{"embeddable":true,"href":"https:\/\/www.ekoenergy.org\/vi\/wp-json\/wp\/v2\/media\/53577"}],"wp:attachment":[{"href":"https:\/\/www.ekoenergy.org\/vi\/wp-json\/wp\/v2\/media?parent=50446"}],"curies":[{"name":"wp","href":"https:\/\/api.w.org\/{rel}","templated":true}]}}