{"id":50461,"date":"2019-12-04T13:26:04","date_gmt":"2019-12-04T13:26:04","guid":{"rendered":"https:\/\/www.ekoenergy.org\/gioi-thieu\/our-vision-and-mission\/"},"modified":"2020-02-21T20:38:34","modified_gmt":"2020-02-21T20:38:34","slug":"our-vision-and-mission","status":"publish","type":"page","link":"https:\/\/www.ekoenergy.org\/vi\/about-us\/our-vision-and-mission\/","title":{"rendered":"T\u1ea7m nh\u00ecn v\u00e0 nhi\u1ec7m v\u1ee5"},"content":{"rendered":"\n<h1 class=\"wp-block-heading\">T\u1ea7m nh\u00ecn v\u00e0 nhi\u1ec7m v\u1ee5<\/h1>\n\n\n\n<div class=\"wp-block-image\"><figure class=\"alignright size-full is-resized\"><img fetchpriority=\"high\" decoding=\"async\" src=\"https:\/\/www.ekoenergy.org\/wp-content\/uploads\/EKOenergy_logo_animals_plants.jpg\" alt=\"\" class=\"wp-image-6881\" width=\"363\" height=\"295\"\/><\/figure><\/div>\n\n\n\n<p>Th\u1ebf gi\u1edbi c\u1ea7n nh\u00ecn nh\u1eadn v\u00e0 h\u00e0nh \u0111\u1ed9ng v\u1ec1 s\u1ef1 bi\u1ebfn \u0111\u1ed5i kh\u00ed h\u1eadu nh\u01b0 m\u1ed9t \ncu\u1ed9c kh\u1ee7ng ho\u1ea3ng. T\u1eeb b\u00e2y gi\u1edd, ch\u00fang ta ph\u1ea3i quy\u1ebft li\u1ec7t gi\u1ea3m thi\u1ec3u l\u01b0\u1ee3ng \nkh\u00ed th\u1ea3i g\u00e2y ra hi\u1ec7u \u1ee9ng nh\u00e0 k\u00ednh v\u00e0 h\u1ea1n ch\u1ebf t\u1ed1i \u0111a s\u1ef1 n\u00f3ng l\u00ean to\u00e0n c\u1ea7u\n \u1edf m\u1ee9c 1,5 \u0111\u1ed9 C so v\u1edbi m\u1ee9c tr\u01b0\u1edbc khi ng\u00e0nh c\u00f4ng nghi\u1ec7p h\u00f3a g\u00e2y n\u00ean.<\/p>\n\n\n\n<p>\u0110\u00e2y l\u00e0 c\u00e1ch duy nh\u1ea5t m\u00e0 ch\u00fang ta c\u00f3 th\u1ec3 hi v\u1ecdng \u0111\u1ec3 b\u1ea3o t\u1ed3n ph\u1ea1m vi  c\u1ee7a c\u00e1c h\u1ec7 sinh th\u00e1i v\u00e0 c\u00e1c gi\u1ed1ng lo\u00e0i gi\u00fap cho th\u1ebf gi\u1edbi tr\u1edf th\u00e0nh m\u1ed9t  n\u01a1i sinh \u0111\u1ed9ng \u0111\u1ec3 s\u1ed1ng. H\u1ea1n ch\u1ebf s\u1ef1 t\u0103ng nhi\u1ec7t \u1edf m\u1ee9c 1,5 \u0111\u1ed9 C c\u1ef1c k\u00ec quan  tr\u1ecdng, gi\u00fap gi\u1ea3m \u0111i s\u1ef1 \u0111\u00f3i ngh\u00e8o v\u00e0 t\u1ea1o d\u1ef1ng m\u1ed9t th\u1ebf gi\u1edbi t\u1ed1t \u0111\u1eb9p h\u01a1n  cho c\u00e1c th\u1ebf h\u1ec7 t\u01b0\u01a1ng lai.<\/p>\n\n\n\n<h2 class=\"wp-block-heading\">T\u1ea7m nh\u00ecn c\u1ee7a ch\u00fang t\u00f4i<\/h2>\n\n\n\n<p>H\u01b0\u1edbng \u0111\u1ebfn m\u1ed9t th\u1ebf gi\u1edbi c\u00f3 c\u00e1c ngu\u1ed3n n\u0103ng l\u01b0\u1ee3ng \u0111\u01b0\u1ee3c s\u1ea3n xu\u1ea5t v\u00e0 ti\u00eau th\u1ee5  m\u1ed9t c\u00e1ch b\u1ec1n v\u1eefng, n\u01a1i ch\u00fang ta s\u1ed1ng v\u00e0 t\u00f4n tr\u1ecdng thi\u00ean nhi\u00ean, t\u00f4n  tr\u1ecdng s\u1ef1 \u0111a d\u1ea1ng sinh h\u1ecdc v\u00e0 l\u00e0 n\u01a1i m\u00e0 <a rel=\"noreferrer noopener\" href=\"https:\/\/www.un.org\/sustainabledevelopment\/sustainable-development-goals\/\" target=\"_blank\">Li\u00ean Hi\u1ec7p nh\u1eefng M\u1ee5c ti\u00eau Ph\u00e1t tri\u1ec3n B\u1ec1n v\u1eefng \u2013 UN Sustainable Development Goals<\/a> th\u00e0nh t\u1ef1u \u0111\u01b0\u1ee3c.<\/p>\n\n\n\n<h2 class=\"wp-block-heading\">Nhi\u1ec7m v\u1ee5 c\u1ee7a ch\u00fang t\u00f4i<\/h2>\n\n\n\n<p>S\u1eed d\u1ee5ng <a href=\"https:\/\/www.ekoenergy.org\/vi\/ecolabel\/\">nh\u00e3n sinh h\u1ecdc<\/a>  nh\u01b0 m\u1ed9t c\u00f4ng c\u1ee5 qu\u1ea3ng b\u00e1 h\u00ecnh \u1ea3nh c\u1ee7a nh\u1eefng ngu\u1ed3n n\u0103ng l\u01b0\u1ee3ng mang t\u00ednh  b\u1ec1n v\u1eefng v\u00e0 g\u00e2y qu\u1ef9 h\u1ed7 tr\u1ee3 cho c\u00e1c d\u1ef1 \u00e1n b\u1ea3o v\u1ec7 kh\u00ed h\u1eadu, b\u1ea3o v\u1ec7 s\u1ef1 \u0111a  d\u1ea1ng sinh h\u1ecdc.<\/p>\n\n\n\n<p>\u2018H\u00e0nh \u0111\u1ed9ng thi\u1ebft th\u1ef1c ch\u1ee9 kh\u00f4ng n\u00f3i su\u00f4n\u2019 (\u2018Deeds not words\u2019) l\u00e0 kim ch\u1ec9 nam c\u1ee7a t\u1ed5 ch\u1ee9c ch\u00fang t\u00f4i. B\u1eaft tay h\u00e0nh \u0111\u1ed9ng trong cu\u1ed9c s\u1ed1ng c\u1ee7a m\u1ed7i ch\u00ednh ch\u00fang ta l\u00e0 c\u00e1ch t\u1ed1t nh\u1ea5t \u0111\u1ec3 \u0111\u1ea1t nh\u1eefng thay \u0111\u1ed5i ch\u00ednh s\u00e1ch to l\u1edbn m\u00e0 c\u1ed9ng \u0111\u1ed3ng c\u1ee7a ch\u00fang ta \u0111ang b\u1ee9c thi\u1ebft c\u1ea7n.<\/p>\n\n\n\n<h2 class=\"wp-block-heading\">M\u1ee5c \u0111\u00edch c\u1ee7a ch\u00fang t\u00f4i<\/h2>\n\n\n\n<ul class=\"wp-block-list\"><li>T\u0103ng t\u1ed1c s\u1ef1 chuy\u1ec3n \u0111\u1ed5i sang c\u00e1c ngu\u1ed3n n\u0103ng l\u01b0\u1ee3ng t\u00e1i t\u1ea1o 100%.<\/li><li>N\u00e2ng cao ki\u1ebfn th\u1ee9c v\u00e0 t\u0103ng c\u01b0\u1eddng c\u00e1c bu\u1ed5i di\u1ec5n thuy\u1ebft v\u1ec1 n\u0103ng l\u01b0\u1ee3ng  t\u00e1i t\u1ea1o v\u00e0 s\u1ef1 \u0111a d\u1ea1ng sinh h\u1ecdc trong c\u1ed9ng \u0111\u1ed3ng n\u00f3i chung v\u00e0 c\u00e1c nh\u00e0 ra  quy\u1ebft \u0111\u1ecbnh, c\u00e1c \u0111o\u00e0n th\u1ec3 ng\u01b0\u1eddi ti\u00eau d\u00f9ng n\u00f3i ri\u00eang.<\/li><li>Ph\u00e1t huy v\u00e0 qu\u1ea3ng b\u00e1 <a href=\"https:\/\/www.ekoenergy.org\/vi\/ecolabel\/\">nh\u00e3n sinh h\u1ecdc EKOenergy<\/a>  nh\u1eb1m khuy\u1ebfn kh\u00edch vi\u1ec7c t\u1ea1o ra th\u00eam nhi\u1ec1u n\u0103ng l\u01b0\u1ee3ng b\u1ec1n v\u1eefng v\u00e0 gi\u00fap  ng\u01b0\u1eddi ti\u00eau d\u00f9ng t\u00ecm \u0111\u1ebfn \u0111\u01b0\u1ee3c v\u1edbi nh\u1eefng ngu\u1ed3n n\u0103ng l\u01b0\u1ee3ng \u0111\u00f3.<\/li><li>B\u1ea3o v\u1ec7 h\u1ec7 sinh th\u00e1i \u0111\u1ecba ph\u01b0\u01a1ng v\u00e0 kh\u00f4i ph\u1ee5c \u0111i\u1ec1u ki\u1ec7n s\u1ed1ng c\u1ee7a m\u00f4i tr\u01b0\u1eddng s\u00f4ng n\u01b0\u1edbc th\u00f4ng qua vi\u1ec7c s\u1eed d\u1ee5ng <a href=\"https:\/\/www.ekoenergy.org\/vi\/our-results\/environmental-fund\/\">Qu\u1ef9 M\u00f4i tr\u01b0\u1eddng c\u1ee7a ch\u00fang t\u00f4i<\/a>.<\/li><li>C\u1ea5p ph\u00e9p cho c\u00e1c ngu\u1ed3n n\u0103ng l\u01b0\u1ee3ng s\u1ea1ch v\u00e0 gi\u1ea3m thi\u1ec3u s\u1ef1 ngh\u00e8o n\u00e0n  n\u0103ng l\u01b0\u1ee3ng \u1edf c\u00e1c qu\u1ed1c gia \u0111ang ph\u00e1t tri\u1ec3n th\u00f4ng qua vi\u1ec7c s\u1eed d\u1ee5ng <a href=\"https:\/\/www.ekoenergy.org\/vi\/our-results\/climate-fund\/\">Qu\u1ef9 Kh\u00ed h\u1eadu c\u1ee7a ch\u00fang t\u00f4i<\/a>.<\/li><li>Thi\u1ebft l\u1eadp m\u1ed1i quan h\u1ec7 v\u00e0 s\u1ef1 c\u1ed9ng t\u00e1c v\u1edbi c\u00e1c t\u1ed5 ch\u1ee9c Phi Ch\u00ednh Ph\u1ee7 v\u1ec1 b\u1ea3o v\u1ec7 m\u00f4i tr\u01b0\u1eddng, nh\u1eb1m ho\u00e0n thi\u1ec7n n\u1ed7 l\u1ef1c c\u1ee7a c\u00e1c b\u00ean.<\/li><li>N\u00e2ng t\u1ea7m nh\u1eadn th\u1ee9c v\u1ec1 nh\u1eefng M\u1ee5c ti\u00eau Ph\u00e1t tri\u1ec3n B\u1ec1n v\u1eefng. <\/li><\/ul>\n\n\n\n<p><\/p>\n","protected":false},"excerpt":{"rendered":"<p>T\u1ea7m nh\u00ecn v\u00e0 nhi\u1ec7m v\u1ee5 Th\u1ebf gi\u1edbi c\u1ea7n nh\u00ecn nh\u1eadn v\u00e0 h\u00e0nh \u0111\u1ed9ng v\u1ec1 s\u1ef1 bi\u1ebfn \u0111\u1ed5i kh\u00ed h\u1eadu nh\u01b0 m\u1ed9t cu\u1ed9c kh\u1ee7ng ho\u1ea3ng. T\u1eeb b\u00e2y gi\u1edd, ch\u00fang ta ph\u1ea3i quy\u1ebft li\u1ec7t gi\u1ea3m thi\u1ec3u l\u01b0\u1ee3ng kh\u00ed th\u1ea3i g\u00e2y ra hi\u1ec7u \u1ee9ng nh\u00e0 k\u00ednh v\u00e0 h\u1ea1n ch\u1ebf t\u1ed1i \u0111a s\u1ef1 n\u00f3ng l\u00ean to\u00e0n c\u1ea7u \u1edf m\u1ee9c [&hellip;]<\/p>\n","protected":false},"author":17,"featured_media":50462,"parent":49603,"menu_order":1,"comment_status":"closed","ping_status":"closed","template":"","meta":{"inline_featured_image":false,"_uag_custom_page_level_css":"","site-sidebar-layout":"default","site-content-layout":"default","ast-site-content-layout":"default","site-content-style":"default","site-sidebar-style":"default","ast-global-header-display":"","ast-banner-title-visibility":"","ast-main-header-display":"","ast-hfb-above-header-display":"","ast-hfb-below-header-display":"","ast-hfb-mobile-header-display":"","site-post-title":"disabled","ast-breadcrumbs-content":"","ast-featured-img":"","footer-sml-layout":"","ast-disable-related-posts":"","theme-transparent-header-meta":"default","adv-header-id-meta":"","stick-header-meta":"default","header-above-stick-meta":"","header-main-stick-meta":"","header-below-stick-meta":"","astra-migrate-meta-layouts":"default","ast-page-background-enabled":"default","ast-page-background-meta":{"desktop":{"background-color":"","background-image":"","background-repeat":"repeat","background-position":"center center","background-size":"auto","background-attachment":"scroll","background-type":"","background-media":"","overlay-type":"","overlay-color":"","overlay-opacity":"","overlay-gradient":""},"tablet":{"background-color":"","background-image":"","background-repeat":"repeat","background-position":"center center","background-size":"auto","background-attachment":"scroll","background-type":"","background-media":"","overlay-type":"","overlay-color":"","overlay-opacity":"","overlay-gradient":""},"mobile":{"background-color":"","background-image":"","background-repeat":"repeat","background-position":"center center","background-size":"auto","background-attachment":"scroll","background-type":"","background-media":"","overlay-type":"","overlay-color":"","overlay-opacity":"","overlay-gradient":""}},"ast-content-background-meta":{"desktop":{"background-color":"var(--ast-global-color-5)","background-image":"","background-repeat":"repeat","background-position":"center center","background-size":"auto","background-attachment":"scroll","background-type":"","background-media":"","overlay-type":"","overlay-color":"","overlay-opacity":"","overlay-gradient":""},"tablet":{"background-color":"var(--ast-global-color-5)","background-image":"","background-repeat":"repeat","background-position":"center center","background-size":"auto","background-attachment":"scroll","background-type":"","background-media":"","overlay-type":"","overlay-color":"","overlay-opacity":"","overlay-gradient":""},"mobile":{"background-color":"var(--ast-global-color-5)","background-image":"","background-repeat":"repeat","background-position":"center center","background-size":"auto","background-attachment":"scroll","background-type":"","background-media":"","overlay-type":"","overlay-color":"","overlay-opacity":"","overlay-gradient":""}},"footnotes":""},"class_list":["post-50461","page","type-page","status-publish","has-post-thumbnail","hentry"],"yoast_head":"<!-- This site is optimized with the Yoast SEO plugin v27.3 - https:\/\/yoast.com\/product\/yoast-seo-wordpress\/ -->\n<title>T\u1ea7m nh\u00ecn v\u00e0 nhi\u1ec7m v\u1ee5 - EKOenergy ecolabel<\/title>\n<meta name=\"description\" content=\"We want a world where energy is produced sustainably. Our ecolabel is a tool to promote renewable energy and to raise funds for climate protection.\" \/>\n<meta name=\"robots\" content=\"index, follow, max-snippet:-1, max-image-preview:large, max-video-preview:-1\" \/>\n<link rel=\"canonical\" href=\"https:\/\/www.ekoenergy.org\/vi\/about-us\/our-vision-and-mission\/\" \/>\n<meta property=\"og:locale\" content=\"vi_VN\" \/>\n<meta property=\"og:type\" content=\"article\" \/>\n<meta property=\"og:title\" content=\"T\u1ea7m nh\u00ecn v\u00e0 nhi\u1ec7m v\u1ee5 - EKOenergy ecolabel\" \/>\n<meta property=\"og:description\" content=\"We want a world where energy is produced sustainably. Our ecolabel is a tool to promote renewable energy and to raise funds for climate protection.\" \/>\n<meta property=\"og:url\" content=\"https:\/\/www.ekoenergy.org\/vi\/about-us\/our-vision-and-mission\/\" \/>\n<meta property=\"og:site_name\" content=\"EKOenergy ecolabel\" \/>\n<meta property=\"article:publisher\" content=\"https:\/\/www.facebook.com\/EKOenergy.ecolabel\/\" \/>\n<meta property=\"article:modified_time\" content=\"2020-02-21T20:38:34+00:00\" \/>\n<meta property=\"og:image\" content=\"https:\/\/www.ekoenergy.org\/wp-content\/uploads\/Featured-EKOenergy-at-Climate-March-1.jpg\" \/>\n\t<meta property=\"og:image:width\" content=\"866\" \/>\n\t<meta property=\"og:image:height\" content=\"650\" \/>\n\t<meta property=\"og:image:type\" content=\"image\/jpeg\" \/>\n<meta name=\"twitter:card\" content=\"summary_large_image\" \/>\n<meta name=\"twitter:site\" content=\"@EKOenergy_\" \/>\n<meta name=\"twitter:label1\" content=\"Est. reading time\" \/>\n\t<meta name=\"twitter:data1\" content=\"4 minutes\" \/>\n<script type=\"application\/ld+json\" class=\"yoast-schema-graph\">{\"@context\":\"https:\\\/\\\/schema.org\",\"@graph\":[{\"@type\":\"WebPage\",\"@id\":\"https:\\\/\\\/www.ekoenergy.org\\\/vi\\\/about-us\\\/our-vision-and-mission\\\/\",\"url\":\"https:\\\/\\\/www.ekoenergy.org\\\/vi\\\/about-us\\\/our-vision-and-mission\\\/\",\"name\":\"T\u1ea7m nh\u00ecn v\u00e0 nhi\u1ec7m v\u1ee5 - EKOenergy ecolabel\",\"isPartOf\":{\"@id\":\"https:\\\/\\\/www.ekoenergy.org\\\/vi\\\/#website\"},\"primaryImageOfPage\":{\"@id\":\"https:\\\/\\\/www.ekoenergy.org\\\/vi\\\/about-us\\\/our-vision-and-mission\\\/#primaryimage\"},\"image\":{\"@id\":\"https:\\\/\\\/www.ekoenergy.org\\\/vi\\\/about-us\\\/our-vision-and-mission\\\/#primaryimage\"},\"thumbnailUrl\":\"https:\\\/\\\/www.ekoenergy.org\\\/wp-content\\\/uploads\\\/Featured-EKOenergy-at-Climate-March-1.jpg\",\"datePublished\":\"2019-12-04T13:26:04+00:00\",\"dateModified\":\"2020-02-21T20:38:34+00:00\",\"description\":\"We want a world where energy is produced sustainably. Our ecolabel is a tool to promote renewable energy and to raise funds for climate protection.\",\"breadcrumb\":{\"@id\":\"https:\\\/\\\/www.ekoenergy.org\\\/vi\\\/about-us\\\/our-vision-and-mission\\\/#breadcrumb\"},\"inLanguage\":\"vi-VN\",\"potentialAction\":[{\"@type\":\"ReadAction\",\"target\":[\"https:\\\/\\\/www.ekoenergy.org\\\/vi\\\/about-us\\\/our-vision-and-mission\\\/\"]}]},{\"@type\":\"ImageObject\",\"inLanguage\":\"vi-VN\",\"@id\":\"https:\\\/\\\/www.ekoenergy.org\\\/vi\\\/about-us\\\/our-vision-and-mission\\\/#primaryimage\",\"url\":\"https:\\\/\\\/www.ekoenergy.org\\\/wp-content\\\/uploads\\\/Featured-EKOenergy-at-Climate-March-1.jpg\",\"contentUrl\":\"https:\\\/\\\/www.ekoenergy.org\\\/wp-content\\\/uploads\\\/Featured-EKOenergy-at-Climate-March-1.jpg\",\"width\":866,\"height\":650},{\"@type\":\"BreadcrumbList\",\"@id\":\"https:\\\/\\\/www.ekoenergy.org\\\/vi\\\/about-us\\\/our-vision-and-mission\\\/#breadcrumb\",\"itemListElement\":[{\"@type\":\"ListItem\",\"position\":1,\"name\":\"Home\",\"item\":\"https:\\\/\\\/www.ekoenergy.org\\\/vi\\\/\"},{\"@type\":\"ListItem\",\"position\":2,\"name\":\"Gi\u1edbi thi\u1ec7u\",\"item\":\"https:\\\/\\\/www.ekoenergy.org\\\/vi\\\/about-us\\\/\"},{\"@type\":\"ListItem\",\"position\":3,\"name\":\"T\u1ea7m nh\u00ecn v\u00e0 nhi\u1ec7m v\u1ee5\"}]},{\"@type\":\"WebSite\",\"@id\":\"https:\\\/\\\/www.ekoenergy.org\\\/vi\\\/#website\",\"url\":\"https:\\\/\\\/www.ekoenergy.org\\\/vi\\\/\",\"name\":\"EKOenergy ecolabel\",\"description\":\"The global nonprofit ecolabel for renewable energy\",\"publisher\":{\"@id\":\"https:\\\/\\\/www.ekoenergy.org\\\/vi\\\/#organization\"},\"potentialAction\":[{\"@type\":\"SearchAction\",\"target\":{\"@type\":\"EntryPoint\",\"urlTemplate\":\"https:\\\/\\\/www.ekoenergy.org\\\/vi\\\/?s={search_term_string}\"},\"query-input\":{\"@type\":\"PropertyValueSpecification\",\"valueRequired\":true,\"valueName\":\"search_term_string\"}}],\"inLanguage\":\"vi-VN\"},{\"@type\":\"Organization\",\"@id\":\"https:\\\/\\\/www.ekoenergy.org\\\/vi\\\/#organization\",\"name\":\"Not-for-profit Organisation EKOenergy\",\"url\":\"https:\\\/\\\/www.ekoenergy.org\\\/vi\\\/\",\"logo\":{\"@type\":\"ImageObject\",\"inLanguage\":\"vi-VN\",\"@id\":\"https:\\\/\\\/www.ekoenergy.org\\\/vi\\\/#\\\/schema\\\/logo\\\/image\\\/\",\"url\":\"https:\\\/\\\/www.ekoenergy.org\\\/wp-content\\\/uploads\\\/logo-EKOenergy-no-text.jpg\",\"contentUrl\":\"https:\\\/\\\/www.ekoenergy.org\\\/wp-content\\\/uploads\\\/logo-EKOenergy-no-text.jpg\",\"width\":1600,\"height\":1600,\"caption\":\"Not-for-profit Organisation EKOenergy\"},\"image\":{\"@id\":\"https:\\\/\\\/www.ekoenergy.org\\\/vi\\\/#\\\/schema\\\/logo\\\/image\\\/\"},\"sameAs\":[\"https:\\\/\\\/www.facebook.com\\\/EKOenergy.ecolabel\\\/\",\"https:\\\/\\\/x.com\\\/EKOenergy_\",\"https:\\\/\\\/www.instagram.com\\\/ekoenergy\\\/\",\"https:\\\/\\\/www.linkedin.com\\\/company\\\/ekoenergy-ecolabel\\\/\",\"https:\\\/\\\/www.youtube.com\\\/EKOenergy-ecolabel\",\"https:\\\/\\\/en.wikipedia.org\\\/wiki\\\/EKOenergy\"]}]}<\/script>\n<!-- \/ Yoast SEO plugin. -->","yoast_head_json":{"title":"T\u1ea7m nh\u00ecn v\u00e0 nhi\u1ec7m v\u1ee5 - EKOenergy ecolabel","description":"We want a world where energy is produced sustainably. Our ecolabel is a tool to promote renewable energy and to raise funds for climate protection.","robots":{"index":"index","follow":"follow","max-snippet":"max-snippet:-1","max-image-preview":"max-image-preview:large","max-video-preview":"max-video-preview:-1"},"canonical":"https:\/\/www.ekoenergy.org\/vi\/about-us\/our-vision-and-mission\/","og_locale":"vi_VN","og_type":"article","og_title":"T\u1ea7m nh\u00ecn v\u00e0 nhi\u1ec7m v\u1ee5 - EKOenergy ecolabel","og_description":"We want a world where energy is produced sustainably. Our ecolabel is a tool to promote renewable energy and to raise funds for climate protection.","og_url":"https:\/\/www.ekoenergy.org\/vi\/about-us\/our-vision-and-mission\/","og_site_name":"EKOenergy ecolabel","article_publisher":"https:\/\/www.facebook.com\/EKOenergy.ecolabel\/","article_modified_time":"2020-02-21T20:38:34+00:00","og_image":[{"width":866,"height":650,"url":"https:\/\/www.ekoenergy.org\/wp-content\/uploads\/Featured-EKOenergy-at-Climate-March-1.jpg","type":"image\/jpeg"}],"twitter_card":"summary_large_image","twitter_site":"@EKOenergy_","twitter_misc":{"Est. reading time":"4 minutes"},"schema":{"@context":"https:\/\/schema.org","@graph":[{"@type":"WebPage","@id":"https:\/\/www.ekoenergy.org\/vi\/about-us\/our-vision-and-mission\/","url":"https:\/\/www.ekoenergy.org\/vi\/about-us\/our-vision-and-mission\/","name":"T\u1ea7m nh\u00ecn v\u00e0 nhi\u1ec7m v\u1ee5 - EKOenergy ecolabel","isPartOf":{"@id":"https:\/\/www.ekoenergy.org\/vi\/#website"},"primaryImageOfPage":{"@id":"https:\/\/www.ekoenergy.org\/vi\/about-us\/our-vision-and-mission\/#primaryimage"},"image":{"@id":"https:\/\/www.ekoenergy.org\/vi\/about-us\/our-vision-and-mission\/#primaryimage"},"thumbnailUrl":"https:\/\/www.ekoenergy.org\/wp-content\/uploads\/Featured-EKOenergy-at-Climate-March-1.jpg","datePublished":"2019-12-04T13:26:04+00:00","dateModified":"2020-02-21T20:38:34+00:00","description":"We want a world where energy is produced sustainably. Our ecolabel is a tool to promote renewable energy and to raise funds for climate protection.","breadcrumb":{"@id":"https:\/\/www.ekoenergy.org\/vi\/about-us\/our-vision-and-mission\/#breadcrumb"},"inLanguage":"vi-VN","potentialAction":[{"@type":"ReadAction","target":["https:\/\/www.ekoenergy.org\/vi\/about-us\/our-vision-and-mission\/"]}]},{"@type":"ImageObject","inLanguage":"vi-VN","@id":"https:\/\/www.ekoenergy.org\/vi\/about-us\/our-vision-and-mission\/#primaryimage","url":"https:\/\/www.ekoenergy.org\/wp-content\/uploads\/Featured-EKOenergy-at-Climate-March-1.jpg","contentUrl":"https:\/\/www.ekoenergy.org\/wp-content\/uploads\/Featured-EKOenergy-at-Climate-March-1.jpg","width":866,"height":650},{"@type":"BreadcrumbList","@id":"https:\/\/www.ekoenergy.org\/vi\/about-us\/our-vision-and-mission\/#breadcrumb","itemListElement":[{"@type":"ListItem","position":1,"name":"Home","item":"https:\/\/www.ekoenergy.org\/vi\/"},{"@type":"ListItem","position":2,"name":"Gi\u1edbi thi\u1ec7u","item":"https:\/\/www.ekoenergy.org\/vi\/about-us\/"},{"@type":"ListItem","position":3,"name":"T\u1ea7m nh\u00ecn v\u00e0 nhi\u1ec7m v\u1ee5"}]},{"@type":"WebSite","@id":"https:\/\/www.ekoenergy.org\/vi\/#website","url":"https:\/\/www.ekoenergy.org\/vi\/","name":"EKOenergy ecolabel","description":"The global nonprofit ecolabel for renewable energy","publisher":{"@id":"https:\/\/www.ekoenergy.org\/vi\/#organization"},"potentialAction":[{"@type":"SearchAction","target":{"@type":"EntryPoint","urlTemplate":"https:\/\/www.ekoenergy.org\/vi\/?s={search_term_string}"},"query-input":{"@type":"PropertyValueSpecification","valueRequired":true,"valueName":"search_term_string"}}],"inLanguage":"vi-VN"},{"@type":"Organization","@id":"https:\/\/www.ekoenergy.org\/vi\/#organization","name":"Not-for-profit Organisation EKOenergy","url":"https:\/\/www.ekoenergy.org\/vi\/","logo":{"@type":"ImageObject","inLanguage":"vi-VN","@id":"https:\/\/www.ekoenergy.org\/vi\/#\/schema\/logo\/image\/","url":"https:\/\/www.ekoenergy.org\/wp-content\/uploads\/logo-EKOenergy-no-text.jpg","contentUrl":"https:\/\/www.ekoenergy.org\/wp-content\/uploads\/logo-EKOenergy-no-text.jpg","width":1600,"height":1600,"caption":"Not-for-profit Organisation EKOenergy"},"image":{"@id":"https:\/\/www.ekoenergy.org\/vi\/#\/schema\/logo\/image\/"},"sameAs":["https:\/\/www.facebook.com\/EKOenergy.ecolabel\/","https:\/\/x.com\/EKOenergy_","https:\/\/www.instagram.com\/ekoenergy\/","https:\/\/www.linkedin.com\/company\/ekoenergy-ecolabel\/","https:\/\/www.youtube.com\/EKOenergy-ecolabel","https:\/\/en.wikipedia.org\/wiki\/EKOenergy"]}]}},"uagb_featured_image_src":{"full":["https:\/\/www.ekoenergy.org\/wp-content\/uploads\/Featured-EKOenergy-at-Climate-March-1.jpg",866,650,false],"thumbnail":["https:\/\/www.ekoenergy.org\/wp-content\/uploads\/Featured-EKOenergy-at-Climate-March-1-150x150.jpg",150,150,true],"medium":["https:\/\/www.ekoenergy.org\/wp-content\/uploads\/Featured-EKOenergy-at-Climate-March-1-320x240.jpg",320,240,true],"medium_large":["https:\/\/www.ekoenergy.org\/wp-content\/uploads\/Featured-EKOenergy-at-Climate-March-1-768x576.jpg",768,576,true],"large":["https:\/\/www.ekoenergy.org\/wp-content\/uploads\/Featured-EKOenergy-at-Climate-March-1.jpg",866,650,false],"1536x1536":["https:\/\/www.ekoenergy.org\/wp-content\/uploads\/Featured-EKOenergy-at-Climate-March-1.jpg",866,650,false],"2048x2048":["https:\/\/www.ekoenergy.org\/wp-content\/uploads\/Featured-EKOenergy-at-Climate-March-1.jpg",866,650,false]},"uagb_author_info":{"display_name":"EKOenergy ecolabel","author_link":"https:\/\/www.ekoenergy.org\/vi\/author\/ekoenergy\/"},"uagb_comment_info":0,"uagb_excerpt":"T\u1ea7m nh\u00ecn v\u00e0 nhi\u1ec7m v\u1ee5 Th\u1ebf gi\u1edbi c\u1ea7n nh\u00ecn nh\u1eadn v\u00e0 h\u00e0nh \u0111\u1ed9ng v\u1ec1 s\u1ef1 bi\u1ebfn \u0111\u1ed5i kh\u00ed h\u1eadu nh\u01b0 m\u1ed9t cu\u1ed9c kh\u1ee7ng ho\u1ea3ng. T\u1eeb b\u00e2y gi\u1edd, ch\u00fang ta ph\u1ea3i quy\u1ebft li\u1ec7t gi\u1ea3m thi\u1ec3u l\u01b0\u1ee3ng kh\u00ed th\u1ea3i g\u00e2y ra hi\u1ec7u \u1ee9ng nh\u00e0 k\u00ednh v\u00e0 h\u1ea1n ch\u1ebf t\u1ed1i \u0111a s\u1ef1 n\u00f3ng l\u00ean to\u00e0n c\u1ea7u \u1edf m\u1ee9c&hellip;","_links":{"self":[{"href":"https:\/\/www.ekoenergy.org\/vi\/wp-json\/wp\/v2\/pages\/50461","targetHints":{"allow":["GET"]}}],"collection":[{"href":"https:\/\/www.ekoenergy.org\/vi\/wp-json\/wp\/v2\/pages"}],"about":[{"href":"https:\/\/www.ekoenergy.org\/vi\/wp-json\/wp\/v2\/types\/page"}],"author":[{"embeddable":true,"href":"https:\/\/www.ekoenergy.org\/vi\/wp-json\/wp\/v2\/users\/17"}],"replies":[{"embeddable":true,"href":"https:\/\/www.ekoenergy.org\/vi\/wp-json\/wp\/v2\/comments?post=50461"}],"version-history":[{"count":1,"href":"https:\/\/www.ekoenergy.org\/vi\/wp-json\/wp\/v2\/pages\/50461\/revisions"}],"predecessor-version":[{"id":50984,"href":"https:\/\/www.ekoenergy.org\/vi\/wp-json\/wp\/v2\/pages\/50461\/revisions\/50984"}],"up":[{"embeddable":true,"href":"https:\/\/www.ekoenergy.org\/vi\/wp-json\/wp\/v2\/pages\/49603"}],"wp:featuredmedia":[{"embeddable":true,"href":"https:\/\/www.ekoenergy.org\/vi\/wp-json\/wp\/v2\/media\/50462"}],"wp:attachment":[{"href":"https:\/\/www.ekoenergy.org\/vi\/wp-json\/wp\/v2\/media?parent=50461"}],"curies":[{"name":"wp","href":"https:\/\/api.w.org\/{rel}","templated":true}]}}